{"id":73,"date":"2016-11-13T19:50:07","date_gmt":"2016-11-13T19:50:07","guid":{"rendered":"http:\/\/blog.espol.edu.ec\/epmoran\/?page_id=73"},"modified":"2016-11-13T19:50:07","modified_gmt":"2016-11-13T19:50:07","slug":"australian-mist","status":"publish","type":"page","link":"https:\/\/blog.espol.edu.ec\/epmoran\/sol\/australian-mist\/","title":{"rendered":"Australian Mist"},"content":{"rendered":"<p><img decoding=\"async\" class=\"\" src=\"http:\/\/cdn2.expertoanimal.com\/es\/razas\/8\/0\/5\/img_508_australian-mist_0_600.jpg\" \/><\/p>\n<p><strong>Continente de origen:<\/strong> Oceania<\/p>\n<p><strong>Pa\u00eds de origen:<\/strong> Australia<\/p>\n<p><strong>Tama\u00f1o:<\/strong> Mediano<\/p>\n<p><strong>Caracter\u00edsticas f\u00edsicas:<\/strong> Cola gruesa, Orejas grandes, Fino<\/p>\n<p><strong>Peso medio:<\/strong> 3-5 Kg<\/p>\n<p><strong>FIFE:<\/strong> Categor\u00eda III<\/p>\n<p><strong>Esperanza de vida:<\/strong> 15-18 a\u00f1os<\/p>\n<p><strong>Clima:<\/strong> Temperado<\/p>\n<p><strong>Car\u00e1cter:<\/strong> Activo, Extrovertido, Afectuoso<\/p>\n","protected":false},"excerpt":{"rendered":"<p>Continente de origen: Oceania Pa\u00eds de origen: Australia Tama\u00f1o: Mediano Caracter\u00edsticas f\u00edsicas: Cola gruesa, Orejas grandes, Fino Peso medio: 3-5 Kg FIFE: Categor\u00eda III Esperanza de vida: 15-18 a\u00f1os Clima: Temperado Car\u00e1cter: Activo, Extrovertido, Afectuoso<\/p>\n","protected":false},"author":10710,"featured_media":0,"parent":17,"menu_order":0,"comment_status":"closed","ping_status":"closed","template":"","meta":{"footnotes":""},"class_list":["post-73","page","type-page","status-publish","hentry"],"_links":{"self":[{"href":"https:\/\/blog.espol.edu.ec\/epmoran\/wp-json\/wp\/v2\/pages\/73","targetHints":{"allow":["GET"]}}],"collection":[{"href":"https:\/\/blog.espol.edu.ec\/epmoran\/wp-json\/wp\/v2\/pages"}],"about":[{"href":"https:\/\/blog.espol.edu.ec\/epmoran\/wp-json\/wp\/v2\/types\/page"}],"author":[{"embeddable":true,"href":"https:\/\/blog.espol.edu.ec\/epmoran\/wp-json\/wp\/v2\/users\/10710"}],"replies":[{"embeddable":true,"href":"https:\/\/blog.espol.edu.ec\/epmoran\/wp-json\/wp\/v2\/comments?post=73"}],"version-history":[{"count":1,"href":"https:\/\/blog.espol.edu.ec\/epmoran\/wp-json\/wp\/v2\/pages\/73\/revisions"}],"predecessor-version":[{"id":74,"href":"https:\/\/blog.espol.edu.ec\/epmoran\/wp-json\/wp\/v2\/pages\/73\/revisions\/74"}],"up":[{"embeddable":true,"href":"https:\/\/blog.espol.edu.ec\/epmoran\/wp-json\/wp\/v2\/pages\/17"}],"wp:attachment":[{"href":"https:\/\/blog.espol.edu.ec\/epmoran\/wp-json\/wp\/v2\/media?parent=73"}],"curies":[{"name":"wp","href":"https:\/\/api.w.org\/{rel}","templated":true}]}}