{"id":75,"date":"2016-11-13T19:53:29","date_gmt":"2016-11-13T19:53:29","guid":{"rendered":"http:\/\/blog.espol.edu.ec\/epmoran\/?page_id=75"},"modified":"2016-11-13T19:53:29","modified_gmt":"2016-11-13T19:53:29","slug":"balines","status":"publish","type":"page","link":"https:\/\/blog.espol.edu.ec\/epmoran\/sol\/balines\/","title":{"rendered":"Balin\u00e9s"},"content":{"rendered":"<p><img decoding=\"async\" class=\"\" src=\"http:\/\/cdn2.expertoanimal.com\/es\/razas\/3\/9\/1\/img_193_balines_0_600.jpg\" \/><\/p>\n<p><strong>Continente de origen:<\/strong> Am\u00e9rica<\/p>\n<p><strong>Pa\u00eds de origen:<\/strong> Estados Unidos<\/p>\n<p><strong>Tama\u00f1o:<\/strong> Mediano<\/p>\n<p><strong>Caracter\u00edsticas f\u00edsicas:<\/strong> Cola gruesa<\/p>\n<p><strong>Peso medio:<\/strong> 3-5 Kg<\/p>\n<p><strong>FIFE:<\/strong> Categor\u00eda IV<\/p>\n<p><strong>Esperanza de vida:<\/strong> 10-15 a\u00f1os<\/p>\n<p><strong>Clima:<\/strong> Fr\u00edo<\/p>\n<p><strong>Car\u00e1cter:<\/strong> Activo, Extrovertido, Afectuoso, Inteligente, Curioso<\/p>\n<p><strong>Tipo de pelo:<\/strong> Largo<\/p>\n","protected":false},"excerpt":{"rendered":"<p>Continente de origen: Am\u00e9rica Pa\u00eds de origen: Estados Unidos Tama\u00f1o: Mediano Caracter\u00edsticas f\u00edsicas: Cola gruesa Peso medio: 3-5 Kg FIFE: Categor\u00eda IV Esperanza de vida: 10-15 a\u00f1os Clima: Fr\u00edo Car\u00e1cter: Activo, Extrovertido, Afectuoso, Inteligente, Curioso Tipo de pelo: Largo<\/p>\n","protected":false},"author":10710,"featured_media":0,"parent":17,"menu_order":0,"comment_status":"closed","ping_status":"closed","template":"","meta":{"footnotes":""},"class_list":["post-75","page","type-page","status-publish","hentry"],"_links":{"self":[{"href":"https:\/\/blog.espol.edu.ec\/epmoran\/wp-json\/wp\/v2\/pages\/75","targetHints":{"allow":["GET"]}}],"collection":[{"href":"https:\/\/blog.espol.edu.ec\/epmoran\/wp-json\/wp\/v2\/pages"}],"about":[{"href":"https:\/\/blog.espol.edu.ec\/epmoran\/wp-json\/wp\/v2\/types\/page"}],"author":[{"embeddable":true,"href":"https:\/\/blog.espol.edu.ec\/epmoran\/wp-json\/wp\/v2\/users\/10710"}],"replies":[{"embeddable":true,"href":"https:\/\/blog.espol.edu.ec\/epmoran\/wp-json\/wp\/v2\/comments?post=75"}],"version-history":[{"count":1,"href":"https:\/\/blog.espol.edu.ec\/epmoran\/wp-json\/wp\/v2\/pages\/75\/revisions"}],"predecessor-version":[{"id":76,"href":"https:\/\/blog.espol.edu.ec\/epmoran\/wp-json\/wp\/v2\/pages\/75\/revisions\/76"}],"up":[{"embeddable":true,"href":"https:\/\/blog.espol.edu.ec\/epmoran\/wp-json\/wp\/v2\/pages\/17"}],"wp:attachment":[{"href":"https:\/\/blog.espol.edu.ec\/epmoran\/wp-json\/wp\/v2\/media?parent=75"}],"curies":[{"name":"wp","href":"https:\/\/api.w.org\/{rel}","templated":true}]}}