{"id":77,"date":"2016-11-13T19:54:24","date_gmt":"2016-11-13T19:54:24","guid":{"rendered":"http:\/\/blog.espol.edu.ec\/epmoran\/?page_id=77"},"modified":"2016-11-13T19:54:24","modified_gmt":"2016-11-13T19:54:24","slug":"habana","status":"publish","type":"page","link":"https:\/\/blog.espol.edu.ec\/epmoran\/sol\/habana\/","title":{"rendered":"Habana"},"content":{"rendered":"<p><img decoding=\"async\" class=\"\" src=\"http:\/\/cdn1.expertoanimal.com\/es\/razas\/0\/1\/2\/img_210_habana_0_600.jpg\" \/><\/p>\n<p><strong>Continente de origen:<\/strong> Europa<\/p>\n<p><strong>Pa\u00eds de origen:<\/strong> Reino Unido<\/p>\n<p><strong>Tama\u00f1o:<\/strong> Mediano<\/p>\n<p><strong>Caracter\u00edsticas f\u00edsicas:<\/strong> Cola fina, Orejas grandes, Fuerte<\/p>\n<p><strong>Peso medio:<\/strong> 3-5 Kg<\/p>\n<p><strong>FIFE:<\/strong> Categor\u00eda III<\/p>\n<p><strong>Esperanza de vida:<\/strong> 10-15 a\u00f1os<\/p>\n<p><strong>Clima:<\/strong> Temperado<\/p>\n<p><strong>Car\u00e1cter:<\/strong> Activo, Afectuoso, Inteligente, Curioso, T\u00edmido<\/p>\n","protected":false},"excerpt":{"rendered":"<p>Continente de origen: Europa Pa\u00eds de origen: Reino Unido Tama\u00f1o: Mediano Caracter\u00edsticas f\u00edsicas: Cola fina, Orejas grandes, Fuerte Peso medio: 3-5 Kg FIFE: Categor\u00eda III Esperanza de vida: 10-15 a\u00f1os Clima: Temperado Car\u00e1cter: Activo, Afectuoso, Inteligente, Curioso, T\u00edmido<\/p>\n","protected":false},"author":10710,"featured_media":0,"parent":17,"menu_order":0,"comment_status":"closed","ping_status":"closed","template":"","meta":{"footnotes":""},"class_list":["post-77","page","type-page","status-publish","hentry"],"_links":{"self":[{"href":"https:\/\/blog.espol.edu.ec\/epmoran\/wp-json\/wp\/v2\/pages\/77","targetHints":{"allow":["GET"]}}],"collection":[{"href":"https:\/\/blog.espol.edu.ec\/epmoran\/wp-json\/wp\/v2\/pages"}],"about":[{"href":"https:\/\/blog.espol.edu.ec\/epmoran\/wp-json\/wp\/v2\/types\/page"}],"author":[{"embeddable":true,"href":"https:\/\/blog.espol.edu.ec\/epmoran\/wp-json\/wp\/v2\/users\/10710"}],"replies":[{"embeddable":true,"href":"https:\/\/blog.espol.edu.ec\/epmoran\/wp-json\/wp\/v2\/comments?post=77"}],"version-history":[{"count":1,"href":"https:\/\/blog.espol.edu.ec\/epmoran\/wp-json\/wp\/v2\/pages\/77\/revisions"}],"predecessor-version":[{"id":78,"href":"https:\/\/blog.espol.edu.ec\/epmoran\/wp-json\/wp\/v2\/pages\/77\/revisions\/78"}],"up":[{"embeddable":true,"href":"https:\/\/blog.espol.edu.ec\/epmoran\/wp-json\/wp\/v2\/pages\/17"}],"wp:attachment":[{"href":"https:\/\/blog.espol.edu.ec\/epmoran\/wp-json\/wp\/v2\/media?parent=77"}],"curies":[{"name":"wp","href":"https:\/\/api.w.org\/{rel}","templated":true}]}}