{"id":79,"date":"2016-11-13T19:55:23","date_gmt":"2016-11-13T19:55:23","guid":{"rendered":"http:\/\/blog.espol.edu.ec\/epmoran\/?page_id=79"},"modified":"2016-11-13T19:55:23","modified_gmt":"2016-11-13T19:55:23","slug":"himalayo","status":"publish","type":"page","link":"https:\/\/blog.espol.edu.ec\/epmoran\/sol\/himalayo\/","title":{"rendered":"Himalayo"},"content":{"rendered":"<p><img decoding=\"async\" class=\"\" src=\"http:\/\/cdn1.expertoanimal.com\/es\/razas\/8\/9\/1\/img_198_himalayo_0_600.jpg\" \/><\/p>\n<p><strong>Continente de origen:<\/strong> Europa<\/p>\n<p><strong>Pa\u00eds de origen:<\/strong> Reino Unido, Suecia<\/p>\n<p><strong>Tama\u00f1o:<\/strong> Mediano<\/p>\n<p><strong>Caracter\u00edsticas f\u00edsicas:<\/strong> Cola gruesa, Orejas peque\u00f1as, Fuerte<\/p>\n<p><strong>Peso medio:<\/strong> 5-6 Kg<\/p>\n<p><strong>FIFE:<\/strong> Categor\u00eda I<\/p>\n<p><strong>Esperanza de vida:<\/strong> 10-15 a\u00f1os<\/p>\n<p><strong>Clima:<\/strong> Fr\u00edo<\/p>\n<p><strong>Tipo de pelo:<\/strong> Largo<\/p>\n","protected":false},"excerpt":{"rendered":"<p>Continente de origen: Europa Pa\u00eds de origen: Reino Unido, Suecia Tama\u00f1o: Mediano Caracter\u00edsticas f\u00edsicas: Cola gruesa, Orejas peque\u00f1as, Fuerte Peso medio: 5-6 Kg FIFE: Categor\u00eda I Esperanza de vida: 10-15 a\u00f1os Clima: Fr\u00edo Tipo de pelo: Largo<\/p>\n","protected":false},"author":10710,"featured_media":0,"parent":17,"menu_order":0,"comment_status":"closed","ping_status":"closed","template":"","meta":{"footnotes":""},"class_list":["post-79","page","type-page","status-publish","hentry"],"_links":{"self":[{"href":"https:\/\/blog.espol.edu.ec\/epmoran\/wp-json\/wp\/v2\/pages\/79","targetHints":{"allow":["GET"]}}],"collection":[{"href":"https:\/\/blog.espol.edu.ec\/epmoran\/wp-json\/wp\/v2\/pages"}],"about":[{"href":"https:\/\/blog.espol.edu.ec\/epmoran\/wp-json\/wp\/v2\/types\/page"}],"author":[{"embeddable":true,"href":"https:\/\/blog.espol.edu.ec\/epmoran\/wp-json\/wp\/v2\/users\/10710"}],"replies":[{"embeddable":true,"href":"https:\/\/blog.espol.edu.ec\/epmoran\/wp-json\/wp\/v2\/comments?post=79"}],"version-history":[{"count":1,"href":"https:\/\/blog.espol.edu.ec\/epmoran\/wp-json\/wp\/v2\/pages\/79\/revisions"}],"predecessor-version":[{"id":80,"href":"https:\/\/blog.espol.edu.ec\/epmoran\/wp-json\/wp\/v2\/pages\/79\/revisions\/80"}],"up":[{"embeddable":true,"href":"https:\/\/blog.espol.edu.ec\/epmoran\/wp-json\/wp\/v2\/pages\/17"}],"wp:attachment":[{"href":"https:\/\/blog.espol.edu.ec\/epmoran\/wp-json\/wp\/v2\/media?parent=79"}],"curies":[{"name":"wp","href":"https:\/\/api.w.org\/{rel}","templated":true}]}}