{"id":82,"date":"2016-11-13T20:00:06","date_gmt":"2016-11-13T20:00:06","guid":{"rendered":"http:\/\/blog.espol.edu.ec\/epmoran\/?page_id=82"},"modified":"2016-11-13T20:00:06","modified_gmt":"2016-11-13T20:00:06","slug":"frases","status":"publish","type":"page","link":"https:\/\/blog.espol.edu.ec\/epmoran\/frases\/","title":{"rendered":"Frases"},"content":{"rendered":"<ol>\n<li style=\"text-align: justify\">\"El para\u00edso jam\u00e1s ser\u00e1 para\u00edso a no ser que mis gatos est\u00e9n ah\u00ed esper\u00e1ndome.\" \u00a0Epitafio en un cementerio de animales<\/li>\n<li style=\"text-align: justify\">\"Es una labor muy dif\u00edcil ganar el afecto de un gato; ser\u00e1 tu amigo si siente que eres digno de su amistad, pero no tu esclavo.\" - Te\u00f3filo Gautier<\/li>\n<li style=\"text-align: justify\">\"Dios hizo el gato para ofrecer al hombre el placer de acariciar un tigre.\" - V\u00edctor Hugo<\/li>\n<li style=\"text-align: justify\">\"La elegancia quiso cuerpo y vida, por eso se transform\u00f3 en gato.\" - Guillermo de Aquitania<\/li>\n<li style=\"text-align: justify\">\"Por supuesto que se puede querer m\u00e1s a un gato que a un hombre. De hecho, el hombre es el animal m\u00e1s horrible de la creaci\u00f3n.\" - Brigitte Bardot<\/li>\n<li style=\"text-align: justify\">\" Cuando los gatos sue\u00f1an, adoptan actitudes augustas de esfinges reclinadas contra la soledad, y parecen dormidos con un sue\u00f1o sin fin; m\u00e1gicas chispas brotan de sus ancas mullidas y part\u00edculas de oro como una fina arena vagamente constelan sus m\u00edsticas pupilas.\"- Baudelaire<\/li>\n<li style=\"text-align: justify\">\"Un gato no es exigente, mientras usted recuerde que le gusta beber la\u00a0leche en el plato rosa y comer el pescado en el plato azul, de donde lo sacar\u00e1\u00a0para saborearlo en el suelo.\" - Arthur Bridges<\/li>\n<li style=\"text-align: justify\">\"Es costumbre muy inoportuna de los gatitos (como observ\u00f3 una vez Alicia)\u00a0que, sea lo que les digas, siempre ronronean.\" - Lewis Carroll<\/li>\n<li style=\"text-align: justify\">\"Si yo prefiero los gatos a los perros es porque no hay gatos polic\u00edas.\" - Jean Cocteau<\/li>\n<li style=\"text-align: justify\">\"No hay gatos corrientes.\" - Colette<\/li>\n<li style=\"text-align: justify\">\"Del gato me gusta su temperamento independiente e ingrato, que le impide\u00a0sentir apego por alguien; la indiferencia con que pasa del sal\u00f3n al\u00a0tejado.\" - Fran\u00e7ois Ren\u00e9 de Chateaubriand<\/li>\n<li style=\"text-align: justify\">\"El gato vive solo. No necesita sociedad alguna. S\u00f3lo obedece cuando\u00a0quiere, o simula dormir para observar mejor y ara\u00f1a todo cuanto puede ara\u00f1ar.\" - Fran\u00e7ois Ren\u00e9 de Chateaubriand<\/li>\n<li style=\"text-align: justify\">\"Los perros nos miran como sus dioses, los caballos como sus iguales, pero\u00a0los gatos nos miran como sus s\u00fabditos.\"- Winston Churchill<\/li>\n<li style=\"text-align: justify\">\"Los gatos saben por instinto la hora exacta a la que van a despertarse sus\u00a0amos, y los despiertan diez minutos antes.\" - Jim Davis<\/li>\n<li style=\"text-align: justify\">\"Tigres, leones, panteras, elefantes, osos, perros, focas, delfines, caballos, camellos, chimpanc\u00e9s, gorilas, conejos, pulgas... \u00a1Todos han pasado por ello! Los \u00fanicos que nunca hemos hecho el imb\u00e9cil en el\u00a0circo... \u00a1somos los gatos!.\" - Garfield<\/li>\n<li style=\"text-align: justify\">\"Se convierte en compa\u00f1ero de tus horas de soledad, melancol\u00eda y pesar.\u00a0Permanece veladas enteras en tus rodillas, ronroneando satisfecho, feliz\u00a0por hallarse contigo, y prescinde de la compa\u00f1\u00eda de animales de su propia\u00a0especie. Los gatos se complacen en el silencio, el orden y la quietud, y ning\u00fan\u00a0lugar les conviene mejor que el escritorio de un hombre de letras.\u00a0Es una labor muy dif\u00edcil ganar el afecto de un gato; ser\u00e1 tu amigo si\u00a0siente que eres digno de su amistad, pero no tu esclavo.\" - The\u00f3phile Gautier<\/li>\n<li style=\"text-align: justify\">\"Cualquier gato que no consigue atrapar a un rat\u00f3n finge que iba tras una\u00a0hoja seca.\" - Charlotte Gray<\/li>\n<li style=\"text-align: justify\">\"Dos personas, al conocerse, se relajan totalmente cuando descubren que\u00a0ambas tienen gatos. Y se zambullen en las an\u00e9cdotas. Tras re\u00f1ir a tu gato, lo miras a la cara y sientes la terrible sospecha de\u00a0que ha entendido hasta la \u00faltima de las palabras. Y de que las ha archivado como referencia para el futuro.\" - Charlotte Gray<\/li>\n<li style=\"text-align: justify\">\"Los gatos son amos amables, mientras que recuerdes cu\u00e1l es tu propio sitio.\" - Paul Gray<\/li>\n<li style=\"text-align: justify\">\"Los gatos tienen una absoluta honestidad emocional; los seres humanos, por\u00a0una raz\u00f3n u otra, pueden ocultar sus sentimientos, pero el gato, no.\" - Ernest Hemingway<\/li>\n<li style=\"text-align: justify\">\"Si quieres escribir sobre seres humanos, lo mejor que puedes tener en casa\u00a0es un gato.\" - Aldous Huxley<\/li>\n<li style=\"text-align: justify\">\"El Gato dijo: 'No soy un amigo, no soy un criado. Soy el Gato que camina\u00a0libre y que desea ir a tu Cueva'.\" - Rudyard Kipling<\/li>\n<li style=\"text-align: justify\">\"El gato es el \u00fanico animal que ha logrado domesticar al hombre.\" - Marcel Mauss<\/li>\n<li style=\"text-align: justify\">\"A m\u00ed me gustan los gatos, pero nunca he tenido ninguno. Son demasiado\u00a0exigentes, piden demasiado. Los perros no quieren m\u00e1s que amor, pero los\u00a0gatos exigen adoraci\u00f3n. Nunca han superado la costumbre de ser dioses en\u00a0Bubastis.\" - Lucy Maud Montgomery<\/li>\n<li style=\"text-align: justify\">\"Todo gato siempre buscar\u00e1, y generalmente encontrar\u00e1, el sitio m\u00e1s\u00a0confortable dentro de una habitaci\u00f3n seleccionada al azar.\" - Ondinet<\/li>\n<li style=\"text-align: justify\">\"El nivel de inter\u00e9s de un gato en algo ser\u00e1 inversamente proporcional al\u00a0esfuerzo que su due\u00f1o est\u00e9 haciendo para captar su inter\u00e9s sobre ese algo.\" - Pattison<\/li>\n<li style=\"text-align: justify\">\"\u00bfQu\u00e9 importa si el gato es blanco o negro, con tal que cace ratones?.\" - Den Xiao Pin<\/li>\n<li style=\"text-align: justify\">\"El ideal de la calma es un gato sentado.\" - Jean Renard<\/li>\n<li style=\"text-align: justify\">\"El gato no nos acaricia, se acaricia con nosotros.\" - Antoine Rivarol<\/li>\n<li style=\"text-align: justify\">\"El hombre tiene dos medios para refugiarse de las miserias de la vida: la\u00a0m\u00fasica y los gatos.\" - Albert Schweitzer<\/li>\n<li style=\"text-align: justify\">\"Los gatos son misteriosos; pasa m\u00e1s por su mente de lo que nunca podr\u00edamos\u00a0imaginarnos.\" - Walter Scott<\/li>\n<li style=\"text-align: justify\">\"El hombre es civilizado en la medida que comprende a un gato.\" - George Bernard Shaw<\/li>\n<li style=\"text-align: justify\">\"No puedes nunca ser due\u00f1o de un gato; en el mejor de los casos te permite\u00a0ser su acompa\u00f1ante.\" - Harry Swanson<\/li>\n<li style=\"text-align: justify\">\"He estudiado muchos fil\u00f3sofos y muchos gatos. La sabidur\u00eda de los gatos es\u00a0infinitamente superior.\" - Hippolyte Taine<\/li>\n<li style=\"text-align: justify\">\"Si fuera posible cruzar a un hombre con un gato, mejorar\u00eda el hombre, pero\u00a0se deteriorar\u00eda el gato.\" - Mark Twain<\/li>\n<li style=\"text-align: justify\">\"Si se pudiera cruzar al hombre con el gato, resultar\u00eda una mejora para el hombre.\" - Mark Twain<\/li>\n<li style=\"text-align: justify\">\"Mi gato nunca se r\u00ede o se lamenta, siempre est\u00e1 razonando.\" - Miguel de Unamuno<\/li>\n<li style=\"text-align: justify\">\"El m\u00e1s peque\u00f1o gato es una obra maestra.\" - Leonardo da Vinci<\/li>\n<\/ol>\n","protected":false},"excerpt":{"rendered":"<p>\"El para\u00edso jam\u00e1s ser\u00e1 para\u00edso a no ser que mis gatos est\u00e9n ah\u00ed esper\u00e1ndome.\" \u00a0Epitafio en un cementerio de animales \"Es una labor muy dif\u00edcil ganar el afecto de un gato; ser\u00e1 tu amigo si siente que eres digno de su amistad, pero no tu esclavo.\" - Te\u00f3filo Gautier \"Dios hizo el gato para ofrecer [&hellip;]<\/p>\n","protected":false},"author":10710,"featured_media":0,"parent":0,"menu_order":0,"comment_status":"closed","ping_status":"closed","template":"","meta":{"footnotes":""},"class_list":["post-82","page","type-page","status-publish","hentry"],"_links":{"self":[{"href":"https:\/\/blog.espol.edu.ec\/epmoran\/wp-json\/wp\/v2\/pages\/82","targetHints":{"allow":["GET"]}}],"collection":[{"href":"https:\/\/blog.espol.edu.ec\/epmoran\/wp-json\/wp\/v2\/pages"}],"about":[{"href":"https:\/\/blog.espol.edu.ec\/epmoran\/wp-json\/wp\/v2\/types\/page"}],"author":[{"embeddable":true,"href":"https:\/\/blog.espol.edu.ec\/epmoran\/wp-json\/wp\/v2\/users\/10710"}],"replies":[{"embeddable":true,"href":"https:\/\/blog.espol.edu.ec\/epmoran\/wp-json\/wp\/v2\/comments?post=82"}],"version-history":[{"count":1,"href":"https:\/\/blog.espol.edu.ec\/epmoran\/wp-json\/wp\/v2\/pages\/82\/revisions"}],"predecessor-version":[{"id":83,"href":"https:\/\/blog.espol.edu.ec\/epmoran\/wp-json\/wp\/v2\/pages\/82\/revisions\/83"}],"wp:attachment":[{"href":"https:\/\/blog.espol.edu.ec\/epmoran\/wp-json\/wp\/v2\/media?parent=82"}],"curies":[{"name":"wp","href":"https:\/\/api.w.org\/{rel}","templated":true}]}}