{"id":23,"date":"2016-10-19T02:00:12","date_gmt":"2016-10-19T02:00:12","guid":{"rendered":"http:\/\/blog.espol.edu.ec\/erickceballos\/?page_id=23"},"modified":"2016-10-21T18:47:05","modified_gmt":"2016-10-21T18:47:05","slug":"hiperrealismo-dibujo","status":"publish","type":"page","link":"https:\/\/blog.espol.edu.ec\/erickceballos\/hiperrealismo-dibujo\/","title":{"rendered":"Pintura &amp; Dibujo"},"content":{"rendered":"<p style=\"text-align: justify\"><span style=\"color: #000000\">El hiperrealismo es una tendencia de la pintura realista surgida en Estados Unidos a finales de la d\u00e9cada de los a\u00f1os 60 que propone reproducir la realidad con m\u00e1s fidelidad y objetividad que la fotograf\u00eda. A veces se confunde con el fotorrealismo que se basa en la utilizaci\u00f3n de un computador para generar una imitaci\u00f3n de las im\u00e1genes generadas por c\u00e1maras fotogr\u00e1ficas con el uso de algoritmos matem\u00e1ticos que simulan todos los efectos presentes en las fotogr\u00e1fias.<\/span><\/p>\n<hr \/>\n<p style=\"text-align: center\"><span style=\"text-decoration: underline\"><span style=\"color: #000000\"><strong>Robin Eley<\/strong><\/span><\/span><\/p>\n<p style=\"text-align: center\"><img loading=\"lazy\" decoding=\"async\" class=\"alignleft wp-image-42\" src=\"http:\/\/blog.espol.edu.ec\/erickceballos\/files\/2016\/10\/robineley-203x300.jpg\" alt=\"robineley\" width=\"132\" height=\"195\" srcset=\"https:\/\/blog.espol.edu.ec\/erickceballos\/files\/2016\/10\/robineley-203x300.jpg 203w, https:\/\/blog.espol.edu.ec\/erickceballos\/files\/2016\/10\/robineley-768x1133.jpg 768w, https:\/\/blog.espol.edu.ec\/erickceballos\/files\/2016\/10\/robineley-694x1024.jpg 694w, https:\/\/blog.espol.edu.ec\/erickceballos\/files\/2016\/10\/robineley.jpg 864w\" sizes=\"auto, (max-width: 132px) 100vw, 132px\" \/><\/p>\n<p style=\"text-align: justify\"><span id=\"result_box\" class=\"\" lang=\"es\">Robin <span class=\"\">Eley<\/span> naci\u00f3 en 1978 en Londres, Inglaterra. En 1981 su familia emigr\u00f3 a Australia<span class=\"\">, donde complet\u00f3 su<\/span> educaci\u00f3n secundaria. En 1997 se traslad\u00f3 a los Estados Unidos, donde asistir\u00eda a <a href=\"http:\/\/westmont.edu\/a\/index.html\" target=\"_blank\"><span class=\"\">Westmont College<\/span><\/a>,\u00a0 y ganar una Licenciatura en Artes <span class=\"\">con especializaci\u00f3n<\/span> en Bellas Artes en 2001.<br \/>\nExposiciones individuales de <span class=\"\">Eley<\/span> incluyen Prism <span class=\"\">(2014<\/span>) <span class=\"\">en Los<\/span> <span class=\"\">\u00c1ngeles<\/span><span class=\"\">,<\/span> <span class=\"\">Singularity<\/span> (2012) <span class=\"\">y la idolatr\u00eda<\/span> <span class=\"\">(2013<\/span>), <span class=\"\">ambas realizadas<\/span> en la Colina Smith Gallery de <span class=\"\">Australia<\/span><span class=\"\">.<\/span><\/span><\/p>\n<p><em>\u201cMis pinturas son ensayos de observaci\u00f3n, nacidos de un examen implacable de mi entorno.\u201d(Robin Eley)<br \/>\n<\/em><\/p>\n<p>A continuaci\u00f3n unos de sus pinturas presentadas en sus exposiciones:<\/p>\n<p>&nbsp;<\/p>\n<p><em><span style=\"text-decoration: underline\">Idolatry: Dark Matter (Materia oscura)<\/span><\/em><\/p>\n<p><img loading=\"lazy\" decoding=\"async\" class=\"aligncenter wp-image-40\" src=\"http:\/\/blog.espol.edu.ec\/erickceballos\/files\/2016\/10\/Dark-Matter.jpg\" alt=\"dark-matter\" width=\"423\" height=\"564\" srcset=\"https:\/\/blog.espol.edu.ec\/erickceballos\/files\/2016\/10\/Dark-Matter.jpg 800w, https:\/\/blog.espol.edu.ec\/erickceballos\/files\/2016\/10\/Dark-Matter-225x300.jpg 225w, https:\/\/blog.espol.edu.ec\/erickceballos\/files\/2016\/10\/Dark-Matter-768x1025.jpg 768w, https:\/\/blog.espol.edu.ec\/erickceballos\/files\/2016\/10\/Dark-Matter-767x1024.jpg 767w\" sizes=\"auto, (max-width: 423px) 100vw, 423px\" \/><\/p>\n<p><em><span style=\"text-decoration: underline\"><span style=\"color: #000000;text-decoration: underline\">Singularity: A Salutary Breeze (Una brisa saludable)<\/span><\/span><\/em><\/p>\n<p><img loading=\"lazy\" decoding=\"async\" class=\"aligncenter wp-image-38\" src=\"http:\/\/blog.espol.edu.ec\/erickceballos\/files\/2016\/10\/Resolutenewweb.jpg\" alt=\"A Salutary Breeze\" width=\"419\" height=\"577\" srcset=\"https:\/\/blog.espol.edu.ec\/erickceballos\/files\/2016\/10\/Resolutenewweb.jpg 800w, https:\/\/blog.espol.edu.ec\/erickceballos\/files\/2016\/10\/Resolutenewweb-218x300.jpg 218w, https:\/\/blog.espol.edu.ec\/erickceballos\/files\/2016\/10\/Resolutenewweb-768x1058.jpg 768w, https:\/\/blog.espol.edu.ec\/erickceballos\/files\/2016\/10\/Resolutenewweb-743x1024.jpg 743w\" sizes=\"auto, (max-width: 419px) 100vw, 419px\" \/><\/p>\n<hr \/>\n<p style=\"text-align: center\">\u00a0<span style=\"text-decoration: underline\"><strong>Gina Heyer<\/strong><\/span><\/p>\n<p style=\"text-align: justify\"><span id=\"result_box\" class=\"\" lang=\"es\"><span class=\"\"><img loading=\"lazy\" decoding=\"async\" class=\"alignleft wp-image-45\" src=\"http:\/\/blog.espol.edu.ec\/erickceballos\/files\/2016\/10\/gina_heyer1-248x300.jpg\" alt=\"gina_heyer1\" width=\"151\" height=\"182\" srcset=\"https:\/\/blog.espol.edu.ec\/erickceballos\/files\/2016\/10\/gina_heyer1-248x300.jpg 248w, https:\/\/blog.espol.edu.ec\/erickceballos\/files\/2016\/10\/gina_heyer1.jpg 315w\" sizes=\"auto, (max-width: 151px) 100vw, 151px\" \/>Nacida<\/span> en 1983, Sud\u00e1frica. Actualmente vive y trabaja en Sud\u00e1frica.<br \/>\nHeyer se gradu\u00f3 con una Maestr\u00eda en Bellas Artes por la <a href=\"http:\/\/www.sun.ac.za\/english\">Universidad de Stellenbosch<\/a>, en 2011. En el 2013 dio una conferencia de dibujo en el Departamento de Artes Visuales, Universidad de Stellenbosch. <span class=\"\">Posee habilidades en: Pintura al \u00f3leo, Ense\u00f1anza, Artes Visuales, Arte Contempor\u00e1neo, Educaci\u00f3n Art\u00edstica y en Historia del Arte Escultura. Su\u00a0 exposici\u00f3n individual en la Galer\u00eda de Arte titulado Threshold se ocupaba de los aspectos metaf\u00edsicos y misteriosos sutiles de interiores aparentemente normales con una meticulosa representaci\u00f3n en la pintura de aceite.<\/span><\/span><\/p>\n<p>&nbsp;<\/p>\n<p style=\"text-align: left\"><em><span style=\"text-decoration: underline\">Order &amp; Division: Single File ( \u00danica fila)<\/span><\/em><\/p>\n<p style=\"text-align: justify\"><img loading=\"lazy\" decoding=\"async\" class=\"wp-image-46 aligncenter\" src=\"http:\/\/blog.espol.edu.ec\/erickceballos\/files\/2016\/10\/038b93809d7e4f8bb76a7493e6697eb9-07092012-1239-287x300.jpeg\" alt=\"038b93809d7e4f8bb76a7493e6697eb9-07092012-1239\" width=\"389\" height=\"406\" srcset=\"https:\/\/blog.espol.edu.ec\/erickceballos\/files\/2016\/10\/038b93809d7e4f8bb76a7493e6697eb9-07092012-1239-287x300.jpeg 287w, https:\/\/blog.espol.edu.ec\/erickceballos\/files\/2016\/10\/038b93809d7e4f8bb76a7493e6697eb9-07092012-1239-768x802.jpeg 768w, https:\/\/blog.espol.edu.ec\/erickceballos\/files\/2016\/10\/038b93809d7e4f8bb76a7493e6697eb9-07092012-1239.jpeg 940w\" sizes=\"auto, (max-width: 389px) 100vw, 389px\" \/><\/p>\n<p style=\"text-align: justify\"><em><span style=\"text-decoration: underline\">Order &amp; Division: Lower Landing ( Aterrizaje menor)<\/span><\/em><\/p>\n<p style=\"text-align: justify\"><img loading=\"lazy\" decoding=\"async\" class=\"wp-image-47 aligncenter\" src=\"http:\/\/blog.espol.edu.ec\/erickceballos\/files\/2016\/10\/498-lower-landing-300x288.jpg\" alt=\"498-lower-landing\" width=\"408\" height=\"391\" srcset=\"https:\/\/blog.espol.edu.ec\/erickceballos\/files\/2016\/10\/498-lower-landing-300x288.jpg 300w, https:\/\/blog.espol.edu.ec\/erickceballos\/files\/2016\/10\/498-lower-landing.jpg 610w\" sizes=\"auto, (max-width: 408px) 100vw, 408px\" \/><\/p>\n<hr \/>\n<p style=\"text-align: center\"><span style=\"text-decoration: underline\"><strong>Alyssa Monks<\/strong><\/span><span id=\"result_box\" class=\"\" lang=\"es\"><span title=\"&quot;My intention is to transfer the intimacy and vulnerability of my human experience into a painted surface. I like mine to be as intimate as possible, each brush stroke like a fossil, recording every gesture and decision.&quot; \"><br \/>\n<\/span><span title=\"Alyssa Monks earned her B.A.\"><img loading=\"lazy\" decoding=\"async\" class=\"alignleft wp-image-44\" src=\"http:\/\/blog.espol.edu.ec\/erickceballos\/files\/2016\/10\/bioPhoto2-200x300.jpg\" alt=\"biophoto2\" width=\"150\" height=\"225\" srcset=\"https:\/\/blog.espol.edu.ec\/erickceballos\/files\/2016\/10\/bioPhoto2-200x300.jpg 200w, https:\/\/blog.espol.edu.ec\/erickceballos\/files\/2016\/10\/bioPhoto2.jpg 360w\" sizes=\"auto, (max-width: 150px) 100vw, 150px\" \/><\/span><\/span><\/p>\n<p style=\"text-align: justify\"><span id=\"result_box\" class=\"\" lang=\"es\"><span title=\"&quot;My intention is to transfer the intimacy and vulnerability of my human experience into a painted surface. I like mine to be as intimate as possible, each brush stroke like a fossil, recording every gesture and decision.&quot; \"><span title=\"Alyssa Monks earned her B.A.\">Es una pintora , nacida 1977 en <a href=\"https:\/\/www.google.com\/maps\/place\/Ridgewood,+Nueva+Jersey\/@40.983367,-74.1481712,13z\/data=!4m5!3m4!1s0x89c2e4a543a88c39:0x7185a0a5d2697b0!8m2!3d40.9792645!4d-74.1165313\" target=\"_blank\">Ridgewood, Nueva Jersey<\/a>, quien comenz\u00f3 en la pintura al \u00f3leo desde ni\u00f1a. Estudi\u00f3 en la New School de Nueva York y la Universidad Estatal de Montclair y obtuvo su licenciatura en la Universidad de Boston en 1999.\u00a0Estudi\u00f3 pintura en Lorenzo de Medici en Florencia y gan\u00f3 su <a href=\"http:\/\/www.master-maestrias.com\/Master-(MFA)-En-El-Estudio-De-Arte-(pintura-O-Dibujo)\/Italia\/SACI\/\" target=\"_blank\">MFA<\/a> de la Academia de Arte de la Escuela Superior de Arte Figurativo Nueva York en 2001.<\/span><span title=\"She went on to complete her M.F.A at the New York Academy of Art, Graduate School of Figurative Art in 2001. She teaches and lectures at universities and institution nation wide, and is an adjunct professor at the New York Academy of Art.\"> Es profesora adjunto en la Academia de Arte de Nueva York.\u00a0Alyssa ha obtenido \u00a0tres veces la Beca de la Fundaci\u00f3n Elizabeth Greenshields para Pintura y es miembro de la Academia de la Junta de S\u00edndicos de Arte de Nueva York. Est\u00e1 representada actualmente por David Klein Gallery en Birmingham, Michigan. Actualmente Alyssa vive y pinta en Brooklyn, New York.\u00a0<\/span>\u00a0 <\/span><\/span><\/p>\n<p style=\"text-align: justify\"><em><span id=\"result_box\" class=\"\" lang=\"es\"><span title=\"&quot;My intention is to transfer the intimacy and vulnerability of my human experience into a painted surface. I like mine to be as intimate as possible, each brush stroke like a fossil, recording every gesture and decision.&quot; \">\"Mi intenci\u00f3n es transferir la intimidad y la vulnerabilidad de mi experiencia humana en una superficie pintada. Me gusta la m\u00eda para ser tan \u00edntimo como sea posible, cada trazo de pincel como un f\u00f3sil, el registro de cada gesto y la decisi\u00f3n\".<\/span><\/span><\/em><\/p>\n<div id=\"catBody3\" class=\"content_box\">\n<div id=\"image25798info\">\n<div class=\"continfo\"><em><span style=\"text-decoration: underline\">Circle , oil on linen, 2010<\/span><\/em><\/div>\n<\/div>\n<\/div>\n<p style=\"text-align: justify\"><img loading=\"lazy\" decoding=\"async\" class=\"aligncenter wp-image-53\" src=\"http:\/\/blog.espol.edu.ec\/erickceballos\/files\/2016\/10\/circle-300x201.png\" alt=\"circle\" width=\"513\" height=\"344\" srcset=\"https:\/\/blog.espol.edu.ec\/erickceballos\/files\/2016\/10\/circle-300x201.png 300w, https:\/\/blog.espol.edu.ec\/erickceballos\/files\/2016\/10\/circle-768x513.png 768w, https:\/\/blog.espol.edu.ec\/erickceballos\/files\/2016\/10\/circle.png 974w\" sizes=\"auto, (max-width: 513px) 100vw, 513px\" \/><\/p>\n<p style=\"text-align: justify\"><em><span style=\"text-decoration: underline\"><span id=\"catBody3Loader\">Smirk , oil on linen, 2009 <\/span><\/span><\/em><\/p>\n<p style=\"text-align: justify\"><img loading=\"lazy\" decoding=\"async\" class=\" wp-image-52 aligncenter\" src=\"http:\/\/blog.espol.edu.ec\/erickceballos\/files\/2016\/10\/smirk-300x224.jpg\" alt=\"smirk\" width=\"449\" height=\"336\" srcset=\"https:\/\/blog.espol.edu.ec\/erickceballos\/files\/2016\/10\/smirk-300x224.jpg 300w, https:\/\/blog.espol.edu.ec\/erickceballos\/files\/2016\/10\/smirk-768x574.jpg 768w, https:\/\/blog.espol.edu.ec\/erickceballos\/files\/2016\/10\/smirk.jpg 860w\" sizes=\"auto, (max-width: 449px) 100vw, 449px\" \/><\/p>\n<hr \/>\n<p style=\"text-align: center\"><span style=\"text-decoration: underline\"><strong>Gottfried Helnwein<\/strong><\/span><\/p>\n<p style=\"text-align: justify\"><b><img loading=\"lazy\" decoding=\"async\" class=\" wp-image-48 alignleft\" src=\"http:\/\/blog.espol.edu.ec\/erickceballos\/files\/2016\/10\/220px-Save_The_World_Awards_2009_show04_-_Gottfried_Helnwein-197x300.jpg\" alt=\"220px-save_the_world_awards_2009_show04_-_gottfried_helnwein\" width=\"148\" height=\"226\" srcset=\"https:\/\/blog.espol.edu.ec\/erickceballos\/files\/2016\/10\/220px-Save_The_World_Awards_2009_show04_-_Gottfried_Helnwein-197x300.jpg 197w, https:\/\/blog.espol.edu.ec\/erickceballos\/files\/2016\/10\/220px-Save_The_World_Awards_2009_show04_-_Gottfried_Helnwein.jpg 220w\" sizes=\"auto, (max-width: 148px) 100vw, 148px\" \/><\/b>Nacido el 8 de octubre de 1948, Viena; pintor, fot\u00f3grafo y artista de performance austriaco-irland\u00e9s maestro del reconocimiento sorpresivo.Helnwein estudi\u00f3 en la <a class=\"new\" title=\"Universidad de Artes Pl\u00e1sticas en Viena (a\u00fan no redactado)\" href=\"https:\/\/www.akbild.ac.at\/Portal\/akbild_startpage\">Universidad de Artes Pl\u00e1sticas en Viena<\/a> (<i>Akademie der Bildenden Kunste, Wien<\/i>). Le fue otorgado el premio de Master Class (<i>Meisterschulpreis<\/i>) en la Universidad de Artes Pl\u00e1sticas en Viena, el premio Kardinal-Konig y el premio Theodor-Korner. Sus primeros trabajos consist\u00edan principalmente de acuarelas hiperrealistas de ni\u00f1os heridos, as\u00ed como performances \u2014a menudo con ni\u00f1os\u2014 en lugares p\u00fablicos. Helnwein es un artista conceptual, interesado principalmente en la ansiedad psicol\u00f3gica y sociol\u00f3gica, as\u00ed como en temas hist\u00f3ricos y pol\u00edticos. Helnwein ha trabajado como pintor, dibujante, muralista, fot\u00f3grafo, escultor y artista de performance, utilizando una gran variedad de t\u00e9cnicas y medios.<\/p>\n<p style=\"text-align: justify\"><em><span style=\"text-decoration: underline\"><span class=\"name\">Epiphany II (Adoration of the Shepherds)<\/span>, 1998, mixed media<br \/>\n<\/span><\/em><\/p>\n<p style=\"text-align: justify\"><img loading=\"lazy\" decoding=\"async\" class=\"aligncenter wp-image-57\" src=\"http:\/\/blog.espol.edu.ec\/erickceballos\/files\/2016\/10\/helnwein_3906084546829169206-300x233.jpg\" alt=\"helnwein_3906084546829169206\" width=\"518\" height=\"402\" srcset=\"https:\/\/blog.espol.edu.ec\/erickceballos\/files\/2016\/10\/helnwein_3906084546829169206-300x233.jpg 300w, https:\/\/blog.espol.edu.ec\/erickceballos\/files\/2016\/10\/helnwein_3906084546829169206-768x596.jpg 768w, https:\/\/blog.espol.edu.ec\/erickceballos\/files\/2016\/10\/helnwein_3906084546829169206.jpg 967w\" sizes=\"auto, (max-width: 518px) 100vw, 518px\" \/><\/p>\n<p style=\"text-align: justify\"><span style=\"text-decoration: underline\"><em><span class=\"name\">The Murmur of the Innocents 1<\/span>, 2009<br \/>\n<\/em><\/span><\/p>\n<p style=\"text-align: justify\"><span class=\"name\"><img loading=\"lazy\" decoding=\"async\" class=\"aligncenter wp-image-56\" src=\"http:\/\/blog.espol.edu.ec\/erickceballos\/files\/2016\/10\/helnwein_3468-300x203.jpg\" alt=\"helnwein_3468\" width=\"523\" height=\"354\" srcset=\"https:\/\/blog.espol.edu.ec\/erickceballos\/files\/2016\/10\/helnwein_3468-300x203.jpg 300w, https:\/\/blog.espol.edu.ec\/erickceballos\/files\/2016\/10\/helnwein_3468-768x519.jpg 768w, https:\/\/blog.espol.edu.ec\/erickceballos\/files\/2016\/10\/helnwein_3468-1024x692.jpg 1024w, https:\/\/blog.espol.edu.ec\/erickceballos\/files\/2016\/10\/helnwein_3468.jpg 1300w\" sizes=\"auto, (max-width: 523px) 100vw, 523px\" \/><\/span><\/p>\n<hr \/>\n<p style=\"text-align: center\"><strong><span style=\"text-decoration: underline\">Dirk Dzimirsky<\/span><\/strong><\/p>\n<p style=\"text-align: justify\"><span id=\"result_box\" class=\"\" lang=\"es\"><img loading=\"lazy\" decoding=\"async\" class=\" wp-image-60 alignleft\" src=\"http:\/\/blog.espol.edu.ec\/erickceballos\/files\/2016\/10\/cuadros-a-lapaiz-de-rostros_08-300x201.jpg\" alt=\"cuadros-a-lapaiz-de-rostros_08\" width=\"325\" height=\"218\" srcset=\"https:\/\/blog.espol.edu.ec\/erickceballos\/files\/2016\/10\/cuadros-a-lapaiz-de-rostros_08-300x201.jpg 300w, https:\/\/blog.espol.edu.ec\/erickceballos\/files\/2016\/10\/cuadros-a-lapaiz-de-rostros_08-768x515.jpg 768w, https:\/\/blog.espol.edu.ec\/erickceballos\/files\/2016\/10\/cuadros-a-lapaiz-de-rostros_08.jpg 933w\" sizes=\"auto, (max-width: 325px) 100vw, 325px\" \/>Dirk <span class=\"\">Dzimirsky<\/span> (nacido en 1969) es un artista alem\u00e1n que es conocido por sus dibujos y <span class=\"\">pinturas de personas<\/span> <span class=\"\">hiper-<\/span>realista. Sus puestas en escena cuidadosamente elaborados de luces y sombras un nivel extremo de detalle en combinaci\u00f3n <span class=\"\">con el conjunto<\/span> calculado de luz crean un estado de \u00e1nimo enigm\u00e1tico de belleza melanc\u00f3lica <span class=\"\">en sus im\u00e1genes<\/span>. Sus obras han sido expuestas en los EE.UU., Europa y Tokio y forman parte de numerosas colecciones privadas internacionales. Actualmente vive y trabaja en una antigua <span class=\"\">casa de la escuela<\/span> en Warmsen, Alemania.<\/span><\/p>\n<p style=\"text-align: justify\"><em><span style=\"text-decoration: underline\">The Returned - Lena and Camille, 2014, Pencils on paper.<\/span><\/em><\/p>\n<p style=\"text-align: justify\"><img loading=\"lazy\" decoding=\"async\" class=\"aligncenter wp-image-58\" src=\"http:\/\/blog.espol.edu.ec\/erickceballos\/files\/2016\/10\/tumblr_nmsfcrS29R1u4gqrko1_1280-300x300.jpg\" alt=\"tumblr_nmsfcrs29r1u4gqrko1_1280\" width=\"359\" height=\"359\" srcset=\"https:\/\/blog.espol.edu.ec\/erickceballos\/files\/2016\/10\/tumblr_nmsfcrS29R1u4gqrko1_1280-300x300.jpg 300w, https:\/\/blog.espol.edu.ec\/erickceballos\/files\/2016\/10\/tumblr_nmsfcrS29R1u4gqrko1_1280-150x150.jpg 150w, https:\/\/blog.espol.edu.ec\/erickceballos\/files\/2016\/10\/tumblr_nmsfcrS29R1u4gqrko1_1280.jpg 640w\" sizes=\"auto, (max-width: 359px) 100vw, 359px\" \/><\/p>\n<p style=\"text-align: justify\"><span style=\"text-decoration: underline\"><em>Lemonworld, 2010.<\/em><em><br \/>\n<\/em><\/span><\/p>\n<p style=\"text-align: justify\"><img loading=\"lazy\" decoding=\"async\" class=\"aligncenter wp-image-59\" src=\"http:\/\/blog.espol.edu.ec\/erickceballos\/files\/2016\/10\/Lemonworld2-297x300.jpg\" alt=\"lemonworld2\" width=\"361\" height=\"365\" srcset=\"https:\/\/blog.espol.edu.ec\/erickceballos\/files\/2016\/10\/Lemonworld2-297x300.jpg 297w, https:\/\/blog.espol.edu.ec\/erickceballos\/files\/2016\/10\/Lemonworld2.jpg 700w\" sizes=\"auto, (max-width: 361px) 100vw, 361px\" \/><\/p>\n","protected":false},"excerpt":{"rendered":"<p>El hiperrealismo es una tendencia de la pintura realista surgida en Estados Unidos a finales de la d\u00e9cada de los a\u00f1os 60 que propone reproducir la realidad con m\u00e1s fidelidad y objetividad que la fotograf\u00eda. A veces se confunde con el fotorrealismo que se basa en la utilizaci\u00f3n de un computador para generar una imitaci\u00f3n [&hellip;]<\/p>\n","protected":false},"author":10567,"featured_media":0,"parent":0,"menu_order":0,"comment_status":"closed","ping_status":"closed","template":"","meta":{"footnotes":""},"class_list":["post-23","page","type-page","status-publish","hentry"],"_links":{"self":[{"href":"https:\/\/blog.espol.edu.ec\/erickceballos\/wp-json\/wp\/v2\/pages\/23","targetHints":{"allow":["GET"]}}],"collection":[{"href":"https:\/\/blog.espol.edu.ec\/erickceballos\/wp-json\/wp\/v2\/pages"}],"about":[{"href":"https:\/\/blog.espol.edu.ec\/erickceballos\/wp-json\/wp\/v2\/types\/page"}],"author":[{"embeddable":true,"href":"https:\/\/blog.espol.edu.ec\/erickceballos\/wp-json\/wp\/v2\/users\/10567"}],"replies":[{"embeddable":true,"href":"https:\/\/blog.espol.edu.ec\/erickceballos\/wp-json\/wp\/v2\/comments?post=23"}],"version-history":[{"count":18,"href":"https:\/\/blog.espol.edu.ec\/erickceballos\/wp-json\/wp\/v2\/pages\/23\/revisions"}],"predecessor-version":[{"id":112,"href":"https:\/\/blog.espol.edu.ec\/erickceballos\/wp-json\/wp\/v2\/pages\/23\/revisions\/112"}],"wp:attachment":[{"href":"https:\/\/blog.espol.edu.ec\/erickceballos\/wp-json\/wp\/v2\/media?parent=23"}],"curies":[{"name":"wp","href":"https:\/\/api.w.org\/{rel}","templated":true}]}}