{"id":31,"date":"2014-10-28T14:52:40","date_gmt":"2014-10-28T14:52:40","guid":{"rendered":"http:\/\/blog.espol.edu.ec\/erifacep\/?page_id=31"},"modified":"2014-11-01T18:01:34","modified_gmt":"2014-11-01T18:01:34","slug":"inicio","status":"publish","type":"page","link":"https:\/\/blog.espol.edu.ec\/erifacep\/mi-primera-imagen\/inicio\/","title":{"rendered":"Inicio"},"content":{"rendered":"<h3 class=\"r\">\u00bfComo definimos nosotros lo que es el Turismo?<\/h3>\n<p>En alg\u00fan momento todos hemos realizado un viaje hacia varios para\u00edsos tur\u00edsticos en busca de conocer y admirar la belleza de la naturaleza en su m\u00e1ximo esplendor bien sea individualmente o colectiva mente con un grupo de personas ya sean familiares o amigos donde nos podremos vivir muchas aventuras.<\/p>\n<p>Puedo definir al <strong>turismo<\/strong> como el abarcamiento de las acciones que una <b>persona<\/b>\u00a0lleva a cabo mientras <strong>viaja y permanece<\/strong>\u00a0en un sitio diferente al de su residencia\u00a0habitual, por un periodo consecutivo que resulta inferior a un a\u00f1o.<\/p>\n<div id=\"attachment_65\" style=\"width: 310px\" class=\"wp-caption aligncenter\"><a href=\"http:\/\/blog.espol.edu.ec\/erifacep\/files\/2014\/10\/paisaje.jpg\"><img loading=\"lazy\" decoding=\"async\" aria-describedby=\"caption-attachment-65\" class=\"size-medium wp-image-65\" src=\"http:\/\/blog.espol.edu.ec\/erifacep\/files\/2014\/10\/paisaje-300x225.jpg\" alt=\"Paisaje\" width=\"300\" height=\"225\" srcset=\"https:\/\/blog.espol.edu.ec\/erifacep\/files\/2014\/10\/paisaje-300x225.jpg 300w, https:\/\/blog.espol.edu.ec\/erifacep\/files\/2014\/10\/paisaje.jpg 556w\" sizes=\"auto, (max-width: 300px) 100vw, 300px\" \/><\/a><p id=\"caption-attachment-65\" class=\"wp-caption-text\">Paisaje<\/p><\/div>\n<p>&nbsp;<\/p>\n","protected":false},"excerpt":{"rendered":"<p>\u00bfComo definimos nosotros lo que es el Turismo? En alg\u00fan momento todos hemos realizado un viaje hacia varios para\u00edsos tur\u00edsticos en busca de conocer y admirar la belleza de la naturaleza en su m\u00e1ximo esplendor bien sea individualmente o colectiva mente con un grupo de personas ya sean familiares o amigos donde nos podremos vivir [&hellip;]<\/p>\n","protected":false},"author":9400,"featured_media":0,"parent":42,"menu_order":0,"comment_status":"open","ping_status":"open","template":"","meta":{"footnotes":""},"class_list":["post-31","page","type-page","status-publish","hentry"],"_links":{"self":[{"href":"https:\/\/blog.espol.edu.ec\/erifacep\/wp-json\/wp\/v2\/pages\/31","targetHints":{"allow":["GET"]}}],"collection":[{"href":"https:\/\/blog.espol.edu.ec\/erifacep\/wp-json\/wp\/v2\/pages"}],"about":[{"href":"https:\/\/blog.espol.edu.ec\/erifacep\/wp-json\/wp\/v2\/types\/page"}],"author":[{"embeddable":true,"href":"https:\/\/blog.espol.edu.ec\/erifacep\/wp-json\/wp\/v2\/users\/9400"}],"replies":[{"embeddable":true,"href":"https:\/\/blog.espol.edu.ec\/erifacep\/wp-json\/wp\/v2\/comments?post=31"}],"version-history":[{"count":7,"href":"https:\/\/blog.espol.edu.ec\/erifacep\/wp-json\/wp\/v2\/pages\/31\/revisions"}],"predecessor-version":[{"id":60,"href":"https:\/\/blog.espol.edu.ec\/erifacep\/wp-json\/wp\/v2\/pages\/31\/revisions\/60"}],"up":[{"embeddable":true,"href":"https:\/\/blog.espol.edu.ec\/erifacep\/wp-json\/wp\/v2\/pages\/42"}],"wp:attachment":[{"href":"https:\/\/blog.espol.edu.ec\/erifacep\/wp-json\/wp\/v2\/media?parent=31"}],"curies":[{"name":"wp","href":"https:\/\/api.w.org\/{rel}","templated":true}]}}