{"id":52,"date":"2016-11-15T19:00:40","date_gmt":"2016-11-15T19:00:40","guid":{"rendered":"http:\/\/blog.espol.edu.ec\/erihucor\/?page_id=52"},"modified":"2016-11-15T19:07:10","modified_gmt":"2016-11-15T19:07:10","slug":"micro-cuentos-de-amor","status":"publish","type":"page","link":"https:\/\/blog.espol.edu.ec\/erihucor\/micro-cuentos-de-amor\/","title":{"rendered":"\u00bfQue es un micro cuento?"},"content":{"rendered":"<p><img loading=\"lazy\" decoding=\"async\" class=\"alignnone size-full wp-image-56 aligncenter\" src=\"http:\/\/blog.espol.edu.ec\/erihucor\/files\/2016\/11\/microcuento.jpg\" alt=\"microcuento\" width=\"500\" height=\"343\" \/><\/p>\n<p>&nbsp;<\/p>\n<blockquote>\n<p style=\"text-align: left\">\"Cuando lleg\u00f3 corriendo al trabajo, preocupado porque su alarma no hab\u00eda sonado y se hab\u00eda quedado dormido, se constern\u00f3 mucho al encontrarse con que la oficina estaba cerrada. Pero todas sus dudas se dispersaron cuando, antes de sacar su celular para llamar a su jefe, escuch\u00f3 las campanas de una iglesia distante y record\u00f3 que era domingo, el \u00fanico d\u00eda libre que ten\u00eda\"<\/p>\n<p style=\"text-align: right\">El robot humano<\/p>\n<\/blockquote>\n<p style=\"text-align: center\">\n<p style=\"text-align: center\" align=\"justify\"><strong><span class=\"titulo\">Micro cuento<\/span><\/strong><\/p>\n<p align=\"justify\">\nEl microcuento o minicuento es un texto narrativo cuya principal caracter\u00edstica es su extensi\u00f3n breve, de ah\u00ed proviene su nombre micro (peque\u00f1o) cuento.<\/p>\n<p align=\"justify\">En t\u00e9rminos generales tiene las mismas caracter\u00edsticas del cuento, pero con las siguientes particularidades:<\/p>\n<ul>\n<li>\n<div align=\"justify\">Los acontecimientos se presentan de manera sint\u00e9tica, sin descripci\u00f3n de detalles, ya que la idea es que el lector vaya construyendo su sentido y develando la \u201cproblem\u00e1tica\u201d o situaci\u00f3n principal que en \u00e9l se plantea.<\/div>\n<\/li>\n<li>\n<div align=\"justify\">Presenta una sola situaci\u00f3n inicial que cambia r\u00e1pidamente, dando un giro sorpresivo e inesperado a la historia.<\/div>\n<\/li>\n<li>\n<div align=\"justify\">Presenta pocos personajes, es com\u00fan que haya uno solo.<\/div>\n<\/li>\n<li>\n<div align=\"justify\">La descripci\u00f3n del ambiente es m\u00ednima, apenas lo necesario para que el lector construya y comprenda la historia.<\/div>\n<\/li>\n<li>\n<div align=\"justify\">Plantea un final o desenlace sorprendente e inesperado para el lector.<\/div>\n<\/li>\n<\/ul>\n<p>Ejemplares de estas maravillas literarias les mostramos en el blog.<\/p>\n<form id=\"vozme_form_8a5c6b5e955348774f81e348d99baad8\" method=\"post\" name=\"vozme_form_8a5c6b5e955348774f81e348d99baad8\" target=\"8a5c6b5e955348774f81e348d99baad8\" action=\"http:\/\/vozme.com\/text2voice.php\"><input name=\"text\" type=\"hidden\" value=\"\u00bfQue es un micro cuento?. \n&nbsp;\n\n&quot;Cuando lleg\u00f3 corriendo al trabajo, preocupado porque su alarma no hab\u00eda sonado y se hab\u00eda quedado dormido, se constern\u00f3 mucho al encontrarse con que la oficina estaba cerrada. Pero todas sus dudas se dispersaron cuando, antes de sacar su celular para llamar a su jefe, escuch\u00f3 las campanas de una iglesia distante y record\u00f3 que era domingo, el \u00fanico d\u00eda libre que ten\u00eda&quot;\nEl robot humano\n\n\nMicro cuento\n\nEl microcuento o minicuento es un texto narrativo cuya principal caracter\u00edstica es su extensi\u00f3n breve, de ah\u00ed proviene su nombre micro (peque\u00f1o) cuento.\nEn t\u00e9rminos generales tiene las mismas caracter\u00edsticas del cuento, pero con las siguientes particularidades:\n\n\nLos acontecimientos se presentan de manera sint\u00e9tica, sin descripci\u00f3n de detalles, ya que la idea es que el lector vaya construyendo su sentido y develando la \u201cproblem\u00e1tica\u201d o situaci\u00f3n principal que en \u00e9l se plantea.\n\n\nPresenta una sola situaci\u00f3n inicial que cambia r\u00e1pidamente, dando un giro sorpresivo e inesperado a la historia.\n\n\nPresenta pocos personajes, es com\u00fan que haya uno solo.\n\n\nLa descripci\u00f3n del ambiente es m\u00ednima, apenas lo necesario para que el lector construya y comprenda la historia.\n\n\nPlantea un final o desenlace sorprendente e inesperado para el lector.\n\n\nEjemplares de estas maravillas literarias les mostramos en el blog.\n\" \/><input name=\"lang\" type=\"hidden\" value=\"en\" \/><input name=\"gn\" type=\"hidden\" value=\"ml\" \/><input type=\"hidden\" id=\"interface\" name=\"interface\" value=\"full\" \/>\n\t\t\t<div style=\"margin-left:40%;\">\n\t\t\t\n\t\t\t\t<input style=\"float:left;\" type=\"image\" width=\"40\" height=\"40\" src=\"http:\/\/blog.espol.edu.ec\/erihucor\/wp-content\/plugins\/vozme\/img\/megaphone40x40w.gif\" alt=\"Hear this post\" onclick=\"window.open('', '8a5c6b5e955348774f81e348d99baad8', 'width=600,height=370,scrollbars=yes,location=yes,menubar=yes,resizable=yes,status=yes,toolbar=yes');\">\n\t\t\t\t<div style=\"margin-left:48px; text-align:left;\"><a style=\"font-size:12px;\" href=\"javascript:void(0);\" onclick=\"window.open('', '8a5c6b5e955348774f81e348d99baad8', 'width=600,height=370,scrollbars=yes,location=yes,menubar=yes,resizable=yes,status=yes,toolbar=yes'); document.getElementById('vozme_form_8a5c6b5e955348774f81e348d99baad8').submit();\">Hear<br\/>this post<\/a><\/div>\n\t\t\t<\/div><\/form>","protected":false},"excerpt":{"rendered":"<p>&nbsp; \"Cuando lleg\u00f3 corriendo al trabajo, preocupado porque su alarma no hab\u00eda sonado y se hab\u00eda quedado dormido, se constern\u00f3 mucho al encontrarse con que la oficina estaba cerrada. Pero todas sus dudas se dispersaron cuando, antes de sacar su celular para llamar a su jefe, escuch\u00f3 las campanas de una iglesia distante y record\u00f3 [&hellip;]<\/p>\n","protected":false},"author":10707,"featured_media":0,"parent":0,"menu_order":0,"comment_status":"closed","ping_status":"closed","template":"","meta":{"_monsterinsights_skip_tracking":false,"_monsterinsights_sitenote_active":false,"_monsterinsights_sitenote_note":"","_monsterinsights_sitenote_category":0,"footnotes":""},"class_list":["post-52","page","type-page","status-publish","hentry"],"_links":{"self":[{"href":"https:\/\/blog.espol.edu.ec\/erihucor\/wp-json\/wp\/v2\/pages\/52","targetHints":{"allow":["GET"]}}],"collection":[{"href":"https:\/\/blog.espol.edu.ec\/erihucor\/wp-json\/wp\/v2\/pages"}],"about":[{"href":"https:\/\/blog.espol.edu.ec\/erihucor\/wp-json\/wp\/v2\/types\/page"}],"author":[{"embeddable":true,"href":"https:\/\/blog.espol.edu.ec\/erihucor\/wp-json\/wp\/v2\/users\/10707"}],"replies":[{"embeddable":true,"href":"https:\/\/blog.espol.edu.ec\/erihucor\/wp-json\/wp\/v2\/comments?post=52"}],"version-history":[{"count":4,"href":"https:\/\/blog.espol.edu.ec\/erihucor\/wp-json\/wp\/v2\/pages\/52\/revisions"}],"predecessor-version":[{"id":57,"href":"https:\/\/blog.espol.edu.ec\/erihucor\/wp-json\/wp\/v2\/pages\/52\/revisions\/57"}],"wp:attachment":[{"href":"https:\/\/blog.espol.edu.ec\/erihucor\/wp-json\/wp\/v2\/media?parent=52"}],"curies":[{"name":"wp","href":"https:\/\/api.w.org\/{rel}","templated":true}]}}