{"id":74,"date":"2016-11-15T19:25:41","date_gmt":"2016-11-15T19:25:41","guid":{"rendered":"http:\/\/blog.espol.edu.ec\/erihucor\/?page_id=74"},"modified":"2016-11-15T19:25:41","modified_gmt":"2016-11-15T19:25:41","slug":"microcuentos-ecuatorianos","status":"publish","type":"page","link":"https:\/\/blog.espol.edu.ec\/erihucor\/microcuentos-ecuatorianos\/","title":{"rendered":"Microcuentos ecuatorianos"},"content":{"rendered":"<p style=\"text-align: center\">A continuaci\u00f3n le mostramos varios micro cuentos efimeros en la historia de la cultura ecuatoriana<\/p>\n<p style=\"text-align: center\">\n<p style=\"text-align: center\"><strong>Viejas sirenas<\/strong><\/p>\n<p>La que vio pasar una noche una estrella fugaz a la que pidi\u00f3 un deseo: \u00abQuiero casarme con el rey de Itaca\u00bb; y veintiocho siglos despu\u00e9s sigue esperanzada en que el astro errante le cumplir\u00e1 su anhelo.<\/p>\n<h4>\u00a0Jorge D\u00e1vila V\u00e1zquez en <em>Minimalia: cien historias cortas<\/em><\/h4>\n<p><img loading=\"lazy\" decoding=\"async\" class=\" wp-image-75 aligncenter\" src=\"http:\/\/blog.espol.edu.ec\/erihucor\/files\/2016\/11\/microcuentos-ecuatorianos-3-850x478.jpg\" alt=\"microcuentos-ecuatorianos-3\" width=\"343\" height=\"193\" srcset=\"https:\/\/blog.espol.edu.ec\/erihucor\/files\/2016\/11\/microcuentos-ecuatorianos-3-850x478.jpg 850w, https:\/\/blog.espol.edu.ec\/erihucor\/files\/2016\/11\/microcuentos-ecuatorianos-3-250x141.jpg 250w\" sizes=\"auto, (max-width: 343px) 100vw, 343px\" \/><\/p>\n<div style=\"text-align: center\"><\/div>\n<div style=\"text-align: center\"><\/div>\n<div style=\"text-align: center\"><strong>B\u00fasqueda de oficio<\/strong><\/div>\n<div>\u2014\u00bfPor qu\u00e9 no puedo trabajar como ilusionista? \u2014Pregunta con persistencia al due\u00f1o del circo\u2014 . Ya te he explicado la tradici\u00f3n\u2014 contesta, harto de necedades \u2014\u00a1si eres mujer, la historia dice que s\u00f3lo puedes ser bruja!<\/div>\n<div>\n<h4>\u00a0Solange Rodr\u00edguez Pappe en <em>Caja de magia<\/em><\/h4>\n<\/div>\n<div><img loading=\"lazy\" decoding=\"async\" class=\" wp-image-76 aligncenter\" src=\"http:\/\/blog.espol.edu.ec\/erihucor\/files\/2016\/11\/microcuentos-ecuatorianos-2-850x478.jpg\" alt=\"microcuentos-ecuatorianos-2\" width=\"393\" height=\"221\" srcset=\"https:\/\/blog.espol.edu.ec\/erihucor\/files\/2016\/11\/microcuentos-ecuatorianos-2-850x478.jpg 850w, https:\/\/blog.espol.edu.ec\/erihucor\/files\/2016\/11\/microcuentos-ecuatorianos-2-250x141.jpg 250w\" sizes=\"auto, (max-width: 393px) 100vw, 393px\" \/><\/div>\n<div>\n<p style=\"text-align: center\">\n<p style=\"text-align: center\"><strong>El cuento m\u00e1s largo del mundo<\/strong><\/p>\n<p style=\"text-align: center\">Sssh. A\u00fan lo est\u00e1n escribiendo.<\/p>\n<\/div>\n<h4 style=\"text-align: center\">Marcelo B\u00e1ez en <em>Lienzos y camafeos<\/em><\/h4>\n<div>\n<p style=\"text-align: center\"><img loading=\"lazy\" decoding=\"async\" class=\"alignnone  wp-image-77\" src=\"http:\/\/blog.espol.edu.ec\/erihucor\/files\/2016\/11\/microcuentos-ecuatorianos-1-850x478.jpg\" alt=\"microcuentos-ecuatorianos-1\" width=\"309\" height=\"174\" srcset=\"https:\/\/blog.espol.edu.ec\/erihucor\/files\/2016\/11\/microcuentos-ecuatorianos-1-850x478.jpg 850w, https:\/\/blog.espol.edu.ec\/erihucor\/files\/2016\/11\/microcuentos-ecuatorianos-1-250x141.jpg 250w\" sizes=\"auto, (max-width: 309px) 100vw, 309px\" \/><\/p>\n<\/div>\n<p style=\"text-align: center\"><strong>Teatro sin l\u00edmites<\/strong><\/p>\n<p>\u00a1Esto no es parte del libreto, me van a matar!, gritaba desesperada en medio del escenario. Tal fama ten\u00eda su talento histri\u00f3nico que mientras la apu\u00f1alaban el p\u00fablico ve\u00eda fascinado la escena. Solamente cuando qued\u00f3 yerta sobre el charco de sangre, el p\u00fablico se puso de pie para aplaudirla fren\u00e9ticamente y hasta con cierto miedo.<\/p>\n<h4>Huilo Ruales en\u00a0\u00a0<em>Esmog<\/em><\/h4>\n<p><img loading=\"lazy\" decoding=\"async\" class=\" wp-image-78 aligncenter\" src=\"http:\/\/blog.espol.edu.ec\/erihucor\/files\/2016\/11\/microcuentos-ecuatorianos-850x478.jpg\" alt=\"microcuentos-ecuatorianos\" width=\"366\" height=\"206\" srcset=\"https:\/\/blog.espol.edu.ec\/erihucor\/files\/2016\/11\/microcuentos-ecuatorianos-850x478.jpg 850w, https:\/\/blog.espol.edu.ec\/erihucor\/files\/2016\/11\/microcuentos-ecuatorianos-250x141.jpg 250w\" sizes=\"auto, (max-width: 366px) 100vw, 366px\" \/><\/p>\n<form id=\"vozme_form_26a0e811a9cf1ee396dd3b112735090f\" method=\"post\" name=\"vozme_form_26a0e811a9cf1ee396dd3b112735090f\" target=\"26a0e811a9cf1ee396dd3b112735090f\" action=\"http:\/\/vozme.com\/text2voice.php\"><input name=\"text\" type=\"hidden\" value=\"Microcuentos ecuatorianos. A continuaci\u00f3n le mostramos varios micro cuentos efimeros en la historia de la cultura ecuatoriana\n\nViejas sirenas\nLa que vio pasar una noche una estrella fugaz a la que pidi\u00f3 un deseo: \u00abQuiero casarme con el rey de Itaca\u00bb; y veintiocho siglos despu\u00e9s sigue esperanzada en que el astro errante le cumplir\u00e1 su anhelo.\n\u00a0Jorge D\u00e1vila V\u00e1zquez en Minimalia: cien historias cortas\n\n\n\nB\u00fasqueda de oficio\n\u2014\u00bfPor qu\u00e9 no puedo trabajar como ilusionista? \u2014Pregunta con persistencia al due\u00f1o del circo\u2014 . Ya te he explicado la tradici\u00f3n\u2014 contesta, harto de necedades \u2014\u00a1si eres mujer, la historia dice que s\u00f3lo puedes ser bruja!\n\n\u00a0Solange Rodr\u00edguez Pappe en Caja de magia\n\n\n\n\nEl cuento m\u00e1s largo del mundo\nSssh. A\u00fan lo est\u00e1n escribiendo.\n\nMarcelo B\u00e1ez en Lienzos y camafeos\n\n\n\nTeatro sin l\u00edmites\n\u00a1Esto no es parte del libreto, me van a matar!, gritaba desesperada en medio del escenario. Tal fama ten\u00eda su talento histri\u00f3nico que mientras la apu\u00f1alaban el p\u00fablico ve\u00eda fascinado la escena. Solamente cuando qued\u00f3 yerta sobre el charco de sangre, el p\u00fablico se puso de pie para aplaudirla fren\u00e9ticamente y hasta con cierto miedo.\nHuilo Ruales en\u00a0\u00a0Esmog\n\n\" \/><input name=\"lang\" type=\"hidden\" value=\"en\" \/><input name=\"gn\" type=\"hidden\" value=\"ml\" \/><input type=\"hidden\" id=\"interface\" name=\"interface\" value=\"full\" \/>\n\t\t\t<div style=\"margin-left:40%;\">\n\t\t\t\n\t\t\t\t<input style=\"float:left;\" type=\"image\" width=\"40\" height=\"40\" src=\"http:\/\/blog.espol.edu.ec\/erihucor\/wp-content\/plugins\/vozme\/img\/megaphone40x40w.gif\" alt=\"Hear this post\" onclick=\"window.open('', '26a0e811a9cf1ee396dd3b112735090f', 'width=600,height=370,scrollbars=yes,location=yes,menubar=yes,resizable=yes,status=yes,toolbar=yes');\">\n\t\t\t\t<div style=\"margin-left:48px; text-align:left;\"><a style=\"font-size:12px;\" href=\"javascript:void(0);\" onclick=\"window.open('', '26a0e811a9cf1ee396dd3b112735090f', 'width=600,height=370,scrollbars=yes,location=yes,menubar=yes,resizable=yes,status=yes,toolbar=yes'); document.getElementById('vozme_form_26a0e811a9cf1ee396dd3b112735090f').submit();\">Hear<br\/>this post<\/a><\/div>\n\t\t\t<\/div><\/form>","protected":false},"excerpt":{"rendered":"<p>A continuaci\u00f3n le mostramos varios micro cuentos efimeros en la historia de la cultura ecuatoriana Viejas sirenas La que vio pasar una noche una estrella fugaz a la que pidi\u00f3 un deseo: \u00abQuiero casarme con el rey de Itaca\u00bb; y veintiocho siglos despu\u00e9s sigue esperanzada en que el astro errante le cumplir\u00e1 su anhelo. \u00a0Jorge [&hellip;]<\/p>\n","protected":false},"author":10707,"featured_media":0,"parent":0,"menu_order":0,"comment_status":"closed","ping_status":"closed","template":"","meta":{"_monsterinsights_skip_tracking":false,"_monsterinsights_sitenote_active":false,"_monsterinsights_sitenote_note":"","_monsterinsights_sitenote_category":0,"footnotes":""},"class_list":["post-74","page","type-page","status-publish","hentry"],"_links":{"self":[{"href":"https:\/\/blog.espol.edu.ec\/erihucor\/wp-json\/wp\/v2\/pages\/74","targetHints":{"allow":["GET"]}}],"collection":[{"href":"https:\/\/blog.espol.edu.ec\/erihucor\/wp-json\/wp\/v2\/pages"}],"about":[{"href":"https:\/\/blog.espol.edu.ec\/erihucor\/wp-json\/wp\/v2\/types\/page"}],"author":[{"embeddable":true,"href":"https:\/\/blog.espol.edu.ec\/erihucor\/wp-json\/wp\/v2\/users\/10707"}],"replies":[{"embeddable":true,"href":"https:\/\/blog.espol.edu.ec\/erihucor\/wp-json\/wp\/v2\/comments?post=74"}],"version-history":[{"count":1,"href":"https:\/\/blog.espol.edu.ec\/erihucor\/wp-json\/wp\/v2\/pages\/74\/revisions"}],"predecessor-version":[{"id":79,"href":"https:\/\/blog.espol.edu.ec\/erihucor\/wp-json\/wp\/v2\/pages\/74\/revisions\/79"}],"wp:attachment":[{"href":"https:\/\/blog.espol.edu.ec\/erihucor\/wp-json\/wp\/v2\/media?parent=74"}],"curies":[{"name":"wp","href":"https:\/\/api.w.org\/{rel}","templated":true}]}}