{"id":83,"date":"2016-11-15T19:46:39","date_gmt":"2016-11-15T19:46:39","guid":{"rendered":"http:\/\/blog.espol.edu.ec\/erihucor\/?page_id=83"},"modified":"2016-11-15T19:46:39","modified_gmt":"2016-11-15T19:46:39","slug":"aprende-mas-sobre-microcuentos","status":"publish","type":"page","link":"https:\/\/blog.espol.edu.ec\/erihucor\/aprende-mas-sobre-microcuentos\/","title":{"rendered":"Aprende mas sobre microcuentos"},"content":{"rendered":"<p>&nbsp;<\/p>\n<p>&nbsp;<\/p>\n<p><img loading=\"lazy\" decoding=\"async\" class=\"wp-image-84 aligncenter\" src=\"http:\/\/blog.espol.edu.ec\/erihucor\/files\/2016\/11\/quiero-ser-abrasado-abrazado-microcuentos-547x478.jpg\" alt=\"quiero-ser-abrasado-abrazado-microcuentos\" width=\"258\" height=\"225\" \/><\/p>\n<p>&nbsp;<\/p>\n<p class=\"Estilo175\" style=\"text-align: center\" align=\"right\">Estoy seguro que estos recursos te ayudaran a mejorar la calidad de tus micro cuentos y dejar este peque\u00f1os pero grandioso arte deje deslumbrar tu talento! mucha suerte<\/p>\n<p><iframe loading=\"lazy\" title=\"LUISA VALENZUELA - Taller para escribir microrrelatos (1a sesi\u00f3n)\" width=\"500\" height=\"375\" src=\"https:\/\/www.youtube.com\/embed\/S1JjGMeZHAA?feature=oembed\" frameborder=\"0\" allow=\"accelerometer; autoplay; clipboard-write; encrypted-media; gyroscope; picture-in-picture; web-share\" referrerpolicy=\"strict-origin-when-cross-origin\" allowfullscreen><\/iframe><\/p>\n<p><iframe loading=\"lazy\" title=\"LUISA VALENZUELA - Taller para escribir microrrelatos (2a sesi\u00f3n)\" width=\"500\" height=\"375\" src=\"https:\/\/www.youtube.com\/embed\/__70vf4B78w?feature=oembed\" frameborder=\"0\" allow=\"accelerometer; autoplay; clipboard-write; encrypted-media; gyroscope; picture-in-picture; web-share\" referrerpolicy=\"strict-origin-when-cross-origin\" allowfullscreen><\/iframe><\/p>\n<p><iframe loading=\"lazy\" title=\"Taller de narrativa  C\u00f3mo escribir un relato\" width=\"500\" height=\"281\" src=\"https:\/\/www.youtube.com\/embed\/wqt9Ftz3MrA?feature=oembed\" frameborder=\"0\" allow=\"accelerometer; autoplay; clipboard-write; encrypted-media; gyroscope; picture-in-picture; web-share\" referrerpolicy=\"strict-origin-when-cross-origin\" allowfullscreen><\/iframe><\/p>\n<p><iframe loading=\"lazy\" title=\"Consejos para escribir cuentos - Taller de Escritura - Filosof\u00eda de la composici\u00f3n seg\u00fan Poe\" width=\"500\" height=\"281\" src=\"https:\/\/www.youtube.com\/embed\/Dq7PPjOViEQ?feature=oembed\" frameborder=\"0\" allow=\"accelerometer; autoplay; clipboard-write; encrypted-media; gyroscope; picture-in-picture; web-share\" referrerpolicy=\"strict-origin-when-cross-origin\" allowfullscreen><\/iframe><\/p>\n<form id=\"vozme_form_e310e77d4683fb15ebcf90dd69142c9e\" method=\"post\" name=\"vozme_form_e310e77d4683fb15ebcf90dd69142c9e\" target=\"e310e77d4683fb15ebcf90dd69142c9e\" action=\"http:\/\/vozme.com\/text2voice.php\"><input name=\"text\" type=\"hidden\" value=\"Aprende mas sobre microcuentos. &nbsp;\n&nbsp;\n\n&nbsp;\nEstoy seguro que estos recursos te ayudaran a mejorar la calidad de tus micro cuentos y dejar este peque\u00f1os pero grandioso arte deje deslumbrar tu talento! mucha suerte\n\n\n\n\n\" \/><input name=\"lang\" type=\"hidden\" value=\"en\" \/><input name=\"gn\" type=\"hidden\" value=\"ml\" \/><input type=\"hidden\" id=\"interface\" name=\"interface\" value=\"full\" \/>\n\t\t\t<div style=\"margin-left:40%;\">\n\t\t\t\n\t\t\t\t<input style=\"float:left;\" type=\"image\" width=\"40\" height=\"40\" src=\"http:\/\/blog.espol.edu.ec\/erihucor\/wp-content\/plugins\/vozme\/img\/megaphone40x40w.gif\" alt=\"Hear this post\" onclick=\"window.open('', 'e310e77d4683fb15ebcf90dd69142c9e', 'width=600,height=370,scrollbars=yes,location=yes,menubar=yes,resizable=yes,status=yes,toolbar=yes');\">\n\t\t\t\t<div style=\"margin-left:48px; text-align:left;\"><a style=\"font-size:12px;\" href=\"javascript:void(0);\" onclick=\"window.open('', 'e310e77d4683fb15ebcf90dd69142c9e', 'width=600,height=370,scrollbars=yes,location=yes,menubar=yes,resizable=yes,status=yes,toolbar=yes'); document.getElementById('vozme_form_e310e77d4683fb15ebcf90dd69142c9e').submit();\">Hear<br\/>this post<\/a><\/div>\n\t\t\t<\/div><\/form>","protected":false},"excerpt":{"rendered":"<p>&nbsp; &nbsp; &nbsp; Estoy seguro que estos recursos te ayudaran a mejorar la calidad de tus micro cuentos y dejar este peque\u00f1os pero grandioso arte deje deslumbrar tu talento! mucha suerte Hearthis post<\/p>\n","protected":false},"author":10707,"featured_media":0,"parent":0,"menu_order":0,"comment_status":"closed","ping_status":"closed","template":"","meta":{"_monsterinsights_skip_tracking":false,"_monsterinsights_sitenote_active":false,"_monsterinsights_sitenote_note":"","_monsterinsights_sitenote_category":0,"footnotes":""},"class_list":["post-83","page","type-page","status-publish","hentry"],"_links":{"self":[{"href":"https:\/\/blog.espol.edu.ec\/erihucor\/wp-json\/wp\/v2\/pages\/83","targetHints":{"allow":["GET"]}}],"collection":[{"href":"https:\/\/blog.espol.edu.ec\/erihucor\/wp-json\/wp\/v2\/pages"}],"about":[{"href":"https:\/\/blog.espol.edu.ec\/erihucor\/wp-json\/wp\/v2\/types\/page"}],"author":[{"embeddable":true,"href":"https:\/\/blog.espol.edu.ec\/erihucor\/wp-json\/wp\/v2\/users\/10707"}],"replies":[{"embeddable":true,"href":"https:\/\/blog.espol.edu.ec\/erihucor\/wp-json\/wp\/v2\/comments?post=83"}],"version-history":[{"count":2,"href":"https:\/\/blog.espol.edu.ec\/erihucor\/wp-json\/wp\/v2\/pages\/83\/revisions"}],"predecessor-version":[{"id":94,"href":"https:\/\/blog.espol.edu.ec\/erihucor\/wp-json\/wp\/v2\/pages\/83\/revisions\/94"}],"wp:attachment":[{"href":"https:\/\/blog.espol.edu.ec\/erihucor\/wp-json\/wp\/v2\/media?parent=83"}],"curies":[{"name":"wp","href":"https:\/\/api.w.org\/{rel}","templated":true}]}}