{"id":131,"date":"2009-11-25T10:33:38","date_gmt":"2009-11-25T15:33:38","guid":{"rendered":"http:\/\/blog.espol.edu.ec\/ernestofrez\/?page_id=131"},"modified":"2009-11-26T10:54:28","modified_gmt":"2009-11-26T15:54:28","slug":"futbool","status":"publish","type":"page","link":"https:\/\/blog.espol.edu.ec\/ernestofrez\/futbool\/","title":{"rendered":"FuTbOL"},"content":{"rendered":"<p><!--[if gte mso 9]&gt;  Normal 0   false false false        MicrosoftInternetExplorer4  &lt;![endif]--><!--[if gte mso 9]&gt;   &lt;![endif]--><!--[if !mso]&gt;--> <!--[endif]--> <!--[if gte mso 10]&gt;--> <!--[endif]--><\/p>\n<div style=\"border: 1pt solid windowtext;padding: 1pt 4pt\">\n<p class=\"MsoNormal\" style=\"border: medium none;padding: 0in;text-align: center\" align=\"center\"><strong><span style=\"font-size: 14pt\" lang=\"ES\">CAMINO A LA GLORIA: Liga Deportiva Universitaria De Quito<\/span><\/strong><\/p>\n<\/div>\n<p class=\"MsoNormal\" style=\"text-align: justify\"><strong><span lang=\"ES\"> <\/span><\/strong><\/p>\n<h3 style=\"text-align: justify\"><span class=\"mw-headline\"><span lang=\"ES\">Campe\u00f3n de la Copa Libertadores 2008<\/span><\/span><span lang=\"ES\"> <\/span><\/h3>\n<p style=\"text-align: justify\"><span lang=\"ES\">Liga logr\u00f3 el campeonato en <\/span><a title=\"Copa Libertadores 2008\" href=\"http:\/\/es.wikipedia.org\/wiki\/Copa_Libertadores_2008\"><span lang=\"ES\">dicha Copa<\/span><\/a><span lang=\"ES\">, enfrentandose a importantes clubes de la regi\u00f3n como <\/span><a title=\"Estudiantes de la Plata\" href=\"http:\/\/es.wikipedia.org\/wiki\/Estudiantes_de_la_Plata\"><span lang=\"ES\">Estudiantes de la Plata<\/span><\/a><span lang=\"ES\">, <\/span><a title=\"Club Atl\u00e9tico San Lorenzo de Almagro\" href=\"http:\/\/es.wikipedia.org\/wiki\/Club_Atl%C3%A9tico_San_Lorenzo_de_Almagro\"><span lang=\"ES\">San Lorenzo<\/span><\/a><span lang=\"ES\">, <\/span><a title=\"Club Am\u00e9rica\" href=\"http:\/\/es.wikipedia.org\/wiki\/Club_Am%C3%A9rica\"><span lang=\"ES\">Am\u00e9rica<\/span><\/a><span lang=\"ES\"> y <\/span><a title=\"Fluminense\" href=\"http:\/\/es.wikipedia.org\/wiki\/Fluminense\"><span lang=\"ES\">Fluminense<\/span><\/a><span lang=\"ES\">. Despu\u00e9s de derrotar a este \u00faltimo en la primera final en Quito con un marcador de 4-2 y de perder en el m\u00edtico <\/span><a title=\"Estadio Maracan\u00e1\" href=\"http:\/\/es.wikipedia.org\/wiki\/Estadio_Maracan%C3%A1\"><span lang=\"ES\">Estadio Maracan\u00e1<\/span><\/a><span lang=\"ES\"> de R\u00edo de Janeiro por 3-1, la definici\u00f3n vendr\u00eda por la ronda de penales, donde desempe\u00f1\u00f3 un papel decisivo el guardameta <\/span><a title=\"Jos\u00e9 Francisco Cevallos\" href=\"http:\/\/es.wikipedia.org\/wiki\/Jos%C3%A9_Francisco_Cevallos\"><span lang=\"ES\">Jos\u00e9 Francisco Cevallos<\/span><\/a><span lang=\"ES\">. Otras figuras importantes de este equipo campe\u00f3n fueron: <\/span><a title=\"Joffre Guerr\u00f3n\" href=\"http:\/\/es.wikipedia.org\/wiki\/Joffre_Guerr%C3%B3n\"><span lang=\"ES\">Joffre Guerr\u00f3n<\/span><\/a><span lang=\"ES\">, el mejor jugador de la copa; <\/span><a title=\"Claudio Bieler\" href=\"http:\/\/es.wikipedia.org\/wiki\/Claudio_Bieler\"><span lang=\"ES\">Claudio Bieler<\/span><\/a><span lang=\"ES\">, quien anot\u00f3 importantes goles como el que le hizo al <\/span><a title=\"Club Atl\u00e9tico San Lorenzo de Almagro\" href=\"http:\/\/es.wikipedia.org\/wiki\/Club_Atl%C3%A9tico_San_Lorenzo_de_Almagro\"><span lang=\"ES\">San Lorenzo<\/span><\/a><span lang=\"ES\"> en Buenos Aires; <\/span><a title=\"Luis Bola\u00f1os\" href=\"http:\/\/es.wikipedia.org\/wiki\/Luis_Bola%C3%B1os\"><span lang=\"ES\">Luis Bola\u00f1os<\/span><\/a><span lang=\"ES\">, quien fue el goleador del equipo; <\/span><a title=\"Dami\u00e1n Manso\" href=\"http:\/\/es.wikipedia.org\/wiki\/Dami%C3%A1n_Manso\"><span lang=\"ES\">Dami\u00e1n Manso<\/span><\/a><span lang=\"ES\">, <\/span><a title=\"Enrique Vera\" href=\"http:\/\/es.wikipedia.org\/wiki\/Enrique_Vera\"><span lang=\"ES\">Enrique Vera<\/span><\/a><span lang=\"ES\">, <\/span><a title=\"Norberto Araujo\" href=\"http:\/\/es.wikipedia.org\/wiki\/Norberto_Araujo\"><span lang=\"ES\">Norberto Araujo<\/span><\/a><span lang=\"ES\">, <\/span><a title=\"Patricio Urrutia\" href=\"http:\/\/es.wikipedia.org\/wiki\/Patricio_Urrutia\"><span lang=\"ES\">Patricio Urrutia<\/span><\/a><span lang=\"ES\"> y <\/span><a title=\"Jairo Campos\" href=\"http:\/\/es.wikipedia.org\/wiki\/Jairo_Campos\"><span lang=\"ES\">Jairo Campos<\/span><\/a><span lang=\"ES\">.<\/span><\/p>\n<p style=\"text-align: justify\"><span lang=\"ES\">Datos interesantes sobre la participaci\u00f3n de Liga en esta copa:<\/span><\/p>\n<ul type=\"disc\">\n<li class=\"MsoNormal\"><span lang=\"ES\">Consigui\u00f3 la mayor goleada de un      equipo ecuatoriano sobre uno argentino con el 6-1 sobre <\/span><a title=\"Arsenal de Sarand\u00ed\" href=\"http:\/\/es.wikipedia.org\/wiki\/Arsenal_de_Sarand%C3%AD\"><span lang=\"ES\">Arsenal      de Sarand\u00ed<\/span><\/a><span lang=\"ES\">.<\/span><\/li>\n<\/ul>\n<ul type=\"disc\">\n<li class=\"MsoNormal\"><span lang=\"ES\">Liga consigui\u00f3 su primera victoria de      visitante sobre un equipo argentino, con el 0-1 sobre <\/span><a title=\"Arsenal de Sarand\u00ed\" href=\"http:\/\/es.wikipedia.org\/wiki\/Arsenal_de_Sarand%C3%AD\"><span lang=\"ES\">Arsenal      de Sarand\u00ed<\/span><\/a><span lang=\"ES\">. Este      triunfo, pese a ser el segundo de visita de un equipo ecuatoriano sobre      uno argentino es el primero que sirvi\u00f3 para que un equipo ecuatoriano      consiguiese puntos importantes y de paso la clasificaci\u00f3n a la siguiente      fase.<\/span><\/li>\n<\/ul>\n<ul type=\"disc\">\n<li class=\"MsoNormal\"><span lang=\"ES\">Empato todos sus partidos en las      fases de cuartos de final y semifinal definiendose su paso en el primer      caso por lanzamientos penales y en el segundo, por el gol conseguido de      visita.<\/span><\/li>\n<\/ul>\n<ul type=\"disc\">\n<li class=\"MsoNormal\"><span lang=\"ES\">En las 2 finales contra <\/span><a title=\"Fluminense Football Club\" href=\"http:\/\/es.wikipedia.org\/wiki\/Fluminense_Football_Club\"><span lang=\"ES\">Fluminense<\/span><\/a><span lang=\"ES\"> se      marcaron un total de 10 goles, 5 por equipo, 6 en el primer partido y 4 en      el segundo. Es una de las finales de <\/span><a title=\"Copa Libertadores\" href=\"http:\/\/es.wikipedia.org\/wiki\/Copa_Libertadores\"><span lang=\"ES\">Copa      Libertadores<\/span><\/a><span lang=\"ES\"> con m\u00e1s      goles marcados.<\/span><\/li>\n<\/ul>\n<p><a href=\"http:\/\/es.wikipedia.org\/wiki\/Copa_Libertadores_2008\">Clic Aqu\u00ed<\/a> para m\u00e1s informaci\u00f3n sobre toda la campa\u00f1a de la Liga en la Copa Libertadores 2008<\/p>\n<p><strong>LIGA 4\u00a0 FLUMINENSE 2\u00a0 - FINAL (IDA)<\/strong><\/p>\n<p><strong><\/strong> <object width=\"500\" height=\"350\" data=\"http:\/\/www.youtube.com\/v\/ziYbLutFU7k&amp;hl=en_US&amp;fs=1&amp;color1=0x3a3a3a&amp;color2=0x999999\" type=\"application\/x-shockwave-flash\"><param name=\"allowFullScreen\" value=\"true\" \/><param name=\"allowscriptaccess\" value=\"always\" \/><param name=\"src\" value=\"http:\/\/www.youtube.com\/v\/ziYbLutFU7k&amp;hl=en_US&amp;fs=1&amp;color1=0x3a3a3a&amp;color2=0x999999\" \/><param name=\"allowfullscreen\" value=\"true\" \/><\/object> <strong><\/strong><\/p>\n<p><strong>FLUMINENSE 3 (1)\u00a0 LIGA 1(3) - FINAL (VUELTA)<\/strong><\/p>\n<p><strong><\/strong> <object width=\"500\" height=\"350\" data=\"http:\/\/www.youtube.com\/v\/1UY1ROlies8&amp;hl=en_US&amp;fs=1&amp;color1=0x3a3a3a&amp;color2=0x999999\" type=\"application\/x-shockwave-flash\"><param name=\"allowFullScreen\" value=\"true\" \/><param name=\"allowscriptaccess\" value=\"always\" \/><param name=\"src\" value=\"http:\/\/www.youtube.com\/v\/1UY1ROlies8&amp;hl=en_US&amp;fs=1&amp;color1=0x3a3a3a&amp;color2=0x999999\" \/><param name=\"allowfullscreen\" value=\"true\" \/><\/object><\/p>\n<p><!--[if gte mso 9]&gt;  Normal 0   false false false        MicrosoftInternetExplorer4  &lt;![endif]--><!--[if gte mso 9]&gt;   &lt;![endif]--><!--[if !mso]&gt;--><!--[if gte mso 9]&gt;  Normal 0   false false false        MicrosoftInternetExplorer4  &lt;![endif]--><!--[if gte mso 9]&gt;   &lt;![endif]--><!--[if gte mso 9]&gt;  Normal 0   false false false        MicrosoftInternetExplorer4  &lt;![endif]--><!--[if gte mso 9]&gt;   &lt;![endif]--><!--  \/* Style Definitions *\/  p.MsoNormal, li.MsoNormal, div.MsoNormal \t{mso-style-parent:\"\"; \tmargin:0in; \tmargin-bottom:.0001pt; \tmso-pagination:widow-orphan; \tfont-size:12.0pt; \tfont-family:\"Times New Roman\"; \tmso-fareast-font-family:\"Times New Roman\";} h3 \t{mso-margin-top-alt:auto; \tmargin-right:0in; \tmso-margin-bottom-alt:auto; \tmargin-left:0in; \tmso-pagination:widow-orphan; \tmso-outline-level:3; \tfont-size:13.5pt; \tfont-family:\"Times New Roman\";} span.mw-headline \t{mso-style-name:mw-headline;} @page Section1 \t{size:8.5in 11.0in; \tmargin:1.0in 1.25in 1.0in 1.25in; \tmso-header-margin:.5in; \tmso-footer-margin:.5in; \tmso-paper-source:0;} div.Section1 \t{page:Section1;} --><!--[if gte mso 10]&gt; &lt;!   \/* Style Definitions *\/  table.MsoNormalTable \t{mso-style-name:\"Tabla normal\"; \tmso-tstyle-rowband-size:0; \tmso-tstyle-colband-size:0; \tmso-style-noshow:yes; \tmso-style-parent:\"\"; \tmso-padding-alt:0in 5.4pt 0in 5.4pt; \tmso-para-margin:0in; \tmso-para-margin-bottom:.0001pt; \tmso-pagination:widow-orphan; \tfont-size:10.0pt; \tfont-family:\"Times New Roman\"; \tmso-ansi-language:#0400; \tmso-fareast-language:#0400; \tmso-bidi-language:#0400;} --> <!--[endif]--><\/p>\n<h3 style=\"text-align: justify\"><span class=\"mw-headline\"><span lang=\"ES\">Mundial de Clubes Jap\u00f3n 2008<\/span><\/span><\/h3>\n<p style=\"text-align: justify\"><span lang=\"ES\">La Liga<\/span><span lang=\"ES\"> logr\u00f3 su pase al <\/span><a title=\"Mundial de Clubes\" href=\"http:\/\/es.wikipedia.org\/wiki\/Mundial_de_Clubes\"><span lang=\"ES\">Mundial de Clubes<\/span><\/a><span lang=\"ES\">, Jap\u00f3n 2008 al haber sido vencedor de la <\/span><a title=\"Copa Libertadores\" href=\"http:\/\/es.wikipedia.org\/wiki\/Copa_Libertadores\"><span lang=\"ES\">Copa Libertadores<\/span><\/a><span lang=\"ES\"> 2008. Su primer partido en este Mundial fue contra el <\/span><a title=\"Pachuca Club de F\u00fatbol\" href=\"http:\/\/es.wikipedia.org\/wiki\/Pachuca_Club_de_F%C3%BAtbol\"><span lang=\"ES\">Pachuca<\/span><\/a><span lang=\"ES\"> de M\u00e9xico. A pesar de no llegar con el mismo equipo que se llev\u00f3 la <\/span><a title=\"Copa Libertadores\" href=\"http:\/\/es.wikipedia.org\/wiki\/Copa_Libertadores\"><span lang=\"ES\">Copa Libertadores<\/span><\/a><span lang=\"ES\">, los ecuatorianos llegaron sumamente confiados en ganarle al equipo mexicano. Los Albos mostraron un excelente futbol, llev\u00e1ndose el partido con un claro 2 a 0.<\/span><\/p>\n<p style=\"text-align: justify\"><span lang=\"ES\">La Liga<\/span><span lang=\"ES\"> enfrent\u00f3 en la final del Mundial de Clubes a <\/span><a title=\"Manchester United\" href=\"http:\/\/es.wikipedia.org\/wiki\/Manchester_United\"><span lang=\"ES\">Manchester United<\/span><\/a><span lang=\"ES\">, el cual venci\u00f3 al <\/span><a title=\"Gamba Osaka\" href=\"http:\/\/es.wikipedia.org\/wiki\/Gamba_Osaka\"><span lang=\"ES\">Gamba Osaka<\/span><\/a><span lang=\"ES\">. Al t\u00e9rmino del partido, el resultado fue favorable para <\/span><a title=\"Manchester United\" href=\"http:\/\/es.wikipedia.org\/wiki\/Manchester_United\"><span lang=\"ES\">Manchester United<\/span><\/a><span lang=\"ES\"> con un gol marcado a los 73 minutos de juego en el Estadio Internacional de Yokohama por el atacante ingl\u00e9s <\/span><a title=\"Wayne Rooney\" href=\"http:\/\/es.wikipedia.org\/wiki\/Wayne_Rooney\"><span lang=\"ES\">Wayne Rooney<\/span><\/a><span lang=\"ES\">. Este fue el \u00faltimo partido dirigido por <\/span><a title=\"Edgardo Bauza\" href=\"http:\/\/es.wikipedia.org\/wiki\/Edgardo_Bauza\"><span lang=\"ES\">Edgardo Bauza<\/span><\/a><span lang=\"ES\">. En este partido se destacaron las actuaciones del guardameta ecuatoriano <\/span><a title=\"Jos\u00e9 Francisco Cevallos\" href=\"http:\/\/es.wikipedia.org\/wiki\/Jos%C3%A9_Francisco_Cevallos\"><span lang=\"ES\">Jos\u00e9 Francisco Cevallos<\/span><\/a><span lang=\"ES\"> y del mediocampista argentino <\/span><a title=\"Dami\u00e1n Manso\" href=\"http:\/\/es.wikipedia.org\/wiki\/Dami%C3%A1n_Manso\"><span lang=\"ES\">Dami\u00e1n Manso<\/span><\/a><span lang=\"ES\">.<\/span><\/p>\n<p style=\"text-align: justify\"><a href=\"http:\/\/es.wikipedia.org\/wiki\/Copa_Mundial_de_Clubes_de_la_FIFA_2008\">Clic Aqu\u00ed<\/a> para m\u00e1s informaci\u00f3n sobre toda la campa\u00f1a de la Liga en el Mundial De Clubes 2008<\/p>\n<p style=\"text-align: justify\"><span lang=\"ES\"><strong>LIGA 0\u00a0 MANCHESTER UNITED 1<\/strong> <\/span><\/p>\n<p style=\"text-align: justify\">\n<p><object width=\"500\" height=\"350\" data=\"http:\/\/www.youtube.com\/v\/DoMAMAmCQo0&amp;hl=en_US&amp;fs=1&amp;color1=0x3a3a3a&amp;color2=0x999999\" type=\"application\/x-shockwave-flash\"><param name=\"allowFullScreen\" value=\"true\" \/><param name=\"allowscriptaccess\" value=\"always\" \/><param name=\"src\" value=\"http:\/\/www.youtube.com\/v\/DoMAMAmCQo0&amp;hl=en_US&amp;fs=1&amp;color1=0x3a3a3a&amp;color2=0x999999\" \/><\/object><\/p>\n<h3 style=\"text-align: justify\"><span class=\"mw-headline\"><span lang=\"ES\">Recopa Sudamericana 2009<\/span><\/span><\/h3>\n<p style=\"text-align: justify\"><span lang=\"ES\">Como campeones de la <span lang=\"EN-US\"><a title=\"Copa Libertadores 2008\" href=\"http:\/\/es.wikipedia.org\/wiki\/Copa_Libertadores_2008\"><span lang=\"ES\">Copa  Libertadores<\/span><span lang=\"ES\"> 2008<\/span><\/a><\/span>,  Liga obtuvo el derecho a participar en la <span lang=\"EN-US\"><a title=\"Recopa Sudamericana\" href=\"http:\/\/es.wikipedia.org\/wiki\/Recopa_Sudamericana\"><span lang=\"ES\">Recopa  Sudamericana<\/span><\/a><\/span> contra los campeones de la <span lang=\"EN-US\"><a title=\"Copa Sudamericana 2008\" href=\"http:\/\/es.wikipedia.org\/wiki\/Copa_Sudamericana_2008\"><span lang=\"ES\">Copa   Sudamericana<\/span><span lang=\"ES\"> 2008<\/span><\/a><\/span>,   el <span lang=\"EN-US\"><a title=\"Sport Club Internacional\" href=\"http:\/\/es.wikipedia.org\/wiki\/Sport_Club_Internacional\"><span lang=\"ES\">Internacional<\/span><\/a><\/span> de Porto Alegre, <span lang=\"EN-US\"><a title=\"Brasil\" href=\"http:\/\/es.wikipedia.org\/wiki\/Brasil\"><span lang=\"ES\">Brasil<\/span><\/a><\/span>. El <span lang=\"EN-US\"><a title=\"25 de junio\" href=\"http:\/\/es.wikipedia.org\/wiki\/25_de_junio\"><span lang=\"ES\">25 de junio<\/span><\/a><\/span> de <span lang=\"EN-US\"><a title=\"2009\" href=\"http:\/\/es.wikipedia.org\/wiki\/2009\"><span lang=\"ES\">2009<\/span><\/a><\/span> se jug\u00f3 el partido de ida   en el <span lang=\"EN-US\"><a title=\"Estadio Beira Rio\" href=\"http:\/\/es.wikipedia.org\/wiki\/Estadio_Beira_Rio\"><span lang=\"ES\">Estadio   Beira Rio<\/span><\/a><\/span> en Porto Alegre. Liga se llev\u00f3 una importante   victoria por 0-1 de suelo brasile\u00f1o gracias a un gol conseguido por <span lang=\"EN-US\"><a title=\"Claudio Bieler\" href=\"http:\/\/es.wikipedia.org\/wiki\/Claudio_Bieler\"><span lang=\"ES\">Claudio Bieler<\/span><\/a><\/span> en el   segundo tiempo. El <span lang=\"EN-US\"><a title=\"9 de julio\" href=\"http:\/\/es.wikipedia.org\/wiki\/9_de_julio\"><span lang=\"ES\">9 de julio<\/span><\/a><\/span> disput\u00f3 la   vuelta en el <span lang=\"EN-US\"><a title=\"Estadio de Liga Deportiva Universitaria\" href=\"http:\/\/es.wikipedia.org\/wiki\/Estadio_de_Liga_Deportiva_Universitaria\"><span lang=\"ES\">Estadio <em>Casa Blanca<\/em> de LDU<\/span><\/a><\/span>.   Tras un excelente desempe\u00f1o el equipo local derrot\u00f3 al visitante por 3-0, con   goles de <span lang=\"EN-US\"><a title=\"Carlos Esp\u00ednola\" href=\"http:\/\/es.wikipedia.org\/wiki\/Carlos_Esp%C3%ADnola\"><span lang=\"ES\">Carlos   Esp\u00ednola<\/span><\/a><\/span> y <span lang=\"EN-US\"><a title=\"Claudio Bieler\" href=\"http:\/\/es.wikipedia.org\/wiki\/Claudio_Bieler\"><span lang=\"ES\">Claudio Bieler<\/span><\/a><\/span> en el   primer tiempo, siendo el tercero anotado por <span lang=\"EN-US\"><a title=\"Enrique Vera\" href=\"http:\/\/es.wikipedia.org\/wiki\/Enrique_Vera\"><span lang=\"ES\">Enrique Vera<\/span><\/a><\/span> en el   segundo. Con esta victoria LDU se asegur\u00f3 el t\u00edtulo de la Recopa Sudamericana,   el segundo t\u00edtulo internacional en la historia del club y de cualquier equipo   de f\u00fatbol profesional ecuatoriano.<\/span><\/p>\n<p style=\"text-align: justify\"><a href=\"http:\/\/es.wikipedia.org\/wiki\/Recopa_Sudamericana_2009\">Clic Aqu\u00ed<\/a> para m\u00e1s informaci\u00f3n sobre  la campa\u00f1a de la Liga en la Recopa Sudamericana 2009<\/p>\n<p style=\"text-align: justify\"><strong><span lang=\"ES\">INTERNACIONAL\u00a0 0\u00a0 LIGA 1<\/span><\/strong><\/p>\n<p style=\"text-align: justify\"><strong><span lang=\"ES\"> <\/span><\/strong><\/p>\n<p><object width=\"500\" height=\"350\" data=\"http:\/\/www.youtube.com\/v\/bO_yB_RwJhk&amp;hl=en_US&amp;fs=1&amp;color1=0x3a3a3a&amp;color2=0x999999\" type=\"application\/x-shockwave-flash\"><param name=\"allowFullScreen\" value=\"true\" \/><param name=\"allowscriptaccess\" value=\"always\" \/><param name=\"src\" value=\"http:\/\/www.youtube.com\/v\/bO_yB_RwJhk&amp;hl=en_US&amp;fs=1&amp;color1=0x3a3a3a&amp;color2=0x999999\" \/><\/object><\/p>\n<p><strong><span lang=\"ES\"> LIGA 3 <\/span><\/strong><strong><span lang=\"ES\">INTERNACIONAL\u00a0 0<\/span><\/strong><\/p>\n<p><object width=\"500\" height=\"350\" data=\"http:\/\/www.youtube.com\/v\/4-90XY_zhTo&amp;hl=en_US&amp;fs=1&amp;color1=0x3a3a3a&amp;color2=0x999999\" type=\"application\/x-shockwave-flash\"><param name=\"allowFullScreen\" value=\"true\" \/><param name=\"allowscriptaccess\" value=\"always\" \/><param name=\"src\" value=\"http:\/\/www.youtube.com\/v\/4-90XY_zhTo&amp;hl=en_US&amp;fs=1&amp;color1=0x3a3a3a&amp;color2=0x999999\" \/><param name=\"allowfullscreen\" value=\"true\" \/><\/object><\/p>\n<p><!--[if gte mso 9]&gt;  Normal 0   21   false false false  ES-EC X-NONE X-NONE              MicrosoftInternetExplorer4              &lt;![endif]--><!--[if gte mso 9]&gt;                                                                                                                                            &lt;![endif]--> <!--[if gte mso 10]&gt;--> <!--[endif]--><\/p>\n<p><!--[if gte mso 9]&gt;  Normal 0   21   false false false  ES-EC X-NONE X-NONE              MicrosoftInternetExplorer4              &lt;![endif]--><!--[if gte mso 9]&gt;                                                                                                                                            &lt;![endif]--> <!--[if gte mso 10]&gt; &lt;!    \/* Style Definitions *\/    table.MsoNormalTable   \t{mso-style-name:\"Tabla normal\";   \tmso-tstyle-rowband-size:0;   \tmso-tstyle-colband-size:0;   \tmso-style-noshow:yes;   \tmso-style-priority:99;   \tmso-style-qformat:yes;   \tmso-style-parent:\"\";   \tmso-padding-alt:0cm 5.4pt 0cm 5.4pt;   \tmso-para-margin-top:0cm;   \tmso-para-margin-right:0cm;   \tmso-para-margin-bottom:10.0pt;   \tmso-para-margin-left:0cm;   \tline-height:115%;   \tmso-pagination:widow-orphan;   \tfont-size:11.0pt;   \tfont-family:\"Calibri\",\"sans-serif\";   \tmso-ascii-font-family:Calibri;   \tmso-ascii-theme-font:minor-latin;   \tmso-hansi-font-family:Calibri;   \tmso-hansi-theme-font:minor-latin;   \tmso-fareast-language:EN-US;}  --> <!--[endif]--><\/p>\n<p class=\"MsoNormal\"><strong><span style=\"font-size: 13.5pt;font-family: &quot;Times New Roman&quot;,&quot;serif&amp;quot\" lang=\"ES\">Copa Sudamericana 2009<\/span><\/strong><\/p>\n<p class=\"MsoNormal\"><strong><span style=\"font-size: 12pt;font-family: &quot;Times New Roman&quot;,&quot;serif&amp;quot\" lang=\"ES\">Liga de Quito y Fluminense repiten la final de la Libertadores 2008<\/span><\/strong><\/p>\n<p class=\"MsoNormal\" style=\"text-align: justify\"><span style=\"font-size: 12pt;font-family: &quot;Times New Roman&quot;,&quot;serif&amp;quot\" lang=\"ES\">Con una demoledora actuaci\u00f3n colectiva, Liga de Quito gole\u00f3 por un lapidario 7-0 al River Plate uruguayo en su estadio, la \"Casa Blanca\" en Quito, y de esta forma repetir\u00e1 en la final\u00edsima de la Sudamericana junto a Fluminense, el gran duelo que lo consagr\u00f3 como Campe\u00f3n de Am\u00e9rica en 2008.<\/span><\/p>\n<p class=\"MsoNormal\" style=\"text-align: justify\"><span style=\"font-size: 12pt;font-family: &quot;Times New Roman&quot;,&quot;serif&amp;quot\" lang=\"ES\">Con tres goles del argentino Claudio Bieler, uno del paraguayo-ecuatoriano Carlos Esp\u00ednola, otro del juvenil local Miller Bola\u00f1os, uno m\u00e1s de Edison M\u00e9ndez y otro de Ulises de la Cruz, los campeones de la Recopa Sudamericana de 2009 firmaron esta noche su paso a la final de la octava edici\u00f3n del certamen. El equipo de Jorge Fosatti apenas sinti\u00f3 la fuerza de River en los primeros minutos del partido. Despu\u00e9s, todo fue un paseo de buena salud para el equipo ecuatoriano, y motivo de fiesta en las tribunas de su estadio.<\/span><\/p>\n<p class=\"MsoNormal\" style=\"text-align: justify\"><span style=\"font-size: 12pt;font-family: &quot;Times New Roman&quot;,&quot;serif&amp;quot\" lang=\"ES\">Liga hab\u00eda ca\u00eddo por 2-1 en el encuentro de ida disputado en Montevideo, pero nadie esperaba que el equipo revelaci\u00f3n del certamen ser\u00eda humillado al recibir tan abultada goleada.<\/span><\/p>\n<p class=\"MsoNormal\" style=\"text-align: justify\"><span style=\"font-size: 12pt;font-family: &quot;Times New Roman&quot;,&quot;serif&amp;quot\" lang=\"ES\">Las finales se disputar\u00e1n en el mismo orden que hubo para las encuetros que consagraron a Liga en la Copa Libertadores 2008.<\/span><\/p>\n<p style=\"text-align: justify\"><span style=\"font-size: 12pt;font-family: &quot;Times New Roman&quot;,&quot;serif&amp;quot\" lang=\"ES\">Es la cuarta vez que los albos acceden a una final internacional en los dos \u00faltimos a\u00f1os.<\/span><\/p>\n<p style=\"text-align: justify\"><a href=\"http:\/\/es.wikipedia.org\/wiki\/Copa_Sudamericana_2009\">Clic Aqu\u00ed<\/a> para m\u00e1s informaci\u00f3n sobre toda la campa\u00f1a de la Liga en la Copa Sudamericana 2009<\/p>\n<p class=\"MsoNormal\" style=\"text-align: justify\"><strong>LIGA 5\u00a0 FLUMINENSE 1\u00a0 - FINAL (IDA)<\/strong><\/p>\n<p><object width=\"500\" height=\"350\" data=\"http:\/\/www.youtube.com\/v\/hHqjgqd2lGM&amp;hl=es_MX&amp;fs=1&amp;color1=0x3a3a3a&amp;color2=0x999999\" type=\"application\/x-shockwave-flash\"><param name=\"allowFullScreen\" value=\"true\" \/><param name=\"allowscriptaccess\" value=\"always\" \/><param name=\"src\" value=\"http:\/\/www.youtube.com\/v\/hHqjgqd2lGM&amp;hl=es_MX&amp;fs=1&amp;color1=0x3a3a3a&amp;color2=0x999999\" \/><param name=\"allowfullscreen\" value=\"true\" \/><\/object><\/p>\n","protected":false},"excerpt":{"rendered":"<p>CAMINO A LA GLORIA: Liga Deportiva Universitaria De Quito Campe\u00f3n de la Copa Libertadores 2008 Liga logr\u00f3 el campeonato en dicha Copa, enfrentandose a importantes clubes de la regi\u00f3n como Estudiantes de la Plata, San Lorenzo, Am\u00e9rica y Fluminense. Despu\u00e9s de derrotar a este \u00faltimo en la primera final en Quito con un marcador de [&hellip;]<\/p>\n","protected":false},"author":3098,"featured_media":0,"parent":0,"menu_order":0,"comment_status":"open","ping_status":"open","template":"","meta":{"footnotes":""},"class_list":["post-131","page","type-page","status-publish","hentry"],"_links":{"self":[{"href":"https:\/\/blog.espol.edu.ec\/ernestofrez\/wp-json\/wp\/v2\/pages\/131","targetHints":{"allow":["GET"]}}],"collection":[{"href":"https:\/\/blog.espol.edu.ec\/ernestofrez\/wp-json\/wp\/v2\/pages"}],"about":[{"href":"https:\/\/blog.espol.edu.ec\/ernestofrez\/wp-json\/wp\/v2\/types\/page"}],"author":[{"embeddable":true,"href":"https:\/\/blog.espol.edu.ec\/ernestofrez\/wp-json\/wp\/v2\/users\/3098"}],"replies":[{"embeddable":true,"href":"https:\/\/blog.espol.edu.ec\/ernestofrez\/wp-json\/wp\/v2\/comments?post=131"}],"version-history":[{"count":18,"href":"https:\/\/blog.espol.edu.ec\/ernestofrez\/wp-json\/wp\/v2\/pages\/131\/revisions"}],"predecessor-version":[{"id":134,"href":"https:\/\/blog.espol.edu.ec\/ernestofrez\/wp-json\/wp\/v2\/pages\/131\/revisions\/134"}],"wp:attachment":[{"href":"https:\/\/blog.espol.edu.ec\/ernestofrez\/wp-json\/wp\/v2\/media?parent=131"}],"curies":[{"name":"wp","href":"https:\/\/api.w.org\/{rel}","templated":true}]}}