{"id":21,"date":"2015-05-22T19:28:07","date_gmt":"2015-05-22T19:28:07","guid":{"rendered":"http:\/\/blog.espol.edu.ec\/esolarte\/?page_id=21"},"modified":"2015-06-02T05:46:31","modified_gmt":"2015-06-02T05:46:31","slug":"para-saber","status":"publish","type":"page","link":"https:\/\/blog.espol.edu.ec\/esolarte\/para-saber\/","title":{"rendered":"Para saber."},"content":{"rendered":"<p><strong>Opini\u00f3n de:<\/strong> Ricardo Correa.<\/p>\n<p><em>\"De lo impersonal nace lo personal y viceversa\"<\/em><\/p>\n<p><span class=\"_5yl5\"><span><strong>Libro favorito<\/strong>: La inteligencia de Osho El libro es una cr\u00edtica al estilo de vida que llevamos la gran mayor\u00eda de personas desde hace mucho tiempo, invita al lector a analizar la forma en que actuamos sin inteligencia, acostumbrados a ser r\u00e9plicas exactas de un l\u00edder en \u00e1mbitos pol\u00edticos, religiosos y sociales en general. Nos invita a practicar la meditaci\u00f3n hasta llegar a un estado de la \u2018no-mente\u2019 en la cual evaluamos nuestros actos como un espectador de nosotros mismos d\u00e1ndole significado al estado de \u2018\u00e9xtasis\u2019 y llevar un estilo de vida regido por nuestra inteligencia, mas no nuestra intelectualidad, y usar a la segunda como una herramienta y no ser gobernados por ella, as\u00ed evitamos ser personas que act\u00faan mec\u00e1nicamente. Es un libro que le\u00ed recientemente a la edad de 19 a\u00f1os y ha sido muy significativo para m\u00ed ya que el autor ayuda a abrir los ojos frente a las situaciones del diario vivir, ayud\u00e1ndome a darme cuenta del por qu\u00e9 hago las cosas y usando la inteligencia innata para analizar qu\u00e9 es bueno y qu\u00e9 debo mantener, olvidar o a\u00f1adir en mi vida para alcanzar un estado de plenitud.<\/span><\/span><\/p>\n<p><iframe loading=\"lazy\" src=\"\/\/www.slideshare.net\/slideshow\/embed_code\/key\/5bUHWARMI7x9Nq\" width=\"425\" height=\"355\" frameborder=\"0\" allowfullscreen=\"allowfullscreen\"> <\/iframe><\/p>\n<div style=\"margin-bottom: 5px\"><strong> <a title=\"Sensual Photography,By Isabel Mu\u00f1oz\" href=\"\/\/www.slideshare.net\/maditabalnco\/sensual-photographyby-isabel-muoz\" target=\"_blank\">Sensual Photography,By Isabel Mu\u00f1oz<\/a> <\/strong> from <strong><a href=\"\/\/www.slideshare.net\/maditabalnco\" target=\"_blank\">maditabalnco<\/a><\/strong><\/div>\n","protected":false},"excerpt":{"rendered":"<p>Opini\u00f3n de: Ricardo Correa. \"De lo impersonal nace lo personal y viceversa\" Libro favorito: La inteligencia de Osho El libro es una cr\u00edtica al estilo de vida que llevamos la gran mayor\u00eda de personas desde hace mucho tiempo, invita al lector a analizar la forma en que actuamos sin inteligencia, acostumbrados a ser r\u00e9plicas exactas [&hellip;]<\/p>\n","protected":false},"author":9658,"featured_media":0,"parent":0,"menu_order":0,"comment_status":"open","ping_status":"open","template":"","meta":{"footnotes":""},"class_list":["post-21","page","type-page","status-publish","hentry"],"_links":{"self":[{"href":"https:\/\/blog.espol.edu.ec\/esolarte\/wp-json\/wp\/v2\/pages\/21","targetHints":{"allow":["GET"]}}],"collection":[{"href":"https:\/\/blog.espol.edu.ec\/esolarte\/wp-json\/wp\/v2\/pages"}],"about":[{"href":"https:\/\/blog.espol.edu.ec\/esolarte\/wp-json\/wp\/v2\/types\/page"}],"author":[{"embeddable":true,"href":"https:\/\/blog.espol.edu.ec\/esolarte\/wp-json\/wp\/v2\/users\/9658"}],"replies":[{"embeddable":true,"href":"https:\/\/blog.espol.edu.ec\/esolarte\/wp-json\/wp\/v2\/comments?post=21"}],"version-history":[{"count":3,"href":"https:\/\/blog.espol.edu.ec\/esolarte\/wp-json\/wp\/v2\/pages\/21\/revisions"}],"predecessor-version":[{"id":33,"href":"https:\/\/blog.espol.edu.ec\/esolarte\/wp-json\/wp\/v2\/pages\/21\/revisions\/33"}],"wp:attachment":[{"href":"https:\/\/blog.espol.edu.ec\/esolarte\/wp-json\/wp\/v2\/media?parent=21"}],"curies":[{"name":"wp","href":"https:\/\/api.w.org\/{rel}","templated":true}]}}