{"id":30,"date":"2015-06-02T05:46:14","date_gmt":"2015-06-02T05:46:14","guid":{"rendered":"http:\/\/blog.espol.edu.ec\/esolarte\/?page_id=30"},"modified":"2015-06-02T05:46:14","modified_gmt":"2015-06-02T05:46:14","slug":"dicese-de-la-sabiduria","status":"publish","type":"page","link":"https:\/\/blog.espol.edu.ec\/esolarte\/dicese-de-la-sabiduria\/","title":{"rendered":"D\u00edcese de la sabidur\u00eda."},"content":{"rendered":"<p><strong>Opini\u00f3n de:<\/strong> Rodrigo Polo.<\/p>\n<p><span class=\"_5yl5\"><span>Los libros que me gustan leer son los de di\u00e1logos, o sea me refiero yo a las conversaciones y a los planteamientos de perspectivas de vida. Uno de mis favoritos, por excelencia,\u00a0 es \"Sabidur\u00eda Emocional\"\u00a0 de Paul Ekman y Dalai Lama, trata acerca de una conversacion de este psicoanalista que es uno de los mejores en an\u00e1lisis de expresiones faciales, \u00e9l ha practicamente descifrado todos los movimientos de la cara y conoce a cabo y a rabo la respuesta psicol\u00f3gica de todo ello, en s\u00edntesis,\u00a0 en este libro el conoce a Dalai Lama que es\u00a0 considerado una santidad, bueno \u00e9l, Dalai Lama,\u00a0 le explica un poco sobre c\u00f3mo sobrellevar las emociones y c\u00f3mo es posible hacer a otros sentir bien a\u00fan cu\u00e1ndo est\u00e1s personas no sean del todo agradables con nosotros, ya que as\u00ed es un cielo alcanzable hacer un mundo mejor. Adem\u00e1s habla de karma y dharma y muchas cosas interesantes, al final se hacen grandes amigos.<\/span><\/span><\/p>\n<p><span class=\"_5yl5\"><span>Personalmente este libro me ayudo\u00f3 mucho porque yo ten\u00eda muchos problemas con esto de la sabidur\u00eda emocional, era muy inestable.<\/span><\/span><\/p>\n","protected":false},"excerpt":{"rendered":"<p>Opini\u00f3n de: Rodrigo Polo. Los libros que me gustan leer son los de di\u00e1logos, o sea me refiero yo a las conversaciones y a los planteamientos de perspectivas de vida. Uno de mis favoritos, por excelencia,\u00a0 es \"Sabidur\u00eda Emocional\"\u00a0 de Paul Ekman y Dalai Lama, trata acerca de una conversacion de este psicoanalista que es [&hellip;]<\/p>\n","protected":false},"author":9658,"featured_media":0,"parent":0,"menu_order":0,"comment_status":"open","ping_status":"open","template":"","meta":{"footnotes":""},"class_list":["post-30","page","type-page","status-publish","hentry"],"_links":{"self":[{"href":"https:\/\/blog.espol.edu.ec\/esolarte\/wp-json\/wp\/v2\/pages\/30","targetHints":{"allow":["GET"]}}],"collection":[{"href":"https:\/\/blog.espol.edu.ec\/esolarte\/wp-json\/wp\/v2\/pages"}],"about":[{"href":"https:\/\/blog.espol.edu.ec\/esolarte\/wp-json\/wp\/v2\/types\/page"}],"author":[{"embeddable":true,"href":"https:\/\/blog.espol.edu.ec\/esolarte\/wp-json\/wp\/v2\/users\/9658"}],"replies":[{"embeddable":true,"href":"https:\/\/blog.espol.edu.ec\/esolarte\/wp-json\/wp\/v2\/comments?post=30"}],"version-history":[{"count":1,"href":"https:\/\/blog.espol.edu.ec\/esolarte\/wp-json\/wp\/v2\/pages\/30\/revisions"}],"predecessor-version":[{"id":32,"href":"https:\/\/blog.espol.edu.ec\/esolarte\/wp-json\/wp\/v2\/pages\/30\/revisions\/32"}],"wp:attachment":[{"href":"https:\/\/blog.espol.edu.ec\/esolarte\/wp-json\/wp\/v2\/media?parent=30"}],"curies":[{"name":"wp","href":"https:\/\/api.w.org\/{rel}","templated":true}]}}