{"id":2,"date":"2012-08-31T02:53:31","date_gmt":"2012-08-31T02:53:31","guid":{"rendered":"http:\/\/blog.espol.edu.ec\/estaigner1\/?page_id=2"},"modified":"2015-04-25T00:48:05","modified_gmt":"2015-04-25T00:48:05","slug":"pagina-ejemplo","status":"publish","type":"page","link":"https:\/\/blog.espol.edu.ec\/estaigner1\/pagina-ejemplo","title":{"rendered":"Biografia de Estaigner Yeran"},"content":{"rendered":"<p><a href=\"http:\/\/blog.espol.edu.ec\/estaigner1\/files\/2012\/08\/IMG_11880770323669.jpeg\"><img loading=\"lazy\" decoding=\"async\" class=\"alignnone size-medium wp-image-46\" src=\"http:\/\/blog.espol.edu.ec\/estaigner1\/files\/2012\/08\/IMG_11880770323669-225x300.jpeg\" alt=\"IMG_11880770323669\" width=\"225\" height=\"300\" srcset=\"https:\/\/blog.espol.edu.ec\/estaigner1\/files\/2012\/08\/IMG_11880770323669-225x300.jpeg 225w, https:\/\/blog.espol.edu.ec\/estaigner1\/files\/2012\/08\/IMG_11880770323669.jpeg 540w\" sizes=\"auto, (max-width: 225px) 100vw, 225px\" \/><\/a><\/p>\n<p><strong>Estaigner Yeran Villacis, nacido en Quito- Ecuador.<\/strong><\/p>\n<p>Estudio en el Liceo Cristiano de Guayaquil, obtuvo su bachillerato en Comercio y administraci\u00f3n \u00a0con especializaci\u00f3n en Inform\u00e1tica. En estudios de Tercer nivel, Estudi\u00f3 Comunicacion Social en la Escuela Superior Polit\u00e9cnica del Litoral (Espol) y Publicidad y Mercadotecn\u00eda en la Universidad de Guayaquil (UG)...<\/p>\n<p>Realiz\u00f3 el acuartelamiento en la Fuerza Naval del Ecuador (Marina de Guerra)<\/p>\n<p>Tambi\u00e9n , ha participado en varios cursos y seminarios del pa\u00eds.<\/p>\n","protected":false},"excerpt":{"rendered":"<p>Estaigner Yeran Villacis, nacido en Quito- Ecuador. Estudio en el Liceo Cristiano de Guayaquil, obtuvo su bachillerato en Comercio y administraci\u00f3n \u00a0con especializaci\u00f3n en Inform\u00e1tica. En estudios de Tercer nivel, Estudi\u00f3 Comunicacion Social en la Escuela Superior Polit\u00e9cnica del Litoral (Espol) y Publicidad y Mercadotecn\u00eda en la Universidad de Guayaquil (UG)... Realiz\u00f3 el acuartelamiento en [&hellip;]<\/p>\n","protected":false},"author":7991,"featured_media":46,"parent":0,"menu_order":0,"comment_status":"open","ping_status":"open","template":"","meta":{"footnotes":""},"class_list":["post-2","page","type-page","status-publish","hentry"],"_links":{"self":[{"href":"https:\/\/blog.espol.edu.ec\/estaigner1\/wp-json\/wp\/v2\/pages\/2","targetHints":{"allow":["GET"]}}],"collection":[{"href":"https:\/\/blog.espol.edu.ec\/estaigner1\/wp-json\/wp\/v2\/pages"}],"about":[{"href":"https:\/\/blog.espol.edu.ec\/estaigner1\/wp-json\/wp\/v2\/types\/page"}],"author":[{"embeddable":true,"href":"https:\/\/blog.espol.edu.ec\/estaigner1\/wp-json\/wp\/v2\/users\/7991"}],"replies":[{"embeddable":true,"href":"https:\/\/blog.espol.edu.ec\/estaigner1\/wp-json\/wp\/v2\/comments?post=2"}],"version-history":[{"count":6,"href":"https:\/\/blog.espol.edu.ec\/estaigner1\/wp-json\/wp\/v2\/pages\/2\/revisions"}],"predecessor-version":[{"id":93,"href":"https:\/\/blog.espol.edu.ec\/estaigner1\/wp-json\/wp\/v2\/pages\/2\/revisions\/93"}],"wp:featuredmedia":[{"embeddable":true,"href":"https:\/\/blog.espol.edu.ec\/estaigner1\/wp-json\/wp\/v2\/media\/46"}],"wp:attachment":[{"href":"https:\/\/blog.espol.edu.ec\/estaigner1\/wp-json\/wp\/v2\/media?parent=2"}],"curies":[{"name":"wp","href":"https:\/\/api.w.org\/{rel}","templated":true}]}}