{"id":79,"date":"2014-06-21T17:44:34","date_gmt":"2014-06-21T17:44:34","guid":{"rendered":"http:\/\/blog.espol.edu.ec\/estaigner1\/?page_id=79"},"modified":"2015-08-18T15:55:52","modified_gmt":"2015-08-18T15:55:52","slug":"vision-once","status":"publish","type":"page","link":"https:\/\/blog.espol.edu.ec\/estaigner1\/vision-once","title":{"rendered":"Publicaciones"},"content":{"rendered":"<p style=\"margin: 12px auto 6px auto;font-family: Helvetica,Arial,Sans-serif;font-style: normal;font-variant: normal;font-weight: normal;font-size: 14px;line-height: normal\"><a style=\"text-decoration: underline\" title=\"View Cronica de Cerro El Muerto, en El Morro (provincia del Guayas) on Scribd\" href=\"https:\/\/es.scribd.com\/doc\/275019985\/El-Morro-Cerro-El-Muerto-By-Estaigner-Yeran\">Cronica de Cerro El Muerto, en El Morro (provincia del Guayas)<\/a> by <a style=\"text-decoration: underline\" title=\"View Estaigner Yer\u00e0n's profile on Scribd\" href=\"https:\/\/www.scribd.com\/eyer%C3%A0n\">Estaigner Yer\u00e0n<\/a><\/p>\n<p><iframe loading=\"lazy\" class=\"scribd_iframe_embed\" src=\"https:\/\/www.scribd.com\/embeds\/275022375\/content?start_page=1&amp;view_mode=scroll&amp;access_key=key-g0HWSyMh3Mdv6hxLbFY9&amp;show_recommendations=true\" width=\"100%\" height=\"600\" frameborder=\"0\"><\/iframe><\/p>\n<p>--<\/p>\n<p style=\"margin: 12px auto 6px auto;font-family: Helvetica,Arial,Sans-serif;font-style: normal;font-variant: normal;font-weight: normal;font-size: 14px;line-height: normal\"><a style=\"text-decoration: underline\" title=\"View Cronica de Deportistas de La Armada- Redactado por: Estaigner Yer\u00e1n on Scribd\" href=\"https:\/\/es.scribd.com\/doc\/263452901\/Cronica-de-Deportistas-de-La-Armada-Redactado-por-Estaigner-Yeran\">Cronica de Deportistas de La Armada- Redactado por: Estaigner Yer\u00e1n<\/a> by <a style=\"text-decoration: underline\" title=\"View Estaigner Yer\u00e0n's profile on Scribd\" href=\"https:\/\/www.scribd.com\/eyer%C3%A0n\">Estaigner Yer\u00e0n<\/a><\/p>\n<p><iframe loading=\"lazy\" class=\"scribd_iframe_embed\" src=\"https:\/\/www.scribd.com\/embeds\/263452901\/content?start_page=1&amp;view_mode=scroll&amp;access_key=key-Z3bWSPQnNcXvH8mFe2Vs&amp;show_recommendations=true\" width=\"100%\" height=\"600\" frameborder=\"0\"><\/iframe><\/p>\n<p>--<\/p>\n<p style=\"margin: 12px auto 6px auto;font-family: Helvetica,Arial,Sans-serif;font-style: normal;font-variant: normal;font-weight: normal;font-size: 14px;line-height: normal\"><a style=\"text-decoration: underline\" title=\"View La Primera Redacci\u00f3n de Estaigner Yer\u00e1n Sobre La Metrov\u00eda on Scribd\" href=\"https:\/\/es.scribd.com\/doc\/263010280\/La-Primera-Redaccion-de-Estaigner-Yeran-Sobre-La-Metrovia\">La Primera Redacci\u00f3n de Estaigner Yer\u00e1n Sobre La Metrov\u00eda<\/a> by <a style=\"text-decoration: underline\" title=\"View Estaigner Yer\u00e0n's profile on Scribd\" href=\"https:\/\/www.scribd.com\/eyer\u00e0n\">Estaigner Yer\u00e0n<\/a><\/p>\n<p><iframe loading=\"lazy\" class=\"scribd_iframe_embed\" src=\"https:\/\/www.scribd.com\/embeds\/263010393\/content?start_page=1&amp;view_mode=scroll&amp;access_key=key-VGdZWJ4sR92vAa6wsMH2&amp;show_recommendations=true\" width=\"100%\" height=\"600\" frameborder=\"0\"><\/iframe><\/p>\n","protected":false},"excerpt":{"rendered":"<p>Cronica de Cerro El Muerto, en El Morro (provincia del Guayas) by Estaigner Yer\u00e0n -- Cronica de Deportistas de La Armada- Redactado por: Estaigner Yer\u00e1n by Estaigner Yer\u00e0n -- La Primera Redacci\u00f3n de Estaigner Yer\u00e1n Sobre La Metrov\u00eda by Estaigner Yer\u00e0n<\/p>\n","protected":false},"author":7991,"featured_media":0,"parent":0,"menu_order":0,"comment_status":"open","ping_status":"open","template":"page_fullwidth.php","meta":{"footnotes":""},"class_list":["post-79","page","type-page","status-publish","hentry"],"_links":{"self":[{"href":"https:\/\/blog.espol.edu.ec\/estaigner1\/wp-json\/wp\/v2\/pages\/79","targetHints":{"allow":["GET"]}}],"collection":[{"href":"https:\/\/blog.espol.edu.ec\/estaigner1\/wp-json\/wp\/v2\/pages"}],"about":[{"href":"https:\/\/blog.espol.edu.ec\/estaigner1\/wp-json\/wp\/v2\/types\/page"}],"author":[{"embeddable":true,"href":"https:\/\/blog.espol.edu.ec\/estaigner1\/wp-json\/wp\/v2\/users\/7991"}],"replies":[{"embeddable":true,"href":"https:\/\/blog.espol.edu.ec\/estaigner1\/wp-json\/wp\/v2\/comments?post=79"}],"version-history":[{"count":6,"href":"https:\/\/blog.espol.edu.ec\/estaigner1\/wp-json\/wp\/v2\/pages\/79\/revisions"}],"predecessor-version":[{"id":100,"href":"https:\/\/blog.espol.edu.ec\/estaigner1\/wp-json\/wp\/v2\/pages\/79\/revisions\/100"}],"wp:attachment":[{"href":"https:\/\/blog.espol.edu.ec\/estaigner1\/wp-json\/wp\/v2\/media?parent=79"}],"curies":[{"name":"wp","href":"https:\/\/api.w.org\/{rel}","templated":true}]}}