{"id":114,"date":"2014-11-12T00:37:17","date_gmt":"2014-11-12T00:37:17","guid":{"rendered":"http:\/\/blog.espol.edu.ec\/etubay\/?page_id=114"},"modified":"2014-11-12T00:38:33","modified_gmt":"2014-11-12T00:38:33","slug":"114-2","status":"publish","type":"page","link":"https:\/\/blog.espol.edu.ec\/etubay\/114-2\/","title":{"rendered":"H\u00e1bitats -Mares y Oc\u00e9anos-"},"content":{"rendered":"<h1 align=\"left\"><span style=\"color: #993366\"><a class=\"titulosnaranjas\" style=\"color: #993366\">H\u00e1bitats<\/a><\/span><br \/>\nEn los Mares y Oc\u00e9anos<\/h1>\n<table border=\"0\" width=\"356\" align=\"right\">\n<tbody>\n<tr>\n<td width=\"10\"><\/td>\n<td class=\"maspubli\" width=\"336\"><a href=\"http:\/\/blog.espol.edu.ec\/etubay\/files\/2014\/11\/peces-marinos.jpg\"><img loading=\"lazy\" decoding=\"async\" class=\"aligncenter size-full wp-image-115\" src=\"http:\/\/blog.espol.edu.ec\/etubay\/files\/2014\/11\/peces-marinos.jpg\" alt=\"peces-marinos\" width=\"480\" height=\"297\" srcset=\"https:\/\/blog.espol.edu.ec\/etubay\/files\/2014\/11\/peces-marinos.jpg 480w, https:\/\/blog.espol.edu.ec\/etubay\/files\/2014\/11\/peces-marinos-300x185.jpg 300w\" sizes=\"auto, (max-width: 480px) 100vw, 480px\" \/><\/a> <a href=\"http:\/\/blog.espol.edu.ec\/etubay\/files\/2014\/11\/tang.jpg\"><img loading=\"lazy\" decoding=\"async\" class=\"aligncenter size-large wp-image-116\" src=\"http:\/\/blog.espol.edu.ec\/etubay\/files\/2014\/11\/tang.jpg\" alt=\"tang\" width=\"600\" height=\"420\" srcset=\"https:\/\/blog.espol.edu.ec\/etubay\/files\/2014\/11\/tang.jpg 600w, https:\/\/blog.espol.edu.ec\/etubay\/files\/2014\/11\/tang-300x210.jpg 300w\" sizes=\"auto, (max-width: 600px) 100vw, 600px\" \/><\/a><\/td>\n<\/tr>\n<\/tbody>\n<\/table>\n<p align=\"justify\">S\u00f3lo en a\u00f1os recientes el hombre ha logrado penetrar en este mundo y contemplar con sus propios ojos las bellezas naturales que oculta. Aun as\u00ed, queda todav\u00eda mucho por descubrir.<\/p>\n<p align=\"justify\">Sin embargo, la afici\u00f3n creciente hacia actividades como el escafandrismo, el perfeccionamiento de los medios t\u00e9cnicos que permiten acceder a cualquier punto del medio mar\u00edtimo, y la creciente conciencia conservacionista, impulsan hoy las actividades divulgativas. Cualquiera puede penetrar hoy, delante de su televisor, en los secretos m\u00e1s rec\u00f3nditos del mar, patrimonio hasta no hace mucho, de unos pocos y esforzados aventureros.<\/p>\n<p align=\"justify\">Se denomina <span class=\"tituloscontenido\"><strong>OC\u00c9ANO<\/strong><\/span>a la parte de la superficie terrestre ocupada por el agua marina.<\/p>\n<p align=\"justify\">Se form\u00f3 hace unos 4.000 millones de a\u00f1os, cuando la temperatura de la superficie del planeta se enfri\u00f3 lo suficiente para permitir que el agua permaneciese en estado l\u00edquido. El oc\u00e9ano est\u00e1 dividido por grandes extensiones de tierra (los continentes y grandes archipi\u00e9lagos) en cinco partes que, a su vez, tambi\u00e9n se denominan oc\u00e9anos:<\/p>\n<p align=\"justify\"><img loading=\"lazy\" decoding=\"async\" src=\"http:\/\/deanimalia.com\/images\/triangle.png\" alt=\"\" width=\"13\" height=\"17\" \/> \u00a0Oc\u00e9ano Pac\u00edfico<br \/>\n<img loading=\"lazy\" decoding=\"async\" src=\"http:\/\/deanimalia.com\/images\/triangle.png\" alt=\"\" width=\"13\" height=\"17\" \/>\u00a0 Oc\u00e9ano Atl\u00e1ntico<br \/>\n<img loading=\"lazy\" decoding=\"async\" src=\"http:\/\/deanimalia.com\/images\/triangle.png\" alt=\"\" width=\"13\" height=\"17\" \/> \u00a0Oc\u00e9ano \u00cdndico<br \/>\n<img loading=\"lazy\" decoding=\"async\" src=\"http:\/\/deanimalia.com\/images\/triangle.png\" alt=\"\" width=\"13\" height=\"17\" \/> \u00a0Oc\u00e9ano Ant\u00e1rtico<br \/>\n<img loading=\"lazy\" decoding=\"async\" src=\"http:\/\/deanimalia.com\/images\/triangle.png\" alt=\"\" width=\"13\" height=\"17\" \/>\u00a0 Oc\u00e9ano \u00c1rtico<\/p>\n<p align=\"justify\">Un<strong> \u00a0<span class=\"tituloscontenido\">MAR<\/span><\/strong>es una masa de agua salada de tama\u00f1o inferior al oc\u00e9ano.<\/p>\n<p align=\"justify\">El t\u00e9rmino <em>mar<\/em>, tambi\u00e9n se utiliza para designar algunos grandes lagos, como el mar Caspio, el mar Muerto o el mar de Aral. Se habla entonces de <em>mar cerrado<\/em> o <em>interior<\/em>.<\/p>\n<p align=\"justify\">La definici\u00f3n comparativa de mar como \u00abextensi\u00f3n de agua salada menor que el oc\u00e9ano\u00bb, establece una clasificaci\u00f3n de las extensiones de agua salada en la que los oc\u00e9anos ser\u00edan las mayores extensiones y vendr\u00edan a continuaci\u00f3n, con diferentes tama\u00f1os, los mares.<\/p>\n<p align=\"justify\">Los mares se diferencian principalmente por el contacto con el oc\u00e9ano, pudiendo ser abiertos o cerrados: si est\u00e1 rodeado casi totalmente por tierra, como el Mar Negro, se habla de <em>mar continental<\/em>, mientras que si se encuentra muy abierto, como el Mar de la China, se habla de <em>mar litoral<\/em>.<\/p>\n<p align=\"justify\">La distinci\u00f3n entre mar y oc\u00e9ano obedece a diversas causas, sobre todo cuando se habla de mares abiertos en que suele distinguirse atendiendo a la situaci\u00f3n geogr\u00e1fica, generalmente enclavada entre dos masas terrestres o, a veces, las menos, a la posici\u00f3n de la plataforma continental. Algunos ejemplos de esto son los siguientes: el Mar del Canal de La Mancha comunica con el Oc\u00e9ano Atl\u00e1ntico por el Mar C\u00e9ltico, pero se distingue por su posici\u00f3n entre la costa sur de Inglaterra y la costa norte de Francia. Otro caso muy claro es el del Mar Mediterr\u00e1neo, que comunica con el Oc\u00e9ano Atl\u00e1ntico por el estrecho de Gibraltar, y se distingue claramente por estar enclavado entre Europa, Asia y \u00c1frica, hasta el punto de tener unas condiciones mar\u00edtimas muy diferentes (diferentes temperaturas, diferente fauna y flora y mareas de diferente amplitud). Otro mar abierto, en este caso el de los Sargazos, con su acumulaci\u00f3n de algas a lo largo de la Florida, se distingue del Oc\u00e9ano Atl\u00e1ntico de forma totalmente arbitraria.<\/p>\n<p align=\"justify\">La m\u00e1xima autoridad internacional en materia de delimitaci\u00f3n de mares es el \u00abInternational Hydrographic Organization\u00bb (IHO), siendo la referencia mundial su publicaci\u00f3n \u00abLimits of oceans and seas\u00bb (Limites de oc\u00e9anos y mares) (3\u00aa edici\u00f3n de 1953).<\/p>\n<p align=\"justify\">Dicha publicaci\u00f3n no establece diferencias entre oc\u00e9anos y mares, si no que se limita a enumerar todos los oc\u00e9anos y mares del mundo, asign\u00e1ndoles un n\u00famero, llegando hasta el 66, aunque como utiliza a veces n\u00fameros con letra, en realidad son 73. Son un total de 6 oc\u00e9anos (el Atl\u00e1ntico y el Pacifico est\u00e1n divididos cada uno en dos, Norte y Sur) y 67 mares, de ellos dos divididos en dos cuencas, el Mar Mediterr\u00e1neo y el Mar de China.<\/p>\n<p align=\"justify\">Algunos mares tienen mares interiores (que se numeran con una letra min\u00fascula) como el B\u00e1ltico (3), el Mediterr\u00e1neo (8) y el Archipi\u00e9lago de la India Oriental (13).<\/p>\n<p align=\"justify\"><strong>Mares litorales<\/strong><\/p>\n<div align=\"justify\"><\/div>\n<p align=\"justify\">Los mares litorales o costeros pueden ser considerados como <em>golfos<\/em> (muy grandes y ampliamente abiertos) de los oc\u00e9anos. No est\u00e1n separados de \u00e9stos por ning\u00fan umbral submarino; no obstante, se distinguen de ellos por ser, en promedio, menos profundos, por la mayor amplitud de las mareas y la temperatura m\u00e1s elevada de sus aguas.<\/p>\n<p align=\"justify\">Son mares litorales el Mar de Beaufort en el Oc\u00e9ano \u00c1rtico, el Mar de Noruega en el Atl\u00e1ntico, y el Mar de Om\u00e1n en el \u00cdndico, entre otros.<\/p>\n<p align=\"justify\"><strong>Mares continentales<\/strong><\/p>\n<p align=\"justify\">La plataforma continental es una prolongaci\u00f3n de los continentes que queda sumergida bajo las aguas y que presenta una pendiente suave, cuya profundidad rara vez supera los 400 m. El punto donde finaliza, queda se\u00f1alado por un brusco aumento de la pendiente, que incluso puede caer casi vertical hacia las profundidades y forma el llamado \u00abtalud continental\u00bb. \u00c9ste se prolonga hasta casi los 3.000 a 4.000 metros seg\u00fan la zona, y da paso a las profundidades abisales. La plataforma continental es una zona de gran actividad biol\u00f3gica, en la cual crecen las algas que se fijan al fondo, y la abundancia de nutrientes favorece tambi\u00e9n que los animales acu\u00e1ticos, tanto de fondo como nadadores, habiten principalmente esta zona del mar.<\/p>\n<p align=\"justify\">Los mares continentales, entre los cuales destaca el Mar Mediterr\u00e1neo, deben su nombre al hecho de hallarse enteramente situados dentro de los continentes, aunque comunicados con los oc\u00e9anos por un estrecho cuya escasa profundidad, crea un umbral que dificulta los intercambios; \u00e9stos se producen, no obstante, en forma de corrientes de compensaci\u00f3n y de descarga.<\/p>\n<p align=\"justify\">Entre los mares continentales y el oc\u00e9ano, existen diferencias de temperaturas y de salinidad que llegan a ser considerables.<\/p>\n<table style=\"height: 13px\" border=\"0\" width=\"493\" align=\"right\">\n<tbody>\n<tr>\n<th scope=\"row\" width=\"20\"><\/th>\n<td width=\"718\"><\/td>\n<\/tr>\n<\/tbody>\n<\/table>\n<p align=\"justify\">Sus mareas son de tan escasa amplitud que pasan desapercibidas. Adem\u00e1s del Mediterr\u00e1neo, son mares continentales el Mar B\u00e1ltico, el Mar Negro y el Mar de Jap\u00f3n. En alg\u00fan caso se habla de \u00abmar epicontinental\u00bb cuando est\u00e1 rodeado por una plataforma continental, como el Mar del Norte.<\/p>\n<p align=\"justify\"><strong>Mares interiores<\/strong><\/p>\n<p align=\"justify\">Los mares interiores o cerrados suelen ocupar extensas depresiones endorreicas. Corresponden a lagos muy grandes de agua m\u00e1s o menos salada, entre los cuales destacan el Mar Muerto, el Mar Caspio y el Mar de Aral.<\/p>\n<p align=\"justify\"><strong>Lista de los mares del mundo (por continente)<\/strong><\/p>\n<table class=\"table\" border=\"0\" width=\"900\">\n<tbody>\n<tr>\n<td class=\"taxon\" valign=\"top\" width=\"23%\">MARES DE AM\u00c9RICA<\/td>\n<td valign=\"top\" width=\"77%\">\n<div align=\"left\">Mar Argentino<br \/>\nMar de Beaufort<br \/>\nMar Caribe<br \/>\nMar Chileno<br \/>\nMar de Grau<br \/>\nMar de Groenlandia<br \/>\nMar del Labrador<br \/>\nMar de los Sargazos<br \/>\nMar de Cort\u00e9s<br \/>\nGolfo de M\u00e9xico<\/div>\n<\/td>\n<\/tr>\n<tr>\n<td class=\"taxon\" valign=\"top\">MARES DE LA ANT\u00c1RTIDA<\/td>\n<td valign=\"top\">\n<div align=\"left\">Mar de Amundsen<br \/>\nMar de Bellingshausen<br \/>\nMar de Weddell<br \/>\nMar de Ross<\/div>\n<\/td>\n<\/tr>\n<tr>\n<td class=\"taxon\" valign=\"top\">MARES DE ASIA<\/td>\n<td valign=\"top\">\n<div align=\"left\">Mar de Andam\u00e1n<br \/>\nMar Amarillo<br \/>\nMar Ar\u00e1bigo<br \/>\nMar de Aral<br \/>\nMar de Banda<br \/>\nMar de Bering<br \/>\nMar Caspio<br \/>\nMar de C\u00e9lebes<br \/>\nMar de China<br \/>\nMar de Filipinas<br \/>\nMar de Jap\u00f3n<br \/>\nMar de Kara<br \/>\nMar de Laptev<br \/>\nMar Muerto<br \/>\nMar de Ojotsk<br \/>\nMar Interior de Seto<br \/>\nMar Rojo<br \/>\nMar de Siberia Oriental<br \/>\nMar de Sulu<\/div>\n<\/td>\n<\/tr>\n<tr>\n<td class=\"taxon\" valign=\"top\">MARES DE EUROPA<\/td>\n<td valign=\"top\">\n<div align=\"left\">Mar Tirreno<br \/>\nMar de Liguria<br \/>\nMar Adri\u00e1tico<br \/>\nMar J\u00f3nico<br \/>\nMar Egeo<br \/>\nMar de Albor\u00e1n<br \/>\nMar B\u00e1ltico<br \/>\nMar del Norte<br \/>\nMar de Frisia<br \/>\nCanal de la Mancha<br \/>\nMar de Irlanda<br \/>\nMar Celta<br \/>\nMar Cant\u00e1brico<br \/>\nMar Mediterr\u00e1neo<br \/>\nMar de Barents<br \/>\nMar de Barents<br \/>\nMar Blanco<br \/>\nMar Negro<br \/>\nMar de M\u00e1rmara<br \/>\nMar de Azov<\/div>\n<\/td>\n<\/tr>\n<tr>\n<td class=\"taxon\" valign=\"top\">MARES DE OCEAN\u00cdA<\/td>\n<td valign=\"top\">\n<div align=\"left\">Mar de Arafura<br \/>\nMar de Tasmania<br \/>\nMar de Timor<\/div>\n<\/td>\n<\/tr>\n<tr>\n<td><\/td>\n<td><\/td>\n<\/tr>\n<\/tbody>\n<\/table>\n<div align=\"justify\"><\/div>\n<div class=\"videogallery\"><\/div>\n<div align=\"justify\"><\/div>\n<p align=\"justify\"><strong><br \/>\nCaracter\u00edsticas generales de los oc\u00e9anos<\/strong><\/p>\n<p align=\"justify\">Los oc\u00e9anos cubren el 71 % de la superficie de la tierra, siendo el Pac\u00edfico el mayor.<\/p>\n<p align=\"justify\">La profundidad de los oc\u00e9anos es variable, dependiendo de las zonas del relieve oce\u00e1nico, pero resulta escasa en comparaci\u00f3n con su superficie. Se estima que la profundidad media es de unos 4 km. La parte m\u00e1s profunda se encuentra en la fosa de las Marianas, alcanzando los 11.033 metros de profundidad.<\/p>\n<p align=\"justify\">En los oc\u00e9anos existe una capa superficial de agua templada (12-30\u00ba C), que alcanza una profundidad variable seg\u00fan las zonas, de entre unas decenas de metros hasta los 400 o 500 metros. Por debajo de esta capa el agua est\u00e1 fr\u00eda con temperaturas de entre 5\u00ba y -1\u00ba C. Se conoce como <em>termoclina<\/em> \u00a0al l\u00edmite entre las dos capas. El agua es m\u00e1s c\u00e1lida en las zonas templadas, ecuatoriales y tropicales, y m\u00e1s fr\u00eda cerca de los polos. Y, tambi\u00e9n, m\u00e1s c\u00e1lida en verano y m\u00e1s fr\u00eda en invierno.<\/p>\n<p align=\"justify\"><strong>El agua de mar<\/strong><\/p>\n<p align=\"justify\">Contiene sustancias s\u00f3lidas en disoluci\u00f3n, siendo las m\u00e1s abundantes el sodio y el cloro que, en su forma s\u00f3lida, se combina para formar el cloruro de sodio o sal com\u00fan y, junto con el magnesio, el calcio y el potasio, constituyen cerca del 90% de los elementos disueltos en el agua de mar. Adem\u00e1s hay otros elementos pero en cantidades \u00ednfimas.<\/p>\n<p align=\"justify\"><strong>Color del agua<\/strong><\/p>\n<p align=\"justify\">Una forma de pensar com\u00fan es que el agua de los oc\u00e9anos es azul debido principalmente a la reflexi\u00f3n del color azul del cielo. En realidad, el agua posee por s\u00ed misma una ligera coloraci\u00f3n azulada cuando se almacena en grandes cantidades.<\/p>\n<p align=\"justify\">La reflexi\u00f3n del cielo contribuye a que el agua se vea azul, pero no es la principal raz\u00f3n. El origen se debe a la absorci\u00f3n por las mol\u00e9culas de agua de los fotones \u00abrojos\u00bb procedentes de la luz incidente.<\/p>\n<p align=\"justify\"><strong>Las olas<\/strong><\/p>\n<p align=\"justify\">Raramente el agua de mar se encuentra quieta, se mueve en olas, mareas o corrientes. Las olas se deben al viento que sopla sobre la superficie. La altura de una ola est\u00e1 dada por la velocidad del viento, el lapso en que ha soplado y la distancia que ha recorrido la ola.<\/p>\n<table style=\"height: 18px\" border=\"0\" width=\"624\" align=\"right\">\n<tbody>\n<tr>\n<td><a href=\"http:\/\/blog.espol.edu.ec\/etubay\/files\/2014\/11\/descarga.jpg\"><img loading=\"lazy\" decoding=\"async\" class=\"aligncenter wp-image-117\" src=\"http:\/\/blog.espol.edu.ec\/etubay\/files\/2014\/11\/descarga.jpg\" alt=\"descarga\" width=\"279\" height=\"209\" \/><\/a><\/td>\n<td class=\"publi\" width=\"160\"><\/td>\n<\/tr>\n<\/tbody>\n<\/table>\n<p align=\"justify\">La ola m\u00e1s alta registrada fue de 64 metros, pero generalmente son mucho m\u00e1s bajas. Desempe\u00f1an un papel fundamental en la formaci\u00f3n de las costas.<\/p>\n<p align=\"justify\"><em>Tsunamis<\/em>: son un tipo de olas cuyo origen no tiene relaci\u00f3n con los vientos, sino con los terremotos o la erupci\u00f3n de volcanes submarinos. Desplazan grandes cantidades de agua con rapidez, modificando la superficie del mar, y creando olas que se alejan de la zona del terremoto del volc\u00e1n. Llegan a viajar a 750 km\/h.<\/p>\n<p align=\"justify\">En mar abierto provocan pocos da\u00f1os ya que tienen poca altura (menos de 1 metro). En aguas poco profundas disminuye su velocidad, aumentando su altura hasta los 10 metros o m\u00e1s, suelen causar da\u00f1os catastr\u00f3ficos al llegar a la costa.<\/p>\n<p align=\"justify\"><strong>Mareas<\/strong><\/p>\n<p align=\"justify\">Las mareas son provocadas por la atracci\u00f3n gravitatoria que ejercen la luna y el sol. La atracci\u00f3n es mayor en la cara de la tierra que est\u00e1 frente a la luna, provocando una pleamar o marea alta. El sol, por estar a una mayor distancia, produce un menor efecto que la luna.<\/p>\n<p align=\"justify\">Se distingue entre mareas vivas (momento de m\u00e1xima atracci\u00f3n, cuando la luna, el sol y la tierra se encuentran sobre la misma l\u00ednea), que se producen cada 14 d\u00edas (luna llena y luna nueva), y mareas muertas (son mareas menos intensas que se producen cuando la luna y el sol forman un \u00e1ngulo recto con la tierra, porque las atracciones de ambos, al ser en direcciones opuestas, se restan entre s\u00ed en vez de sumarse), y se producen en las fases de cuarto creciente y cuarto menguante de la luna.<\/p>\n<p align=\"justify\"><strong>Las corrientes marinas<\/strong><\/p>\n<p align=\"justify\">Las corrientes pr\u00f3ximas a la superficie de los oc\u00e9anos, son impulsadas por los vientos, que las arrastran con ellos. Se desplazan a menor velocidad que el viento, y no tienen la misma direcci\u00f3n que ellos, ya que se tuercen hacia un lado por efecto de la rotaci\u00f3n de la tierra o <em>fuerza de Coriolis<\/em>, cambiando de direcci\u00f3n hacia la derecha de su trayectoria en el hemisferio boreal, y hacia la izquierda en el hemisferio austral.<\/p>\n","protected":false},"excerpt":{"rendered":"<p>H\u00e1bitats En los Mares y Oc\u00e9anos S\u00f3lo en a\u00f1os recientes el hombre ha logrado penetrar en este mundo y contemplar con sus propios ojos las bellezas naturales que oculta. Aun as\u00ed, queda todav\u00eda mucho por descubrir. Sin embargo, la afici\u00f3n &hellip; <a href=\"https:\/\/blog.espol.edu.ec\/etubay\/114-2\/\">Sigue leyendo <span class=\"meta-nav\">&rarr;<\/span><\/a><\/p>\n","protected":false},"author":9329,"featured_media":0,"parent":0,"menu_order":0,"comment_status":"open","ping_status":"open","template":"","meta":{"footnotes":""},"class_list":["post-114","page","type-page","status-publish","hentry"],"_links":{"self":[{"href":"https:\/\/blog.espol.edu.ec\/etubay\/wp-json\/wp\/v2\/pages\/114","targetHints":{"allow":["GET"]}}],"collection":[{"href":"https:\/\/blog.espol.edu.ec\/etubay\/wp-json\/wp\/v2\/pages"}],"about":[{"href":"https:\/\/blog.espol.edu.ec\/etubay\/wp-json\/wp\/v2\/types\/page"}],"author":[{"embeddable":true,"href":"https:\/\/blog.espol.edu.ec\/etubay\/wp-json\/wp\/v2\/users\/9329"}],"replies":[{"embeddable":true,"href":"https:\/\/blog.espol.edu.ec\/etubay\/wp-json\/wp\/v2\/comments?post=114"}],"version-history":[{"count":4,"href":"https:\/\/blog.espol.edu.ec\/etubay\/wp-json\/wp\/v2\/pages\/114\/revisions"}],"predecessor-version":[{"id":121,"href":"https:\/\/blog.espol.edu.ec\/etubay\/wp-json\/wp\/v2\/pages\/114\/revisions\/121"}],"wp:attachment":[{"href":"https:\/\/blog.espol.edu.ec\/etubay\/wp-json\/wp\/v2\/media?parent=114"}],"curies":[{"name":"wp","href":"https:\/\/api.w.org\/{rel}","templated":true}]}}