{"id":2,"date":"2015-11-13T15:53:23","date_gmt":"2015-11-13T15:53:23","guid":{"rendered":"http:\/\/blog.espol.edu.ec\/eveyusol\/?page_id=2"},"modified":"2015-11-24T03:06:13","modified_gmt":"2015-11-24T03:06:13","slug":"pagina-ejemplo","status":"publish","type":"page","link":"https:\/\/blog.espol.edu.ec\/eveyusol\/pagina-ejemplo\/","title":{"rendered":"Biograf\u00eda de Carla Morrison"},"content":{"rendered":"<p style=\"text-align: right\"><a href=\"http:\/\/blog.espol.edu.ec\/eveyusol\/files\/2015\/11\/Carla-Morrison-Un-Beso.jpg\"><img loading=\"lazy\" decoding=\"async\" class=\" wp-image-31 alignleft\" src=\"http:\/\/blog.espol.edu.ec\/eveyusol\/files\/2015\/11\/Carla-Morrison-Un-Beso-225x300.jpg\" alt=\"Nombre real: Carla Patricia Morrison Flores. Nacimiento: 19 de julio de 1986 (29 a\u00f1os). Origen: Tecate, M\u00e9xico Ocupaci\u00f3n: Cantante, compositora y guitarrista.\" width=\"246\" height=\"328\" srcset=\"https:\/\/blog.espol.edu.ec\/eveyusol\/files\/2015\/11\/Carla-Morrison-Un-Beso-225x300.jpg 225w, https:\/\/blog.espol.edu.ec\/eveyusol\/files\/2015\/11\/Carla-Morrison-Un-Beso.jpg 404w\" sizes=\"auto, (max-width: 246px) 100vw, 246px\" \/><\/a><\/p>\n<p style=\"text-align: right\"><b>Carla Patricia Morrison Flores<\/b> (Tecate, Baja California, 19 de julio de 1986), conocida como Carla Morrison, es una cantautora independiente mexicana de pop alternativo, ganadora de 2 premios Grammy Latino por su \u00e1lbum m\u00e1s reciente 'D\u00e9jenme Llorar'.<\/p>\n<p style=\"text-align: right\">\u00a0Carla desde su ni\u00f1ez estuvo relacionada con las artes, como el dibujo, lectura de poes\u00eda, escribiendo cuentos y poemas, artesan\u00edas, danzas en algunos estilos, como danza africana y la improvisaci\u00f3n del jazz. Pero entre todas las artes, el canto simboliz\u00f3 su mayor pasi\u00f3n. De ni\u00f1a sol\u00eda cantar en secreto, y era muy t\u00edmida para dar a conocer su voz, con el paso del tiempo fue perdiendo gradualmente su miedo en peque\u00f1as presentaciones con sus amigos de la escuela secundaria.<\/p>\n<p style=\"text-align: right\">En el a\u00f1o 2007 ofrece la primera actuaci\u00f3n en su ciudad natal, que la consolida como solista con su hermosa voz y piano cl\u00e1sico. Antes de su pr\u00f3xima presentaci\u00f3n en el festival de artes de Phoenix, Arizona, conoci\u00f3 a Nick Kizer y Nichole Petta y se ofrecen a tocar con ella. La conexi\u00f3n era tan grande que los tres m\u00fasicos decidieron compartir su visi\u00f3n y formar <i>Babaluca<\/i>, un tr\u00edo que pronto tendr\u00eda gran aceptaci\u00f3n en el p\u00fablico estadounidense. No pas\u00f3 mucho tiempo antes de ser entrevistados por el canal de televisi\u00f3n Univisi\u00f3n, considerados por \u00e9ste como el orgullo hispano. Babaluca gan\u00f3 el premio a <b>Mejor banda de Indie de Arizona para el a\u00f1o 2008<\/b>, as\u00ed como el premio Stylos de la ciudad. Compartieron escenario con bandas como Kinky, Babasonicos, Girl in a Coma, Pastilla, entre otros. Su reconocimiento les ayuda en las ciudades de California como Los \u00c1ngeles y\u00a0Hollywood. Participaron en presentaciones como Alborde Acoustic Sessions, Big mi\u00e9rcoles y Noches bipolar\u00a0Fueron entrevistados por el peri\u00f3dico Phoenix New Times, el Club Fonograma, entre otros de perspectiva latina. Grabaron un peque\u00f1o EP y un \u00e1lbum de sesiones ac\u00fasticas. Carla con Nichole fueron invitadas a dar voces, en los \u00faltimos materiales discogr\u00e1ficos de Lonna Kelley, <i>Go Away Closer<\/i>, una cantante m\u00e1s, conocida en toda\u00a0Europa, pero nacida en Phoenix, donde tambi\u00e9n compartieron escenarios con <i>Babaluca<\/i>.<\/p>\n<p style=\"text-align: right\">\n","protected":false},"excerpt":{"rendered":"<p>Carla Patricia Morrison Flores (Tecate, Baja California, 19 de julio de 1986), conocida como Carla Morrison, es una cantautora independiente mexicana de pop alternativo, ganadora de 2 premios Grammy Latino por su \u00e1lbum m\u00e1s reciente 'D\u00e9jenme Llorar'. \u00a0Carla desde su ni\u00f1ez estuvo relacionada con las artes, como el dibujo, lectura de poes\u00eda, escribiendo cuentos y &hellip; <\/p>\n<p><a class=\"more-link btn\" href=\"https:\/\/blog.espol.edu.ec\/eveyusol\/pagina-ejemplo\/\">Seguir leyendo<\/a><\/p>\n","protected":false},"author":10103,"featured_media":31,"parent":0,"menu_order":0,"comment_status":"closed","ping_status":"open","template":"","meta":{"footnotes":""},"class_list":["post-2","page","type-page","status-publish","has-post-thumbnail","hentry","nodate","item-wrap"],"_links":{"self":[{"href":"https:\/\/blog.espol.edu.ec\/eveyusol\/wp-json\/wp\/v2\/pages\/2","targetHints":{"allow":["GET"]}}],"collection":[{"href":"https:\/\/blog.espol.edu.ec\/eveyusol\/wp-json\/wp\/v2\/pages"}],"about":[{"href":"https:\/\/blog.espol.edu.ec\/eveyusol\/wp-json\/wp\/v2\/types\/page"}],"author":[{"embeddable":true,"href":"https:\/\/blog.espol.edu.ec\/eveyusol\/wp-json\/wp\/v2\/users\/10103"}],"replies":[{"embeddable":true,"href":"https:\/\/blog.espol.edu.ec\/eveyusol\/wp-json\/wp\/v2\/comments?post=2"}],"version-history":[{"count":3,"href":"https:\/\/blog.espol.edu.ec\/eveyusol\/wp-json\/wp\/v2\/pages\/2\/revisions"}],"predecessor-version":[{"id":35,"href":"https:\/\/blog.espol.edu.ec\/eveyusol\/wp-json\/wp\/v2\/pages\/2\/revisions\/35"}],"wp:featuredmedia":[{"embeddable":true,"href":"https:\/\/blog.espol.edu.ec\/eveyusol\/wp-json\/wp\/v2\/media\/31"}],"wp:attachment":[{"href":"https:\/\/blog.espol.edu.ec\/eveyusol\/wp-json\/wp\/v2\/media?parent=2"}],"curies":[{"name":"wp","href":"https:\/\/api.w.org\/{rel}","templated":true}]}}