{"id":170,"date":"2014-11-10T05:32:48","date_gmt":"2014-11-10T05:32:48","guid":{"rendered":"http:\/\/blog.espol.edu.ec\/evgonzal\/?page_id=170"},"modified":"2014-11-12T02:53:55","modified_gmt":"2014-11-12T02:53:55","slug":"gastronomia-ecuatoriana","status":"publish","type":"page","link":"https:\/\/blog.espol.edu.ec\/evgonzal\/gastronomia-ecuatoriana\/","title":{"rendered":"Gastronomia Ecuatoriana"},"content":{"rendered":"<p><iframe loading=\"lazy\" title=\"GASTRONOM\u00cdA ECUATORIANA\" width=\"500\" height=\"375\" src=\"https:\/\/www.youtube.com\/embed\/--PDBQgVn84?feature=oembed\" frameborder=\"0\" allow=\"accelerometer; autoplay; clipboard-write; encrypted-media; gyroscope; picture-in-picture; web-share\" referrerpolicy=\"strict-origin-when-cross-origin\" allowfullscreen><\/iframe><\/p>\n<p>En la actualidad nuestro pa\u00eds se ha vuelto unos de lugares tur\u00edsticos favoritos por los extranjeros de tal manera ,que lo que mas le atrae son nuestro bellos paisajes y sobre todo su DELICIOSA <a href=\"https:\/\/ricardomedinao.wordpress.com\/2013\/06\/13\/la-gastronomia-en-ecuadoractividad-que-si-avanza\/\">GASTRONOM\u00cdA.<\/a><br \/>\nUna gastronom\u00eda interesante ya que por poseer 4 regiones Costa,Sierra, Oriente y gal\u00e1pagos contiene sabores diferentes debido a la saz\u00f3n de cada regi\u00f3n.<br \/>\nDonde a cada region se la conoce por su plato tipico:<br \/>\n*Region Costa: Encebollado<\/p>\n<p>*Region Sierra : El cuy<\/p>\n<p><a href=\"http:\/\/blog.espol.edu.ec\/evgonzal\/files\/2014\/11\/HISTORIA_Recetas-ecuatorianas.jpg\"><img loading=\"lazy\" decoding=\"async\" class=\"aligncenter size-medium wp-image-203\" src=\"http:\/\/blog.espol.edu.ec\/evgonzal\/files\/2014\/11\/HISTORIA_Recetas-ecuatorianas-300x214.jpg\" alt=\"HISTORIA_Recetas-ecuatorianas\" width=\"300\" height=\"214\" srcset=\"https:\/\/blog.espol.edu.ec\/evgonzal\/files\/2014\/11\/HISTORIA_Recetas-ecuatorianas-300x214.jpg 300w, https:\/\/blog.espol.edu.ec\/evgonzal\/files\/2014\/11\/HISTORIA_Recetas-ecuatorianas.jpg 640w\" sizes=\"auto, (max-width: 300px) 100vw, 300px\" \/><\/a><\/p>\n","protected":false},"excerpt":{"rendered":"<p>En la actualidad nuestro pa\u00eds se ha vuelto unos de lugares tur\u00edsticos favoritos por los extranjeros de tal manera ,que lo que mas le atrae son nuestro bellos paisajes y sobre todo su DELICIOSA GASTRONOM\u00cdA. Una gastronom\u00eda interesante ya que por poseer 4 regiones Costa,Sierra, Oriente y gal\u00e1pagos contiene sabores diferentes debido a la saz\u00f3n [&hellip;]<\/p>\n","protected":false},"author":9322,"featured_media":0,"parent":0,"menu_order":0,"comment_status":"open","ping_status":"open","template":"","meta":{"footnotes":""},"class_list":["post-170","page","type-page","status-publish","hentry"],"_links":{"self":[{"href":"https:\/\/blog.espol.edu.ec\/evgonzal\/wp-json\/wp\/v2\/pages\/170","targetHints":{"allow":["GET"]}}],"collection":[{"href":"https:\/\/blog.espol.edu.ec\/evgonzal\/wp-json\/wp\/v2\/pages"}],"about":[{"href":"https:\/\/blog.espol.edu.ec\/evgonzal\/wp-json\/wp\/v2\/types\/page"}],"author":[{"embeddable":true,"href":"https:\/\/blog.espol.edu.ec\/evgonzal\/wp-json\/wp\/v2\/users\/9322"}],"replies":[{"embeddable":true,"href":"https:\/\/blog.espol.edu.ec\/evgonzal\/wp-json\/wp\/v2\/comments?post=170"}],"version-history":[{"count":6,"href":"https:\/\/blog.espol.edu.ec\/evgonzal\/wp-json\/wp\/v2\/pages\/170\/revisions"}],"predecessor-version":[{"id":231,"href":"https:\/\/blog.espol.edu.ec\/evgonzal\/wp-json\/wp\/v2\/pages\/170\/revisions\/231"}],"wp:attachment":[{"href":"https:\/\/blog.espol.edu.ec\/evgonzal\/wp-json\/wp\/v2\/media?parent=170"}],"curies":[{"name":"wp","href":"https:\/\/api.w.org\/{rel}","templated":true}]}}