{"id":172,"date":"2014-11-10T05:38:40","date_gmt":"2014-11-10T05:38:40","guid":{"rendered":"http:\/\/blog.espol.edu.ec\/evgonzal\/?page_id=172"},"modified":"2014-11-12T03:44:03","modified_gmt":"2014-11-12T03:44:03","slug":"light-blink","status":"publish","type":"page","link":"https:\/\/blog.espol.edu.ec\/evgonzal\/light-blink\/","title":{"rendered":"Light -Blink"},"content":{"rendered":"<p>En la mayoria de mis platos se, usar algunas de estas vitaminas aquellas que a la vez son muy importantes para nuestro organismo en este momento enterate para que sirven.Ya que si no las consumismos manifestar carencias.<\/p>\n<p>Vitaminas<br \/>\nLa palabra vitamina significa amina esencia para la vida.Aunque no todos ellas sean aminas (compuestos quimicos derivados del amoniaco).<\/p>\n<p>\/Vitamina A(axeroftol)\/ Vegetales amarillos aceite de h\u00edgado de pescado,huevos mantequillas y zanahoria.Ya que el consumo genera el crecimiento y formaci\u00f3n de nuevas c\u00e9lulas,resistencias a las infecciones en v\u00edas respiratorias,intestinales y ojos.<\/p>\n<p>\/Vitamina E(tocoferol)\/ Aceites de germenes de trigo y maiz,lechuga ,espinacas,berros,yema de huevo. Funcion en el organismo son necesarios para el creciemiento.<\/p>\n<p>\/Vitamina B1(tiamina)\/ Cereales,vegetales,leche carne,queso. La funci\u00f3n que cumple en el organismo es para la oxidaci\u00f3n de los alimentos.<\/p>\n<p>\/Vitamina B6(\u00e1cido nicotinico)\/ Germen de trigo,levaduras,vegetales,verde,,h\u00edgado,ri\u00f1\u00f3n.Muy importante para el metabolismo de hidratos de carbono y prote\u00ednas.<\/p>\n<p>\/Vitamina C(acido ascorbico)\/ Naranjas,limones,uvas,vegetales crudos .Sirven como cicatrizante. <a title=\"Vitaminas\" href=\"http:\/\/www.nlm.nih.gov\/medlineplus\/spanish\/ency\/article\/002399.htm\" target=\"_blank\">Vitaminas.<\/a><\/p>\n","protected":false},"excerpt":{"rendered":"<p>En la mayoria de mis platos se, usar algunas de estas vitaminas aquellas que a la vez son muy importantes para nuestro organismo en este momento enterate para que sirven.Ya que si no las consumismos manifestar carencias. Vitaminas La palabra vitamina significa amina esencia para la vida.Aunque no todos ellas sean aminas (compuestos quimicos derivados [&hellip;]<\/p>\n","protected":false},"author":9322,"featured_media":0,"parent":0,"menu_order":0,"comment_status":"open","ping_status":"open","template":"","meta":{"footnotes":""},"class_list":["post-172","page","type-page","status-publish","hentry"],"_links":{"self":[{"href":"https:\/\/blog.espol.edu.ec\/evgonzal\/wp-json\/wp\/v2\/pages\/172","targetHints":{"allow":["GET"]}}],"collection":[{"href":"https:\/\/blog.espol.edu.ec\/evgonzal\/wp-json\/wp\/v2\/pages"}],"about":[{"href":"https:\/\/blog.espol.edu.ec\/evgonzal\/wp-json\/wp\/v2\/types\/page"}],"author":[{"embeddable":true,"href":"https:\/\/blog.espol.edu.ec\/evgonzal\/wp-json\/wp\/v2\/users\/9322"}],"replies":[{"embeddable":true,"href":"https:\/\/blog.espol.edu.ec\/evgonzal\/wp-json\/wp\/v2\/comments?post=172"}],"version-history":[{"count":4,"href":"https:\/\/blog.espol.edu.ec\/evgonzal\/wp-json\/wp\/v2\/pages\/172\/revisions"}],"predecessor-version":[{"id":234,"href":"https:\/\/blog.espol.edu.ec\/evgonzal\/wp-json\/wp\/v2\/pages\/172\/revisions\/234"}],"wp:attachment":[{"href":"https:\/\/blog.espol.edu.ec\/evgonzal\/wp-json\/wp\/v2\/media?parent=172"}],"curies":[{"name":"wp","href":"https:\/\/api.w.org\/{rel}","templated":true}]}}