{"id":42,"date":"2009-11-16T22:47:10","date_gmt":"2009-11-17T03:47:10","guid":{"rendered":"http:\/\/blog.espol.edu.ec\/faderoda\/?page_id=42"},"modified":"2009-11-16T22:47:10","modified_gmt":"2009-11-17T03:47:10","slug":"que-es-la-literatura","status":"publish","type":"page","link":"https:\/\/blog.espol.edu.ec\/faderoda\/que-es-la-literatura\/","title":{"rendered":"Qu\u00e9 es la Literatura"},"content":{"rendered":"<p><span style=\"font-size: small\"><span style=\"font-family: Times New Roman\">\u00a0<\/span><\/span><\/p>\n<p align=\"center\"><strong><span style=\"text-decoration: underline\"><span lang=\"ES\">LA LITERATURA<\/span><\/span><\/strong><\/p>\n<p class=\"MsoNormal\">\n<table border=\"0\" cellspacing=\"0\" cellpadding=\"0\" width=\"100%\">\n<tbody>\n<tr>\n<td>\u00a0<\/td>\n<\/tr>\n<\/tbody>\n<\/table>\n<p><span lang=\"ES\">Es el arte que crea belleza por medio de las palabras, que da en poemas, novelas. Cuentos y en muchas obras literarias. Se diferencia muchas veces entre la realidad y la ciencia, ya que su est\u00e9tica se expande m\u00e1s all\u00e1 de la imaginaci\u00f3n humana<\/span><\/p>\n<p>\u00a0<\/p>\n<tbody><\/tbody>\n<td style=\"border: #ece9d8\">\u00a0<\/td>\n<p>\u00a0<\/p>\n<p>\u00a0<\/p>\n<div>\u00a0<\/div>\n","protected":false},"excerpt":{"rendered":"<p>\u00a0 LA LITERATURA \u00a0 Es el arte que crea belleza por medio de las palabras, que da en poemas, novelas. Cuentos y en muchas obras literarias. Se diferencia muchas veces entre la realidad y la ciencia, ya que su est\u00e9tica se expande m\u00e1s all\u00e1 de la imaginaci\u00f3n humana \u00a0 \u00a0 \u00a0 \u00a0 \u00a0<\/p>\n","protected":false},"author":3112,"featured_media":0,"parent":0,"menu_order":0,"comment_status":"open","ping_status":"open","template":"","meta":{"footnotes":""},"class_list":["post-42","page","type-page","status-publish","hentry"],"_links":{"self":[{"href":"https:\/\/blog.espol.edu.ec\/faderoda\/wp-json\/wp\/v2\/pages\/42","targetHints":{"allow":["GET"]}}],"collection":[{"href":"https:\/\/blog.espol.edu.ec\/faderoda\/wp-json\/wp\/v2\/pages"}],"about":[{"href":"https:\/\/blog.espol.edu.ec\/faderoda\/wp-json\/wp\/v2\/types\/page"}],"author":[{"embeddable":true,"href":"https:\/\/blog.espol.edu.ec\/faderoda\/wp-json\/wp\/v2\/users\/3112"}],"replies":[{"embeddable":true,"href":"https:\/\/blog.espol.edu.ec\/faderoda\/wp-json\/wp\/v2\/comments?post=42"}],"version-history":[{"count":5,"href":"https:\/\/blog.espol.edu.ec\/faderoda\/wp-json\/wp\/v2\/pages\/42\/revisions"}],"predecessor-version":[{"id":68,"href":"https:\/\/blog.espol.edu.ec\/faderoda\/wp-json\/wp\/v2\/pages\/42\/revisions\/68"}],"wp:attachment":[{"href":"https:\/\/blog.espol.edu.ec\/faderoda\/wp-json\/wp\/v2\/media?parent=42"}],"curies":[{"name":"wp","href":"https:\/\/api.w.org\/{rel}","templated":true}]}}