{"id":35,"date":"2016-11-15T10:40:00","date_gmt":"2016-11-15T10:40:00","guid":{"rendered":"http:\/\/blog.espol.edu.ec\/fafranco\/?page_id=35"},"modified":"2016-11-15T10:40:00","modified_gmt":"2016-11-15T10:40:00","slug":"edad-moderna","status":"publish","type":"page","link":"https:\/\/blog.espol.edu.ec\/fafranco\/edad-moderna\/","title":{"rendered":"Edad Moderna"},"content":{"rendered":"<p>La Edad Moderna es el tercero de los periodos hist\u00f3ricos en los que se divide convencionalmente la historia universal, comprendido entre el siglo XV y el XVIII. Cronol\u00f3gicamente alberga un periodo cuyo inicio puede fijarse en la ca\u00edda de Constantinopla (1453) o en el descubrimiento de Am\u00e9rica (1492), y cuyo final puede situarse en la Revoluci\u00f3n francesa (1789). Existen personas que marcan su fin en la d\u00e9cada previa, tras la independencia de los Estados Unidos (1776).nota 1 En esta convenci\u00f3n, la Edad Moderna se corresponde al per\u00edodo en que se destacan los valores de la modernidad (el progreso, la comunicaci\u00f3n, la raz\u00f3n) frente al per\u00edodo anterior, la Edad Media, que es generalmente identificado como una edad aislada e intelectualmente oscura. El esp\u00edritu de la Edad Moderna buscar\u00eda su referente en un pasado anterior, la Edad Antigua identificada como \u00c9poca Cl\u00e1sica.<\/p>\n<p>En la Edad Moderna se encontraron los dos \"mundos\" que hab\u00edan permanecido casi absolutamente aislados desde la Prehistoria: el Nuevo Mundo (Am\u00e9rica) y el Viejo Mundo (Eurasia y \u00c1frica). Cuando se consolide la exploraci\u00f3n europea de Australia se hablar\u00e1 de Nov\u00edsimo Mundo.<img loading=\"lazy\" decoding=\"async\" class=\"size-medium wp-image-36 aligncenter\" src=\"http:\/\/blog.espol.edu.ec\/fafranco\/files\/2016\/11\/Thomas_Gainsborough_-_Mr_and_Mrs_Andrews-300x173.jpg\" alt=\"thomas_gainsborough_-_mr_and_mrs_andrews\" width=\"300\" height=\"173\" srcset=\"https:\/\/blog.espol.edu.ec\/fafranco\/files\/2016\/11\/Thomas_Gainsborough_-_Mr_and_Mrs_Andrews-300x173.jpg 300w, https:\/\/blog.espol.edu.ec\/fafranco\/files\/2016\/11\/Thomas_Gainsborough_-_Mr_and_Mrs_Andrews-768x444.jpg 768w, https:\/\/blog.espol.edu.ec\/fafranco\/files\/2016\/11\/Thomas_Gainsborough_-_Mr_and_Mrs_Andrews.jpg 1024w, https:\/\/blog.espol.edu.ec\/fafranco\/files\/2016\/11\/Thomas_Gainsborough_-_Mr_and_Mrs_Andrews-500x289.jpg 500w\" sizes=\"auto, (max-width: 300px) 100vw, 300px\" \/><\/p>\n<blockquote>\n<p style=\"text-align: center\"><i>Los se\u00f1ores Andrews<\/i> (1748)<\/p>\n<\/blockquote>\n<form id=\"vozme_form_ea2367b45cb22547f6dc459bbbb5d8cc\" method=\"post\" name=\"vozme_form_ea2367b45cb22547f6dc459bbbb5d8cc\" target=\"ea2367b45cb22547f6dc459bbbb5d8cc\" action=\"http:\/\/vozme.com\/text2voice.php\"><input name=\"text\" type=\"hidden\" value=\"Edad Moderna. La Edad Moderna es el tercero de los periodos hist\u00f3ricos en los que se divide convencionalmente la historia universal, comprendido entre el siglo XV y el XVIII. Cronol\u00f3gicamente alberga un periodo cuyo inicio puede fijarse en la ca\u00edda de Constantinopla (1453) o en el descubrimiento de Am\u00e9rica (1492), y cuyo final puede situarse en la Revoluci\u00f3n francesa (1789). Existen personas que marcan su fin en la d\u00e9cada previa, tras la independencia de los Estados Unidos (1776).nota 1 En esta convenci\u00f3n, la Edad Moderna se corresponde al per\u00edodo en que se destacan los valores de la modernidad (el progreso, la comunicaci\u00f3n, la raz\u00f3n) frente al per\u00edodo anterior, la Edad Media, que es generalmente identificado como una edad aislada e intelectualmente oscura. El esp\u00edritu de la Edad Moderna buscar\u00eda su referente en un pasado anterior, la Edad Antigua identificada como \u00c9poca Cl\u00e1sica.\nEn la Edad Moderna se encontraron los dos &quot;mundos&quot; que hab\u00edan permanecido casi absolutamente aislados desde la Prehistoria: el Nuevo Mundo (Am\u00e9rica) y el Viejo Mundo (Eurasia y \u00c1frica). Cuando se consolide la exploraci\u00f3n europea de Australia se hablar\u00e1 de Nov\u00edsimo Mundo.\n\nLos se\u00f1ores Andrews (1748)\n\n\" \/><input name=\"lang\" type=\"hidden\" value=\"en\" \/><input name=\"gn\" type=\"hidden\" value=\"ml\" \/><input type=\"hidden\" id=\"interface\" name=\"interface\" value=\"full\" \/>\n\t\t\t<div style=\"margin-left:40%;\">\n\t\t\t\n\t\t\t\t<input style=\"float:left;\" type=\"image\" width=\"40\" height=\"40\" src=\"http:\/\/blog.espol.edu.ec\/fafranco\/wp-content\/plugins\/vozme\/img\/megaphone40x40w.gif\" alt=\"Hear this post\" onclick=\"window.open('', 'ea2367b45cb22547f6dc459bbbb5d8cc', 'width=600,height=370,scrollbars=yes,location=yes,menubar=yes,resizable=yes,status=yes,toolbar=yes');\">\n\t\t\t\t<div style=\"margin-left:48px; text-align:left;\"><a style=\"font-size:12px;\" href=\"javascript:void(0);\" onclick=\"window.open('', 'ea2367b45cb22547f6dc459bbbb5d8cc', 'width=600,height=370,scrollbars=yes,location=yes,menubar=yes,resizable=yes,status=yes,toolbar=yes'); document.getElementById('vozme_form_ea2367b45cb22547f6dc459bbbb5d8cc').submit();\">Hear<br\/>this post<\/a><\/div>\n\t\t\t<\/div><\/form>","protected":false},"excerpt":{"rendered":"<p>La Edad Moderna es el tercero de los periodos hist\u00f3ricos en los que se divide convencionalmente la historia universal, comprendido entre el siglo XV y el XVIII. Cronol\u00f3gicamente alberga un periodo cuyo inicio puede fijarse en la ca\u00edda de Constantinopla &hellip; <a href=\"https:\/\/blog.espol.edu.ec\/fafranco\/edad-moderna\/\">Sigue leyendo <span class=\"meta-nav\">&rarr;<\/span><\/a><\/p>\n","protected":false},"author":10686,"featured_media":0,"parent":0,"menu_order":0,"comment_status":"closed","ping_status":"closed","template":"","meta":{"footnotes":""},"class_list":["post-35","page","type-page","status-publish","hentry"],"_links":{"self":[{"href":"https:\/\/blog.espol.edu.ec\/fafranco\/wp-json\/wp\/v2\/pages\/35","targetHints":{"allow":["GET"]}}],"collection":[{"href":"https:\/\/blog.espol.edu.ec\/fafranco\/wp-json\/wp\/v2\/pages"}],"about":[{"href":"https:\/\/blog.espol.edu.ec\/fafranco\/wp-json\/wp\/v2\/types\/page"}],"author":[{"embeddable":true,"href":"https:\/\/blog.espol.edu.ec\/fafranco\/wp-json\/wp\/v2\/users\/10686"}],"replies":[{"embeddable":true,"href":"https:\/\/blog.espol.edu.ec\/fafranco\/wp-json\/wp\/v2\/comments?post=35"}],"version-history":[{"count":1,"href":"https:\/\/blog.espol.edu.ec\/fafranco\/wp-json\/wp\/v2\/pages\/35\/revisions"}],"predecessor-version":[{"id":37,"href":"https:\/\/blog.espol.edu.ec\/fafranco\/wp-json\/wp\/v2\/pages\/35\/revisions\/37"}],"wp:attachment":[{"href":"https:\/\/blog.espol.edu.ec\/fafranco\/wp-json\/wp\/v2\/media?parent=35"}],"curies":[{"name":"wp","href":"https:\/\/api.w.org\/{rel}","templated":true}]}}