{"id":38,"date":"2016-11-15T10:42:16","date_gmt":"2016-11-15T10:42:16","guid":{"rendered":"http:\/\/blog.espol.edu.ec\/fafranco\/?page_id=38"},"modified":"2016-11-15T10:43:06","modified_gmt":"2016-11-15T10:43:06","slug":"edad-antigua","status":"publish","type":"page","link":"https:\/\/blog.espol.edu.ec\/fafranco\/edad-antigua\/","title":{"rendered":"Edad antigua"},"content":{"rendered":"<p>La Edad Antigua es la \u00e9poca hist\u00f3rica que coincide con el surgimiento y desarrollo de las primeras civilizaciones o civilizaciones antiguas. Tradicionalmente, se ha considerado la invenci\u00f3n de la escritura como el punto de partida de la historia antigua.<\/p>\n<p>El concepto m\u00e1s tradicional de la historia antigua presta atenci\u00f3n a la invenci\u00f3n de la escritura, que convencionalmente la historiograf\u00eda la ha considerado el hito que permite marcar el final de la prehistoria y el comienzo de la historia, dada la primac\u00eda que otorga a las fuentes escritas frente a la cultura material, que estudia con su propio m\u00e9todo la arqueolog\u00eda. Otras orientaciones procuran atender al sistema social o al nivel t\u00e9cnico. Por \u00faltimo, los estudios de gen\u00e9tica de poblaciones basados en distintas t\u00e9cnicas de an\u00e1lisis comparativo de ADN y los estudios de antropolog\u00eda ling\u00fc\u00edstica est\u00e1n llegando a reconstruir de un modo cada vez m\u00e1s preciso las\u00a0migraciones antiguas y su herencia en las poblaciones actuales<img loading=\"lazy\" decoding=\"async\" class=\"size-medium wp-image-39 aligncenter\" src=\"http:\/\/blog.espol.edu.ec\/fafranco\/files\/2016\/11\/Cuneiform_script2-180x300.jpg\" alt=\"cuneiform_script2\" width=\"180\" height=\"300\" srcset=\"https:\/\/blog.espol.edu.ec\/fafranco\/files\/2016\/11\/Cuneiform_script2-180x300.jpg 180w, https:\/\/blog.espol.edu.ec\/fafranco\/files\/2016\/11\/Cuneiform_script2.jpg 385w\" sizes=\"auto, (max-width: 180px) 100vw, 180px\" \/><\/p>\n<blockquote>\n<p style=\"text-align: center\">\u00a0 \u00a0 \u00a0 \u00a0 \u00a0 \u00a0 \u00a0 Tableta de arcilla sumeria con escritura cuneiforme de finales del III milenio a. C<\/p>\n<\/blockquote>\n<form id=\"vozme_form_9535edcd155fc3daf70836a1113d4384\" method=\"post\" name=\"vozme_form_9535edcd155fc3daf70836a1113d4384\" target=\"9535edcd155fc3daf70836a1113d4384\" action=\"http:\/\/vozme.com\/text2voice.php\"><input name=\"text\" type=\"hidden\" value=\"Edad antigua. La Edad Antigua es la \u00e9poca hist\u00f3rica que coincide con el surgimiento y desarrollo de las primeras civilizaciones o civilizaciones antiguas. Tradicionalmente, se ha considerado la invenci\u00f3n de la escritura como el punto de partida de la historia antigua.\nEl concepto m\u00e1s tradicional de la historia antigua presta atenci\u00f3n a la invenci\u00f3n de la escritura, que convencionalmente la historiograf\u00eda la ha considerado el hito que permite marcar el final de la prehistoria y el comienzo de la historia, dada la primac\u00eda que otorga a las fuentes escritas frente a la cultura material, que estudia con su propio m\u00e9todo la arqueolog\u00eda. Otras orientaciones procuran atender al sistema social o al nivel t\u00e9cnico. Por \u00faltimo, los estudios de gen\u00e9tica de poblaciones basados en distintas t\u00e9cnicas de an\u00e1lisis comparativo de ADN y los estudios de antropolog\u00eda ling\u00fc\u00edstica est\u00e1n llegando a reconstruir de un modo cada vez m\u00e1s preciso las\u00a0migraciones antiguas y su herencia en las poblaciones actuales\n\n\u00a0 \u00a0 \u00a0 \u00a0 \u00a0 \u00a0 \u00a0 Tableta de arcilla sumeria con escritura cuneiforme de finales del III milenio a. C\n\n\" \/><input name=\"lang\" type=\"hidden\" value=\"en\" \/><input name=\"gn\" type=\"hidden\" value=\"ml\" \/><input type=\"hidden\" id=\"interface\" name=\"interface\" value=\"full\" \/>\n\t\t\t<div style=\"margin-left:40%;\">\n\t\t\t\n\t\t\t\t<input style=\"float:left;\" type=\"image\" width=\"40\" height=\"40\" src=\"http:\/\/blog.espol.edu.ec\/fafranco\/wp-content\/plugins\/vozme\/img\/megaphone40x40w.gif\" alt=\"Hear this post\" onclick=\"window.open('', '9535edcd155fc3daf70836a1113d4384', 'width=600,height=370,scrollbars=yes,location=yes,menubar=yes,resizable=yes,status=yes,toolbar=yes');\">\n\t\t\t\t<div style=\"margin-left:48px; text-align:left;\"><a style=\"font-size:12px;\" href=\"javascript:void(0);\" onclick=\"window.open('', '9535edcd155fc3daf70836a1113d4384', 'width=600,height=370,scrollbars=yes,location=yes,menubar=yes,resizable=yes,status=yes,toolbar=yes'); document.getElementById('vozme_form_9535edcd155fc3daf70836a1113d4384').submit();\">Hear<br\/>this post<\/a><\/div>\n\t\t\t<\/div><\/form>","protected":false},"excerpt":{"rendered":"<p>La Edad Antigua es la \u00e9poca hist\u00f3rica que coincide con el surgimiento y desarrollo de las primeras civilizaciones o civilizaciones antiguas. Tradicionalmente, se ha considerado la invenci\u00f3n de la escritura como el punto de partida de la historia antigua. El &hellip; <a href=\"https:\/\/blog.espol.edu.ec\/fafranco\/edad-antigua\/\">Sigue leyendo <span class=\"meta-nav\">&rarr;<\/span><\/a><\/p>\n","protected":false},"author":10686,"featured_media":0,"parent":0,"menu_order":0,"comment_status":"closed","ping_status":"closed","template":"","meta":{"footnotes":""},"class_list":["post-38","page","type-page","status-publish","hentry"],"_links":{"self":[{"href":"https:\/\/blog.espol.edu.ec\/fafranco\/wp-json\/wp\/v2\/pages\/38","targetHints":{"allow":["GET"]}}],"collection":[{"href":"https:\/\/blog.espol.edu.ec\/fafranco\/wp-json\/wp\/v2\/pages"}],"about":[{"href":"https:\/\/blog.espol.edu.ec\/fafranco\/wp-json\/wp\/v2\/types\/page"}],"author":[{"embeddable":true,"href":"https:\/\/blog.espol.edu.ec\/fafranco\/wp-json\/wp\/v2\/users\/10686"}],"replies":[{"embeddable":true,"href":"https:\/\/blog.espol.edu.ec\/fafranco\/wp-json\/wp\/v2\/comments?post=38"}],"version-history":[{"count":2,"href":"https:\/\/blog.espol.edu.ec\/fafranco\/wp-json\/wp\/v2\/pages\/38\/revisions"}],"predecessor-version":[{"id":41,"href":"https:\/\/blog.espol.edu.ec\/fafranco\/wp-json\/wp\/v2\/pages\/38\/revisions\/41"}],"wp:attachment":[{"href":"https:\/\/blog.espol.edu.ec\/fafranco\/wp-json\/wp\/v2\/media?parent=38"}],"curies":[{"name":"wp","href":"https:\/\/api.w.org\/{rel}","templated":true}]}}