{"id":42,"date":"2016-11-15T10:58:02","date_gmt":"2016-11-15T10:58:02","guid":{"rendered":"http:\/\/blog.espol.edu.ec\/fafranco\/?page_id=42"},"modified":"2016-11-15T11:01:15","modified_gmt":"2016-11-15T11:01:15","slug":"prehistoria","status":"publish","type":"page","link":"https:\/\/blog.espol.edu.ec\/fafranco\/prehistoria\/","title":{"rendered":"Prehistoria"},"content":{"rendered":"<p>La prehistoria (del lat\u00edn pr\u00e6-, \u00abantes de\u00bb, y de historia, \u00abhistoria\u00bb, este \u00faltimo es un pr\u00e9stamo del griego \u03b9\u03c3\u03c4\u03bf\u03c1\u03af\u03b1, \u00abhistoria, investigaci\u00f3n, noticia\u00bb) es, seg\u00fan la definici\u00f3n cl\u00e1sica, el per\u00edodo de tiempo transcurrido desde la aparici\u00f3n de los primeros homininos, antecesores del Homo sapiens, hasta que tenemos constancia de la existencia de documentos escritos, algo que ocurri\u00f3 en primer lugar en el Oriente Pr\u00f3ximo hacia el 3300 a. C.; en el resto del planeta, posteriormente.<\/p>\n<p>Es importante se\u00f1alar que, seg\u00fan las nuevas interpretaciones de la ciencia hist\u00f3rica, la prehistoria es un t\u00e9rmino carente de significado real en el sentido que fue entendido por generaciones. Si se considera a la Historia, tomando la definici\u00f3n de Marc Bloch, como el \u00abacontecer humano en el tiempo\u00bb, todo es Historia existiendo el ser humano, y la prehistoria podr\u00eda, forzadamente, solo entenderse como el estudio de la vida antes de la aparici\u00f3n del primer hom\u00ednido en la tierra. Desde el punto de vista cronol\u00f3gico, sus l\u00edmites est\u00e1n lejos de ser claros, pues ni la llegada del ser humano ni la invenci\u00f3n de la escritura tienen lugar al mismo tiempo en todas las zonas del planeta.<\/p>\n<p>&nbsp;<\/p>\n<blockquote>\n<p style=\"text-align: center\"><img loading=\"lazy\" decoding=\"async\" class=\"size-medium wp-image-45 aligncenter\" src=\"http:\/\/blog.espol.edu.ec\/fafranco\/files\/2016\/11\/800px-Mapa_de_las_migraciones_humanas.svg_-300x220.png\" alt=\"800px-mapa_de_las_migraciones_humanas-svg\" width=\"300\" height=\"220\" srcset=\"https:\/\/blog.espol.edu.ec\/fafranco\/files\/2016\/11\/800px-Mapa_de_las_migraciones_humanas.svg_-300x220.png 300w, https:\/\/blog.espol.edu.ec\/fafranco\/files\/2016\/11\/800px-Mapa_de_las_migraciones_humanas.svg_-768x563.png 768w, https:\/\/blog.espol.edu.ec\/fafranco\/files\/2016\/11\/800px-Mapa_de_las_migraciones_humanas.svg_-410x300.png 410w, https:\/\/blog.espol.edu.ec\/fafranco\/files\/2016\/11\/800px-Mapa_de_las_migraciones_humanas.svg_.png 800w\" sizes=\"auto, (max-width: 300px) 100vw, 300px\" \/><span class=\"mw-mmv-title\">Mapamundi de las migraciones de Homo sapiens, con el polo norte como centro<\/span><\/p>\n<\/blockquote>\n<form id=\"vozme_form_5fc8ab78ce7b531abedf6d04f68901b3\" method=\"post\" name=\"vozme_form_5fc8ab78ce7b531abedf6d04f68901b3\" target=\"5fc8ab78ce7b531abedf6d04f68901b3\" action=\"http:\/\/vozme.com\/text2voice.php\"><input name=\"text\" type=\"hidden\" value=\"Prehistoria. La prehistoria (del lat\u00edn pr\u00e6-, \u00abantes de\u00bb, y de historia, \u00abhistoria\u00bb, este \u00faltimo es un pr\u00e9stamo del griego \u03b9\u03c3\u03c4\u03bf\u03c1\u03af\u03b1, \u00abhistoria, investigaci\u00f3n, noticia\u00bb) es, seg\u00fan la definici\u00f3n cl\u00e1sica, el per\u00edodo de tiempo transcurrido desde la aparici\u00f3n de los primeros homininos, antecesores del Homo sapiens, hasta que tenemos constancia de la existencia de documentos escritos, algo que ocurri\u00f3 en primer lugar en el Oriente Pr\u00f3ximo hacia el 3300 a. C.; en el resto del planeta, posteriormente.\nEs importante se\u00f1alar que, seg\u00fan las nuevas interpretaciones de la ciencia hist\u00f3rica, la prehistoria es un t\u00e9rmino carente de significado real en el sentido que fue entendido por generaciones. Si se considera a la Historia, tomando la definici\u00f3n de Marc Bloch, como el \u00abacontecer humano en el tiempo\u00bb, todo es Historia existiendo el ser humano, y la prehistoria podr\u00eda, forzadamente, solo entenderse como el estudio de la vida antes de la aparici\u00f3n del primer hom\u00ednido en la tierra. Desde el punto de vista cronol\u00f3gico, sus l\u00edmites est\u00e1n lejos de ser claros, pues ni la llegada del ser humano ni la invenci\u00f3n de la escritura tienen lugar al mismo tiempo en todas las zonas del planeta.\n&nbsp;\n\nMapamundi de las migraciones de Homo sapiens, con el polo norte como centro\n\n\" \/><input name=\"lang\" type=\"hidden\" value=\"en\" \/><input name=\"gn\" type=\"hidden\" value=\"ml\" \/><input type=\"hidden\" id=\"interface\" name=\"interface\" value=\"full\" \/>\n\t\t\t<div style=\"margin-left:40%;\">\n\t\t\t\n\t\t\t\t<input style=\"float:left;\" type=\"image\" width=\"40\" height=\"40\" src=\"http:\/\/blog.espol.edu.ec\/fafranco\/wp-content\/plugins\/vozme\/img\/megaphone40x40w.gif\" alt=\"Hear this post\" onclick=\"window.open('', '5fc8ab78ce7b531abedf6d04f68901b3', 'width=600,height=370,scrollbars=yes,location=yes,menubar=yes,resizable=yes,status=yes,toolbar=yes');\">\n\t\t\t\t<div style=\"margin-left:48px; text-align:left;\"><a style=\"font-size:12px;\" href=\"javascript:void(0);\" onclick=\"window.open('', '5fc8ab78ce7b531abedf6d04f68901b3', 'width=600,height=370,scrollbars=yes,location=yes,menubar=yes,resizable=yes,status=yes,toolbar=yes'); document.getElementById('vozme_form_5fc8ab78ce7b531abedf6d04f68901b3').submit();\">Hear<br\/>this post<\/a><\/div>\n\t\t\t<\/div><\/form>","protected":false},"excerpt":{"rendered":"<p>La prehistoria (del lat\u00edn pr\u00e6-, \u00abantes de\u00bb, y de historia, \u00abhistoria\u00bb, este \u00faltimo es un pr\u00e9stamo del griego \u03b9\u03c3\u03c4\u03bf\u03c1\u03af\u03b1, \u00abhistoria, investigaci\u00f3n, noticia\u00bb) es, seg\u00fan la definici\u00f3n cl\u00e1sica, el per\u00edodo de tiempo transcurrido desde la aparici\u00f3n de los primeros homininos, antecesores &hellip; <a href=\"https:\/\/blog.espol.edu.ec\/fafranco\/prehistoria\/\">Sigue leyendo <span class=\"meta-nav\">&rarr;<\/span><\/a><\/p>\n","protected":false},"author":10686,"featured_media":0,"parent":0,"menu_order":0,"comment_status":"closed","ping_status":"closed","template":"","meta":{"footnotes":""},"class_list":["post-42","page","type-page","status-publish","hentry"],"_links":{"self":[{"href":"https:\/\/blog.espol.edu.ec\/fafranco\/wp-json\/wp\/v2\/pages\/42","targetHints":{"allow":["GET"]}}],"collection":[{"href":"https:\/\/blog.espol.edu.ec\/fafranco\/wp-json\/wp\/v2\/pages"}],"about":[{"href":"https:\/\/blog.espol.edu.ec\/fafranco\/wp-json\/wp\/v2\/types\/page"}],"author":[{"embeddable":true,"href":"https:\/\/blog.espol.edu.ec\/fafranco\/wp-json\/wp\/v2\/users\/10686"}],"replies":[{"embeddable":true,"href":"https:\/\/blog.espol.edu.ec\/fafranco\/wp-json\/wp\/v2\/comments?post=42"}],"version-history":[{"count":3,"href":"https:\/\/blog.espol.edu.ec\/fafranco\/wp-json\/wp\/v2\/pages\/42\/revisions"}],"predecessor-version":[{"id":46,"href":"https:\/\/blog.espol.edu.ec\/fafranco\/wp-json\/wp\/v2\/pages\/42\/revisions\/46"}],"wp:attachment":[{"href":"https:\/\/blog.espol.edu.ec\/fafranco\/wp-json\/wp\/v2\/media?parent=42"}],"curies":[{"name":"wp","href":"https:\/\/api.w.org\/{rel}","templated":true}]}}