{"id":109,"date":"2015-11-24T13:22:12","date_gmt":"2015-11-24T18:22:12","guid":{"rendered":"http:\/\/blog.espol.edu.ec\/fajarrin\/?page_id=109"},"modified":"2015-11-24T13:22:12","modified_gmt":"2015-11-24T18:22:12","slug":"historia-arg-parte-1","status":"publish","type":"page","link":"https:\/\/blog.espol.edu.ec\/fajarrin\/argentina\/historia-arg-parte-1\/","title":{"rendered":"Historia Arg parte 1"},"content":{"rendered":"<p>Argentina jug\u00f3 su primer partido internacional el 16 de mayo de 1901 ante <a class=\"mw-redirect\" title=\"Selecci\u00f3n de F\u00fatbol de Uruguay\" href=\"https:\/\/es.wikipedia.org\/wiki\/Selecci%C3%B3n_de_F%C3%BAtbol_de_Uruguay\">Uruguay<\/a>, en <a title=\"Montevideo\" href=\"https:\/\/es.wikipedia.org\/wiki\/Montevideo\">Montevideo<\/a>, con triunfo 3-2. En\u00a0<a title=\"Buenos Aires\" href=\"https:\/\/es.wikipedia.org\/wiki\/Buenos_Aires\">Buenos Aires<\/a> jug\u00f3 por primera vez el 13 de septiembre de 1903 ante el mismo rival, y perdi\u00f3 2-3.<\/p>\n<p>Argentina logr\u00f3 tres subcampeonatos de <a title=\"Copa Am\u00e9rica\" href=\"https:\/\/es.wikipedia.org\/wiki\/Copa_Am%C3%A9rica\">Copa Am\u00e9rica<\/a> en las primeras cuatro ediciones de este torneo continental. En <a title=\"Campeonato Sudamericano 1916\" href=\"https:\/\/es.wikipedia.org\/wiki\/Campeonato_Sudamericano_1916\">1916<\/a>,<a title=\"Campeonato Sudamericano 1917\" href=\"https:\/\/es.wikipedia.org\/wiki\/Campeonato_Sudamericano_1917\">1917<\/a> y <a title=\"Campeonato Sudamericano 1920\" href=\"https:\/\/es.wikipedia.org\/wiki\/Campeonato_Sudamericano_1920\">1920<\/a> fue segundo, detr\u00e1s de Uruguay, mientras que en <a title=\"Campeonato Sudamericano 1919\" href=\"https:\/\/es.wikipedia.org\/wiki\/Campeonato_Sudamericano_1919\">1919<\/a> hab\u00eda sido tercera, quedando a tres puntos de diferencia del campe\u00f3n, <a title=\"Selecci\u00f3n de f\u00fatbol de Brasil\" href=\"https:\/\/es.wikipedia.org\/wiki\/Selecci%C3%B3n_de_f%C3%BAtbol_de_Brasil\">Brasil<\/a>.<\/p>\n<p>A partir de <a title=\"1921\" href=\"https:\/\/es.wikipedia.org\/wiki\/1921\">1921<\/a> llegar\u00edan los primeros \u00e9xitos oficiales para Argentina. As\u00ed, la albiceleste conquist\u00f3 en casa la <a title=\"Campeonato Sudamericano 1921\" href=\"https:\/\/es.wikipedia.org\/wiki\/Campeonato_Sudamericano_1921\">Copa Am\u00e9rica de 1921<\/a>, con una gran actuaci\u00f3n del delantero <a title=\"Julio Libonatti\" href=\"https:\/\/es.wikipedia.org\/wiki\/Julio_Libonatti\">Julio Libonatti<\/a>.<\/p>\n<p>Tras ganar otras dos <a title=\"Copa Am\u00e9rica\" href=\"https:\/\/es.wikipedia.org\/wiki\/Copa_Am%C3%A9rica\">Copas Am\u00e9rica<\/a> en <a title=\"Campeonato Sudamericano 1925\" href=\"https:\/\/es.wikipedia.org\/wiki\/Campeonato_Sudamericano_1925\">1925<\/a> y <a title=\"Campeonato Sudamericano 1927\" href=\"https:\/\/es.wikipedia.org\/wiki\/Campeonato_Sudamericano_1927\">1927<\/a>, Argentina lleg\u00f3 a <a title=\"Anexo:F\u00fatbol en los Juegos Ol\u00edmpicos de \u00c1msterdam 1928\" href=\"https:\/\/es.wikipedia.org\/wiki\/Anexo:F%C3%BAtbol_en_los_Juegos_Ol%C3%ADmpicos_de_%C3%81msterdam_1928\">los Juegos de \u00c1msterdam 1928<\/a> como una de las selecciones favoritas para alzarse con el <a title=\"Medalla de oro\" href=\"https:\/\/es.wikipedia.org\/wiki\/Medalla_de_oro\">oro ol\u00edmpico<\/a>. El comienzo fue una goleada 11 a 2 ante <a class=\"mw-redirect\" title=\"Selecci\u00f3n de f\u00fatbol de Estados Unidos\" href=\"https:\/\/es.wikipedia.org\/wiki\/Selecci%C3%B3n_de_f%C3%BAtbol_de_Estados_Unidos\">Estados Unidos<\/a>. Posteriormente, elimin\u00f3 a <a title=\"Selecci\u00f3n de f\u00fatbol de B\u00e9lgica\" href=\"https:\/\/es.wikipedia.org\/wiki\/Selecci%C3%B3n_de_f%C3%BAtbol_de_B%C3%A9lgica\">B\u00e9lgica<\/a> con un 6 a 3, y en semifinales derrot\u00f3 a <a title=\"Selecci\u00f3n de f\u00fatbol de Egipto\" href=\"https:\/\/es.wikipedia.org\/wiki\/Selecci%C3%B3n_de_f%C3%BAtbol_de_Egipto\">Egipto<\/a> con un contundente 6 a 0. La final deb\u00eda ser ante <a title=\"Selecci\u00f3n de f\u00fatbol de Uruguay\" href=\"https:\/\/es.wikipedia.org\/wiki\/Selecci%C3%B3n_de_f%C3%BAtbol_de_Uruguay\">Uruguay<\/a>, que ven\u00eda de ser campeona en los en los <a title=\"Juegos Ol\u00edmpicos de Par\u00eds 1924\" href=\"https:\/\/es.wikipedia.org\/wiki\/Juegos_Ol%C3%ADmpicos_de_Par%C3%ADs_1924\">Juegos Ol\u00edmpicos de Par\u00eds 1924<\/a>. Finalmente, los uruguayos derrotaron a la albiceleste 2 a 1, y Argentina obtuvo la <a title=\"Medalla de plata\" href=\"https:\/\/es.wikipedia.org\/wiki\/Medalla_de_plata\">medalla de plata<\/a>.<\/p>\n<p>Un a\u00f1o despu\u00e9s, lleg\u00f3 el <a title=\"Copa Mundial de F\u00fatbol de 1930\" href=\"https:\/\/es.wikipedia.org\/wiki\/Copa_Mundial_de_F%C3%BAtbol_de_1930\">1\u00ba Campeonato Mundial de F\u00fatbol<\/a> en Uruguay, y la albiceleste ir\u00eda en busca de revancha por lo ocurrido en los <a title=\"Juegos Ol\u00edmpicos de \u00c1msterdam 1928\" href=\"https:\/\/es.wikipedia.org\/wiki\/Juegos_Ol%C3%ADmpicos_de_%C3%81msterdam_1928\">Juegos Ol\u00edmpicos de \u00c1msterdam 1928<\/a>. Tras su debut mundialista el 15 de julio de 1930 venciendo a<a title=\"Selecci\u00f3n de f\u00fatbol de Francia\" href=\"https:\/\/es.wikipedia.org\/wiki\/Selecci%C3%B3n_de_f%C3%BAtbol_de_Francia\">Francia<\/a> por 1-0, Argentina fue dejando rivales en su camino para encontrarse en la tan ansiada final frente al local y buscar la venganza. Pero un colmado <a title=\"Estadio Centenario\" href=\"https:\/\/es.wikipedia.org\/wiki\/Estadio_Centenario\">estadio Centenario<\/a> con 80 mil personas vio como Uruguay volvi\u00f3 a vencer en el <a title=\"Cl\u00e1sico del R\u00edo de la Plata\" href=\"https:\/\/es.wikipedia.org\/wiki\/Cl%C3%A1sico_del_R%C3%ADo_de_la_Plata\">Cl\u00e1sico del R\u00edo de la Plata<\/a> 4-2 y se qued\u00f3 con la copa.<\/p>\n","protected":false},"excerpt":{"rendered":"<p>Argentina jug\u00f3 su primer partido internacional el 16 de mayo de 1901 ante Uruguay, en Montevideo, con triunfo 3-2. En\u00a0Buenos Aires jug\u00f3 por primera vez el 13 de septiembre de 1903 ante el mismo rival, y perdi\u00f3 2-3. Argentina logr\u00f3 &hellip; <a href=\"https:\/\/blog.espol.edu.ec\/fajarrin\/argentina\/historia-arg-parte-1\/\">Sigue leyendo <span class=\"meta-nav\">&rarr;<\/span><\/a><\/p>\n","protected":false},"author":10064,"featured_media":0,"parent":2,"menu_order":0,"comment_status":"closed","ping_status":"closed","template":"","meta":{"footnotes":""},"class_list":["post-109","page","type-page","status-publish","hentry"],"_links":{"self":[{"href":"https:\/\/blog.espol.edu.ec\/fajarrin\/wp-json\/wp\/v2\/pages\/109","targetHints":{"allow":["GET"]}}],"collection":[{"href":"https:\/\/blog.espol.edu.ec\/fajarrin\/wp-json\/wp\/v2\/pages"}],"about":[{"href":"https:\/\/blog.espol.edu.ec\/fajarrin\/wp-json\/wp\/v2\/types\/page"}],"author":[{"embeddable":true,"href":"https:\/\/blog.espol.edu.ec\/fajarrin\/wp-json\/wp\/v2\/users\/10064"}],"replies":[{"embeddable":true,"href":"https:\/\/blog.espol.edu.ec\/fajarrin\/wp-json\/wp\/v2\/comments?post=109"}],"version-history":[{"count":1,"href":"https:\/\/blog.espol.edu.ec\/fajarrin\/wp-json\/wp\/v2\/pages\/109\/revisions"}],"predecessor-version":[{"id":110,"href":"https:\/\/blog.espol.edu.ec\/fajarrin\/wp-json\/wp\/v2\/pages\/109\/revisions\/110"}],"up":[{"embeddable":true,"href":"https:\/\/blog.espol.edu.ec\/fajarrin\/wp-json\/wp\/v2\/pages\/2"}],"wp:attachment":[{"href":"https:\/\/blog.espol.edu.ec\/fajarrin\/wp-json\/wp\/v2\/media?parent=109"}],"curies":[{"name":"wp","href":"https:\/\/api.w.org\/{rel}","templated":true}]}}