{"id":90,"date":"2015-11-24T10:38:18","date_gmt":"2015-11-24T15:38:18","guid":{"rendered":"http:\/\/blog.espol.edu.ec\/fajarrin\/?page_id=90"},"modified":"2015-11-24T10:38:18","modified_gmt":"2015-11-24T15:38:18","slug":"plantilla-bol","status":"publish","type":"page","link":"https:\/\/blog.espol.edu.ec\/fajarrin\/chile\/plantilla-bol\/","title":{"rendered":"Plantilla Bol"},"content":{"rendered":"<table class=\"toccolours\">\n<tbody>\n<tr>\n<td align=\"left\" valign=\"top\"><\/td>\n<\/tr>\n<tr>\n<th><b>Jugadores<\/b><\/th>\n<td width=\"0\"><\/td>\n<td width=\"2\"><\/td>\n<th><b>Equipo t\u00e9cnico<\/b><\/th>\n<\/tr>\n<tr>\n<td valign=\"top\">\n<table class=\"sortable jquery-tablesorter\">\n<thead>\n<tr>\n<th class=\"headerSort\" title=\"Orden ascendente\">N.\u00ba<\/th>\n<th class=\"headerSort\" title=\"Orden ascendente\"><abbr title=\"S\u00f3lo se indica la nacionalidad deportiva. Un jugador puede tener m\u00faltiples nacionalidades, pero est\u00e1 limitado a jugar para una \u00fanica selecci\u00f3n nacional.\">Nac.<\/abbr><\/th>\n<th class=\"headerSort\" title=\"Orden ascendente\">Pos.<\/th>\n<th class=\"headerSort\" title=\"Orden ascendente\">Nombre<\/th>\n<th class=\"headerSort\" title=\"Orden ascendente\">Edad<\/th>\n<th class=\"headerSort\" title=\"Orden ascendente\">Eq. procedencia<\/th>\n<\/tr>\n<\/thead>\n<tbody>\n<tr>\n<td colspan=\"8\" align=\"center\" bgcolor=\"#008000\"><b>Arqueros<\/b><\/td>\n<\/tr>\n<tr>\n<td>1<\/td>\n<td><\/td>\n<td><a title=\"Guardameta (f\u00fatbol)\" href=\"https:\/\/es.wikipedia.org\/wiki\/Guardameta_(f%C3%BAtbol)\">POR<\/a><\/td>\n<td><a title=\"Daniel Vaca\" href=\"https:\/\/es.wikipedia.org\/wiki\/Daniel_Vaca\">Daniel Vaca<\/a> <a class=\"image\" title=\"Capit\u00e1n\" href=\"https:\/\/commons.wikimedia.org\/wiki\/File:Captain_sports.svg\"><img loading=\"lazy\" decoding=\"async\" src=\"https:\/\/upload.wikimedia.org\/wikipedia\/commons\/thumb\/7\/76\/Captain_sports.svg\/12px-Captain_sports.svg.png\" alt=\"Capit\u00e1n\" width=\"12\" height=\"12\" \/><\/a><\/td>\n<td>\u200937\u00a0a\u00f1os<\/td>\n<td>\u2009<span class=\"flagicon\"><img loading=\"lazy\" decoding=\"async\" class=\"thumbborder\" title=\"Bandera de Bolivia\" src=\"https:\/\/upload.wikimedia.org\/wikipedia\/commons\/thumb\/4\/48\/Flag_of_Bolivia.svg\/20px-Flag_of_Bolivia.svg.png\" alt=\"Bandera de Bolivia\" width=\"20\" height=\"14\" \/><\/span> <a class=\"mw-redirect\" title=\"The Strongest\" href=\"https:\/\/es.wikipedia.org\/wiki\/The_Strongest\">The Strongest<\/a><\/td>\n<\/tr>\n<tr>\n<td>12<\/td>\n<td><\/td>\n<td><a title=\"Guardameta (f\u00fatbol)\" href=\"https:\/\/es.wikipedia.org\/wiki\/Guardameta_(f%C3%BAtbol)\">POR<\/a><\/td>\n<td><a title=\"Carlos Lampe\" href=\"https:\/\/es.wikipedia.org\/wiki\/Carlos_Lampe\">Carlos Lampe<\/a><\/td>\n<td>\u200928\u00a0a\u00f1os<\/td>\n<td>\u2009<span class=\"flagicon\"><img loading=\"lazy\" decoding=\"async\" class=\"thumbborder\" title=\"Bandera de Bolivia\" src=\"https:\/\/upload.wikimedia.org\/wikipedia\/commons\/thumb\/4\/48\/Flag_of_Bolivia.svg\/20px-Flag_of_Bolivia.svg.png\" alt=\"Bandera de Bolivia\" width=\"20\" height=\"14\" \/><\/span> <a title=\"Sport Boys Warnes\" href=\"https:\/\/es.wikipedia.org\/wiki\/Sport_Boys_Warnes\">Sport Boys<\/a><\/td>\n<\/tr>\n<tr>\n<td>23<\/td>\n<td><\/td>\n<td><a title=\"Guardameta (f\u00fatbol)\" href=\"https:\/\/es.wikipedia.org\/wiki\/Guardameta_(f%C3%BAtbol)\">POR<\/a><\/td>\n<td><a title=\"Diego Zamora\" href=\"https:\/\/es.wikipedia.org\/wiki\/Diego_Zamora\">Diego Zamora<\/a><\/td>\n<td>\u200922\u00a0a\u00f1os<\/td>\n<td>\u2009<span class=\"flagicon\"><img loading=\"lazy\" decoding=\"async\" class=\"thumbborder\" title=\"Bandera de Bolivia\" src=\"https:\/\/upload.wikimedia.org\/wikipedia\/commons\/thumb\/4\/48\/Flag_of_Bolivia.svg\/20px-Flag_of_Bolivia.svg.png\" alt=\"Bandera de Bolivia\" width=\"20\" height=\"14\" \/><\/span> <a title=\"Club Bol\u00edvar\" href=\"https:\/\/es.wikipedia.org\/wiki\/Club_Bol%C3%ADvar\">Bol\u00edvar<\/a><\/td>\n<\/tr>\n<tr>\n<td colspan=\"8\" align=\"center\" bgcolor=\"#008000\"><b>Defensores<\/b><\/td>\n<\/tr>\n<tr>\n<td>4<\/td>\n<td><\/td>\n<td><a title=\"Defensa (f\u00fatbol)\" href=\"https:\/\/es.wikipedia.org\/wiki\/Defensa_(f%C3%BAtbol)\">DEF<\/a><\/td>\n<td><a title=\"Leonel Morales\" href=\"https:\/\/es.wikipedia.org\/wiki\/Leonel_Morales\">Leonel Morales<\/a><\/td>\n<td>\u200927\u00a0a\u00f1os<\/td>\n<td>\u2009<span class=\"flagicon\"><img loading=\"lazy\" decoding=\"async\" class=\"thumbborder\" title=\"Bandera de Bolivia\" src=\"https:\/\/upload.wikimedia.org\/wikipedia\/commons\/thumb\/4\/48\/Flag_of_Bolivia.svg\/20px-Flag_of_Bolivia.svg.png\" alt=\"Bandera de Bolivia\" width=\"20\" height=\"14\" \/><\/span> <a title=\"Sport Boys Warnes\" href=\"https:\/\/es.wikipedia.org\/wiki\/Sport_Boys_Warnes\">Sport Boys<\/a><\/td>\n<\/tr>\n<tr>\n<td>5<\/td>\n<td><\/td>\n<td><a title=\"Defensa (f\u00fatbol)\" href=\"https:\/\/es.wikipedia.org\/wiki\/Defensa_(f%C3%BAtbol)\">DEF<\/a><\/td>\n<td><a title=\"Fernando Martelli\" href=\"https:\/\/es.wikipedia.org\/wiki\/Fernando_Martelli\">Fernando Martelli<\/a><\/td>\n<td>\u200931\u00a0a\u00f1os<\/td>\n<td>\u2009<span class=\"flagicon\"><img loading=\"lazy\" decoding=\"async\" class=\"thumbborder\" title=\"Bandera de Bolivia\" src=\"https:\/\/upload.wikimedia.org\/wikipedia\/commons\/thumb\/4\/48\/Flag_of_Bolivia.svg\/20px-Flag_of_Bolivia.svg.png\" alt=\"Bandera de Bolivia\" width=\"20\" height=\"14\" \/><\/span> <a class=\"mw-redirect\" title=\"The Strongest\" href=\"https:\/\/es.wikipedia.org\/wiki\/The_Strongest\">The Strongest<\/a><\/td>\n<\/tr>\n<tr>\n<td>13<\/td>\n<td><\/td>\n<td><a title=\"Defensa (f\u00fatbol)\" href=\"https:\/\/es.wikipedia.org\/wiki\/Defensa_(f%C3%BAtbol)\">DEF<\/a><\/td>\n<td><a title=\"Omar Morales\" href=\"https:\/\/es.wikipedia.org\/wiki\/Omar_Morales\">Omar Morales<\/a><\/td>\n<td>\u200927\u00a0a\u00f1os<\/td>\n<td>\u2009<span class=\"flagicon\"><img loading=\"lazy\" decoding=\"async\" class=\"thumbborder\" title=\"Bandera de Bolivia\" src=\"https:\/\/upload.wikimedia.org\/wikipedia\/commons\/thumb\/4\/48\/Flag_of_Bolivia.svg\/20px-Flag_of_Bolivia.svg.png\" alt=\"Bandera de Bolivia\" width=\"20\" height=\"14\" \/><\/span> <a class=\"mw-redirect\" title=\"Wilstermann\" href=\"https:\/\/es.wikipedia.org\/wiki\/Wilstermann\">Wilstermann<\/a><\/td>\n<\/tr>\n<tr>\n<td>15<\/td>\n<td><\/td>\n<td><a title=\"Defensa (f\u00fatbol)\" href=\"https:\/\/es.wikipedia.org\/wiki\/Defensa_(f%C3%BAtbol)\">DEF<\/a><\/td>\n<td><a title=\"Luis Alberto Guti\u00e9rrez\" href=\"https:\/\/es.wikipedia.org\/wiki\/Luis_Alberto_Guti%C3%A9rrez\">Luis Guti\u00e9rrez<\/a><\/td>\n<td>\u200930\u00a0a\u00f1os<\/td>\n<td>\u2009<span class=\"flagicon\"><img loading=\"lazy\" decoding=\"async\" class=\"thumbborder\" title=\"Bandera de Bolivia\" src=\"https:\/\/upload.wikimedia.org\/wikipedia\/commons\/thumb\/4\/48\/Flag_of_Bolivia.svg\/20px-Flag_of_Bolivia.svg.png\" alt=\"Bandera de Bolivia\" width=\"20\" height=\"14\" \/><\/span> <a title=\"Club Bol\u00edvar\" href=\"https:\/\/es.wikipedia.org\/wiki\/Club_Bol%C3%ADvar\">Bol\u00edvar<\/a><\/td>\n<\/tr>\n<tr>\n<td>21<\/td>\n<td><\/td>\n<td><a title=\"Defensa (f\u00fatbol)\" href=\"https:\/\/es.wikipedia.org\/wiki\/Defensa_(f%C3%BAtbol)\">DEF<\/a><\/td>\n<td><a title=\"Ronald Eguino\" href=\"https:\/\/es.wikipedia.org\/wiki\/Ronald_Eguino\">Ronald Eguino<\/a><\/td>\n<td>\u200930\u00a0a\u00f1os<\/td>\n<td>\u2009<span class=\"flagicon\"><img loading=\"lazy\" decoding=\"async\" class=\"thumbborder\" title=\"Bandera de Bolivia\" src=\"https:\/\/upload.wikimedia.org\/wikipedia\/commons\/thumb\/4\/48\/Flag_of_Bolivia.svg\/20px-Flag_of_Bolivia.svg.png\" alt=\"Bandera de Bolivia\" width=\"20\" height=\"14\" \/><\/span> <a title=\"Club Bol\u00edvar\" href=\"https:\/\/es.wikipedia.org\/wiki\/Club_Bol%C3%ADvar\">Bol\u00edvar<\/a><\/td>\n<\/tr>\n<tr>\n<td>22<\/td>\n<td><\/td>\n<td><a title=\"Defensa (f\u00fatbol)\" href=\"https:\/\/es.wikipedia.org\/wiki\/Defensa_(f%C3%BAtbol)\">DEF<\/a><\/td>\n<td><a title=\"Edward Zenteno\" href=\"https:\/\/es.wikipedia.org\/wiki\/Edward_Zenteno\">Edward Zenteno<\/a><\/td>\n<td>\u200930\u00a0a\u00f1os<\/td>\n<td>\u2009<span class=\"flagicon\"><img loading=\"lazy\" decoding=\"async\" class=\"thumbborder\" title=\"Bandera de Bolivia\" src=\"https:\/\/upload.wikimedia.org\/wikipedia\/commons\/thumb\/4\/48\/Flag_of_Bolivia.svg\/20px-Flag_of_Bolivia.svg.png\" alt=\"Bandera de Bolivia\" width=\"20\" height=\"14\" \/><\/span> <a class=\"mw-redirect\" title=\"Wilstermann\" href=\"https:\/\/es.wikipedia.org\/wiki\/Wilstermann\">Wilstermann<\/a><\/td>\n<\/tr>\n<tr>\n<td colspan=\"8\" align=\"center\" bgcolor=\"#008000\"><b>Mediocampistas<\/b><\/td>\n<\/tr>\n<tr>\n<td>2<\/td>\n<td><\/td>\n<td><a title=\"Centrocampista\" href=\"https:\/\/es.wikipedia.org\/wiki\/Centrocampista\">MED<\/a><\/td>\n<td><a title=\"Erwin Saavedra\" href=\"https:\/\/es.wikipedia.org\/wiki\/Erwin_Saavedra\">Erwin Saavedra<\/a><\/td>\n<td>\u200919\u00a0a\u00f1os<\/td>\n<td>\u2009<span class=\"flagicon\"><img loading=\"lazy\" decoding=\"async\" class=\"thumbborder\" title=\"Bandera de Bolivia\" src=\"https:\/\/upload.wikimedia.org\/wikipedia\/commons\/thumb\/4\/48\/Flag_of_Bolivia.svg\/20px-Flag_of_Bolivia.svg.png\" alt=\"Bandera de Bolivia\" width=\"20\" height=\"14\" \/><\/span> <a class=\"mw-redirect\" title=\"Club Bolivar\" href=\"https:\/\/es.wikipedia.org\/wiki\/Club_Bolivar\">Bol\u00edvar<\/a><\/td>\n<\/tr>\n<tr>\n<td>3<\/td>\n<td><\/td>\n<td><a title=\"Centrocampista\" href=\"https:\/\/es.wikipedia.org\/wiki\/Centrocampista\">MED<\/a><\/td>\n<td><a title=\"Alejandro Chumacero\" href=\"https:\/\/es.wikipedia.org\/wiki\/Alejandro_Chumacero\">Alejandro Chumacero<\/a><\/td>\n<td>\u200924\u00a0a\u00f1os<\/td>\n<td>\u2009<span class=\"flagicon\"><img loading=\"lazy\" decoding=\"async\" class=\"thumbborder\" title=\"Bandera de Bolivia\" src=\"https:\/\/upload.wikimedia.org\/wikipedia\/commons\/thumb\/4\/48\/Flag_of_Bolivia.svg\/20px-Flag_of_Bolivia.svg.png\" alt=\"Bandera de Bolivia\" width=\"20\" height=\"14\" \/><\/span> <a class=\"mw-redirect\" title=\"The Strongest\" href=\"https:\/\/es.wikipedia.org\/wiki\/The_Strongest\">The Strongest<\/a><\/td>\n<\/tr>\n<tr>\n<td>6<\/td>\n<td><\/td>\n<td><a title=\"Centrocampista\" href=\"https:\/\/es.wikipedia.org\/wiki\/Centrocampista\">MED<\/a><\/td>\n<td><a title=\"W\u00e1lter Veizaga\" href=\"https:\/\/es.wikipedia.org\/wiki\/W%C3%A1lter_Veizaga\">W\u00e1lter Veizaga<\/a><\/td>\n<td>\u200929\u00a0a\u00f1os<\/td>\n<td>\u2009<span class=\"flagicon\"><img loading=\"lazy\" decoding=\"async\" class=\"thumbborder\" title=\"Bandera de Bolivia\" src=\"https:\/\/upload.wikimedia.org\/wikipedia\/commons\/thumb\/4\/48\/Flag_of_Bolivia.svg\/20px-Flag_of_Bolivia.svg.png\" alt=\"Bandera de Bolivia\" width=\"20\" height=\"14\" \/><\/span> <a class=\"mw-redirect\" title=\"The Strongest\" href=\"https:\/\/es.wikipedia.org\/wiki\/The_Strongest\">The Strongest<\/a><\/td>\n<\/tr>\n<tr>\n<td>8<\/td>\n<td><\/td>\n<td><a title=\"Centrocampista\" href=\"https:\/\/es.wikipedia.org\/wiki\/Centrocampista\">MED<\/a><\/td>\n<td><a title=\"Martin Smedberg-Dalence\" href=\"https:\/\/es.wikipedia.org\/wiki\/Martin_Smedberg-Dalence\">Martin Smedberg-Dalence<\/a><\/td>\n<td>\u200931\u00a0a\u00f1os<\/td>\n<td>\u2009<span class=\"flagicon\"><img loading=\"lazy\" decoding=\"async\" class=\"thumbborder\" title=\"Bandera de Suecia\" src=\"https:\/\/upload.wikimedia.org\/wikipedia\/commons\/thumb\/4\/4c\/Flag_of_Sweden.svg\/20px-Flag_of_Sweden.svg.png\" alt=\"Bandera de Suecia\" width=\"20\" height=\"13\" \/><\/span> <a title=\"IFK G\u00f6teborg\" href=\"https:\/\/es.wikipedia.org\/wiki\/IFK_G%C3%B6teborg\">IFK G\u00f6teborg<\/a><\/td>\n<\/tr>\n<tr>\n<td>10<\/td>\n<td><\/td>\n<td><a title=\"Centrocampista\" href=\"https:\/\/es.wikipedia.org\/wiki\/Centrocampista\">MED<\/a><\/td>\n<td><a title=\"Rudy Cardozo\" href=\"https:\/\/es.wikipedia.org\/wiki\/Rudy_Cardozo\">Rudy Cardozo<\/a><\/td>\n<td>\u200925\u00a0a\u00f1os<\/td>\n<td>\u2009<span class=\"flagicon\"><img loading=\"lazy\" decoding=\"async\" class=\"thumbborder\" title=\"Bandera de Bolivia\" src=\"https:\/\/upload.wikimedia.org\/wikipedia\/commons\/thumb\/4\/48\/Flag_of_Bolivia.svg\/20px-Flag_of_Bolivia.svg.png\" alt=\"Bandera de Bolivia\" width=\"20\" height=\"14\" \/><\/span> <a class=\"mw-redirect\" title=\"Club Bolivar\" href=\"https:\/\/es.wikipedia.org\/wiki\/Club_Bolivar\">Bol\u00edvar<\/a><\/td>\n<\/tr>\n<tr>\n<td>14<\/td>\n<td><\/td>\n<td><a title=\"Centrocampista\" href=\"https:\/\/es.wikipedia.org\/wiki\/Centrocampista\">MED<\/a><\/td>\n<td><a title=\"Jaime Arrascaita\" href=\"https:\/\/es.wikipedia.org\/wiki\/Jaime_Arrascaita\">Jaime Arrascaita<\/a><\/td>\n<td>\u200922\u00a0a\u00f1os<\/td>\n<td>\u2009<span class=\"flagicon\"><img loading=\"lazy\" decoding=\"async\" class=\"thumbborder\" title=\"Bandera de Bolivia\" src=\"https:\/\/upload.wikimedia.org\/wikipedia\/commons\/thumb\/4\/48\/Flag_of_Bolivia.svg\/20px-Flag_of_Bolivia.svg.png\" alt=\"Bandera de Bolivia\" width=\"20\" height=\"14\" \/><\/span> <a class=\"mw-redirect\" title=\"Club Bolivar\" href=\"https:\/\/es.wikipedia.org\/wiki\/Club_Bolivar\">Bol\u00edvar<\/a><\/td>\n<\/tr>\n<tr>\n<td>16<\/td>\n<td><\/td>\n<td><a title=\"Centrocampista\" href=\"https:\/\/es.wikipedia.org\/wiki\/Centrocampista\">MED<\/a><\/td>\n<td><a title=\"Erwin Junior S\u00e1nchez\" href=\"https:\/\/es.wikipedia.org\/wiki\/Erwin_Junior_S%C3%A1nchez\">Erwin Junior S\u00e1nchez<\/a><\/td>\n<td>\u200923\u00a0a\u00f1os<\/td>\n<td>\u2009<span class=\"flagicon\"><img loading=\"lazy\" decoding=\"async\" class=\"thumbborder\" title=\"Bandera de Bolivia\" src=\"https:\/\/upload.wikimedia.org\/wikipedia\/commons\/thumb\/4\/48\/Flag_of_Bolivia.svg\/20px-Flag_of_Bolivia.svg.png\" alt=\"Bandera de Bolivia\" width=\"20\" height=\"14\" \/><\/span> <a title=\"Club Real Potos\u00ed\" href=\"https:\/\/es.wikipedia.org\/wiki\/Club_Real_Potos%C3%AD\">Real Potos\u00ed<\/a><\/td>\n<\/tr>\n<tr>\n<td>19<\/td>\n<td><\/td>\n<td><a title=\"Centrocampista\" href=\"https:\/\/es.wikipedia.org\/wiki\/Centrocampista\">MED<\/a><\/td>\n<td><a title=\"Samuel Galindo\" href=\"https:\/\/es.wikipedia.org\/wiki\/Samuel_Galindo\">Samuel Galindo<\/a><\/td>\n<td>\u200926\u00a0a\u00f1os<\/td>\n<td>\u2009<span class=\"flagicon\"><img loading=\"lazy\" decoding=\"async\" class=\"thumbborder\" title=\"Bandera de Bolivia\" src=\"https:\/\/upload.wikimedia.org\/wikipedia\/commons\/thumb\/4\/48\/Flag_of_Bolivia.svg\/20px-Flag_of_Bolivia.svg.png\" alt=\"Bandera de Bolivia\" width=\"20\" height=\"14\" \/><\/span> <a title=\"Club Petrolero\" href=\"https:\/\/es.wikipedia.org\/wiki\/Club_Petrolero\">Club Petrolero<\/a><\/td>\n<\/tr>\n<tr>\n<td>20<\/td>\n<td><\/td>\n<td><a title=\"Centrocampista\" href=\"https:\/\/es.wikipedia.org\/wiki\/Centrocampista\">MED<\/a><\/td>\n<td><a title=\"Pedro Azogue\" href=\"https:\/\/es.wikipedia.org\/wiki\/Pedro_Azogue\">Pedro Azogue<\/a><\/td>\n<td>\u200921\u00a0a\u00f1os<\/td>\n<td>\u2009<span class=\"flagicon\"><img loading=\"lazy\" decoding=\"async\" class=\"thumbborder\" title=\"Bandera de Bolivia\" src=\"https:\/\/upload.wikimedia.org\/wikipedia\/commons\/thumb\/4\/48\/Flag_of_Bolivia.svg\/20px-Flag_of_Bolivia.svg.png\" alt=\"Bandera de Bolivia\" width=\"20\" height=\"14\" \/><\/span> <a class=\"mw-redirect\" title=\"Oriente Petrolero\" href=\"https:\/\/es.wikipedia.org\/wiki\/Oriente_Petrolero\">Oriente Petrolero<\/a><\/td>\n<\/tr>\n<tr>\n<td colspan=\"8\" align=\"center\" bgcolor=\"#008000\"><b>Delanteros<\/b><\/td>\n<\/tr>\n<tr>\n<td>7<\/td>\n<td><\/td>\n<td><a title=\"Delantero\" href=\"https:\/\/es.wikipedia.org\/wiki\/Delantero\">DEL<\/a><\/td>\n<td><a title=\"Juan Carlos Arce (futbolista)\" href=\"https:\/\/es.wikipedia.org\/wiki\/Juan_Carlos_Arce_(futbolista)\">Juan Carlos Arce<\/a><\/td>\n<td>\u200930\u00a0a\u00f1os<\/td>\n<td>\u2009<span class=\"flagicon\"><img loading=\"lazy\" decoding=\"async\" class=\"thumbborder\" title=\"Bandera de Bolivia\" src=\"https:\/\/upload.wikimedia.org\/wikipedia\/commons\/thumb\/4\/48\/Flag_of_Bolivia.svg\/20px-Flag_of_Bolivia.svg.png\" alt=\"Bandera de Bolivia\" width=\"20\" height=\"14\" \/><\/span> <a title=\"Club Bol\u00edvar\" href=\"https:\/\/es.wikipedia.org\/wiki\/Club_Bol%C3%ADvar\">Bol\u00edvar<\/a><\/td>\n<\/tr>\n<tr>\n<td>9<\/td>\n<td><\/td>\n<td><a title=\"Delantero\" href=\"https:\/\/es.wikipedia.org\/wiki\/Delantero\">DEL<\/a><\/td>\n<td><a title=\"Yasmani Duk\" href=\"https:\/\/es.wikipedia.org\/wiki\/Yasmani_Duk\">Yasmani Duk<\/a><\/td>\n<td>\u200927\u00a0a\u00f1os<\/td>\n<td>\u2009<span class=\"flagicon\"><img loading=\"lazy\" decoding=\"async\" class=\"thumbborder\" title=\"Bandera de Bolivia\" src=\"https:\/\/upload.wikimedia.org\/wikipedia\/commons\/thumb\/4\/48\/Flag_of_Bolivia.svg\/20px-Flag_of_Bolivia.svg.png\" alt=\"Bandera de Bolivia\" width=\"20\" height=\"14\" \/><\/span> <a title=\"Sport Boys Warnes\" href=\"https:\/\/es.wikipedia.org\/wiki\/Sport_Boys_Warnes\">Sport Boys<\/a><\/td>\n<\/tr>\n<tr>\n<td>11<\/td>\n<td><\/td>\n<td><a title=\"Delantero\" href=\"https:\/\/es.wikipedia.org\/wiki\/Delantero\">DEL<\/a><\/td>\n<td><a title=\"Dami\u00e1n Lizio\" href=\"https:\/\/es.wikipedia.org\/wiki\/Dami%C3%A1n_Lizio\">Dami\u00e1n Lizio<\/a><\/td>\n<td>\u200926\u00a0a\u00f1os<\/td>\n<td>\u2009<span class=\"flagicon\"><img loading=\"lazy\" decoding=\"async\" class=\"thumbborder\" title=\"Bandera de Bolivia\" src=\"https:\/\/upload.wikimedia.org\/wikipedia\/commons\/thumb\/4\/48\/Flag_of_Bolivia.svg\/20px-Flag_of_Bolivia.svg.png\" alt=\"Bandera de Bolivia\" width=\"20\" height=\"14\" \/><\/span> <a title=\"Club Bol\u00edvar\" href=\"https:\/\/es.wikipedia.org\/wiki\/Club_Bol%C3%ADvar\">Bol\u00edvar<\/a><\/td>\n<\/tr>\n<tr>\n<td>17<\/td>\n<td><\/td>\n<td><a title=\"Delantero\" href=\"https:\/\/es.wikipedia.org\/wiki\/Delantero\">DEL<\/a><\/td>\n<td><a title=\"Leonardo Vaca\" href=\"https:\/\/es.wikipedia.org\/wiki\/Leonardo_Vaca\">Leonardo Vaca<\/a><\/td>\n<td>\u200919\u00a0a\u00f1os<\/td>\n<td>\u2009<span class=\"flagicon\"><img loading=\"lazy\" decoding=\"async\" class=\"thumbborder\" title=\"Bandera de Bolivia\" src=\"https:\/\/upload.wikimedia.org\/wikipedia\/commons\/thumb\/4\/48\/Flag_of_Bolivia.svg\/20px-Flag_of_Bolivia.svg.png\" alt=\"Bandera de Bolivia\" width=\"20\" height=\"14\" \/><\/span> <a class=\"mw-redirect\" title=\"Blooming\" href=\"https:\/\/es.wikipedia.org\/wiki\/Blooming\">Blooming<\/a><\/td>\n<\/tr>\n<tr>\n<td>18<\/td>\n<td><\/td>\n<td><a title=\"Delantero\" href=\"https:\/\/es.wikipedia.org\/wiki\/Delantero\">DEL<\/a><\/td>\n<td><a title=\"Rodrigo Ramallo\" href=\"https:\/\/es.wikipedia.org\/wiki\/Rodrigo_Ramallo\">Rodrigo Ramallo<\/a><\/td>\n<td>\u200925\u00a0a\u00f1os<\/td>\n<td>\u2009<span class=\"flagicon\"><img loading=\"lazy\" decoding=\"async\" class=\"thumbborder\" title=\"Bandera de Bolivia\" src=\"https:\/\/upload.wikimedia.org\/wikipedia\/commons\/thumb\/4\/48\/Flag_of_Bolivia.svg\/20px-Flag_of_Bolivia.svg.png\" alt=\"Bandera de Bolivia\" width=\"20\" height=\"14\" \/><\/span> <a class=\"mw-redirect\" title=\"The Strongest\" href=\"https:\/\/es.wikipedia.org\/wiki\/The_Strongest\">The Strongest<\/a><\/td>\n<\/tr>\n<\/tbody>\n<tfoot><\/tfoot>\n<\/table>\n<\/td>\n<td valign=\"top\" width=\"2px\"><\/td>\n<td valign=\"top\" width=\"3px\"><\/td>\n<td align=\"left\" valign=\"top\">\n<dl>\n<dt>Entrenador(es)<\/dt>\n<\/dl>\n<p><a title=\"Julio C\u00e9sar Baldivieso\" href=\"https:\/\/es.wikipedia.org\/wiki\/Julio_C%C3%A9sar_Baldivieso\">Julio C\u00e9sar Baldivieso<\/a><\/p>\n<dl>\n<dt>Asistente(s)<\/dt>\n<\/dl>\n<p><a class=\"mw-disambig\" title=\"Carlos Borja\" href=\"https:\/\/es.wikipedia.org\/wiki\/Carlos_Borja\">Carlos Borja<\/a><\/p>\n<hr \/>\n<dl>\n<dt>Leyenda<\/dt>\n<\/dl>\n<ul>\n<li><b>Pos.<\/b>\u00a0: Posici\u00f3n<\/li>\n<li><b>Nac.<\/b>\u00a0: Nacionalidad<\/li>\n<li><img loading=\"lazy\" decoding=\"async\" title=\"Capit\u00e1n\" src=\"https:\/\/upload.wikimedia.org\/wikipedia\/commons\/thumb\/7\/76\/Captain_sports.svg\/12px-Captain_sports.svg.png\" alt=\"Capit\u00e1n\" width=\"12\" height=\"12\" \/> <a title=\"Capit\u00e1n (f\u00fatbol)\" href=\"https:\/\/es.wikipedia.org\/wiki\/Capit%C3%A1n_(f%C3%BAtbol)\">Capit\u00e1n<\/a><\/li>\n<li><img loading=\"lazy\" decoding=\"async\" title=\"Lesionado\" src=\"https:\/\/upload.wikimedia.org\/wikipedia\/commons\/thumb\/6\/61\/Injury_icon_2.svg\/13px-Injury_icon_2.svg.png\" alt=\"Lesionado\" width=\"13\" height=\"13\" \/> <a title=\"Lesiones deportivas\" href=\"https:\/\/es.wikipedia.org\/wiki\/Lesiones_deportivas\">Lesionado<\/a><\/li>\n<li><b>POR \/ ARQ<\/b>\u00a0: <a title=\"Guardameta (f\u00fatbol)\" href=\"https:\/\/es.wikipedia.org\/wiki\/Guardameta_(f%C3%BAtbol)\">Guardameta<\/a><\/li>\n<li><b>DEF<\/b>\u00a0: <a title=\"Defensa (f\u00fatbol)\" href=\"https:\/\/es.wikipedia.org\/wiki\/Defensa_(f%C3%BAtbol)\">Defensa<\/a><\/li>\n<li><b>MED \/ VOL<\/b>\u00a0:<a title=\"Centrocampista\" href=\"https:\/\/es.wikipedia.org\/wiki\/Centrocampista\">Centrocampista<\/a><\/li>\n<li><b>DEL<\/b>\u00a0: <a title=\"Delantero\" href=\"https:\/\/es.wikipedia.org\/wiki\/Delantero\">Delantero<\/a><\/li>\n<\/ul>\n<hr \/>\n<\/td>\n<\/tr>\n<\/tbody>\n<\/table>\n<p>&nbsp;<\/p>\n","protected":false},"excerpt":{"rendered":"<p>Jugadores Equipo t\u00e9cnico N.\u00ba Nac. Pos. Nombre Edad Eq. procedencia Arqueros 1 POR Daniel Vaca \u200937\u00a0a\u00f1os \u2009 The Strongest 12 POR Carlos Lampe \u200928\u00a0a\u00f1os \u2009 Sport Boys 23 POR Diego Zamora \u200922\u00a0a\u00f1os \u2009 Bol\u00edvar Defensores 4 DEF Leonel Morales \u200927\u00a0a\u00f1os &hellip; <a href=\"https:\/\/blog.espol.edu.ec\/fajarrin\/chile\/plantilla-bol\/\">Sigue leyendo <span class=\"meta-nav\">&rarr;<\/span><\/a><\/p>\n","protected":false},"author":10064,"featured_media":0,"parent":46,"menu_order":0,"comment_status":"closed","ping_status":"closed","template":"","meta":{"footnotes":""},"class_list":["post-90","page","type-page","status-publish","hentry"],"_links":{"self":[{"href":"https:\/\/blog.espol.edu.ec\/fajarrin\/wp-json\/wp\/v2\/pages\/90","targetHints":{"allow":["GET"]}}],"collection":[{"href":"https:\/\/blog.espol.edu.ec\/fajarrin\/wp-json\/wp\/v2\/pages"}],"about":[{"href":"https:\/\/blog.espol.edu.ec\/fajarrin\/wp-json\/wp\/v2\/types\/page"}],"author":[{"embeddable":true,"href":"https:\/\/blog.espol.edu.ec\/fajarrin\/wp-json\/wp\/v2\/users\/10064"}],"replies":[{"embeddable":true,"href":"https:\/\/blog.espol.edu.ec\/fajarrin\/wp-json\/wp\/v2\/comments?post=90"}],"version-history":[{"count":1,"href":"https:\/\/blog.espol.edu.ec\/fajarrin\/wp-json\/wp\/v2\/pages\/90\/revisions"}],"predecessor-version":[{"id":91,"href":"https:\/\/blog.espol.edu.ec\/fajarrin\/wp-json\/wp\/v2\/pages\/90\/revisions\/91"}],"up":[{"embeddable":true,"href":"https:\/\/blog.espol.edu.ec\/fajarrin\/wp-json\/wp\/v2\/pages\/46"}],"wp:attachment":[{"href":"https:\/\/blog.espol.edu.ec\/fajarrin\/wp-json\/wp\/v2\/media?parent=90"}],"curies":[{"name":"wp","href":"https:\/\/api.w.org\/{rel}","templated":true}]}}