{"id":571,"date":"2011-11-19T11:44:00","date_gmt":"2011-11-19T15:44:00","guid":{"rendered":"http:\/\/blog.espol.edu.ec\/fariarmas19\/?page_id=571"},"modified":"2012-08-06T22:58:09","modified_gmt":"2012-08-07T02:58:09","slug":"nosotros","status":"publish","type":"page","link":"https:\/\/blog.espol.edu.ec\/fariarmas19\/nosotros\/","title":{"rendered":"ACERCA DE!!"},"content":{"rendered":"<p><a href=\"http:\/\/blog.espol.edu.ec\/fariarmas19\/files\/2011\/11\/294845_257375177634563_144241692281246_692768_1320930314_n.jpg\"><img loading=\"lazy\" decoding=\"async\" class=\"alignleft size-medium wp-image-572\" src=\"http:\/\/blog.espol.edu.ec\/fariarmas19\/files\/2011\/11\/294845_257375177634563_144241692281246_692768_1320930314_n-198x300.jpg\" alt=\"\" width=\"198\" height=\"300\" srcset=\"https:\/\/blog.espol.edu.ec\/fariarmas19\/files\/2011\/11\/294845_257375177634563_144241692281246_692768_1320930314_n-198x300.jpg 198w, https:\/\/blog.espol.edu.ec\/fariarmas19\/files\/2011\/11\/294845_257375177634563_144241692281246_692768_1320930314_n.jpg 623w\" sizes=\"auto, (max-width: 198px) 100vw, 198px\" \/><\/a> A Viva Voz empez\u00f3 en Enero de 2009, y realmente el alcance dado por nuestro Dios, nos ha llevado a compartir el mensaje de salvaci\u00f3n a una Generaci\u00f3n sedienta por algo fresco, y es gracias al Esp\u00edritu que transforma y toca las vidas que hoy por hoy hemos cruzado fronteras, barreras, religiones y mas bien nos convertimos en un Instrumento de Honra para la edificaci\u00f3n del cuerpo de Cristo.<br \/>\nNuestra meta es clara, tengo un objetivo de donde me quiere llevar mi Dios con esto que ha entregado en mis manos. S\u00e9 la responsabilidad y mayor aun la pasi\u00f3n que requiere el esforzarnos por no mirar nunca nuestros intereses sino en la obra de Dios...<br \/>\nEl \u00e9nfasis de este privilegio es dar a conocer que Dios es un Dios que le gustar\u00eda utilizar el potencial que coloc\u00f3 en ti.. La calle est\u00e1 llena de muchachos rendidos, entregados a un mundo del cual buscan escapatoria, pasiones desordenadas, drogas, pesimismo, violencia y destrucci\u00f3n, sin embargo M\u00c1S ALL\u00c1 DE TODO, Jehov\u00e1 de los ejercitos sigue latente por levantar vidas dispuestas a dejar todo, negarse a si mismos y pelear la BUENA BATALLA DE LA FE!!!<br \/>\nNO TE DETENGAS!!! Dios quiere hacer una potencia de su poder en ti!!!<br \/>\nVAMOS.. A VIVA VOZ DESPERTEMOS A LOS VIOLENTOS que arrebatan el Reino de los Cielos!!!<\/p>\n<form id=\"vozme_form_ac20645008c67d49022d4723a095fcc8\" method=\"post\" name=\"vozme_form_ac20645008c67d49022d4723a095fcc8\" target=\"ac20645008c67d49022d4723a095fcc8\" action=\"http:\/\/vozme.com\/text2voice.php\"><input name=\"text\" type=\"hidden\" value=\"ACERCA DE!!.  A Viva Voz empez\u00f3 en Enero de 2009, y realmente el alcance dado por nuestro Dios, nos ha llevado a compartir el mensaje de salvaci\u00f3n a una Generaci\u00f3n sedienta por algo fresco, y es gracias al Esp\u00edritu que transforma y toca las vidas que hoy por hoy hemos cruzado fronteras, barreras, religiones y mas bien nos convertimos en un Instrumento de Honra para la edificaci\u00f3n del cuerpo de Cristo.\nNuestra meta es clara, tengo un objetivo de donde me quiere llevar mi Dios con esto que ha entregado en mis manos. S\u00e9 la responsabilidad y mayor aun la pasi\u00f3n que requiere el esforzarnos por no mirar nunca nuestros intereses sino en la obra de Dios...\nEl \u00e9nfasis de este privilegio es dar a conocer que Dios es un Dios que le gustar\u00eda utilizar el potencial que coloc\u00f3 en ti.. La calle est\u00e1 llena de muchachos rendidos, entregados a un mundo del cual buscan escapatoria, pasiones desordenadas, drogas, pesimismo, violencia y destrucci\u00f3n, sin embargo M\u00c1S ALL\u00c1 DE TODO, Jehov\u00e1 de los ejercitos sigue latente por levantar vidas dispuestas a dejar todo, negarse a si mismos y pelear la BUENA BATALLA DE LA FE!!!\nNO TE DETENGAS!!! Dios quiere hacer una potencia de su poder en ti!!!\nVAMOS.. A VIVA VOZ DESPERTEMOS A LOS VIOLENTOS que arrebatan el Reino de los Cielos!!!\n\" \/><input name=\"lang\" type=\"hidden\" value=\"en\" \/><input name=\"gn\" type=\"hidden\" value=\"ml\" \/><input type=\"hidden\" id=\"interface\" name=\"interface\" value=\"full\" \/>\n\t\t\t<div style=\"margin-left:40%;\">\n\t\t\t\n\t\t\t\t<input style=\"float:left;\" type=\"image\" width=\"40\" height=\"40\" src=\"http:\/\/blog.espol.edu.ec\/fariarmas19\/wp-content\/plugins\/vozme\/img\/megaphone40x40w.gif\" alt=\"Hear this post\" onclick=\"window.open('', 'ac20645008c67d49022d4723a095fcc8', 'width=600,height=370,scrollbars=yes,location=yes,menubar=yes,resizable=yes,status=yes,toolbar=yes');\">\n\t\t\t\t<div style=\"margin-left:48px; text-align:left;\"><a style=\"font-size:12px;\" href=\"javascript:void(0);\" onclick=\"window.open('', 'ac20645008c67d49022d4723a095fcc8', 'width=600,height=370,scrollbars=yes,location=yes,menubar=yes,resizable=yes,status=yes,toolbar=yes'); document.getElementById('vozme_form_ac20645008c67d49022d4723a095fcc8').submit();\">Hear<br\/>this post<\/a><\/div>\n\t\t\t<\/div><\/form>","protected":false},"excerpt":{"rendered":"<p>A Viva Voz empez\u00f3 en Enero de 2009, y realmente el alcance dado por nuestro Dios, nos ha llevado a compartir el mensaje de salvaci\u00f3n a una Generaci\u00f3n sedienta por algo fresco, y es gracias al Esp\u00edritu que transforma y &hellip; <a href=\"https:\/\/blog.espol.edu.ec\/fariarmas19\/nosotros\/\">Sigue leyendo <span class=\"meta-nav\">&rarr;<\/span><\/a><\/p>\n","protected":false},"author":1936,"featured_media":0,"parent":0,"menu_order":0,"comment_status":"open","ping_status":"open","template":"","meta":{"footnotes":""},"class_list":["post-571","page","type-page","status-publish","hentry"],"_links":{"self":[{"href":"https:\/\/blog.espol.edu.ec\/fariarmas19\/wp-json\/wp\/v2\/pages\/571","targetHints":{"allow":["GET"]}}],"collection":[{"href":"https:\/\/blog.espol.edu.ec\/fariarmas19\/wp-json\/wp\/v2\/pages"}],"about":[{"href":"https:\/\/blog.espol.edu.ec\/fariarmas19\/wp-json\/wp\/v2\/types\/page"}],"author":[{"embeddable":true,"href":"https:\/\/blog.espol.edu.ec\/fariarmas19\/wp-json\/wp\/v2\/users\/1936"}],"replies":[{"embeddable":true,"href":"https:\/\/blog.espol.edu.ec\/fariarmas19\/wp-json\/wp\/v2\/comments?post=571"}],"version-history":[{"count":7,"href":"https:\/\/blog.espol.edu.ec\/fariarmas19\/wp-json\/wp\/v2\/pages\/571\/revisions"}],"predecessor-version":[{"id":574,"href":"https:\/\/blog.espol.edu.ec\/fariarmas19\/wp-json\/wp\/v2\/pages\/571\/revisions\/574"}],"wp:attachment":[{"href":"https:\/\/blog.espol.edu.ec\/fariarmas19\/wp-json\/wp\/v2\/media?parent=571"}],"curies":[{"name":"wp","href":"https:\/\/api.w.org\/{rel}","templated":true}]}}