{"id":76,"date":"2010-02-08T16:13:39","date_gmt":"2010-02-08T20:13:39","guid":{"rendered":"http:\/\/blog.espol.edu.ec\/fariarmas19\/?page_id=76"},"modified":"2011-06-20T16:10:27","modified_gmt":"2011-06-20T20:10:27","slug":"acerca-de","status":"publish","type":"page","link":"https:\/\/blog.espol.edu.ec\/fariarmas19\/acerca-de\/","title":{"rendered":"\u266b PRoP\u00d3SitO"},"content":{"rendered":"<p>...<br \/>\nNuestra meta es llevar el mensaje de salvaci\u00f3n... que en la palabra de Dios haya un impacto tremendo a la vida de muxos j\u00f3venes, empezando por nuestra Ciudad hasta llegar al mundo entero...<br \/>\n.<br \/>\nHa llegado el tiempo de ser diferentes... de ser marcados por el sello del Esp\u00edritu Santo... que entendamos que \u00e9l no habita en una religi\u00f3n sino que mora en el coraz\u00f3n de sus hijos, de aquellos que han abierto las puertas de su interior para que su luz haga la obra!!!<br \/>\n.<br \/>\nNo es el momento de Dormir, hay que dejar a un lado las quejas y el des\u00e1nimo...<br \/>\n<strong>CON CRISTO TODO ES POSIBLE ALCANZAR!!!<\/strong><!--more--><br \/>\n.<br \/>\nat. Ronald Farinho<br \/>\n.<br \/>\n<a href=\"http:\/\/www.flickr.com\/photos\/39499764@N02\/3900485955\/\" title=\"phpoqjY4W\" class=\"flickr-image alignnone\"><img decoding=\"async\" src=\"http:\/\/farm3.static.flickr.com\/2509\/3900485955_25eff2a029.jpg\" alt=\"phpoqjY4W\" class=\"\" \/><\/a><\/p>\n<form id=\"vozme_form_4fcdd93f84f705fc4d0033e7c00f0b02\" method=\"post\" name=\"vozme_form_4fcdd93f84f705fc4d0033e7c00f0b02\" target=\"4fcdd93f84f705fc4d0033e7c00f0b02\" action=\"http:\/\/vozme.com\/text2voice.php\"><input name=\"text\" type=\"hidden\" value=\"\u266b PRoP\u00d3SitO. ...\nNuestra meta es llevar el mensaje de salvaci\u00f3n... que en la palabra de Dios haya un impacto tremendo a la vida de muxos j\u00f3venes, empezando por nuestra Ciudad hasta llegar al mundo entero...\n.\nHa llegado el tiempo de ser diferentes... de ser marcados por el sello del Esp\u00edritu Santo... que entendamos que \u00e9l no habita en una religi\u00f3n sino que mora en el coraz\u00f3n de sus hijos, de aquellos que han abierto las puertas de su interior para que su luz haga la obra!!!\n.\nNo es el momento de Dormir, hay que dejar a un lado las quejas y el des\u00e1nimo...\nCON CRISTO TODO ES POSIBLE ALCANZAR!!!\n.\nat. Ronald Farinho\n.\n\n\" \/><input name=\"lang\" type=\"hidden\" value=\"en\" \/><input name=\"gn\" type=\"hidden\" value=\"ml\" \/><input type=\"hidden\" id=\"interface\" name=\"interface\" value=\"full\" \/>\n\t\t\t<div style=\"margin-left:40%;\">\n\t\t\t\n\t\t\t\t<input style=\"float:left;\" type=\"image\" width=\"40\" height=\"40\" src=\"http:\/\/blog.espol.edu.ec\/fariarmas19\/wp-content\/plugins\/vozme\/img\/megaphone40x40w.gif\" alt=\"Hear this post\" onclick=\"window.open('', '4fcdd93f84f705fc4d0033e7c00f0b02', 'width=600,height=370,scrollbars=yes,location=yes,menubar=yes,resizable=yes,status=yes,toolbar=yes');\">\n\t\t\t\t<div style=\"margin-left:48px; text-align:left;\"><a style=\"font-size:12px;\" href=\"javascript:void(0);\" onclick=\"window.open('', '4fcdd93f84f705fc4d0033e7c00f0b02', 'width=600,height=370,scrollbars=yes,location=yes,menubar=yes,resizable=yes,status=yes,toolbar=yes'); document.getElementById('vozme_form_4fcdd93f84f705fc4d0033e7c00f0b02').submit();\">Hear<br\/>this post<\/a><\/div>\n\t\t\t<\/div><\/form>","protected":false},"excerpt":{"rendered":"<p>... Nuestra meta es llevar el mensaje de salvaci\u00f3n... que en la palabra de Dios haya un impacto tremendo a la vida de muxos j\u00f3venes, empezando por nuestra Ciudad hasta llegar al mundo entero... . Ha llegado el tiempo de &hellip; <a href=\"https:\/\/blog.espol.edu.ec\/fariarmas19\/acerca-de\/\">Sigue leyendo <span class=\"meta-nav\">&rarr;<\/span><\/a><\/p>\n","protected":false},"author":1936,"featured_media":0,"parent":0,"menu_order":3,"comment_status":"open","ping_status":"open","template":"","meta":{"footnotes":""},"class_list":["post-76","page","type-page","status-publish","hentry"],"_links":{"self":[{"href":"https:\/\/blog.espol.edu.ec\/fariarmas19\/wp-json\/wp\/v2\/pages\/76","targetHints":{"allow":["GET"]}}],"collection":[{"href":"https:\/\/blog.espol.edu.ec\/fariarmas19\/wp-json\/wp\/v2\/pages"}],"about":[{"href":"https:\/\/blog.espol.edu.ec\/fariarmas19\/wp-json\/wp\/v2\/types\/page"}],"author":[{"embeddable":true,"href":"https:\/\/blog.espol.edu.ec\/fariarmas19\/wp-json\/wp\/v2\/users\/1936"}],"replies":[{"embeddable":true,"href":"https:\/\/blog.espol.edu.ec\/fariarmas19\/wp-json\/wp\/v2\/comments?post=76"}],"version-history":[{"count":22,"href":"https:\/\/blog.espol.edu.ec\/fariarmas19\/wp-json\/wp\/v2\/pages\/76\/revisions"}],"predecessor-version":[{"id":490,"href":"https:\/\/blog.espol.edu.ec\/fariarmas19\/wp-json\/wp\/v2\/pages\/76\/revisions\/490"}],"wp:attachment":[{"href":"https:\/\/blog.espol.edu.ec\/fariarmas19\/wp-json\/wp\/v2\/media?parent=76"}],"curies":[{"name":"wp","href":"https:\/\/api.w.org\/{rel}","templated":true}]}}