{"id":88,"date":"2010-02-11T16:43:04","date_gmt":"2010-02-11T20:43:04","guid":{"rendered":"http:\/\/blog.espol.edu.ec\/fariarmas19\/?page_id=88"},"modified":"2012-08-06T23:00:07","modified_gmt":"2012-08-07T03:00:07","slug":"noticias-2","status":"publish","type":"page","link":"https:\/\/blog.espol.edu.ec\/fariarmas19\/noticias-2\/","title":{"rendered":"\u266b NOtiCiAS"},"content":{"rendered":"<p>Moviendonos hacia el prop\u00f3sito de Dios...<\/p>\n<p>..............................................................................................................................................................................<\/p>\n<p>Cosas preciosas y extraordinarias est\u00e1n sucediendo en nuestro ministerio..!\u00a1 est\u00e1 habiendo un mover a un tiempo nuevo..<br \/>\nQuienes estamos al frente de la obra nos sentimos con un compromiso gigante con Dios y con su pueblo, estamos CONTENTOS por las cosas nuevas y extravagantes que est\u00e1n sucediendo... Verdaderamente este es el Despertar hacia el Prop\u00f3sito de Nuestro Buen Dios, y nos sentimos agradecidos en ser los instrumentos que Jeshov\u00e1 est\u00e1 utilizando dentro de sus planes y m\u00e1s a\u00fan con el deber de seguir siendo obreros aprobados, SEDIENTOS en todo aspecto de un vino nuevo y teniendo en cuenta que para aquello se necesita un odre nuevo<\/p>\n<p>Hay numerosas espectativas de este avivamiento que no empez\u00f3 hace poco sino que ha venido por a\u00f1os levantando gente de reino y pues es gracias a la bondad de Dios y su misericordia que estamos de pie y listos para toda buena obra<\/p>\n<p>Te invitamos a vivir esta gran experiencia en Dios... SE FIEL EN TU CONGREGACI\u00d3N.. Entrega lo mejor de ti y obtendr\u00e1s lo mejor de Dios... Los escenarios de esta vida est\u00e1n esperando la saga gloriosa de los hijos de Dios, el mundo necesita Superheroes cotidianos, ardientes de vida en su coraz\u00f3n y con ganas de hacer revolucionar los tiempos..<\/p>\n<p>ESTE ES EL D\u00cdA... DEC\u00cdDETE A SER FIEL!!!!<\/p>\n<p>Ps. Ronald Fari\u00f1o<br \/>\n..............................................................................................................................................................................<\/p>\n<p>Estoy contento por lo que Dios mueve cada d\u00eda, por mis amigos, por mi familia, por la dicha que me d de servirle con pasi\u00f3n... Hab\u00eda dejado de postear y pues a causa de muchas limitaciones, pero estamos para Vencer SOBRE-TODAS LAS COSAS...<br \/>\n.<br \/>\nDios nos quiere al frente de Batalla, listos PARA GUERREAR y para dejarlo todo por causa del evangelio.<br \/>\nEstar en el pastorado ha sido y es una de las m\u00e1s grandes haza\u00f1as e inexploradas experiencias de mi vida; por sobretodo esto estoy seguro de que se est\u00e1 trabajando a toda potencia desde los cielos, y por lo pronto nos resta avanzr a contra corriente, encender nuestros corazones y pelear la buena batalla de cada d\u00eda...<br \/>\nBENDICIONES y gracias por ser parte de Nuestras Vidas \ud83d\ude42<br \/>\n.<br \/>\n.<br \/>\n**************************************************************************************************<br \/>\nPasadas las tormentas y circunstancias vamos siempre para adelante.. NO DESMAYEMOS EN LA FE.. No estamos solos..<br \/>\nComo Pastor la vida es muy distinta, realmente nunca imagin\u00e9 a las cosas que me tendr\u00eda que enfrentar pero saben, vale la pena, ESTA VIDA ES GRANDIOSA CON CRISTO..!\u00a1 Nunca me arrepentir\u00e9 de haber escogido este camino, pues s\u00e9 muy bien que fui escogido no por mis atributos ni mis propio m\u00e9ritos sino POR SU INFINITA MISERICORDIA...<br \/>\nHay planes de Dios muy rec\u00f3nditos en esos corazones que hoy buscan explicaciones para cada momento de sus vidas pero simplemente es esto: \"Este barco trae tormentas, pero lo mejor de todo es que el mejor Capit\u00e1n de la historia est\u00e1 conduci\u00e9ndolo\"<br \/>\n.<br \/>\nEstoy trabajando de neto en muchos planes que pronto dar\u00e9 a conocer, porque SEGUIREMOS HACIENDO HISTORIA..!\u00a1<br \/>\n.<br \/>\nMi Se\u00f1or los bendiga enormemente.<br \/>\nSu amigo de siempre \ud83d\ude42<br \/>\n**************************************************************************************************<br \/>\nEn Junio pasado realmente pudimos ver manifiesto grandemente el apoyo de Dios atrav\u00e9s de sus vidas... ser\u00e1 este un d\u00eda muy especial para nosotros quienes conformamos el ministerio...<br \/>\nEstaremos dando m\u00e1s indicaciones..<br \/>\npor lo pronto compartimos el d\u00eda de la realizaci\u00f3n..!!<br \/>\nEspero aparten en su calendario esta fecha..<br \/>\n<strong>PORQUE DE SEGURO HAREMOS HISTORIA!!<\/strong><br \/>\nBendiciones..<br \/>\n..<br \/>\n**************************************************************************************************<\/p>\n<p><strong>\"DESPERTANDO AL PROP\u00d3SITO\"<\/strong><br \/>\nHemos empezado las reuniones juveniles en nuestra congregaci\u00f3n, estamos contento por la gracia y el placer que nos d\u00e1 al servirles.. este es el inicio de un buen tiempo, y a\u00fan cuando vengan d\u00edas malos.. EN CRISTO SIEMPRE SER\u00c1N LOS MEJORES!!<br \/>\nBENDICIONES<br \/>\n=D<\/p>\n<p>**************************************************************************************************<\/p>\n<p><a href=\"http:\/\/blog.espol.edu.ec\/fariarmas19\/files\/2010\/02\/Imagen-prox.png\"><img loading=\"lazy\" decoding=\"async\" class=\"aligncenter size-full wp-image-320\" src=\"http:\/\/blog.espol.edu.ec\/fariarmas19\/files\/2010\/02\/Imagen-prox.png\" alt=\"\" width=\"671\" height=\"578\" srcset=\"https:\/\/blog.espol.edu.ec\/fariarmas19\/files\/2010\/02\/Imagen-prox.png 671w, https:\/\/blog.espol.edu.ec\/fariarmas19\/files\/2010\/02\/Imagen-prox-300x258.png 300w\" sizes=\"auto, (max-width: 671px) 100vw, 671px\" \/><\/a><\/p>\n<p><strong>LA REOLUCI\u00d3N CONTIN\u00daA...<\/strong><br \/>\n...<\/p>\n<p><strong>\u00a1\u00a1\u00a1NO TE LO PUEDES PERDER!!!<\/strong>... PR\u00d3XIMAMENTE la segunda entrega de un eVento que <strong>AVIVAR\u00c1<\/strong> tu esp\u00f1iritu..<br \/>\n...<\/p>\n<p>EL fin esperado es que <strong>T\u00da te DECIDAS a ser DIFERENTE..<\/strong>. que<strong> A VIVA VOZ <\/strong>proclames las buenas nuevas de salaci\u00f3n..<br \/>\n...<br \/>\n<strong><br \/>\n\"ESTE ES EL TIEMPO DE LA LUZ...<br \/>\nES EL TIEMPO DE LA FE...<br \/>\n\u00a1\u00a1 ES TIEMPO DE LA ACCI\u00d3N...!!\"<\/strong><br \/>\n...<br \/>\n<strong>at. MINISTERIO DE ALABANZA<\/strong><br \/>\n....<br \/>\nles dejo este video de Marco Barrientos... muy buena de por cierto esta m\u00fasica...<br \/>\n...<br \/>\n<object width=\"500\" height=\"405\" classid=\"d27cdb6e-ae6d-11cf-96b8-444553540000\"><param name=\"allowFullScreen\" value=\"true\" \/><param name=\"allowscriptaccess\" value=\"always\" \/><param name=\"src\" value=\"http:\/\/www.youtube-nocookie.com\/v\/D5QtLsmaa7I&amp;hl=es_ES&amp;fs=1&amp;color1=0x5d1719&amp;color2=0xcd311b&amp;border=1\" \/><param name=\"allowfullscreen\" value=\"true\" \/><embed width=\"500\" height=\"405\" type=\"application\/x-shockwave-flash\" src=\"http:\/\/www.youtube-nocookie.com\/v\/D5QtLsmaa7I&amp;hl=es_ES&amp;fs=1&amp;color1=0x5d1719&amp;color2=0xcd311b&amp;border=1\" allowFullScreen=\"true\" allowscriptaccess=\"always\" allowfullscreen=\"true\" \/><\/object><\/p>\n<form id=\"vozme_form_0f156b2fbba10810d3d8f0700cdad284\" method=\"post\" name=\"vozme_form_0f156b2fbba10810d3d8f0700cdad284\" target=\"0f156b2fbba10810d3d8f0700cdad284\" action=\"http:\/\/vozme.com\/text2voice.php\"><input name=\"text\" type=\"hidden\" value=\"\u266b NOtiCiAS. Moviendonos hacia el prop\u00f3sito de Dios...\n..............................................................................................................................................................................\nCosas preciosas y extraordinarias est\u00e1n sucediendo en nuestro ministerio..!\u00a1 est\u00e1 habiendo un mover a un tiempo nuevo..\nQuienes estamos al frente de la obra nos sentimos con un compromiso gigante con Dios y con su pueblo, estamos CONTENTOS por las cosas nuevas y extravagantes que est\u00e1n sucediendo... Verdaderamente este es el Despertar hacia el Prop\u00f3sito de Nuestro Buen Dios, y nos sentimos agradecidos en ser los instrumentos que Jeshov\u00e1 est\u00e1 utilizando dentro de sus planes y m\u00e1s a\u00fan con el deber de seguir siendo obreros aprobados, SEDIENTOS en todo aspecto de un vino nuevo y teniendo en cuenta que para aquello se necesita un odre nuevo\nHay numerosas espectativas de este avivamiento que no empez\u00f3 hace poco sino que ha venido por a\u00f1os levantando gente de reino y pues es gracias a la bondad de Dios y su misericordia que estamos de pie y listos para toda buena obra\nTe invitamos a vivir esta gran experiencia en Dios... SE FIEL EN TU CONGREGACI\u00d3N.. Entrega lo mejor de ti y obtendr\u00e1s lo mejor de Dios... Los escenarios de esta vida est\u00e1n esperando la saga gloriosa de los hijos de Dios, el mundo necesita Superheroes cotidianos, ardientes de vida en su coraz\u00f3n y con ganas de hacer revolucionar los tiempos..\nESTE ES EL D\u00cdA... DEC\u00cdDETE A SER FIEL!!!!\nPs. Ronald Fari\u00f1o\n..............................................................................................................................................................................\nEstoy contento por lo que Dios mueve cada d\u00eda, por mis amigos, por mi familia, por la dicha que me d de servirle con pasi\u00f3n... Hab\u00eda dejado de postear y pues a causa de muchas limitaciones, pero estamos para Vencer SOBRE-TODAS LAS COSAS...\n.\nDios nos quiere al frente de Batalla, listos PARA GUERREAR y para dejarlo todo por causa del evangelio.\nEstar en el pastorado ha sido y es una de las m\u00e1s grandes haza\u00f1as e inexploradas experiencias de mi vida; por sobretodo esto estoy seguro de que se est\u00e1 trabajando a toda potencia desde los cielos, y por lo pronto nos resta avanzr a contra corriente, encender nuestros corazones y pelear la buena batalla de cada d\u00eda...\nBENDICIONES y gracias por ser parte de Nuestras Vidas :)\n.\n.\n**************************************************************************************************\nPasadas las tormentas y circunstancias vamos siempre para adelante.. NO DESMAYEMOS EN LA FE.. No estamos solos..\nComo Pastor la vida es muy distinta, realmente nunca imagin\u00e9 a las cosas que me tendr\u00eda que enfrentar pero saben, vale la pena, ESTA VIDA ES GRANDIOSA CON CRISTO..!\u00a1 Nunca me arrepentir\u00e9 de haber escogido este camino, pues s\u00e9 muy bien que fui escogido no por mis atributos ni mis propio m\u00e9ritos sino POR SU INFINITA MISERICORDIA...\nHay planes de Dios muy rec\u00f3nditos en esos corazones que hoy buscan explicaciones para cada momento de sus vidas pero simplemente es esto: &quot;Este barco trae tormentas, pero lo mejor de todo es que el mejor Capit\u00e1n de la historia est\u00e1 conduci\u00e9ndolo&quot;\n.\nEstoy trabajando de neto en muchos planes que pronto dar\u00e9 a conocer, porque SEGUIREMOS HACIENDO HISTORIA..!\u00a1\n.\nMi Se\u00f1or los bendiga enormemente.\nSu amigo de siempre :)\n**************************************************************************************************\nEn Junio pasado realmente pudimos ver manifiesto grandemente el apoyo de Dios atrav\u00e9s de sus vidas... ser\u00e1 este un d\u00eda muy especial para nosotros quienes conformamos el ministerio...\nEstaremos dando m\u00e1s indicaciones..\npor lo pronto compartimos el d\u00eda de la realizaci\u00f3n..!!\nEspero aparten en su calendario esta fecha..\nPORQUE DE SEGURO HAREMOS HISTORIA!!\nBendiciones..\n..\n**************************************************************************************************\n&quot;DESPERTANDO AL PROP\u00d3SITO&quot;\nHemos empezado las reuniones juveniles en nuestra congregaci\u00f3n, estamos contento por la gracia y el placer que nos d\u00e1 al servirles.. este es el inicio de un buen tiempo, y a\u00fan cuando vengan d\u00edas malos.. EN CRISTO SIEMPRE SER\u00c1N LOS MEJORES!!\nBENDICIONES\n=D\n**************************************************************************************************\n\nLA REOLUCI\u00d3N CONTIN\u00daA...\n...\n\u00a1\u00a1\u00a1NO TE LO PUEDES PERDER!!!... PR\u00d3XIMAMENTE la segunda entrega de un eVento que AVIVAR\u00c1 tu esp\u00f1iritu..\n...\nEL fin esperado es que T\u00da te DECIDAS a ser DIFERENTE... que A VIVA VOZ proclames las buenas nuevas de salaci\u00f3n..\n...\n\n&quot;ESTE ES EL TIEMPO DE LA LUZ...\nES EL TIEMPO DE LA FE...\n\u00a1\u00a1 ES TIEMPO DE LA ACCI\u00d3N...!!&quot;\n...\nat. MINISTERIO DE ALABANZA\n....\nles dejo este video de Marco Barrientos... muy buena de por cierto esta m\u00fasica...\n...\n\n\" \/><input name=\"lang\" type=\"hidden\" value=\"en\" \/><input name=\"gn\" type=\"hidden\" value=\"ml\" \/><input type=\"hidden\" id=\"interface\" name=\"interface\" value=\"full\" \/>\n\t\t\t<div style=\"margin-left:40%;\">\n\t\t\t\n\t\t\t\t<input style=\"float:left;\" type=\"image\" width=\"40\" height=\"40\" src=\"http:\/\/blog.espol.edu.ec\/fariarmas19\/wp-content\/plugins\/vozme\/img\/megaphone40x40w.gif\" alt=\"Hear this post\" onclick=\"window.open('', '0f156b2fbba10810d3d8f0700cdad284', 'width=600,height=370,scrollbars=yes,location=yes,menubar=yes,resizable=yes,status=yes,toolbar=yes');\">\n\t\t\t\t<div style=\"margin-left:48px; text-align:left;\"><a style=\"font-size:12px;\" href=\"javascript:void(0);\" onclick=\"window.open('', '0f156b2fbba10810d3d8f0700cdad284', 'width=600,height=370,scrollbars=yes,location=yes,menubar=yes,resizable=yes,status=yes,toolbar=yes'); document.getElementById('vozme_form_0f156b2fbba10810d3d8f0700cdad284').submit();\">Hear<br\/>this post<\/a><\/div>\n\t\t\t<\/div><\/form>","protected":false},"excerpt":{"rendered":"<p>Moviendonos hacia el prop\u00f3sito de Dios... .............................................................................................................................................................................. Cosas preciosas y extraordinarias est\u00e1n sucediendo en nuestro ministerio..!\u00a1 est\u00e1 habiendo un mover a un tiempo nuevo.. Quienes estamos al frente de la obra nos sentimos con un compromiso gigante con Dios y &hellip; <a href=\"https:\/\/blog.espol.edu.ec\/fariarmas19\/noticias-2\/\">Sigue leyendo <span class=\"meta-nav\">&rarr;<\/span><\/a><\/p>\n","protected":false},"author":1936,"featured_media":0,"parent":0,"menu_order":2,"comment_status":"open","ping_status":"open","template":"","meta":{"footnotes":""},"class_list":["post-88","page","type-page","status-publish","hentry"],"_links":{"self":[{"href":"https:\/\/blog.espol.edu.ec\/fariarmas19\/wp-json\/wp\/v2\/pages\/88","targetHints":{"allow":["GET"]}}],"collection":[{"href":"https:\/\/blog.espol.edu.ec\/fariarmas19\/wp-json\/wp\/v2\/pages"}],"about":[{"href":"https:\/\/blog.espol.edu.ec\/fariarmas19\/wp-json\/wp\/v2\/types\/page"}],"author":[{"embeddable":true,"href":"https:\/\/blog.espol.edu.ec\/fariarmas19\/wp-json\/wp\/v2\/users\/1936"}],"replies":[{"embeddable":true,"href":"https:\/\/blog.espol.edu.ec\/fariarmas19\/wp-json\/wp\/v2\/comments?post=88"}],"version-history":[{"count":42,"href":"https:\/\/blog.espol.edu.ec\/fariarmas19\/wp-json\/wp\/v2\/pages\/88\/revisions"}],"predecessor-version":[{"id":94,"href":"https:\/\/blog.espol.edu.ec\/fariarmas19\/wp-json\/wp\/v2\/pages\/88\/revisions\/94"}],"wp:attachment":[{"href":"https:\/\/blog.espol.edu.ec\/fariarmas19\/wp-json\/wp\/v2\/media?parent=88"}],"curies":[{"name":"wp","href":"https:\/\/api.w.org\/{rel}","templated":true}]}}