{"id":6,"date":"2012-10-17T15:40:49","date_gmt":"2012-10-17T15:40:49","guid":{"rendered":"http:\/\/blog.espol.edu.ec\/fbriera\/?page_id=6"},"modified":"2012-11-07T09:05:32","modified_gmt":"2012-11-07T09:05:32","slug":"esta-es-mi-primera-pagina","status":"publish","type":"page","link":"https:\/\/blog.espol.edu.ec\/fbriera\/esta-es-mi-primera-pagina\/","title":{"rendered":"Clubs Tuning Ecuador"},"content":{"rendered":"<p>En esta ocasion intentaremos dar a conocer la historia de toda nuestra destacada gama de clubes a nivel nacional, en la cual cada club esta especializado en algo mas de lo que es tuning, como por ejemplo audio, estetica, drift, etcetera..<\/p>\n<p><iframe loading=\"lazy\" width=\"420\" height=\"315\" src=\"http:\/\/www.youtube.com\/embed\/lZCm8_JVF-8\" frameborder=\"0\" allowfullscreen><\/iframe><\/p>\n<p style=\"text-align: center\"><strong>Midnight Tuning Club<\/strong><\/p>\n<p><a href=\"http:\/\/blog.espol.edu.ec\/fbriera\/files\/2012\/10\/ecuatuning.com-20060802-logo-midnight-468.jpg\"><img loading=\"lazy\" decoding=\"async\" class=\"size-medium wp-image-25 aligncenter\" src=\"http:\/\/blog.espol.edu.ec\/fbriera\/files\/2012\/10\/ecuatuning.com-20060802-logo-midnight-468-300x57.jpg\" alt=\"\" width=\"300\" height=\"57\" srcset=\"https:\/\/blog.espol.edu.ec\/fbriera\/files\/2012\/10\/ecuatuning.com-20060802-logo-midnight-468-300x57.jpg 300w, https:\/\/blog.espol.edu.ec\/fbriera\/files\/2012\/10\/ecuatuning.com-20060802-logo-midnight-468.jpg 468w\" sizes=\"auto, (max-width: 300px) 100vw, 300px\" \/><\/a><\/p>\n<p>El Midnight Tuning Club naci\u00f3 de la integraci\u00f3n de unos cuantos amigos aficionados al Tuning, que poco a poco han ido incrementando y modificando sus veh\u00edculos. Este Club les abre las puertas y les da la m\u00e1s cordial bienvenida a todos los aficionados al Tuning, que tengan su veh\u00edculo y que est\u00e9 dispuestos a pertenecer a esta agrupaci\u00f3n, en donde adem\u00e1s de competir, buscamos ayudarnos mutuamente e irle dando a nuestros carros la imagen que queremos proyectar de ellos.<br \/>\nComo Club, tenemos muchas aspiraciones. Actualmente estamos entrando en contacto con dem\u00e1s personas incursionadas en el Mundo Tuning, por lo tanto, ofrecemos a los integrantes del Club, la oportunidad de estar al tanto de todo tipo de evento Tuning que se realice en el medio, ya sea dentro o fuera de la ciudad.<br \/>\nVale recalcar que el Tuning, tambi\u00e9n es una actividad que merece disciplina y orden, por lo tanto, a continuaci\u00f3n les presentamos el Reglamento Interno del Midnight Tuning Club.<\/p>\n<p style=\"text-align: center\">\u00a0<strong>Option Tuning Club<\/strong><\/p>\n<p style=\"text-align: center\"><a href=\"http:\/\/blog.espol.edu.ec\/fbriera\/files\/2012\/10\/ecuatuning.com-20060802-logo-optiontuningclub-468.jpg\"><img loading=\"lazy\" decoding=\"async\" class=\"alignnone size-medium wp-image-26\" src=\"http:\/\/blog.espol.edu.ec\/fbriera\/files\/2012\/10\/ecuatuning.com-20060802-logo-optiontuningclub-468-300x57.jpg\" alt=\"\" width=\"300\" height=\"57\" srcset=\"https:\/\/blog.espol.edu.ec\/fbriera\/files\/2012\/10\/ecuatuning.com-20060802-logo-optiontuningclub-468-300x57.jpg 300w, https:\/\/blog.espol.edu.ec\/fbriera\/files\/2012\/10\/ecuatuning.com-20060802-logo-optiontuningclub-468.jpg 468w\" sizes=\"auto, (max-width: 300px) 100vw, 300px\" \/><\/a><\/p>\n<p>En la ciudad de Guayaquil nace el OPTION Tuning club despu\u00e9s de que un grupo de entusiastas compartiera el gusto por las modificaciones en sus autos y se planteara la necesidad de crear un club diferente a los existentes; un club en donde la amistad sea tan importante como los autos de los miembros sin importar modelo o marca; respetando el gusto del due\u00f1o de cada veh\u00edculo que conforma el club y su inclinaci\u00f3n por la modificaci\u00f3n que sea mas de su gusto ya sea esta en Audio, Performance o Est\u00e9tica.<\/p>\n<p>Nuestro objetivo es convertirnos en un club competitivo en las categor\u00edas propuestas, no solo a nivel de Guayaquil. Integrar a todos nuestros miembros en una asociaci\u00f3n de amigos, a trav\u00e9s de nuestras reuniones semanales o por medio del Foro de Ecuatuning.com, la pagina que ha unido a cada miembro sin importar la distancia.<\/p>\n<p>La s\u00f3lida visi\u00f3n de este club es mantener firme un espacio en cual los propietarios de los veh\u00edculos se acent\u00faen en el libre intercambio de experiencias, inquietudes, y dem\u00e1s conocimientos para lograr que sus maquinas alcancen un buen nivel de modificaciones motrices con adecuada asesor\u00eda logrando el apoyo de todos los miembros del club cuando se requiera.<\/p>\n<p>Entre los proyectos del OPTION Tuning club, se encuentra de robustecer los lazos de amistad e intercambio con sus colegas de los Clubes existentes en la ciudad ya sea con el XTC o el GTC, mediante intercambio de experiencias e inquietudes o en interactividad en los foros de Ecuatuning.com.<\/p>\n<p>En cuanto a la frecuencia de encuentro entre sus integrantes, el OPTION Tuning club semanalmente se re\u00fanen entre sus miembros para hacer instalaciones o modificaciones en los veh\u00edculos.<\/p>\n<p>Adicionalmente, al menos al menos una vez por semana se realizan sus reuniones en las cuales se discuten temas de relacionados con el club y las futuras modificaciones en sus autos.<\/p>\n<p>nvitamos a los aspirantes a miembros a conocer el ambiente del club y los lugares de las reuniones que se publicaran pr\u00f3ximamente una vez que sus integrantes sugieran lugares que sean comodos para todos sus integrantes.<\/p>\n<p style=\"text-align: center\">\u00a0<strong>Racing Tuning Club<\/strong><\/p>\n<p style=\"text-align: center\"><a href=\"http:\/\/blog.espol.edu.ec\/fbriera\/files\/2012\/10\/ecuatuning.com-20060807-logo-racingtuningclub-468.jpg\"><img loading=\"lazy\" decoding=\"async\" class=\"alignnone size-medium wp-image-27\" src=\"http:\/\/blog.espol.edu.ec\/fbriera\/files\/2012\/10\/ecuatuning.com-20060807-logo-racingtuningclub-468-300x57.jpg\" alt=\"\" width=\"300\" height=\"57\" srcset=\"https:\/\/blog.espol.edu.ec\/fbriera\/files\/2012\/10\/ecuatuning.com-20060807-logo-racingtuningclub-468-300x57.jpg 300w, https:\/\/blog.espol.edu.ec\/fbriera\/files\/2012\/10\/ecuatuning.com-20060807-logo-racingtuningclub-468.jpg 468w\" sizes=\"auto, (max-width: 300px) 100vw, 300px\" \/><\/a><\/p>\n<p>El Racing Tuning Club fue formado el 3 De Marzo del 2006 por varios miembros de diferentes clubes que decidieron darle un giro al Tuning. Somos un Club muy din\u00e1mico y con mucha energ\u00eda y deseos de prosperar en el mundo tuerca.<\/p>\n<p>Nuestra misi\u00f3n\u00a0es lograr obtener un buen ranking a nivel nacional en competencias de \u00bc milla, audio y est\u00e9tica que se lleven a cabo en nuestro pa\u00eds.<\/p>\n<p>Nuestra visi\u00f3n\u00a0es conformar un grupo de amigos incondicionales, dispuestos a estar en las buenas y en las malas, brind\u00e1ndonos apoyo mutuamente, no solo en el tuning, sino en la vida cotidiana y mantener lazos de estrecha amistad con todos los clubes del Pa\u00eds.<\/p>\n<p style=\"text-align: center\"><strong>Tuning Pro Club<\/strong><\/p>\n<p style=\"text-align: center\"><a href=\"http:\/\/blog.espol.edu.ec\/fbriera\/files\/2012\/10\/ecuatuning.com-20060809-logo-torque-468.jpg\"><img loading=\"lazy\" decoding=\"async\" class=\"alignnone size-medium wp-image-29\" src=\"http:\/\/blog.espol.edu.ec\/fbriera\/files\/2012\/10\/ecuatuning.com-20060809-logo-torque-468-300x57.jpg\" alt=\"\" width=\"300\" height=\"57\" srcset=\"https:\/\/blog.espol.edu.ec\/fbriera\/files\/2012\/10\/ecuatuning.com-20060809-logo-torque-468-300x57.jpg 300w, https:\/\/blog.espol.edu.ec\/fbriera\/files\/2012\/10\/ecuatuning.com-20060809-logo-torque-468.jpg 468w\" sizes=\"auto, (max-width: 300px) 100vw, 300px\" \/><\/a><\/p>\n<p>El club empez\u00f3 hace 4 a\u00f1os, luego de la formaci\u00f3n del antiguo Quito Tuning Club, la iniciativa surge cuando por medio de un amigo Argentino, nos comento que Tuning Pro Argentina estaba en proceso de Expansi\u00f3n y que ve\u00eda al Ecuador como un pa\u00eds con mucho potencial.<\/p>\n<p>Es ah\u00ed cuando Adrian Mu\u00f1oz Manosalvas, se dirige a Buenos Aires, gracias a la invitaci\u00f3n de Diego Mirando Gerente de Tuning Pro Argentina, ah\u00ed se sentaron a conversar y crearon un esquema de funcionamiento que se pod\u00eda aplicar al Ecuador, este consist\u00eda inicialmente en comercializar productos Tuning de Argentina que son de excelente calidad y precios econ\u00f3micos.<\/p>\n<p>Luego de Conversaciones se llego a un acuerdo, se compro la franquicia que inclu\u00eda productos, esquemas de manejo y otras cosas m\u00e1s t\u00e9cnicas, adem\u00e1s de darnos potestad para decidir sobre los asuntos que mejor convengan al Ecuador.<\/p>\n<p>Llegamos al Ecuador y lo primero que hicimos es crear un Sitio web, comenzamos con algo peque\u00f1o, pero en esa \u00e9poca era la \u00fanica p\u00e1gina de tuning del pa\u00eds, esto era una novedad y luego fuimos creciendo, hasta convertirla en un verdadero portal tuning, ah\u00ed es cuando surge la idea de hacer un Club.<\/p>\n<p>Comenzamos 4 Integrantes la mayor\u00eda fue porque visitaron la pagina Web y les gusto el tema, al principio no ten\u00edamos los grandes autos que tenemos en la actualidad, pero por algo se empieza.<\/p>\n<p>Nuestra reuni\u00f3n fue en un local llamado Auto X, esa \u00e9poca era de Mario Garnica y sus clientes entraron al club, ah\u00ed la cosa cambio y fuimos creciendo, luego cambiamos nuestras reuniones al CCI un centro comercial de Quito.<\/p>\n<p>Tuning Pro Ec, se separo del club, ya que comenz\u00f3 a involucrarse en la organizaci\u00f3n de Eventos y por \u00e9tica no pod\u00eda ser juez y parte.<\/p>\n<p>As\u00ed Nace Tuning Pro Quito de forma oficial, una vez separada de la empresa Tuning Pro Ecuador, el club tomo forma propia y se eligi\u00f3 directiva y un reglamento.<\/p>\n<p>Los socios fueron creciendo y una vez que los Integrantes del extinto Quito Tuning Club se separaron, nuestro club se dio a conocer mas, debido a que \u00e9ramos el club mas grande Quito y la calidad de nuestros autos y socios eran de lo mejor.<\/p>\n<p>El club tuvo sus etapas, es as\u00ed que en el 2005 , varios miembros se retiraron y formaron un club peque\u00f1o llamado Pisteros, otros socios se fueron para el club Torque ya que su inter\u00e9s era mas racing., con algunos la amistad sigue ya que el tuning nos ha dejamos buenos amigos.<\/p>\n<p>Tuning Pro Club, se ha caracterizado mas por ser un club tuning y de audio, aunque en sus filas cuenta con autos para competir en racing y uno que otro enturbado.<\/p>\n<p style=\"text-align: center\">\u00a0<strong>Xtreme Tuning Club<\/strong><\/p>\n<p style=\"text-align: center\"><a href=\"http:\/\/blog.espol.edu.ec\/fbriera\/files\/2012\/10\/ecuatuning.com-20060802-logo-xtremetuningclub-468.jpg\"><img loading=\"lazy\" decoding=\"async\" class=\"alignnone size-medium wp-image-28\" src=\"http:\/\/blog.espol.edu.ec\/fbriera\/files\/2012\/10\/ecuatuning.com-20060802-logo-xtremetuningclub-468-300x57.jpg\" alt=\"\" width=\"300\" height=\"57\" srcset=\"https:\/\/blog.espol.edu.ec\/fbriera\/files\/2012\/10\/ecuatuning.com-20060802-logo-xtremetuningclub-468-300x57.jpg 300w, https:\/\/blog.espol.edu.ec\/fbriera\/files\/2012\/10\/ecuatuning.com-20060802-logo-xtremetuningclub-468.jpg 468w\" sizes=\"auto, (max-width: 300px) 100vw, 300px\" \/><\/a><\/p>\n<p>El Xtreme se creo en el tiempo que Carlos Jaramillo y Max Souffriau asistian a\u00a0las reuniones del Guayaquil Tuning Car, en esos 3 a 4 meses que iban se dieron cuenta que era un grupo muy ch\u00e9vere, y siempre con animo de ayudar dando buenos consejos, un logro de Carlos Jaramillo fue ser la cabeza de la organizaci\u00f3n de un evento que se hizo en un terrero que tiene en la Francisco Orellana, el cual cont\u00f3 con la participaci\u00f3n de Daniel S\u00e1nchez en ese tiempo no presidente de la ATE, pero ya con gran parte de experiencia como Juez Tuning.<\/p>\n<p align=\"justify\">El Xtreme lo creamos un Mi\u00e9rcoles 14 de Enero del 2004 en el Mc Donnalds\u00a0 de los Ceibos (ah\u00ed trabajaba Xavier Porras), el nombre salio de una Chevrolet Luv que en ese momento estaba realizando un pedido de servicio rapido, y decia Xtreme, ya hab\u00edamos barajado algunos nombres, pero de<br \/>\nah\u00ed salio, y pues como \u00e9ramos tuning naci\u00f3 el nombre del club, al inicio \u00e9ramos el Guayaquil Xtreme Tuning, nombre que luego se cambio a Xtreme Tuning Club.<\/p>\n<p>Al d\u00eda siguiente jueves 15 de Enero salimos y nos parqueamos en Galleta Pecosa, estuvimos, Carlos Jaramillo, Max Souffriau, Xavier Porras, Juan Carlos Preciado, Luis Colmont y David Olaya, son las que tengo registradas, ese d\u00eda salimos con un logo inicial en los autos.<\/p>\n<p>El Martes 20 de Enero nos reunimos en Formula Car, luego de hablar con Jorge Leon y manifestar inter\u00e9s en formar un club, fue ah\u00ed que decidimos hacer la reuni\u00f3n y llamar a m\u00e1s personas que ten\u00edan sus autos tuning, pero que por uno u otro motivo no hab\u00edan ingresado al Guayaquil Tuning Car, la reuni\u00f3n fue excelente, cada momento el grupo era mas grande con mas entusiastas cada d\u00eda, a esta reuni\u00f3n asistimos, Carlos Jaramillo, Max Souffriau, Alex Contreras, Juan Carlos Preciado, Luis Colmont,<br \/>\nFabricio Neira, Xavier Sanchez, Randy Cadona, Xavier Melo, Geovanni Scheweitzer, Jorge Leon y Ruben Mendieta. Como ven el listado cada d\u00eda\u00a0 aumentaba.<\/p>\n<p>El Jueves 22 de Enero del 2004 fue el d\u00eda en que en Galleta Pecosa hab\u00edan tantos tuning que ya no se sabia donde parquear los autos, fue un boom, tanto fue el entusiasmo de la gente que desde ese d\u00eda el Xtreme\u00a0 Tuning Club fue el Club que organizaba los pikes en guayaquil, en ese tiempo de forma ilegal en la Aurora o las Orqu\u00eddeas, lugar donde el Guayaquil Tuning Car organizaba los pikes.<\/p>\n<p>Luego se cambio el lugar de parqueo a el Comisariato de Urdesa, pero era mucho peque\u00f1o para el volumen de autos, entonces se decidi\u00f3 ir al albanBorja donde nos parqueamos por un buen tiempo y se aprovechaba que Tosi estaba ah\u00ed, pero dejo de ser servicio 24 horas al d\u00eda, y apagaban la\u00a0 luz, adem\u00e1s de ser alejado del movimiento de la ciudad, y actualmente estamos en Makro, al frente del Policentro, donde el espacio para parqueo de autos es bastante grande, y los autos del club est\u00e1n ubicados<br \/>\nde tal forma que todo el mundo los ve, y es un atractivo.<\/p>\n<p style=\"text-align: center\"><strong>Pisteros Group<\/strong><\/p>\n<p style=\"text-align: center\"><a href=\"http:\/\/blog.espol.edu.ec\/fbriera\/files\/2012\/10\/ecuatuning.com-20061015-logo-pisterosgroup-468.jpg\"><img loading=\"lazy\" decoding=\"async\" class=\"alignnone size-medium wp-image-30\" src=\"http:\/\/blog.espol.edu.ec\/fbriera\/files\/2012\/10\/ecuatuning.com-20061015-logo-pisterosgroup-468-300x57.jpg\" alt=\"\" width=\"300\" height=\"57\" srcset=\"https:\/\/blog.espol.edu.ec\/fbriera\/files\/2012\/10\/ecuatuning.com-20061015-logo-pisterosgroup-468-300x57.jpg 300w, https:\/\/blog.espol.edu.ec\/fbriera\/files\/2012\/10\/ecuatuning.com-20061015-logo-pisterosgroup-468.jpg 468w\" sizes=\"auto, (max-width: 300px) 100vw, 300px\" \/><\/a><\/p>\n<p>Los principales miembros del club, pertenec\u00edan al club Tuning Pro de Quito, donde luego de alcanzar algunos logros para el club como para uno mismo, nos vimos obligados a renunciar al club en vista de algunas situaciones que se presentaron tanto personales como concernientes al club Tuning Pro, esto ocurr\u00eda a mediados del 2004. Luego de algunos meses, en octubre del 2004, nos reunimos Mario Garnica, Fernando M\u00e9ndez, Eduardo Y\u00e9pez y Xavier Mari\u00f1o como un grupo de amigos afines al tuning por lo que decidimos formar un club entre nosotros, pusimos varias alternativas de nombres, los cuales no fueron mucho del agrado hasta que luego de navegar en Internet nos pusimos en contacto con la gente de Pisteros de Argentina, catalogado como el club de tuning m\u00e1s grande del mundo, y obtuvimos el visto bueno para ser parte del ese club, con sede en Nuestro Ecuador.<\/p>\n<p>Ya con un nombre apropiado y con varia publicidad enviada desde Argentina, nos pusimos manos a la obra para preparar de mejor forma nuestros autos, es as\u00ed que en el 2004. Mario garnica termin\u00f3 como 2do a nivel nacional en el ranking de la ATE y Xavier Mari\u00f1o en 4to lugar en lo que se refiere a tuning est\u00e9tico y en la categor\u00eda moderado. Con autos espectaculares como el M\u00e9gane azul de Mario y el Peugeot 206 az\u00fal de Xavier. Sin desmerecer la camioneta Fiat de Fernando M\u00e9ndez que ya compet\u00eda en la categor\u00eda extremo.<\/p>\n<p>En el a\u00f1o 2005 comenzamos a obtener adhesiones de entusiastas del hobby, con nuestro lema de que no quer\u00edamos cantidad sino calidad, nosotros no buscamos en cada feria independientes que quieran unirse a nuestro club, era los entusiastas quienes abandonaron otros clubs para formar parte de nuestras filas.<\/p>\n<p>Es as\u00ed que con tan solo tres autos participantes en el ranking 2005 de la ATE terminamos en 4to puesto a nivel nacional y 1er puesto en la ciudad de Quito. Sin tomar en cuenta la triste separaci\u00f3n del club de uno de los mejores representantes del club, Mario Garnica, que pas\u00f3 de pertenecer a las filas del JOT (jueces ATE).<\/p>\n<p>Y en el ranking de Iasca Ecuador, Xavier Mari\u00f1o termin\u00f3 como campe\u00f3n nacional en Calidad de Sonido y 3er puesto a nivel nacional en IDBL. As\u00ed como Fernando M\u00e9ndez tambi\u00e9n particip\u00f3 llevando logros para s\u00ed y para el club terminando 3ero a nivel nacional en Calidad de Sonido. Obteniendo los dos muy buenos puestos en lo referente al tuning est\u00e9tico.<\/p>\n<p>Ya para el 2006, Xavier Mari\u00f1o empieza un nuevo a\u00f1o con nuevo auto, Fernando M\u00e9ndez modifica su veh\u00edculo de forma impresionante, Eduardo Y\u00e9pez empieza a participar tanto en est\u00e9tica como en audio en su Bronco negra, Diego Jara tambi\u00e9n empieza sus participaciones. Esperemos buenos resultados en este nuevo a\u00f1o en las dos competencias que se llevan a cabo en nuestro pa\u00eds: el ranking de la ATE y de Iasca Ecuador.<\/p>\n<p>Mencionamos tambi\u00e9n la felicitaci\u00f3n de nuestro representante Xavier Mari\u00f1o en el campeonato IASCA Colombia que se celebr\u00f3 en Pasto. Donde represent\u00f3 muy bien tanto al Ecuador, como a su club, obteniendo el 1er lugar en tuning est\u00e9tico.<\/p>\n<p>Como dijimos anteriormente, no necesitamos de llenarnos de autos para ser el mejor club, o el m\u00e1s grande, somos un grupo de amigos afines al tuning que estamos en las buenas y en las malas, apoy\u00e1ndonos unos a otros participando en ferias o apoyando a los que participan. Por eso nuestro nombre el PISTEROS GROUP.<\/p>\n<p style=\"text-align: center\"><strong>Torque<\/strong><\/p>\n<p style=\"text-align: center\"><a href=\"http:\/\/blog.espol.edu.ec\/fbriera\/files\/2012\/10\/ecuatuning.com-20060807-logo-torque-468.jpg\"><img loading=\"lazy\" decoding=\"async\" class=\"alignnone size-medium wp-image-31\" src=\"http:\/\/blog.espol.edu.ec\/fbriera\/files\/2012\/10\/ecuatuning.com-20060807-logo-torque-468-300x57.jpg\" alt=\"\" width=\"300\" height=\"57\" srcset=\"https:\/\/blog.espol.edu.ec\/fbriera\/files\/2012\/10\/ecuatuning.com-20060807-logo-torque-468-300x57.jpg 300w, https:\/\/blog.espol.edu.ec\/fbriera\/files\/2012\/10\/ecuatuning.com-20060807-logo-torque-468.jpg 468w\" sizes=\"auto, (max-width: 300px) 100vw, 300px\" \/><\/a><\/p>\n<p>En noviembre del a\u00f1o 2004, algunos socios de los antiguos clubes Radical Cars, Tuning Pro y Tuning Dacem, nos separamos de las filas de los mismos ya que no llenaban nuestras expectativas, muchos se dedicaban en mayor parte a la est\u00e9tica y audio, pero nuestro enfoque siempre fue la potenciaci\u00f3n. Esa es la raz\u00f3n por la cual se forma el club, teniendo como objetivo crear uno de los clubes mas poderosos de Ecuador en la divisi\u00f3n Racing.<\/p>\n<p>Esta meta se ha logrado paulatinamente, logrando que autos de calle modificados sean punteros en las competencias de \u00bc de milla, Pro Racing y trepada de monta\u00f1a que se realizan en las diferentes ciudades del Ecuador.<\/p>\n","protected":false},"excerpt":{"rendered":"<p>En esta ocasion intentaremos dar a conocer la historia de toda nuestra destacada gama de clubes a nivel nacional, en la cual cada club esta especializado en algo mas de lo que es tuning, como por ejemplo audio, estetica, drift, etcetera.. Midnight Tuning Club El Midnight Tuning Club naci\u00f3 de la integraci\u00f3n de unos cuantos &hellip; <\/p>\n<p><a class=\"more-link btn\" href=\"https:\/\/blog.espol.edu.ec\/fbriera\/esta-es-mi-primera-pagina\/\">Seguir leyendo<\/a><\/p>\n","protected":false},"author":8170,"featured_media":0,"parent":0,"menu_order":0,"comment_status":"open","ping_status":"open","template":"","meta":{"footnotes":""},"class_list":["post-6","page","type-page","status-publish","hentry","nodate","item-wrap"],"_links":{"self":[{"href":"https:\/\/blog.espol.edu.ec\/fbriera\/wp-json\/wp\/v2\/pages\/6","targetHints":{"allow":["GET"]}}],"collection":[{"href":"https:\/\/blog.espol.edu.ec\/fbriera\/wp-json\/wp\/v2\/pages"}],"about":[{"href":"https:\/\/blog.espol.edu.ec\/fbriera\/wp-json\/wp\/v2\/types\/page"}],"author":[{"embeddable":true,"href":"https:\/\/blog.espol.edu.ec\/fbriera\/wp-json\/wp\/v2\/users\/8170"}],"replies":[{"embeddable":true,"href":"https:\/\/blog.espol.edu.ec\/fbriera\/wp-json\/wp\/v2\/comments?post=6"}],"version-history":[{"count":12,"href":"https:\/\/blog.espol.edu.ec\/fbriera\/wp-json\/wp\/v2\/pages\/6\/revisions"}],"predecessor-version":[{"id":86,"href":"https:\/\/blog.espol.edu.ec\/fbriera\/wp-json\/wp\/v2\/pages\/6\/revisions\/86"}],"wp:attachment":[{"href":"https:\/\/blog.espol.edu.ec\/fbriera\/wp-json\/wp\/v2\/media?parent=6"}],"curies":[{"name":"wp","href":"https:\/\/api.w.org\/{rel}","templated":true}]}}