{"id":24,"date":"2009-06-12T17:44:51","date_gmt":"2009-06-12T21:44:51","guid":{"rendered":"http:\/\/blog.espol.edu.ec\/ferchang\/?page_id=24"},"modified":"2009-08-30T11:34:18","modified_gmt":"2009-08-30T15:34:18","slug":"biografia-de-fer","status":"publish","type":"page","link":"https:\/\/blog.espol.edu.ec\/ferchang\/biografia-de-fer\/","title":{"rendered":"Acerca de Fer..."},"content":{"rendered":"<p>buenu... Io nac\u00ec un 22 de marzo de 1992 afortunadamente sana... pero para\u00a0ese entonces, segun mi mama, era un poquito m\u00e0s grandecita de lo normal, y es que ella ten\u00eda su vientre con 8 cent\u00ecmetros mas grande de lo normal.!<\/p>\n<p>Soy la mayor entre mi hermana y yo, pero afortunadamente, soy\u00a0 la mayor s\u00f2lo por un a\u00f1o (jaja).. mi hermana es algo asi como mi mejor amiga: por la edad, por nuestros gustos y todo eso.. se podr\u00eca decir\u00a0entonces que desde peque\u00f1a he estado compartiendo con ella parte de mi tiempo...<\/p>\n<p>Con respecto a mi educaci\u00f2n estudie\u00a0en una escuela cat\u00f2lica de Salesianos y ya mas grandecita en un colegio de la fuerza terrestre (militar); y es de ah\u00ec donde he obtenido much\u00ecsimas experiencias..<\/p>\n<p>Fuera de eso he aprendido\u00a0un par de cosillas extras como el ingl\u00e8s (ahora muy necesario), un poco de mandarin, deportes como la nataci\u00f2n y algo de karate y porque no algo para distraerme como la guitarra...<\/p>\n<p>Para concluir, ahora estoy en la\u00a0universidad politecnica del litoral (<a href=\"http:\/\/www.espol.edu.ec\">ESPOL<\/a>), estudiando la carrera de Ingenieria en Auditoria y CPA\u00a0en el Instituto de Ciencias Matem\u00e1ticas (<a href=\"http:\/\/www.icm.espol.edu.ec\">ICM<\/a>)<\/p>\n<p>la carrera aspiro graduarme, y adquirir mas conocimientos....<\/p>\n<p>(en eso andamos fer)<\/p>\n<p>(^_^)..!!!<\/p>\n<p>_______________________<br \/>\nCorreo: mfchang@espol.edu.ec\u00a0\u00a0\u00a0\u00a0\u00a0\u00a0\u00a0\u00a0\u00a0\u00a0\u00a0\u00a0\u00a0\u00a0\u00a0\u00a0\u00a0\u00a0\u00a0\u00a0\u00a0\u00a0\u00a0\u00a0\u00a0\u00a0\u00a0\u00a0<a title=\"vamos a mail espol\" href=\"http:\/\/www.mail.espol.edu.ec\" target=\"_blank\"> mail espol<br \/>\n<\/a>frnanda_92@hotmail.com\u00a0\u00a0\u00a0\u00a0\u00a0\u00a0\u00a0\u00a0\u00a0\u00a0\u00a0\u00a0\u00a0\u00a0\u00a0\u00a0\u00a0\u00a0\u00a0\u00a0\u00a0\u00a0\u00a0\u00a0\u00a0\u00a0\u00a0\u00a0\u00a0\u00a0\u00a0\u00a0\u00a0\u00a0\u00a0\u00a0\u00a0\u00a0\u00a0\u00a0<a title=\"vamos a hotmail\" href=\"http:\/\/www.hotmail.com\"> hotmail<\/a><\/p>\n<p><a href=\"http:\/\/blog.espol.edu.ec\/ferchang\/files\/2009\/06\/images6.jpg\"><img loading=\"lazy\" decoding=\"async\" class=\"alignleft size-full wp-image-42\" src=\"http:\/\/blog.espol.edu.ec\/ferchang\/files\/2009\/06\/images6.jpg\" alt=\"images6\" width=\"150\" height=\"113\" \/><\/a><\/p>\n","protected":false},"excerpt":{"rendered":"<p>buenu... Io nac\u00ec un 22 de marzo de 1992 afortunadamente sana... pero para\u00a0ese entonces, segun mi mama, era un poquito m\u00e0s grandecita de lo normal, y es que ella ten\u00eda su vientre con 8 cent\u00ecmetros mas grande de lo normal.! Soy la mayor entre mi hermana y yo, pero afortunadamente, soy\u00a0 la mayor s\u00f2lo por [&hellip;]<\/p>\n","protected":false},"author":1848,"featured_media":0,"parent":0,"menu_order":0,"comment_status":"open","ping_status":"open","template":"","meta":{"footnotes":""},"class_list":["post-24","page","type-page","status-publish","hentry"],"_links":{"self":[{"href":"https:\/\/blog.espol.edu.ec\/ferchang\/wp-json\/wp\/v2\/pages\/24","targetHints":{"allow":["GET"]}}],"collection":[{"href":"https:\/\/blog.espol.edu.ec\/ferchang\/wp-json\/wp\/v2\/pages"}],"about":[{"href":"https:\/\/blog.espol.edu.ec\/ferchang\/wp-json\/wp\/v2\/types\/page"}],"author":[{"embeddable":true,"href":"https:\/\/blog.espol.edu.ec\/ferchang\/wp-json\/wp\/v2\/users\/1848"}],"replies":[{"embeddable":true,"href":"https:\/\/blog.espol.edu.ec\/ferchang\/wp-json\/wp\/v2\/comments?post=24"}],"version-history":[{"count":9,"href":"https:\/\/blog.espol.edu.ec\/ferchang\/wp-json\/wp\/v2\/pages\/24\/revisions"}],"predecessor-version":[{"id":27,"href":"https:\/\/blog.espol.edu.ec\/ferchang\/wp-json\/wp\/v2\/pages\/24\/revisions\/27"}],"wp:attachment":[{"href":"https:\/\/blog.espol.edu.ec\/ferchang\/wp-json\/wp\/v2\/media?parent=24"}],"curies":[{"name":"wp","href":"https:\/\/api.w.org\/{rel}","templated":true}]}}