{"id":17,"date":"2009-10-13T00:20:00","date_gmt":"2009-10-13T05:20:00","guid":{"rendered":"http:\/\/blog.espol.edu.ec\/feriasoftware\/?page_id=17"},"modified":"2009-10-13T00:25:53","modified_gmt":"2009-10-13T05:25:53","slug":"temas","status":"publish","type":"page","link":"https:\/\/blog.espol.edu.ec\/feriasoftware\/temas\/","title":{"rendered":"Temas"},"content":{"rendered":"<p><strong>Temas a exponer<\/strong><\/p>\n<ul>\n<li>Casos de Uso y Escenarios<\/li>\n<li>Arquitectura de Software<\/li>\n<li>Prototipos<\/li>\n<li>Work Break Down y Diagrama de Gantt<\/li>\n<li>Dio's<\/li>\n<li>Requisitos Funcionales y No Funcionales<\/li>\n<li> Estimaci\u00f3n usando Functions Points y Software COCOMO<\/li>\n<li>Requerimientos<\/li>\n<li>Dise\u00f1o<\/li>\n<li>Estandarizaci\u00f3n<\/li>\n<li>Administraci\u00f3n de Proyectos<\/li>\n<li>M\u00e9tricas<\/li>\n<li>Control de Versiones<\/li>\n<li>Pruebas<\/li>\n<\/ul>\n","protected":false},"excerpt":{"rendered":"<p>Temas a exponer Casos de Uso y Escenarios Arquitectura de Software Prototipos Work Break Down y Diagrama de Gantt Dio's Requisitos Funcionales y No Funcionales Estimaci\u00f3n usando Functions Points y Software COCOMO Requerimientos Dise\u00f1o Estandarizaci\u00f3n Administraci\u00f3n de Proyectos M\u00e9tricas Control de Versiones Pruebas<\/p>\n","protected":false},"author":62,"featured_media":0,"parent":0,"menu_order":0,"comment_status":"open","ping_status":"open","template":"","meta":{"footnotes":""},"class_list":["post-17","page","type-page","status-publish","hentry"],"_links":{"self":[{"href":"https:\/\/blog.espol.edu.ec\/feriasoftware\/wp-json\/wp\/v2\/pages\/17","targetHints":{"allow":["GET"]}}],"collection":[{"href":"https:\/\/blog.espol.edu.ec\/feriasoftware\/wp-json\/wp\/v2\/pages"}],"about":[{"href":"https:\/\/blog.espol.edu.ec\/feriasoftware\/wp-json\/wp\/v2\/types\/page"}],"author":[{"embeddable":true,"href":"https:\/\/blog.espol.edu.ec\/feriasoftware\/wp-json\/wp\/v2\/users\/62"}],"replies":[{"embeddable":true,"href":"https:\/\/blog.espol.edu.ec\/feriasoftware\/wp-json\/wp\/v2\/comments?post=17"}],"version-history":[{"count":3,"href":"https:\/\/blog.espol.edu.ec\/feriasoftware\/wp-json\/wp\/v2\/pages\/17\/revisions"}],"predecessor-version":[{"id":19,"href":"https:\/\/blog.espol.edu.ec\/feriasoftware\/wp-json\/wp\/v2\/pages\/17\/revisions\/19"}],"wp:attachment":[{"href":"https:\/\/blog.espol.edu.ec\/feriasoftware\/wp-json\/wp\/v2\/media?parent=17"}],"curies":[{"name":"wp","href":"https:\/\/api.w.org\/{rel}","templated":true}]}}