{"id":121,"date":"2013-06-16T23:48:09","date_gmt":"2013-06-16T23:48:09","guid":{"rendered":"http:\/\/blog.espol.edu.ec\/ferissan\/?page_id=121"},"modified":"2013-06-16T23:56:42","modified_gmt":"2013-06-16T23:56:42","slug":"datos-interesantes","status":"publish","type":"page","link":"https:\/\/blog.espol.edu.ec\/ferissan\/datos-interesantes\/","title":{"rendered":"Tech"},"content":{"rendered":"<p>&nbsp;<\/p>\n<h1 id=\"titulo_noticia\">Apple se apunta a los m\u00f3viles grandes<\/h1>\n<p><img decoding=\"async\" src=\"http:\/\/ep01.epimg.net\/tecnologia\/imagenes\/2013\/06\/13\/actualidad\/1371113552_118827_1371136878_noticia_normal.jpg\" alt=\"\" \/><\/p>\n<p>La renovaci\u00f3n hist\u00f3rica de\u00a0<a href=\"http:\/\/www.apple.com\/\">Apple<\/a>\u00a0comenz\u00f3 el lunes 10 de junio, pero continuar\u00e1 en el oto\u00f1o, con el lanzamiento de nuevos m\u00f3viles, tabletas y accesorios y en el primer trimestre de 2014. El sistema operativo iOS 7, presentado el lunes en San Francisco, es el cerebro con el que funcionar\u00e1 una diversidad de iPads y IPhones y, entre ellos, un modelo de 5,7 pulgadas, seg\u00fan han coincidido en difundir diversos medios, como la agencia Reuters. Cada pulgada equivale a 2,54 cent\u00edmetros.<\/p>\n<p>Apple est\u00e1 estudiando el lanzamiento de modelos iPhone con pantallas m\u00e1s grandes y otros modelos baratos en cinco colores. La firma, pues, se apunta la diversidad de modelos en una estrategia que busca plantar cara a\u00a0<a href=\"http:\/\/www.samsung.com\/\" target=\"_blank\">Samsung,<\/a>\u00a0que cubre todo el abanico de ofertas para los consumidores.<\/p>\n<p>Seg\u00fan fuentes de los proveedores asi\u00e1ticos, al menos Apple est\u00e1 estudiando dos nuevos modelos, uno con pantalla de 4,7 pulgadas y otro de 5,7. Su iPhone 5 lanzado en septiembre mide 4 pulgadas. Ese m\u00f3vil rompi\u00f3 con seis a\u00f1os de iPhone siempre con la misma pantalla de 3,5 pulgadas, \"el tama\u00f1o perfecto para los consumidores\", en frase de Steve Jobs cuando present\u00f3 el aparato en 2007.<\/p>\n<p>Pese al aumento de 3,5 a 4 pulgadas, el iPhone 5 es uno de los m\u00e1s peque\u00f1os entre los m\u00f3viles superventas. Por ejemplo,\u00a0<a href=\"http:\/\/www.htc.com\/\" target=\"_blank\">el HTC One<\/a>\u00a0ya tiene 4,7 pulgadas;\u00a0<a href=\"http:\/\/www.samsung.com\/\" target=\"_blank\">Galaxy S4,<\/a>\u00a05 pulgadas;\u00a0<a href=\"http:\/\/www.nokia.com\/\" target=\"_blank\">Nokia Lumia 920,<\/a>\u00a04,5 o los<a href=\"http:\/\/www.huawei.com\/\" target=\"_blank\">Ascend P2 y D2 de Huawei<\/a>\u00a0son de 4,7 y 5 pulgadas respectivamente. Todo ello, dejando aparte los llamados\u00a0<em>phablet,<\/em>\u00a0como\u00a0<a href=\"http:\/\/www.samsung.com\/\" target=\"_blank\">el Note de Samsung<\/a>\u00a0de 5,5 (y en marcha uno de 6,3) y el\u00a0<a href=\"http:\/\/www.huawei.com\/\" target=\"_blank\">Ascend Mate de Huawei,<\/a>con 6,1.<\/p>\n<p>En septiembre-octubre, parece seguro que Apple anunciar\u00e1 nuevos modelos de m\u00f3vil, aunque probablemente ninguno ser\u00e1 tan grande. Lo m\u00e1s urgente es cubrir el hueco en los pa\u00edses emergentes como India y China con\u00a0<em>smartphones<\/em>\u00a0baratos. Estos iPhone incorporar\u00edan carcasa de pl\u00e1stico (como la de Samsung), comi\u00e9ndose otra de las cr\u00edticas tradicionales de Apple a la competencia. Seg\u00fan la agencia Reuters, ese m\u00f3vil barato tendr\u00eda colores diferentes al blanco y negro, y costar\u00eda 99 d\u00f3lares.<\/p>\n<p>Tras seis a\u00f1os de vida, el iPhone es el \u00fanico producto de Apple que no tiene una diversidad de modelos, algo que ni siquiera ocurre con el iPad que se lanz\u00f3 tres a\u00f1os despu\u00e9s y que desde octubre tiene el modelo Mini. El producto iPod, que fue el primer gran\u00a0<em>boom<\/em>\u00a0del resurgimiento de Apple, se ha diversificado en modelos peque\u00f1os (Nano) y con pantalla t\u00e1ctil (Touch), adem\u00e1s de variedad de colores y capacidades.<\/p>\n<p>Pese a que, como es tradicional, Apple no ha comentado sus planes, Reuters informa que\u00a0<a href=\"http:\/\/www.sharp.com\/\" target=\"_blank\">Sharp<\/a>\u00a0y y\u00a0<a href=\"http:\/\/www.lg.com\/es\" target=\"_blank\">LG<\/a>\u00a0suministrar\u00e1n las pantallas para el iPhone 5S aluminio y el iPhone de pl\u00e1stico, mientras que Hon Hai Precision Industry y Pegatron se encargar\u00edan del ensamblaje de los aparatos.<\/p>\n","protected":false},"excerpt":{"rendered":"<p>&nbsp; Apple se apunta a los m\u00f3viles grandes La renovaci\u00f3n hist\u00f3rica de\u00a0Apple\u00a0comenz\u00f3 el lunes 10 de junio, pero continuar\u00e1 en el oto\u00f1o, con el lanzamiento de nuevos m\u00f3viles, tabletas y accesorios y en el primer trimestre de 2014. El sistema operativo iOS 7, presentado el lunes en San Francisco, es el cerebro con el que [&hellip;]<\/p>\n","protected":false},"author":8633,"featured_media":0,"parent":0,"menu_order":0,"comment_status":"open","ping_status":"open","template":"","meta":{"footnotes":""},"class_list":["post-121","page","type-page","status-publish","hentry"],"_links":{"self":[{"href":"https:\/\/blog.espol.edu.ec\/ferissan\/wp-json\/wp\/v2\/pages\/121","targetHints":{"allow":["GET"]}}],"collection":[{"href":"https:\/\/blog.espol.edu.ec\/ferissan\/wp-json\/wp\/v2\/pages"}],"about":[{"href":"https:\/\/blog.espol.edu.ec\/ferissan\/wp-json\/wp\/v2\/types\/page"}],"author":[{"embeddable":true,"href":"https:\/\/blog.espol.edu.ec\/ferissan\/wp-json\/wp\/v2\/users\/8633"}],"replies":[{"embeddable":true,"href":"https:\/\/blog.espol.edu.ec\/ferissan\/wp-json\/wp\/v2\/comments?post=121"}],"version-history":[{"count":7,"href":"https:\/\/blog.espol.edu.ec\/ferissan\/wp-json\/wp\/v2\/pages\/121\/revisions"}],"predecessor-version":[{"id":134,"href":"https:\/\/blog.espol.edu.ec\/ferissan\/wp-json\/wp\/v2\/pages\/121\/revisions\/134"}],"wp:attachment":[{"href":"https:\/\/blog.espol.edu.ec\/ferissan\/wp-json\/wp\/v2\/media?parent=121"}],"curies":[{"name":"wp","href":"https:\/\/api.w.org\/{rel}","templated":true}]}}