{"id":128,"date":"2013-06-16T23:54:30","date_gmt":"2013-06-16T23:54:30","guid":{"rendered":"http:\/\/blog.espol.edu.ec\/ferissan\/?page_id=128"},"modified":"2013-06-16T23:55:06","modified_gmt":"2013-06-16T23:55:06","slug":"novedades","status":"publish","type":"page","link":"https:\/\/blog.espol.edu.ec\/ferissan\/novedades\/","title":{"rendered":"Novedades"},"content":{"rendered":"<p><img decoding=\"async\" src=\"http:\/\/www.eluniverso.com\/sites\/default\/files\/styles\/nota_ampliada_normal_foto\/public\/fotos\/2013\/05\/vye06ww050512photo01a.jpg?itok=ydiTpAdj\" alt=\"\" \/><\/p>\n<p><strong>Barnes &amp; Noble quiere impulsar su tableta Nook<\/strong><\/p>\n<p>Barnes &amp; Noble pretende que sus tabletas Nook sean m\u00e1s atractivas para los consumidores, al ofrecer acceso a la tienda de aplicaciones de Google para generar inter\u00e9s en un dispositivo que apenas se ha destacado contra el Kindle de Amazon.com y el iPad de Apple. La principal cadena de librer\u00edas de Estados Unidos anunci\u00f3 que a\u00f1adir\u00eda Google Play, Gmail, YouTube, Google Maps y el navegador Chrome a sus Nook HD y Nook HD+.<\/p>\n<p><strong>Facebook deja que amigos desbloqueen cuentas<\/strong><br \/>\nLa red social Facebook comenz\u00f3 el pasado jueves a dejar que los usuarios que hab\u00edan visto bloqueadas sus cuentas pudieran volver a usarlas con ayuda de \u201camigos\u201d. Una nueva funci\u00f3n de recuperaci\u00f3n de la cuenta a trav\u00e9s de contactos de confianza permite a los usuarios establecer listas de amigos que pueden facilitar c\u00f3digos para desbloquear las cuentas, afirm\u00f3 la red social en una entrada de su blog sobre seguridad.<\/p>\n<p><strong>Manos artificiales traen aplicaci\u00f3n para programar<\/strong><br \/>\nEl doble amputado Jason Koger sol\u00eda viajar para que un m\u00e9dico le ajuste las empu\u00f1adoras de sus manos bi\u00f3nicas. Pero ahora cuenta con una aplicaci\u00f3n para iPhone o iPad denominada, i-limb ultra revolution, una pieza de pr\u00f3tesis desarrollada por la firma brit\u00e1nica Touch Bionics, con la que utilizando un estilete y un iPhone puede escoger entre 24 modelos de empu\u00f1aduras la que m\u00e1s le convenga.<\/p>\n<p><strong>BlackBerry Q10 se est\u00e1 vendiendo con fuerza<\/strong><br \/>\nLa nueva serie de tel\u00e9fonos inteligentes Q10 de BlackBerry se est\u00e1 vendiendo con fuerza en Canad\u00e1 y Gran Breta\u00f1a, dijo el pasado viernes un analista de la industria. La compa\u00f1\u00eda introdujo la semana pasada el modelo Q10 en los mercados canadiense y brit\u00e1nico. \u201cEl BlackBerry Q10 se ha estado vendiendo extremadamente bien y se ha agotado o registrado una disponibilidad limitada en Toronto y a lo largo de Gran Breta\u00f1a\u201d, agreg\u00f3.<\/p>\n<p><strong>U.S. Cellular comenzar\u00e1 a vender iPhone<\/strong><br \/>\nU.S. Cellular, la \u00fanica compa\u00f1\u00eda grande de telefon\u00eda celular en Estados Unidos que se resisti\u00f3 al iPhone, dice que va a comenzar a venderlo este a\u00f1o. La directora ejecutiva, Mary Dillon, anunci\u00f3 el cambio de estrategia el pasado viernes en una conferencia telef\u00f3nica con inversionistas y analistas. Dillon dijo que muchos de los usuarios que se est\u00e1n yendo de la compa\u00f1\u00eda lo hacen porque esta no tiene el iPhone.<\/p>\n","protected":false},"excerpt":{"rendered":"<p>Barnes &amp; Noble quiere impulsar su tableta Nook Barnes &amp; Noble pretende que sus tabletas Nook sean m\u00e1s atractivas para los consumidores, al ofrecer acceso a la tienda de aplicaciones de Google para generar inter\u00e9s en un dispositivo que apenas se ha destacado contra el Kindle de Amazon.com y el iPad de Apple. La principal [&hellip;]<\/p>\n","protected":false},"author":8633,"featured_media":0,"parent":0,"menu_order":0,"comment_status":"open","ping_status":"open","template":"","meta":{"footnotes":""},"class_list":["post-128","page","type-page","status-publish","hentry"],"_links":{"self":[{"href":"https:\/\/blog.espol.edu.ec\/ferissan\/wp-json\/wp\/v2\/pages\/128","targetHints":{"allow":["GET"]}}],"collection":[{"href":"https:\/\/blog.espol.edu.ec\/ferissan\/wp-json\/wp\/v2\/pages"}],"about":[{"href":"https:\/\/blog.espol.edu.ec\/ferissan\/wp-json\/wp\/v2\/types\/page"}],"author":[{"embeddable":true,"href":"https:\/\/blog.espol.edu.ec\/ferissan\/wp-json\/wp\/v2\/users\/8633"}],"replies":[{"embeddable":true,"href":"https:\/\/blog.espol.edu.ec\/ferissan\/wp-json\/wp\/v2\/comments?post=128"}],"version-history":[{"count":3,"href":"https:\/\/blog.espol.edu.ec\/ferissan\/wp-json\/wp\/v2\/pages\/128\/revisions"}],"predecessor-version":[{"id":131,"href":"https:\/\/blog.espol.edu.ec\/ferissan\/wp-json\/wp\/v2\/pages\/128\/revisions\/131"}],"wp:attachment":[{"href":"https:\/\/blog.espol.edu.ec\/ferissan\/wp-json\/wp\/v2\/media?parent=128"}],"curies":[{"name":"wp","href":"https:\/\/api.w.org\/{rel}","templated":true}]}}