{"id":62,"date":"2009-07-02T22:24:03","date_gmt":"2009-07-03T02:24:03","guid":{"rendered":"http:\/\/blog.espol.edu.ec\/ferjapar\/?page_id=62"},"modified":"2009-07-02T22:24:03","modified_gmt":"2009-07-03T02:24:03","slug":"smallville","status":"publish","type":"page","link":"https:\/\/blog.espol.edu.ec\/ferjapar\/smallville\/","title":{"rendered":"SmallVille"},"content":{"rendered":"<p><strong>Smallville<\/strong> es una serie de televisi\u00f3n norteamericana desarrollada originalmente por los escritores y productores <a class=\"new\" title=\"Alfred Gough (a\u00fan no redactado)\" href=\"\/w\/index.php?title=Alfred_Gough&amp;action=edit&amp;redlink=1\">Alfred Gough<\/a> y <a class=\"new\" title=\"Miles Millar (a\u00fan no redactado)\" href=\"\/w\/index.php?title=Miles_Millar&amp;action=edit&amp;redlink=1\">Miles Millar<\/a>, y fue inicialmente difundida por <a class=\"mw-redirect\" title=\"The WB\" href=\"\/wiki\/The_WB\">The WB<\/a>. Durante su quinta temporada, <a class=\"mw-redirect\" title=\"The WB\" href=\"\/wiki\/The_WB\">The WB<\/a> y <a title=\"UPN\" href=\"\/wiki\/UPN\">UPN<\/a> se fusionan para formar <a class=\"mw-redirect\" title=\"The CW\" href=\"\/wiki\/The_CW\">The CW<\/a> , que es el actual organismo de radiodifusi\u00f3n para el show en los Estados Unidos. Smallville se estren\u00f3 el <a title=\"16 de octubre\" href=\"\/wiki\/16_de_octubre\">16 de octubre<\/a> de <a title=\"2001\" href=\"\/wiki\/2001\">2001<\/a>, y acaba de terminar su octava temporada y ha sido renovada para una novena. <sup><a href=\"#cite_note-0\"><span style=\"font-size: x-small\"><span class=\"corchete-llamada\">[<\/span>1<span class=\"corchete-llamada\">]<\/span><\/span><\/a><\/sup> Tambi\u00e9n se emite en Espa\u00f1a por <a class=\"mw-redirect\" title=\"TVE 2\" href=\"\/wiki\/TVE_2\">TVE 2<\/a> y en Latinoam\u00e9rica por <a title=\"Warner Channel\" href=\"\/wiki\/Warner_Channel\">Warner Channel<\/a>. Se filma actualmente alrededor de <a title=\"Vancouver\" href=\"\/wiki\/Vancouver\">Vancouver<\/a>, <a class=\"mw-redirect\" title=\"British Columbia\" href=\"\/wiki\/British_Columbia\">British Columbia<\/a>, <a title=\"Canad\u00e1\" href=\"\/wiki\/Canad%C3%A1\">Canad\u00e1<\/a>.<\/p>\n<p>La trama sigue las aventuras y la vida del joven <em><a class=\"mw-redirect\" title=\"Clark Kent\" href=\"\/wiki\/Clark_Kent\">Clark Kent<\/a><\/em> en la ficticia ciudad de <strong>Smallville<\/strong>, <a title=\"Kansas\" href=\"\/wiki\/Kansas\">Kansas<\/a>, durante los a\u00f1os antes de que \u00e9l se convierta en <strong><a title=\"Superman\" href=\"\/wiki\/Superman\">Superman<\/a>.<\/strong> Las primeras cuatro temporadas se centra en <a class=\"mw-redirect\" title=\"Clark Kent\" href=\"\/wiki\/Clark_Kent\">Clark<\/a> y sus amigos durante su temporada en la secundaria. A partir de la Quinta Temporada, la serie cambia dr\u00e1sticamente de concepto al admitir las situaciones <em>( <a title=\"Fortaleza de la Soledad\" href=\"\/wiki\/Fortaleza_de_la_Soledad\">La Fortaleza de la Soledad<\/a>, <a title=\"Zona Fantasma\" href=\"\/wiki\/Zona_Fantasma\">La Zona Fantasma<\/a>...)<\/em> y los personajes originales, tanto h\u00e9roes <em>(<a title=\"Aquaman\" href=\"\/wiki\/Aquaman\">Aquaman<\/a>, <a class=\"mw-redirect\" title=\"Green Arrow\" href=\"\/wiki\/Green_Arrow\">Green Arrow<\/a>, <a class=\"mw-redirect\" title=\"Black Canary\" href=\"\/wiki\/Black_Canary\">Black Canary<\/a>, <a class=\"mw-redirect\" title=\"Cyborg\" href=\"\/wiki\/Cyborg\">Cyborg<\/a>, <a class=\"mw-redirect\" title=\"Marciano Detective\" href=\"\/wiki\/Marciano_Detective\">Marciano Detective<\/a>,<a title=\"Flash\" href=\"\/wiki\/Flash\">Flash<\/a>, ...)<\/em> como villanos <em>(<a title=\"Lex Luthor\" href=\"\/wiki\/Lex_Luthor\">Lex Luthor<\/a>,<a title=\"Brainiac\" href=\"\/wiki\/Brainiac\">Brainiac<\/a>, <a class=\"mw-redirect\" title=\"Zod\" href=\"\/wiki\/Zod\">Zod<\/a>, <a class=\"new\" title=\"Vandal Savage (a\u00fan no redactado)\" href=\"\/w\/index.php?title=Vandal_Savage&amp;action=edit&amp;redlink=1\">Curtis Knox<\/a>, alter ego de <a class=\"new\" title=\"Vandal Savage (a\u00fan no redactado)\" href=\"\/w\/index.php?title=Vandal_Savage&amp;action=edit&amp;redlink=1\">Vandal Savage<\/a>, y <a title=\"Doomsday\" href=\"\/wiki\/Doomsday\">Davis Bloome<\/a>, alter ego de <a title=\"Doomsday\" href=\"\/wiki\/Doomsday\">Doomsday<\/a>...)<\/em> de la <a title=\"DC Comics\" href=\"\/wiki\/DC_Comics\">DC Comics<\/a>. El espect\u00e1culo rompi\u00f3 el record de m\u00e1s alto rating para el debut en <a class=\"mw-redirect\" title=\"The WB\" href=\"\/wiki\/The_WB\">The WB<\/a>, con 8,4 millones de televidentes en sinton\u00eda para su primer episodio.<\/p>\n","protected":false},"excerpt":{"rendered":"<p>Smallville es una serie de televisi\u00f3n norteamericana desarrollada originalmente por los escritores y productores Alfred Gough y Miles Millar, y fue inicialmente difundida por The WB. Durante su quinta temporada, The WB y UPN se fusionan para formar The CW , que es el actual organismo de radiodifusi\u00f3n para el show en los Estados Unidos. [&hellip;]<\/p>\n","protected":false},"author":1715,"featured_media":0,"parent":0,"menu_order":0,"comment_status":"open","ping_status":"open","template":"","meta":{"footnotes":""},"class_list":["post-62","page","type-page","status-publish","hentry"],"_links":{"self":[{"href":"https:\/\/blog.espol.edu.ec\/ferjapar\/wp-json\/wp\/v2\/pages\/62","targetHints":{"allow":["GET"]}}],"collection":[{"href":"https:\/\/blog.espol.edu.ec\/ferjapar\/wp-json\/wp\/v2\/pages"}],"about":[{"href":"https:\/\/blog.espol.edu.ec\/ferjapar\/wp-json\/wp\/v2\/types\/page"}],"author":[{"embeddable":true,"href":"https:\/\/blog.espol.edu.ec\/ferjapar\/wp-json\/wp\/v2\/users\/1715"}],"replies":[{"embeddable":true,"href":"https:\/\/blog.espol.edu.ec\/ferjapar\/wp-json\/wp\/v2\/comments?post=62"}],"version-history":[{"count":1,"href":"https:\/\/blog.espol.edu.ec\/ferjapar\/wp-json\/wp\/v2\/pages\/62\/revisions"}],"predecessor-version":[{"id":63,"href":"https:\/\/blog.espol.edu.ec\/ferjapar\/wp-json\/wp\/v2\/pages\/62\/revisions\/63"}],"wp:attachment":[{"href":"https:\/\/blog.espol.edu.ec\/ferjapar\/wp-json\/wp\/v2\/media?parent=62"}],"curies":[{"name":"wp","href":"https:\/\/api.w.org\/{rel}","templated":true}]}}