{"id":27,"date":"2015-07-01T13:03:32","date_gmt":"2015-07-01T13:03:32","guid":{"rendered":"http:\/\/blog.espol.edu.ec\/fernan\/?page_id=27"},"modified":"2015-07-01T13:04:47","modified_gmt":"2015-07-01T13:04:47","slug":"categorias","status":"publish","type":"page","link":"https:\/\/blog.espol.edu.ec\/fernan\/categorias\/","title":{"rendered":"Super Kids"},"content":{"rendered":"<div><i><b>A finales de enero de este mismo a\u00f1o se confirm\u00f3 que DC iba a crear una l\u00ednea de pel\u00edculas y cortos animados para que los m\u00e1s peque\u00f1os de la casa pudieran adentrarse en los c\u00f3mics protagonizados por sus personajes sin tener que recurrir a las series regulares y a material no apropiado para ellos...<\/b><\/i><\/div>\n<div><\/div>\n<div class=\"separator\"><a href=\"http:\/\/3.bp.blogspot.com\/-7R9TAd1KjDo\/VYDGn-tRgbI\/AAAAAAAAGCI\/A4JXmk0DHPc\/s1600\/DC%2BSuper%2BFriends%2Bby%2Bconejotonto.png\"><img loading=\"lazy\" decoding=\"async\" src=\"http:\/\/3.bp.blogspot.com\/-7R9TAd1KjDo\/VYDGn-tRgbI\/AAAAAAAAGCI\/A4JXmk0DHPc\/s640\/DC%2BSuper%2BFriends%2Bby%2Bconejotonto.png\" alt=\"\" width=\"640\" height=\"360\" border=\"0\" \/><\/a><\/div>\n<form id=\"vozme_form_59da200b0f207ef8dc8852857e33327d\" method=\"post\" name=\"vozme_form_59da200b0f207ef8dc8852857e33327d\" target=\"59da200b0f207ef8dc8852857e33327d\" action=\"http:\/\/vozme.com\/text2voice.php\"><input name=\"text\" type=\"hidden\" value=\"Super Kids. A finales de enero de este mismo a\u00f1o se confirm\u00f3 que DC iba a crear una l\u00ednea de pel\u00edculas y cortos animados para que los m\u00e1s peque\u00f1os de la casa pudieran adentrarse en los c\u00f3mics protagonizados por sus personajes sin tener que recurrir a las series regulares y a material no apropiado para ellos...\n\n\n\" \/><input name=\"lang\" type=\"hidden\" value=\"en\" \/><input name=\"gn\" type=\"hidden\" value=\"ml\" \/><input type=\"hidden\" id=\"interface\" name=\"interface\" value=\"full\" \/>\n\t\t\t<div style=\"margin-left:40%;\">\n\t\t\t\n\t\t\t\t<input style=\"float:left;\" type=\"image\" width=\"40\" height=\"40\" src=\"http:\/\/blog.espol.edu.ec\/fernan\/wp-content\/plugins\/vozme\/img\/megaphone40x40w.gif\" alt=\"Hear this post\" onclick=\"window.open('', '59da200b0f207ef8dc8852857e33327d', 'width=600,height=370,scrollbars=yes,location=yes,menubar=yes,resizable=yes,status=yes,toolbar=yes');\">\n\t\t\t\t<div style=\"margin-left:48px; text-align:left;\"><a style=\"font-size:12px;\" href=\"javascript:void(0);\" onclick=\"window.open('', '59da200b0f207ef8dc8852857e33327d', 'width=600,height=370,scrollbars=yes,location=yes,menubar=yes,resizable=yes,status=yes,toolbar=yes'); document.getElementById('vozme_form_59da200b0f207ef8dc8852857e33327d').submit();\">Hear<br\/>this post<\/a><\/div>\n\t\t\t<\/div><\/form>","protected":false},"excerpt":{"rendered":"<p>A finales de enero de este mismo a\u00f1o se confirm\u00f3 que DC iba a crear una l\u00ednea de pel\u00edculas y cortos animados para que los m\u00e1s peque\u00f1os de la casa pudieran adentrarse en los c\u00f3mics protagonizados por sus personajes sin tener que recurrir a las series regulares y a material no apropiado para ellos... Hearthis [&hellip;]<\/p>\n","protected":false},"author":9711,"featured_media":0,"parent":0,"menu_order":0,"comment_status":"open","ping_status":"open","template":"","meta":{"footnotes":""},"class_list":["post-27","page","type-page","status-publish","hentry"],"_links":{"self":[{"href":"https:\/\/blog.espol.edu.ec\/fernan\/wp-json\/wp\/v2\/pages\/27","targetHints":{"allow":["GET"]}}],"collection":[{"href":"https:\/\/blog.espol.edu.ec\/fernan\/wp-json\/wp\/v2\/pages"}],"about":[{"href":"https:\/\/blog.espol.edu.ec\/fernan\/wp-json\/wp\/v2\/types\/page"}],"author":[{"embeddable":true,"href":"https:\/\/blog.espol.edu.ec\/fernan\/wp-json\/wp\/v2\/users\/9711"}],"replies":[{"embeddable":true,"href":"https:\/\/blog.espol.edu.ec\/fernan\/wp-json\/wp\/v2\/comments?post=27"}],"version-history":[{"count":2,"href":"https:\/\/blog.espol.edu.ec\/fernan\/wp-json\/wp\/v2\/pages\/27\/revisions"}],"predecessor-version":[{"id":29,"href":"https:\/\/blog.espol.edu.ec\/fernan\/wp-json\/wp\/v2\/pages\/27\/revisions\/29"}],"wp:attachment":[{"href":"https:\/\/blog.espol.edu.ec\/fernan\/wp-json\/wp\/v2\/media?parent=27"}],"curies":[{"name":"wp","href":"https:\/\/api.w.org\/{rel}","templated":true}]}}