{"id":30,"date":"2015-07-01T13:05:44","date_gmt":"2015-07-01T13:05:44","guid":{"rendered":"http:\/\/blog.espol.edu.ec\/fernan\/?page_id=30"},"modified":"2015-07-01T13:05:44","modified_gmt":"2015-07-01T13:05:44","slug":"fear-the-walking-dead","status":"publish","type":"page","link":"https:\/\/blog.espol.edu.ec\/fernan\/fear-the-walking-dead\/","title":{"rendered":"Fear the walking dead"},"content":{"rendered":"<div><i><span class=\"userContent\"><b>Todo lo que pasa en \u201cFear The Walking Dead\u201d est\u00e1 en el mismo universo que \u201cThe Walking Dead\u201d, as\u00ed que cualquier regla que descubramos y todo lo que veamos en los primeros d\u00edas es definitivamente algo que sucedi\u00f3 en el pasado de la otra serie. Las dos series est\u00e1n interconectadas en el mismo mundo, incluso si sus personajes no van a interactuar necesariamente entre ellos debido a las distancias geogr\u00e1ficas. As\u00ed que s\u00ed, todo lo que descubramos en \u201cFear The Walking Dead\u201d se aplicar\u00e1 a la mitolog\u00eda de \u201cThe Walking Dead\u201d y viceversa. <\/b><\/span><\/i><\/div>\n<div><\/div>\n<div class=\"separator\"><i><b><a href=\"http:\/\/3.bp.blogspot.com\/-vhWyMerpHss\/VXyHHjEWM9I\/AAAAAAAAF-U\/VT0PTQ1jXvc\/s1600\/Portada%2BFear%2BThe%2BWalking%2BDead%2Bconejotonto.blogspot%2Bby%2BConejotonto.png\"><img loading=\"lazy\" decoding=\"async\" src=\"http:\/\/3.bp.blogspot.com\/-vhWyMerpHss\/VXyHHjEWM9I\/AAAAAAAAF-U\/VT0PTQ1jXvc\/s320\/Portada%2BFear%2BThe%2BWalking%2BDead%2Bconejotonto.blogspot%2Bby%2BConejotonto.png\" alt=\"\" width=\"320\" height=\"320\" border=\"0\" \/><\/a><\/b><\/i><\/div>\n<form id=\"vozme_form_bf21ff454fa4cd5014486af7d1822c45\" method=\"post\" name=\"vozme_form_bf21ff454fa4cd5014486af7d1822c45\" target=\"bf21ff454fa4cd5014486af7d1822c45\" action=\"http:\/\/vozme.com\/text2voice.php\"><input name=\"text\" type=\"hidden\" value=\"Fear the walking dead. Todo lo que pasa en \u201cFear The Walking Dead\u201d est\u00e1 en el mismo universo que \u201cThe Walking Dead\u201d, as\u00ed que cualquier regla que descubramos y todo lo que veamos en los primeros d\u00edas es definitivamente algo que sucedi\u00f3 en el pasado de la otra serie. Las dos series est\u00e1n interconectadas en el mismo mundo, incluso si sus personajes no van a interactuar necesariamente entre ellos debido a las distancias geogr\u00e1ficas. As\u00ed que s\u00ed, todo lo que descubramos en \u201cFear The Walking Dead\u201d se aplicar\u00e1 a la mitolog\u00eda de \u201cThe Walking Dead\u201d y viceversa. \n\n\n\" \/><input name=\"lang\" type=\"hidden\" value=\"en\" \/><input name=\"gn\" type=\"hidden\" value=\"ml\" \/><input type=\"hidden\" id=\"interface\" name=\"interface\" value=\"full\" \/>\n\t\t\t<div style=\"margin-left:40%;\">\n\t\t\t\n\t\t\t\t<input style=\"float:left;\" type=\"image\" width=\"40\" height=\"40\" src=\"http:\/\/blog.espol.edu.ec\/fernan\/wp-content\/plugins\/vozme\/img\/megaphone40x40w.gif\" alt=\"Hear this post\" onclick=\"window.open('', 'bf21ff454fa4cd5014486af7d1822c45', 'width=600,height=370,scrollbars=yes,location=yes,menubar=yes,resizable=yes,status=yes,toolbar=yes');\">\n\t\t\t\t<div style=\"margin-left:48px; text-align:left;\"><a style=\"font-size:12px;\" href=\"javascript:void(0);\" onclick=\"window.open('', 'bf21ff454fa4cd5014486af7d1822c45', 'width=600,height=370,scrollbars=yes,location=yes,menubar=yes,resizable=yes,status=yes,toolbar=yes'); document.getElementById('vozme_form_bf21ff454fa4cd5014486af7d1822c45').submit();\">Hear<br\/>this post<\/a><\/div>\n\t\t\t<\/div><\/form>","protected":false},"excerpt":{"rendered":"<p>Todo lo que pasa en \u201cFear The Walking Dead\u201d est\u00e1 en el mismo universo que \u201cThe Walking Dead\u201d, as\u00ed que cualquier regla que descubramos y todo lo que veamos en los primeros d\u00edas es definitivamente algo que sucedi\u00f3 en el pasado de la otra serie. Las dos series est\u00e1n interconectadas en el mismo mundo, incluso [&hellip;]<\/p>\n","protected":false},"author":9711,"featured_media":0,"parent":0,"menu_order":0,"comment_status":"open","ping_status":"open","template":"","meta":{"footnotes":""},"class_list":["post-30","page","type-page","status-publish","hentry"],"_links":{"self":[{"href":"https:\/\/blog.espol.edu.ec\/fernan\/wp-json\/wp\/v2\/pages\/30","targetHints":{"allow":["GET"]}}],"collection":[{"href":"https:\/\/blog.espol.edu.ec\/fernan\/wp-json\/wp\/v2\/pages"}],"about":[{"href":"https:\/\/blog.espol.edu.ec\/fernan\/wp-json\/wp\/v2\/types\/page"}],"author":[{"embeddable":true,"href":"https:\/\/blog.espol.edu.ec\/fernan\/wp-json\/wp\/v2\/users\/9711"}],"replies":[{"embeddable":true,"href":"https:\/\/blog.espol.edu.ec\/fernan\/wp-json\/wp\/v2\/comments?post=30"}],"version-history":[{"count":1,"href":"https:\/\/blog.espol.edu.ec\/fernan\/wp-json\/wp\/v2\/pages\/30\/revisions"}],"predecessor-version":[{"id":31,"href":"https:\/\/blog.espol.edu.ec\/fernan\/wp-json\/wp\/v2\/pages\/30\/revisions\/31"}],"wp:attachment":[{"href":"https:\/\/blog.espol.edu.ec\/fernan\/wp-json\/wp\/v2\/media?parent=30"}],"curies":[{"name":"wp","href":"https:\/\/api.w.org\/{rel}","templated":true}]}}