{"id":32,"date":"2015-07-01T13:06:29","date_gmt":"2015-07-01T13:06:29","guid":{"rendered":"http:\/\/blog.espol.edu.ec\/fernan\/?page_id=32"},"modified":"2015-07-01T13:06:29","modified_gmt":"2015-07-01T13:06:29","slug":"gods-and-monsters","status":"publish","type":"page","link":"https:\/\/blog.espol.edu.ec\/fernan\/gods-and-monsters\/","title":{"rendered":"Gods and Monsters"},"content":{"rendered":"<div><i><b>En un universo alternativo, la Liga de la Justicia es una fuerza brutal que mantiene el orden en la Tierra. Superman es el hijo del general Zod , que salt\u00f3 a la Tierra como un ni\u00f1o y criado por una familia de inmigrantes mexicanos. Batman es Kirk Langstrom , un cient\u00edfico que se ha transformado de forma inadvertida en un vampiro en un intento por curar su c\u00e1ncer. Wonder Woman es Bekka , que era la novia del nuevo dios de Ori\u00f3n . Sin embargo, la falta de responsabilidad de la Liga de Justicia se ve desafiada por los gobiernos del mundo a ra\u00edz de las muertes sospechosas de cient\u00edficos de renombre.<\/b><\/i><\/div>\n<div><\/div>\n<div><\/div>\n<div><\/div>\n<div><i><b><i><b>Comics\u00a0\u00a0<\/b><\/i><\/b><\/i><\/div>\n<div class=\"separator\"><\/div>\n<div class=\"separator\"><img decoding=\"async\" src=\"http:\/\/1.bp.blogspot.com\/-CvS5v3AiOvA\/VXS1Lp0c10I\/AAAAAAAAF18\/gkMdY1BPekg\/s1600\/JL_GODS%2526MONSTERS_BM_1_552c4bfbda00c8.13927241.jpg\" alt=\"\" border=\"0\" \/> <img decoding=\"async\" src=\"http:\/\/4.bp.blogspot.com\/-ipb8sQszFUQ\/VXS0xAx_ZvI\/AAAAAAAAF1k\/r2hnrKR40ek\/s1600\/JL_GODS%2526MONSTERS_SM_1_552c506b118338.85245863.jpg\" alt=\"\" border=\"0\" \/> <img decoding=\"async\" src=\"http:\/\/3.bp.blogspot.com\/-O3KnVzrW6vs\/VXS0yzz6EJI\/AAAAAAAAF1s\/DClR_7taP5k\/s1600\/JLGMWW_Cover01_solicits_555283d45f3ad7.31701260.jpg\" alt=\"\" border=\"0\" \/><\/div>\n<form id=\"vozme_form_38624d9f1116e481182337b078fc8a03\" method=\"post\" name=\"vozme_form_38624d9f1116e481182337b078fc8a03\" target=\"38624d9f1116e481182337b078fc8a03\" action=\"http:\/\/vozme.com\/text2voice.php\"><input name=\"text\" type=\"hidden\" value=\"Gods and Monsters. En un universo alternativo, la Liga de la Justicia es una fuerza brutal que mantiene el orden en la Tierra. Superman es el hijo del general Zod , que salt\u00f3 a la Tierra como un ni\u00f1o y criado por una familia de inmigrantes mexicanos. Batman es Kirk Langstrom , un cient\u00edfico que se ha transformado de forma inadvertida en un vampiro en un intento por curar su c\u00e1ncer. Wonder Woman es Bekka , que era la novia del nuevo dios de Ori\u00f3n . Sin embargo, la falta de responsabilidad de la Liga de Justicia se ve desafiada por los gobiernos del mundo a ra\u00edz de las muertes sospechosas de cient\u00edficos de renombre.\n\n\n\nComics\u00a0\u00a0\n\n  \n\" \/><input name=\"lang\" type=\"hidden\" value=\"en\" \/><input name=\"gn\" type=\"hidden\" value=\"ml\" \/><input type=\"hidden\" id=\"interface\" name=\"interface\" value=\"full\" \/>\n\t\t\t<div style=\"margin-left:40%;\">\n\t\t\t\n\t\t\t\t<input style=\"float:left;\" type=\"image\" width=\"40\" height=\"40\" src=\"http:\/\/blog.espol.edu.ec\/fernan\/wp-content\/plugins\/vozme\/img\/megaphone40x40w.gif\" alt=\"Hear this post\" onclick=\"window.open('', '38624d9f1116e481182337b078fc8a03', 'width=600,height=370,scrollbars=yes,location=yes,menubar=yes,resizable=yes,status=yes,toolbar=yes');\">\n\t\t\t\t<div style=\"margin-left:48px; text-align:left;\"><a style=\"font-size:12px;\" href=\"javascript:void(0);\" onclick=\"window.open('', '38624d9f1116e481182337b078fc8a03', 'width=600,height=370,scrollbars=yes,location=yes,menubar=yes,resizable=yes,status=yes,toolbar=yes'); document.getElementById('vozme_form_38624d9f1116e481182337b078fc8a03').submit();\">Hear<br\/>this post<\/a><\/div>\n\t\t\t<\/div><\/form>","protected":false},"excerpt":{"rendered":"<p>En un universo alternativo, la Liga de la Justicia es una fuerza brutal que mantiene el orden en la Tierra. Superman es el hijo del general Zod , que salt\u00f3 a la Tierra como un ni\u00f1o y criado por una familia de inmigrantes mexicanos. Batman es Kirk Langstrom , un cient\u00edfico que se ha transformado [&hellip;]<\/p>\n","protected":false},"author":9711,"featured_media":0,"parent":0,"menu_order":0,"comment_status":"open","ping_status":"open","template":"","meta":{"footnotes":""},"class_list":["post-32","page","type-page","status-publish","hentry"],"_links":{"self":[{"href":"https:\/\/blog.espol.edu.ec\/fernan\/wp-json\/wp\/v2\/pages\/32","targetHints":{"allow":["GET"]}}],"collection":[{"href":"https:\/\/blog.espol.edu.ec\/fernan\/wp-json\/wp\/v2\/pages"}],"about":[{"href":"https:\/\/blog.espol.edu.ec\/fernan\/wp-json\/wp\/v2\/types\/page"}],"author":[{"embeddable":true,"href":"https:\/\/blog.espol.edu.ec\/fernan\/wp-json\/wp\/v2\/users\/9711"}],"replies":[{"embeddable":true,"href":"https:\/\/blog.espol.edu.ec\/fernan\/wp-json\/wp\/v2\/comments?post=32"}],"version-history":[{"count":1,"href":"https:\/\/blog.espol.edu.ec\/fernan\/wp-json\/wp\/v2\/pages\/32\/revisions"}],"predecessor-version":[{"id":33,"href":"https:\/\/blog.espol.edu.ec\/fernan\/wp-json\/wp\/v2\/pages\/32\/revisions\/33"}],"wp:attachment":[{"href":"https:\/\/blog.espol.edu.ec\/fernan\/wp-json\/wp\/v2\/media?parent=32"}],"curies":[{"name":"wp","href":"https:\/\/api.w.org\/{rel}","templated":true}]}}