{"id":27,"date":"2009-11-21T17:55:35","date_gmt":"2009-11-21T22:55:35","guid":{"rendered":"http:\/\/blog.espol.edu.ec\/fernandezjair\/?page_id=27"},"modified":"2009-11-22T18:43:31","modified_gmt":"2009-11-22T23:43:31","slug":"mexicano-777","status":"publish","type":"page","link":"https:\/\/blog.espol.edu.ec\/fernandezjair\/mexicano-777\/","title":{"rendered":"MEXICANO 777"},"content":{"rendered":"<p style=\"text-align: center\"><object width=\"425\" height=\"344\" data=\"http:\/\/www.youtube.com\/v\/qqU1dh5E9ps&amp;hl=en_US&amp;fs=1&amp;color1=0x2b405b&amp;color2=0x6b8ab6\" type=\"application\/x-shockwave-flash\"><param name=\"allowFullScreen\" value=\"true\" \/><param name=\"allowscriptaccess\" value=\"always\" \/><param name=\"src\" value=\"http:\/\/www.youtube.com\/v\/qqU1dh5E9ps&amp;hl=en_US&amp;fs=1&amp;color1=0x2b405b&amp;color2=0x6b8ab6\" \/><param name=\"allowfullscreen\" value=\"true\" \/><\/object><\/p>\n<p style=\"text-align: center\">\u00a0<\/p>\n<p style=\"text-align: center\">Conocido en la escena hip hop centroamericana como el Mexicano 777, apodo que adopt\u00f3 por la nacionalidad de su padre, parti\u00f3 en el rap underground intentando adquirir su estilo propio, anhelo que consigui\u00f3 posteriormente y que lo ha hecho conocido en gran parte de los pa\u00edses de habla hispana.<\/p>\n<p style=\"text-align: center\">En sus inicios particip\u00f3 con destacados diskjockeys como Dj Adam y Dj Playero. Con el primero escribi\u00f3 la canci\u00f3n \"S\u00e9 testigo\" con la que gan\u00f3 el premio Best New Style Award. Luego de eso comenz\u00f3 a trabajar frecuentemente con Dj Playero, el principal precursor de la generaci\u00f3n dorada de hip hop en Puerto Rico. Juntos, dieron nacimiento a \"Santa Maria,\" \"Shinane,\" \"Miren Al Mexicano,\" y \"No Se Lo Que Est\u00e1n Pensando.\"<\/p>\n<p style=\"text-align: center\">\nCon el paso del tiempo, Mexicano trabaj\u00f3 con O.G. Black y Ranking Stone quien dio inicio a una rivalidad entre Dj Playero y el \"Escuadr\u00f3n del P\u00e1nico\". Poco despu\u00e9s una guerra verbal comenz\u00f3 a producirse con Polaco, perteneciente al d\u00fao Lito y Polaco. El estilo y la lengua afilada del Mexicano r\u00e1pidamente llam\u00f3 la atenci\u00f3n del mundo hip hop latinoamericano.<\/p>\n<p style=\"text-align: center\">M\u00e1s tarde Israel Perales grabar\u00eda una canci\u00f3n con el conocido rapero Fat Joe titulada \"Vamos pa la guerra\"<\/p>\n<p style=\"text-align: center\">Su primer \u00e1lbum \"Entre el bien y el mal\" fue lanzado en septiembre de 1998 e incluy\u00f3 conocidos hits como \"Un alma inocente\", \"Hagan ruido las pistolas\" con Tempo, Cuanto eh llorado con Manny Montes y \"Bendici\u00f3n Mami\". Mexicano adem\u00e1s participaba en un d\u00fao con Daddy Yankee pero ambos siguieron caminos diferentes.<\/p>\n<p style=\"text-align: center\">Ese mismo a\u00f1o (1998) fue encarcelado por realizar amenazas de muerte a unos empleados de un restaurant. En prisi\u00f3n continu\u00f3 su carrera de solista y en 2001 lanz\u00f3 su segundo trabajo llamado \"God's Assassins\". Finalmente, el 8 de noviembre de 2005, Mexicano lanz\u00f3 su tercera placa titulada \"Pa' la kalle - 1972 the beginning...\" Actualmente El Cantante Asegura Que Lanzara Dos Discos Mas El Primero Se Sabe Que Llevara Por Titulo \"Mexicano 777 Que Se Espera Que Se Lanze A Finales De <a title=\"Septiembre\" href=\"\/wiki\/Septiembre\">Septiembre<\/a> De Este A\u00f1o Y eL Otro Disco Se Titulara \"El Mundo De Mexicano 777\" Que Posiblemente Se Lanze En El 2010<\/p>\n","protected":false},"excerpt":{"rendered":"<p>\u00a0 Conocido en la escena hip hop centroamericana como el Mexicano 777, apodo que adopt\u00f3 por la nacionalidad de su padre, parti\u00f3 en el rap underground intentando adquirir su estilo propio, anhelo que consigui\u00f3 posteriormente y que lo ha hecho conocido en gran parte de los pa\u00edses de habla hispana. En sus inicios particip\u00f3 con [&hellip;]<\/p>\n","protected":false},"author":3460,"featured_media":0,"parent":0,"menu_order":0,"comment_status":"open","ping_status":"open","template":"","meta":{"footnotes":""},"class_list":["post-27","page","type-page","status-publish","hentry"],"_links":{"self":[{"href":"https:\/\/blog.espol.edu.ec\/fernandezjair\/wp-json\/wp\/v2\/pages\/27","targetHints":{"allow":["GET"]}}],"collection":[{"href":"https:\/\/blog.espol.edu.ec\/fernandezjair\/wp-json\/wp\/v2\/pages"}],"about":[{"href":"https:\/\/blog.espol.edu.ec\/fernandezjair\/wp-json\/wp\/v2\/types\/page"}],"author":[{"embeddable":true,"href":"https:\/\/blog.espol.edu.ec\/fernandezjair\/wp-json\/wp\/v2\/users\/3460"}],"replies":[{"embeddable":true,"href":"https:\/\/blog.espol.edu.ec\/fernandezjair\/wp-json\/wp\/v2\/comments?post=27"}],"version-history":[{"count":3,"href":"https:\/\/blog.espol.edu.ec\/fernandezjair\/wp-json\/wp\/v2\/pages\/27\/revisions"}],"predecessor-version":[{"id":48,"href":"https:\/\/blog.espol.edu.ec\/fernandezjair\/wp-json\/wp\/v2\/pages\/27\/revisions\/48"}],"wp:attachment":[{"href":"https:\/\/blog.espol.edu.ec\/fernandezjair\/wp-json\/wp\/v2\/media?parent=27"}],"curies":[{"name":"wp","href":"https:\/\/api.w.org\/{rel}","templated":true}]}}