{"id":29,"date":"2009-11-21T17:57:20","date_gmt":"2009-11-21T22:57:20","guid":{"rendered":"http:\/\/blog.espol.edu.ec\/fernandezjair\/?page_id=29"},"modified":"2009-11-22T18:55:34","modified_gmt":"2009-11-22T23:55:34","slug":"tempo","status":"publish","type":"page","link":"https:\/\/blog.espol.edu.ec\/fernandezjair\/tempo\/","title":{"rendered":"TEMPO"},"content":{"rendered":"<p style=\"text-align: center\"><object width=\"425\" height=\"344\" data=\"http:\/\/www.youtube.com\/v\/qI6gnBh0BZE&amp;hl=en_US&amp;fs=1&amp;color1=0x2b405b&amp;color2=0x6b8ab6\" type=\"application\/x-shockwave-flash\"><param name=\"allowFullScreen\" value=\"true\" \/><param name=\"allowscriptaccess\" value=\"always\" \/><param name=\"src\" value=\"http:\/\/www.youtube.com\/v\/qI6gnBh0BZE&amp;hl=en_US&amp;fs=1&amp;color1=0x2b405b&amp;color2=0x6b8ab6\" \/><param name=\"allowfullscreen\" value=\"true\" \/><\/object><\/p>\n<p style=\"text-align: center\">\u00a0<\/p>\n<p style=\"text-align: center\">David S\u00e1nchez Badillo, mejor conocido por Tempo, naci\u00f3 en <a title=\"Ponce\" href=\"\/wiki\/Ponce\">Ponce<\/a>, <a title=\"Puerto Rico\" href=\"\/wiki\/Puerto_Rico\">Puerto Rico<\/a> en el a\u00f1o 1979. Tempo estudi\u00f3 durante una buena temporada en la Escuela Libre de M\u00fasica Juan Morell Campos de dicho municipio. A la edad de cinco a\u00f1os se mud\u00f3 para el estado de <a title=\"Nueva York\" href=\"\/wiki\/Nueva_York\">Nueva York<\/a> junto a su familia por un periodo de cuatro a\u00f1os.<\/p>\n<p style=\"text-align: center\">Sin tardanza alguna, regresa a Puerto Rico y con tan solo 11 a\u00f1os de edad comienza a escribir sus primeras l\u00edricas de <a title=\"Rap\" href=\"\/wiki\/Rap\">rap<\/a>. Viviendo en el Residencial Lirios del Sur, ubicado en la Playa de Ponce, encontr\u00f3 su habilidad, pasi\u00f3n e inspiraci\u00f3n por la <a title=\"M\u00fasica\" href=\"\/wiki\/M%C3%BAsica\">m\u00fasica<\/a>. Desde peque\u00f1o comenz\u00f3 su carrera participando en varias noches de talentos (\"talent shows\") donde demostr\u00f3 el potencial que lo llev\u00f3 a obtener primeros lugares.<\/p>\n<p style=\"text-align: center\">A la edad de 23 a\u00f1os, Tempo se defini\u00f3 como un joven rebelde e insatisfecho con su medio ambiente, donde critic\u00f3 a personas que no apoyaban el g\u00e9nero del \"rap\", por ser de la calle. Este ponce\u00f1o considera que este g\u00e9nero deja bastantes ganancias econ\u00f3micas en las casas disqueras, no por ser <a title=\"Underground\" href=\"\/wiki\/Underground\">underground<\/a>, si no por el potencial y el gusto que deja en los j\u00f3venes y en los no tan j\u00f3venes.<\/p>\n<p style=\"text-align: center\">Bajo el sello disquero, <a class=\"mw-redirect\" title=\"Buddha's Productions\" href=\"\/wiki\/Buddha%27s_Productions\">Buddha's Productions<\/a>; sus producciones, Game Over (1999) y New Game(2000), lograron convertirse en discos de oro. Particip\u00f3 como co-productor en el disco, Buddha\u2019s Family, \u00e9l cual recibi\u00f3 un disco de oro y dos de platino. A lo largo de su trayectoria musical, Tempo ha obtenido importantes distinciones, de las cuales se destacan los Premios Tu M\u00fasica y Premios Paoli.<\/p>\n<p style=\"text-align: center\">Su m\u00e1s reciente producci\u00f3n titulada, \u201cTempo \u00c9xitos\u201d (2002), es una recopilaci\u00f3n de sus temas reconocidos como, Ven y vuela, Balas, Donde est\u00e1n las girlas. As\u00ed mismo, esta producci\u00f3n cuenta con nuevas canciones como, Amen, Ahora si mami o Verme mal a m\u00ed. Tempo tuvo muchos contrincantes entre ellos estaba lito y polaco, master joe y O.G. Black,Daddy Yannkee,entre otros.<\/p>\n<p style=\"text-align: center\">En la actualidad tempo esta encerrado en una carcel de MIAMI acusado de narcotrafico fue condenado a 24 a\u00f1os de prision,pero aun estando encerrado no se ha detenido en su carrera como cantante,TEMPO a lanzado ya varios temas desde alli entre ellos se encuentran 25 de septiembre,desde la prision la cual fue grabada en colaboracion con Daddy Yankee,tempo intro victory,impresioname con Jowel y Randy,Porque soy tempo,entre otras.<\/p>\n<p style=\"text-align: center\">Estas canciones se encuentran su nueva produccion llamada VICTORY,la que lanzo a principios de junio del 2009.En su nombre los mas destacados cantantes del regueton y del rap crearon la campa\u00f1a FREE TEMPO,la que se dedica a recolectar firmas para reducir o eliminar la sentencia que se le impuso.Esta campa\u00f1a fue creada por su familia Budas Family su diquera y mas cantantes que lo apoyaron como son Daddy yankee,Tego Calderon,Hector el father,Wisin y Yandel y otros.<\/p>\n","protected":false},"excerpt":{"rendered":"<p>\u00a0 David S\u00e1nchez Badillo, mejor conocido por Tempo, naci\u00f3 en Ponce, Puerto Rico en el a\u00f1o 1979. Tempo estudi\u00f3 durante una buena temporada en la Escuela Libre de M\u00fasica Juan Morell Campos de dicho municipio. A la edad de cinco a\u00f1os se mud\u00f3 para el estado de Nueva York junto a su familia por un [&hellip;]<\/p>\n","protected":false},"author":3460,"featured_media":0,"parent":0,"menu_order":0,"comment_status":"open","ping_status":"open","template":"","meta":{"footnotes":""},"class_list":["post-29","page","type-page","status-publish","hentry"],"_links":{"self":[{"href":"https:\/\/blog.espol.edu.ec\/fernandezjair\/wp-json\/wp\/v2\/pages\/29","targetHints":{"allow":["GET"]}}],"collection":[{"href":"https:\/\/blog.espol.edu.ec\/fernandezjair\/wp-json\/wp\/v2\/pages"}],"about":[{"href":"https:\/\/blog.espol.edu.ec\/fernandezjair\/wp-json\/wp\/v2\/types\/page"}],"author":[{"embeddable":true,"href":"https:\/\/blog.espol.edu.ec\/fernandezjair\/wp-json\/wp\/v2\/users\/3460"}],"replies":[{"embeddable":true,"href":"https:\/\/blog.espol.edu.ec\/fernandezjair\/wp-json\/wp\/v2\/comments?post=29"}],"version-history":[{"count":3,"href":"https:\/\/blog.espol.edu.ec\/fernandezjair\/wp-json\/wp\/v2\/pages\/29\/revisions"}],"predecessor-version":[{"id":50,"href":"https:\/\/blog.espol.edu.ec\/fernandezjair\/wp-json\/wp\/v2\/pages\/29\/revisions\/50"}],"wp:attachment":[{"href":"https:\/\/blog.espol.edu.ec\/fernandezjair\/wp-json\/wp\/v2\/media?parent=29"}],"curies":[{"name":"wp","href":"https:\/\/api.w.org\/{rel}","templated":true}]}}