{"id":87,"date":"2012-02-09T00:41:20","date_gmt":"2012-02-09T04:41:20","guid":{"rendered":"http:\/\/blog.espol.edu.ec\/fernandorizzo\/?page_id=87"},"modified":"2012-02-09T00:41:20","modified_gmt":"2012-02-09T04:41:20","slug":"mi-primera-aplicacion-en-blackberry","status":"publish","type":"page","link":"https:\/\/blog.espol.edu.ec\/fernandorizzo\/mi-primera-aplicacion-en-blackberry\/","title":{"rendered":"Mi Primera Aplicaci\u00f3n en BlackBerry"},"content":{"rendered":"<p style=\"text-align: justify\">Como tarea de la universidad se me encomendo realizar una peque\u00f1a aplicaci\u00f3n que funcione en los tel\u00e9fonos BlackBerry.<\/p>\n<p style=\"text-align: justify\">Realic\u00e9 una larga investigaci\u00f3n sobre el tema,\u00a0encontr\u00e9\u00a0que para realizar una aplicaci\u00f3n como esta se necesita del plugin de BlackBerry, una de ella es descargarlo directamente desde el IDE de eclipse y la otra es descargar el plugin desde la pagina de BlackBerry preferiblemente.<\/p>\n<p style=\"text-align: justify\">Yo realice mi aplicaci\u00f3n con la segunda\u00a0opci\u00f3n me descargue el plugin en la siguiente direcci\u00f3n:<\/p>\n<p style=\"text-align: justify\"><a href=\"http:\/\/us.blackberry.com\/developers\/javaappdev\/javaplugin.jsp\">http:\/\/us.blackberry.com\/developers\/javaappdev\/javaplugin.jsp<\/a><\/p>\n<p style=\"text-align: justify\">Bueno aqu\u00ed\u00a0 les cuento la gran experiencia que tuve al realizar esta aplicaci\u00f3n, empezando de lo que se necesitan para poder instalar esta aplicaci\u00f3n.<\/p>\n<p style=\"text-align: justify\">REQUERIMIENTO DEL SOFTWARE<\/p>\n<ul style=\"text-align: justify\">\n<li>Primero lo que hice fue descargar los plugin y luego instalarlos en el Computador para que as\u00ed puedan ser utilizados en la aplicaci\u00f3n.<\/li>\n<\/ul>\n<p style=\"text-align: justify\">Para poder utilizar esta aplicaci\u00f3n primero tuve que descargar el plugin lo cual realmente tuve mucha complicaci\u00f3n ya que al descargar esto\u00a0 hab\u00edan algunas p\u00e1ginas las cuales no\u00a0serv\u00edan.<\/p>\n<p style=\"text-align: justify\">A ingresar a la p\u00e1gina de BlackBerry tuve que buscar la versi\u00f3n necesaria para que funcione en el Sistema Operativo de mi computadora.<\/p>\n<p style=\"text-align: justify\">\n<p style=\"text-align: justify\">Bueno ahora vamos a comenzar con la instalaci\u00f3n del plugin paso a paso esperando que le pueda ser de gran ayuda esperando que les sirvan.<\/p>\n<p style=\"text-align: justify\">La manera de empezar la instalaci\u00f3n es la siguiente:<\/p>\n<p style=\"text-align: justify\">1.- Primero empieza ejecutando la instalaci\u00f3n del plugin .<\/p>\n<p style=\"text-align: justify\"><a href=\"http:\/\/blog.espol.edu.ec\/fernandorizzo\/files\/2012\/02\/InstalacionPlugin.gif\"><img loading=\"lazy\" decoding=\"async\" class=\"alignnone size-medium wp-image-88\" src=\"http:\/\/blog.espol.edu.ec\/fernandorizzo\/files\/2012\/02\/InstalacionPlugin-300x138.gif\" alt=\"\" width=\"300\" height=\"138\" srcset=\"https:\/\/blog.espol.edu.ec\/fernandorizzo\/files\/2012\/02\/InstalacionPlugin-300x138.gif 300w, https:\/\/blog.espol.edu.ec\/fernandorizzo\/files\/2012\/02\/InstalacionPlugin.gif 454w\" sizes=\"auto, (max-width: 300px) 100vw, 300px\" \/><\/a><\/p>\n<p style=\"text-align: justify\">2.-Luego empezaremos en la parte de introducci\u00f3n donde nos indica un breve resumen de la aplicaci\u00f3n que se va a instalar.<\/p>\n<p style=\"text-align: justify\"><a href=\"http:\/\/blog.espol.edu.ec\/fernandorizzo\/files\/2012\/02\/InstalacionPlugin2.gif\"><img loading=\"lazy\" decoding=\"async\" class=\"alignnone size-medium wp-image-89\" src=\"http:\/\/blog.espol.edu.ec\/fernandorizzo\/files\/2012\/02\/InstalacionPlugin2-300x214.gif\" alt=\"\" width=\"300\" height=\"214\" srcset=\"https:\/\/blog.espol.edu.ec\/fernandorizzo\/files\/2012\/02\/InstalacionPlugin2-300x214.gif 300w, https:\/\/blog.espol.edu.ec\/fernandorizzo\/files\/2012\/02\/InstalacionPlugin2.gif 624w\" sizes=\"auto, (max-width: 300px) 100vw, 300px\" \/><\/a><\/p>\n<p style=\"text-align: justify\">2.- Despu\u00e9s de la introducci\u00f3n presionamos la opci\u00f3n <strong>NEXT<\/strong> \u00a0y se nos abre esta\u00a0pantalla\u00a0que est\u00e1 debajo la cual nos va indicar si aceptamos los t\u00e9rminos de la licencia de BlackBerry.<\/p>\n<p style=\"text-align: justify\"><a href=\"http:\/\/blog.espol.edu.ec\/fernandorizzo\/files\/2012\/02\/InstalacionPlugin31.gif\"><img loading=\"lazy\" decoding=\"async\" class=\"alignnone size-medium wp-image-96\" src=\"http:\/\/blog.espol.edu.ec\/fernandorizzo\/files\/2012\/02\/InstalacionPlugin31-300x214.gif\" alt=\"\" width=\"300\" height=\"214\" srcset=\"https:\/\/blog.espol.edu.ec\/fernandorizzo\/files\/2012\/02\/InstalacionPlugin31-300x214.gif 300w, https:\/\/blog.espol.edu.ec\/fernandorizzo\/files\/2012\/02\/InstalacionPlugin31.gif 625w\" sizes=\"auto, (max-width: 300px) 100vw, 300px\" \/><\/a><\/p>\n<p style=\"text-align: justify\">3.-Luego se nos indica la poci\u00f3n de instalar la carpeta donde se va situar el software Eclipse y se instala en el disco c: De ah\u00ed damos un clic en <strong>NEXT.<\/strong><\/p>\n<p style=\"text-align: justify\"><a href=\"http:\/\/blog.espol.edu.ec\/fernandorizzo\/files\/2012\/02\/InstalacionPlugin4.gif\"><img loading=\"lazy\" decoding=\"async\" class=\"alignnone size-medium wp-image-91\" src=\"http:\/\/blog.espol.edu.ec\/fernandorizzo\/files\/2012\/02\/InstalacionPlugin4-300x214.gif\" alt=\"\" width=\"300\" height=\"214\" srcset=\"https:\/\/blog.espol.edu.ec\/fernandorizzo\/files\/2012\/02\/InstalacionPlugin4-300x214.gif 300w, https:\/\/blog.espol.edu.ec\/fernandorizzo\/files\/2012\/02\/InstalacionPlugin4.gif 626w\" sizes=\"auto, (max-width: 300px) 100vw, 300px\" \/><\/a><\/p>\n<p style=\"text-align: justify\">4.-Despues damos <strong>NEXT<\/strong> y de ah\u00ed nos indica la siguiente opci\u00f3n de crear un acceso directo al escritorio y tambi\u00e9n de crear el programa de BlackBerry Java Plug-in.<\/p>\n<p style=\"text-align: justify\"><a href=\"http:\/\/blog.espol.edu.ec\/fernandorizzo\/files\/2012\/02\/InstalacionPlugin5.gif\"><img loading=\"lazy\" decoding=\"async\" class=\"alignnone size-medium wp-image-92\" src=\"http:\/\/blog.espol.edu.ec\/fernandorizzo\/files\/2012\/02\/InstalacionPlugin5-300x215.gif\" alt=\"\" width=\"300\" height=\"215\" srcset=\"https:\/\/blog.espol.edu.ec\/fernandorizzo\/files\/2012\/02\/InstalacionPlugin5-300x215.gif 300w, https:\/\/blog.espol.edu.ec\/fernandorizzo\/files\/2012\/02\/InstalacionPlugin5.gif 624w\" sizes=\"auto, (max-width: 300px) 100vw, 300px\" \/><\/a><\/p>\n<p style=\"text-align: justify\">5.- Luego\u00a0 de crear la carpeta\u00a0 nos env\u00edan\u00a0 a la opci\u00f3n de Summary donde nos indica el Nombre del Producto, la ubicaci\u00f3n del programa, y la informaci\u00f3n del disco. Donde damos un clic en la opci\u00f3n<strong> INSTALL<\/strong><\/p>\n<p style=\"text-align: justify\"><a href=\"http:\/\/blog.espol.edu.ec\/fernandorizzo\/files\/2012\/02\/InstalacionPlugin6.gif\"><img loading=\"lazy\" decoding=\"async\" class=\"alignnone size-medium wp-image-93\" src=\"http:\/\/blog.espol.edu.ec\/fernandorizzo\/files\/2012\/02\/InstalacionPlugin6-300x215.gif\" alt=\"\" width=\"300\" height=\"215\" srcset=\"https:\/\/blog.espol.edu.ec\/fernandorizzo\/files\/2012\/02\/InstalacionPlugin6-300x215.gif 300w, https:\/\/blog.espol.edu.ec\/fernandorizzo\/files\/2012\/02\/InstalacionPlugin6.gif 622w\" sizes=\"auto, (max-width: 300px) 100vw, 300px\" \/><\/a><\/p>\n<p style=\"text-align: justify\">6.- Luego nos lleva a la instalaci\u00f3n donde nos indica el transcurso de la instalaci\u00f3n del software.<\/p>\n<p style=\"text-align: justify\"><a href=\"http:\/\/blog.espol.edu.ec\/fernandorizzo\/files\/2012\/02\/InstalacionPlugin7.gif\"><img loading=\"lazy\" decoding=\"async\" class=\"alignnone size-medium wp-image-94\" src=\"http:\/\/blog.espol.edu.ec\/fernandorizzo\/files\/2012\/02\/InstalacionPlugin7-300x213.gif\" alt=\"\" width=\"300\" height=\"213\" srcset=\"https:\/\/blog.espol.edu.ec\/fernandorizzo\/files\/2012\/02\/InstalacionPlugin7-300x213.gif 300w, https:\/\/blog.espol.edu.ec\/fernandorizzo\/files\/2012\/02\/InstalacionPlugin7.gif 626w\" sizes=\"auto, (max-width: 300px) 100vw, 300px\" \/><\/a><\/p>\n<p style=\"text-align: justify\">8.- Al final nos env\u00eda al t\u00e9rmino de la instalaci\u00f3n donde nos indica el comienzo del producto.<\/p>\n<p style=\"text-align: justify\"><a href=\"http:\/\/blog.espol.edu.ec\/fernandorizzo\/files\/2012\/02\/InstalacionPlugin8.gif\"><img loading=\"lazy\" decoding=\"async\" class=\"alignnone size-medium wp-image-95\" style=\"border-style: initial;border-color: initial\" src=\"http:\/\/blog.espol.edu.ec\/fernandorizzo\/files\/2012\/02\/InstalacionPlugin8-300x215.gif\" alt=\"\" width=\"300\" height=\"215\" srcset=\"https:\/\/blog.espol.edu.ec\/fernandorizzo\/files\/2012\/02\/InstalacionPlugin8-300x215.gif 300w, https:\/\/blog.espol.edu.ec\/fernandorizzo\/files\/2012\/02\/InstalacionPlugin8.gif 624w\" sizes=\"auto, (max-width: 300px) 100vw, 300px\" \/><\/a><\/p>\n<p style=\"text-align: justify\">\n<p style=\"text-align: justify\">Icono de La Instalaci\u00f3n:<\/p>\n<p style=\"text-align: justify\">Bueno aqu\u00ed les voy a mostrar el icono que al final de la instalaci\u00f3n se va a crear en el escritorio de su computadora.<\/p>\n<p style=\"text-align: justify\"><img loading=\"lazy\" decoding=\"async\" class=\"alignnone size-full wp-image-97\" src=\"http:\/\/blog.espol.edu.ec\/fernandorizzo\/files\/2012\/02\/iconoBlackberry.gif\" alt=\"\" width=\"98\" height=\"90\" \/><\/p>\n<p style=\"text-align: justify\">\u00a0\u00a0MI PRIMERA APLICACI\u00d3N EN EL EMULADOR DE BLACKBERRY<\/p>\n<p style=\"text-align: justify\" align=\"center\">Despu\u00e9s de a ver realizado la instalaci\u00f3n del Emulador del BlackBerry, vamos a realizar nuestra primera aplicaci\u00f3n. En este momento realizaremos un ejemplo llamado\u00a0 \u201cHola Mundo\u201d en el cual nos a presentar este mensaje.<\/p>\n<p style=\"text-align: justify\">\n<p style=\"text-align: justify\">Aqu\u00ed\u00a0 les mostrare como se va realizar este peque\u00f1o programa esperando que le sea de buen agrado y de gran entendimiento. A continuaci\u00f3n le mostrare todos los pasos para la realizaci\u00f3n del programa:<\/p>\n<p style=\"text-align: justify\">\n<p style=\"text-align: justify\">1.- \u00a0En primer lugar vamos a la pesta\u00f1a <strong>FILE <\/strong>donde se despliega un Men\u00fa con las opciones que se muestran en la figura .De hay escogemos la opci\u00f3n <strong>NEW<\/strong>, donde se nos va a despegar otro nuevo men\u00fa donde vamos a elegir la opci\u00f3n <strong>BlackBerry <\/strong><strong>\u00e0<\/strong><strong>New Project BlackBerry.<\/strong><\/p>\n<p style=\"text-align: justify\"><strong>\u00a0<a href=\"http:\/\/blog.espol.edu.ec\/fernandorizzo\/files\/2012\/02\/blackberryNewProyect.gif\"><img loading=\"lazy\" decoding=\"async\" class=\"alignnone size-medium wp-image-98\" src=\"http:\/\/blog.espol.edu.ec\/fernandorizzo\/files\/2012\/02\/blackberryNewProyect-240x300.gif\" alt=\"\" width=\"240\" height=\"300\" srcset=\"https:\/\/blog.espol.edu.ec\/fernandorizzo\/files\/2012\/02\/blackberryNewProyect-240x300.gif 240w, https:\/\/blog.espol.edu.ec\/fernandorizzo\/files\/2012\/02\/blackberryNewProyect.gif 531w\" sizes=\"auto, (max-width: 240px) 100vw, 240px\" \/><\/a><\/strong><\/p>\n<p style=\"text-align: justify\">2.- Despu\u00e9s de escoger la opci\u00f3n <strong>BlackBerry \u00a0-&gt;\u00a0<\/strong><strong>New Project BlackBerry <\/strong>se abre una ventana donde nos va a indicar las siguientes especificaciones que est\u00e1n en la imagen. Donde aqu\u00ed elegimos la opci\u00f3n <strong>BlackBerry Project <\/strong>y despu\u00e9s damos clic en <strong>NEXT&gt;<\/strong><\/p>\n<p style=\"text-align: justify\"><a href=\"http:\/\/blog.espol.edu.ec\/fernandorizzo\/files\/2012\/02\/blackberryNewProyect1.gif\"><img loading=\"lazy\" decoding=\"async\" class=\"alignnone size-medium wp-image-99\" src=\"http:\/\/blog.espol.edu.ec\/fernandorizzo\/files\/2012\/02\/blackberryNewProyect1-240x300.gif\" alt=\"\" width=\"240\" height=\"300\" srcset=\"https:\/\/blog.espol.edu.ec\/fernandorizzo\/files\/2012\/02\/blackberryNewProyect1-240x300.gif 240w, https:\/\/blog.espol.edu.ec\/fernandorizzo\/files\/2012\/02\/blackberryNewProyect1.gif 533w\" sizes=\"auto, (max-width: 240px) 100vw, 240px\" \/><\/a><\/p>\n<p style=\"text-align: justify\">3.-Luego de a ver realizado el paso anterior al dar clic en <strong>NEXT<\/strong>, se abre la siguiente ventana donde nos muestra un cuadro de texto donde se debe colocar el nombre del proyecto. Despu\u00e9s de colocar el nombre damos clic en <strong>FINISH.<\/strong><\/p>\n<p style=\"text-align: justify\"><a href=\"http:\/\/blog.espol.edu.ec\/fernandorizzo\/files\/2012\/02\/NewProyectBlackberry3.gif\"><img loading=\"lazy\" decoding=\"async\" class=\"alignnone size-medium wp-image-100\" src=\"http:\/\/blog.espol.edu.ec\/fernandorizzo\/files\/2012\/02\/NewProyectBlackberry3-239x300.gif\" alt=\"\" width=\"239\" height=\"300\" srcset=\"https:\/\/blog.espol.edu.ec\/fernandorizzo\/files\/2012\/02\/NewProyectBlackberry3-239x300.gif 239w, https:\/\/blog.espol.edu.ec\/fernandorizzo\/files\/2012\/02\/NewProyectBlackberry3.gif 530w\" sizes=\"auto, (max-width: 239px) 100vw, 239px\" \/><\/a><\/p>\n<p style=\"text-align: justify\">4.-Despues de haber realizado lo anterior se va abrir esta ventana donde nos va a mostrar c\u00f3mo va estar distribuida las carpetas\u00a0 en el proyecto, De ah\u00ed le damos un clic en la opci\u00f3n <strong>FINISH.<\/strong><\/p>\n<p style=\"text-align: justify\"><strong>\u00a0<a href=\"http:\/\/blog.espol.edu.ec\/fernandorizzo\/files\/2012\/02\/NewProyectBlackberry4.gif\"><img loading=\"lazy\" decoding=\"async\" class=\"alignnone size-medium wp-image-101\" src=\"http:\/\/blog.espol.edu.ec\/fernandorizzo\/files\/2012\/02\/NewProyectBlackberry4-240x300.gif\" alt=\"\" width=\"240\" height=\"300\" srcset=\"https:\/\/blog.espol.edu.ec\/fernandorizzo\/files\/2012\/02\/NewProyectBlackberry4-240x300.gif 240w, https:\/\/blog.espol.edu.ec\/fernandorizzo\/files\/2012\/02\/NewProyectBlackberry4.gif 530w\" sizes=\"auto, (max-width: 240px) 100vw, 240px\" \/><\/a><\/strong><\/p>\n<p style=\"text-align: justify\">5.-A\u00a0continuaci\u00f3n\u00a0de haber elegido la\u00a0opci\u00f3n\u00a0anterior se\u00a0abrir\u00e1\u00a0otra ventana donde nos muestra unos cuadros de textos donde nos indica colocar el nombre del Paquete y las otras opciones que\u00a0est\u00e1n\u00a0el la imagen.<\/p>\n<p style=\"text-align: justify\">6.- Luego de a ver puesto el nombre al paquete entonces nos vamos a la pantalla principal de eclipse donde nos vamos a dar cuenta de que el proyecto fue creado con \u00e9xito.\u00a0Aqu\u00ed\u00a0podemos modificar lo que cada uno desea crear.<\/p>\n<p style=\"text-align: justify\"><img loading=\"lazy\" decoding=\"async\" class=\"alignnone size-medium wp-image-102\" src=\"http:\/\/blog.espol.edu.ec\/fernandorizzo\/files\/2012\/02\/bb3-300x168.png\" alt=\"\" width=\"300\" height=\"168\" srcset=\"https:\/\/blog.espol.edu.ec\/fernandorizzo\/files\/2012\/02\/bb3-300x168.png 300w, https:\/\/blog.espol.edu.ec\/fernandorizzo\/files\/2012\/02\/bb3-1024x575.png 1024w, https:\/\/blog.espol.edu.ec\/fernandorizzo\/files\/2012\/02\/bb3.png 1366w\" sizes=\"auto, (max-width: 300px) 100vw, 300px\" \/><\/p>\n<p style=\"text-align: justify\">8.-Fianalmente para poder ver el resultado del proyecto elegimos al opcion <strong>BlackBerryHolaMundoFernando<\/strong> ,le damos un clic derecho y de hay se despliega un menu donde elegimos la opcion <strong>RUN AS <\/strong>y de hay abrimos la opcion <strong>BlackBerry Simulator.<\/strong><\/p>\n<p style=\"text-align: justify\"><strong>\u00a0<a href=\"http:\/\/blog.espol.edu.ec\/fernandorizzo\/files\/2012\/02\/bb4.png\"><img loading=\"lazy\" decoding=\"async\" class=\"alignnone size-medium wp-image-103\" src=\"http:\/\/blog.espol.edu.ec\/fernandorizzo\/files\/2012\/02\/bb4-300x168.png\" alt=\"\" width=\"300\" height=\"168\" srcset=\"https:\/\/blog.espol.edu.ec\/fernandorizzo\/files\/2012\/02\/bb4-300x168.png 300w, https:\/\/blog.espol.edu.ec\/fernandorizzo\/files\/2012\/02\/bb4-1024x575.png 1024w, https:\/\/blog.espol.edu.ec\/fernandorizzo\/files\/2012\/02\/bb4.png 1366w\" sizes=\"auto, (max-width: 300px) 100vw, 300px\" \/><\/a><\/strong><\/p>\n<p style=\"text-align: justify\"><strong>\u00a0<\/strong><strong>DEMOSTRACI\u00d3N\u00a0DESPU\u00c9S\u00a0DE EJECUTAR EL PROYECTO<\/strong><\/p>\n<p style=\"text-align: justify\">\n<p style=\"text-align: justify\"><strong>Esta es la pantalla al momento qu ese esta cargando el emulador de BlackBerry<\/strong><\/p>\n<p style=\"text-align: justify\"><strong>\u00a0<a href=\"http:\/\/blog.espol.edu.ec\/fernandorizzo\/files\/2012\/02\/simulador1.gif\"><img loading=\"lazy\" decoding=\"async\" class=\"alignnone size-medium wp-image-104\" src=\"http:\/\/blog.espol.edu.ec\/fernandorizzo\/files\/2012\/02\/simulador1-172x300.gif\" alt=\"\" width=\"172\" height=\"300\" srcset=\"https:\/\/blog.espol.edu.ec\/fernandorizzo\/files\/2012\/02\/simulador1-172x300.gif 172w, https:\/\/blog.espol.edu.ec\/fernandorizzo\/files\/2012\/02\/simulador1.gif 399w\" sizes=\"auto, (max-width: 172px) 100vw, 172px\" \/><\/a><\/strong><\/p>\n<p style=\"text-align: justify\"><strong>\u00a0Luego de esto se busca en el\u00a0men\u00fa\u00a0del celular emulado, y se escoge la aplicaci\u00f3n<\/strong><\/p>\n<p style=\"text-align: justify\"><a href=\"http:\/\/blog.espol.edu.ec\/fernandorizzo\/files\/2012\/02\/simulador21.gif\"><img loading=\"lazy\" decoding=\"async\" class=\"alignnone size-medium wp-image-107\" src=\"http:\/\/blog.espol.edu.ec\/fernandorizzo\/files\/2012\/02\/simulador21-173x300.gif\" alt=\"\" width=\"173\" height=\"300\" srcset=\"https:\/\/blog.espol.edu.ec\/fernandorizzo\/files\/2012\/02\/simulador21-173x300.gif 173w, https:\/\/blog.espol.edu.ec\/fernandorizzo\/files\/2012\/02\/simulador21.gif 398w\" sizes=\"auto, (max-width: 173px) 100vw, 173px\" \/><\/a><\/p>\n<p style=\"text-align: justify\"><strong>\u00a0Y finalmente muestra el resultado de la aplicaci\u00f3n realizada anteriormente<\/strong><\/p>\n<p style=\"text-align: justify\"><strong>\u00a0<\/strong><img loading=\"lazy\" decoding=\"async\" class=\"alignnone size-medium wp-image-108\" src=\"http:\/\/blog.espol.edu.ec\/fernandorizzo\/files\/2012\/02\/simulador31-187x300.gif\" alt=\"\" width=\"187\" height=\"300\" srcset=\"https:\/\/blog.espol.edu.ec\/fernandorizzo\/files\/2012\/02\/simulador31-187x300.gif 187w, https:\/\/blog.espol.edu.ec\/fernandorizzo\/files\/2012\/02\/simulador31.gif 454w\" sizes=\"auto, (max-width: 187px) 100vw, 187px\" \/><\/p>\n<p style=\"text-align: justify\"><strong>\u00a0Conclusi\u00f3n<\/strong><\/p>\n<p style=\"text-align: justify\">Java nos provee de una gran cantidad de herramientas para poder realizar aplicaciones para un sin numero de Sistemas Operativos, para realizar aplicaciones para\u00a0M\u00f3viles, palm, Ipad, etc.<\/p>\n<p style=\"text-align: justify\">Hoy me propuse realizar una aplicaci\u00f3n en Java para BlackBerry, la verdad no fue muy dificil luego de la instalaci\u00f3n del plugin en la PC, en estos tiempos nosotros los desarrolladores debemos comenzar a familiarizarnos con este tipo de lenguaje , es la puerta de entrada a la tecnologia en el Pais.<\/p>\n<p style=\"text-align: justify\">Teniendo desarrolladores que mejoren cada vez mas, no seriamos los ultimos en recibir las novedades tecnologicas mundiales, sino que\u00a0podr\u00edamos\u00a0llegar a ser creadores de esas novedades.<\/p>\n<p style=\"text-align: justify\">\n<p><strong>\u00a0<\/strong><\/p>\n<p>&nbsp;<\/p>\n","protected":false},"excerpt":{"rendered":"<p>Como tarea de la universidad se me encomendo realizar una peque\u00f1a aplicaci\u00f3n que funcione en los tel\u00e9fonos BlackBerry. Realic\u00e9 una larga investigaci\u00f3n sobre el tema,\u00a0encontr\u00e9\u00a0que para realizar una aplicaci\u00f3n como esta se necesita del plugin de BlackBerry, una de ella es descargarlo directamente desde el IDE de eclipse y la otra es descargar el plugin [&hellip;]<\/p>\n","protected":false},"author":2455,"featured_media":0,"parent":0,"menu_order":0,"comment_status":"open","ping_status":"open","template":"","meta":{"footnotes":""},"class_list":["post-87","page","type-page","status-publish","hentry"],"_links":{"self":[{"href":"https:\/\/blog.espol.edu.ec\/fernandorizzo\/wp-json\/wp\/v2\/pages\/87","targetHints":{"allow":["GET"]}}],"collection":[{"href":"https:\/\/blog.espol.edu.ec\/fernandorizzo\/wp-json\/wp\/v2\/pages"}],"about":[{"href":"https:\/\/blog.espol.edu.ec\/fernandorizzo\/wp-json\/wp\/v2\/types\/page"}],"author":[{"embeddable":true,"href":"https:\/\/blog.espol.edu.ec\/fernandorizzo\/wp-json\/wp\/v2\/users\/2455"}],"replies":[{"embeddable":true,"href":"https:\/\/blog.espol.edu.ec\/fernandorizzo\/wp-json\/wp\/v2\/comments?post=87"}],"version-history":[{"count":4,"href":"https:\/\/blog.espol.edu.ec\/fernandorizzo\/wp-json\/wp\/v2\/pages\/87\/revisions"}],"predecessor-version":[{"id":112,"href":"https:\/\/blog.espol.edu.ec\/fernandorizzo\/wp-json\/wp\/v2\/pages\/87\/revisions\/112"}],"wp:attachment":[{"href":"https:\/\/blog.espol.edu.ec\/fernandorizzo\/wp-json\/wp\/v2\/media?parent=87"}],"curies":[{"name":"wp","href":"https:\/\/api.w.org\/{rel}","templated":true}]}}