{"id":15,"date":"2011-06-11T21:30:59","date_gmt":"2011-06-11T21:30:59","guid":{"rendered":"http:\/\/blog.espol.edu.ec\/fgmunoz\/?page_id=15"},"modified":"2011-06-12T01:56:13","modified_gmt":"2011-06-12T01:56:13","slug":"descargas-ejercicios-de-fisica-para-el-pre-espol","status":"publish","type":"page","link":"https:\/\/blog.espol.edu.ec\/fgmunoz\/descargas-ejercicios-de-fisica-para-el-pre-espol\/","title":{"rendered":"Descargas"},"content":{"rendered":"<p><a href='http:\/\/blog.espol.edu.ec\/fgmunoz\/files\/2011\/06\/CP1-2010-MATEMATICAS-0B-SegundaEvaluacionRespuestas.pdf'>CP1-2010 MATEMATICAS 0B SegundaEvaluacionRespuestas<\/a>Ejercicios de Fisica<br \/>\n<a href='http:\/\/blog.espol.edu.ec\/fgmunoz\/files\/2011\/06\/conecptuales-fisiks-trabajo1.pdf'>conecptuales fisiks trabajo<\/a><br \/>\n<a href='http:\/\/blog.espol.edu.ec\/fgmunoz\/files\/2011\/06\/preguntas_conceptuales1.pdf'>preguntas_conceptuales de F\u00edsica <\/a><br \/>\n<a href='http:\/\/blog.espol.edu.ec\/fgmunoz\/files\/2011\/06\/parabolico-ejercicios1.pdf'>parabolico ejercicios<\/a><br \/>\n<a href='http:\/\/blog.espol.edu.ec\/fgmunoz\/files\/2011\/06\/fisik-knceptules-energias1.pdf'>fisik knceptules energias<\/a><br \/>\nF\u00edsica Sears - Zemansky<br \/>\n<a href='http:\/\/blog.espol.edu.ec\/fgmunoz\/files\/2011\/06\/fisica-sears-zemansky.pdf'>fisica-sears-zemansky<\/a><br \/>\nEx\u00e1menes de Ingreso a la ESPOL<br \/>\n<a href='http:\/\/blog.espol.edu.ec\/fgmunoz\/files\/2011\/06\/1EX-2010-FISICA_INGENIERIAS.pdf'>1EX-2010-FISICA_INGENIERIAS<\/a><br \/>\n<a href='http:\/\/blog.espol.edu.ec\/fgmunoz\/files\/2011\/06\/cp1-2010-MATEMATICAS-NIVEL-0B-PrimeraEvaluacionVersion1.pdf'>cp1-2010 MATEMATICAS NIVEL 0B PrimeraEvaluacionVersion1<\/a><br \/>\n<a href='http:\/\/blog.espol.edu.ec\/fgmunoz\/files\/2011\/06\/cp1-2010-MATEMATICAS-NIVEL-0B-PrimeraEvaluacionVersion1.pdf'>cp1-2010 MATEMATICAS NIVEL 0B PrimeraEvaluacionVersion1<\/a><br \/>\n<a href='http:\/\/blog.espol.edu.ec\/fgmunoz\/files\/2011\/06\/cp1-2010-MATEMATICAS-NIVEL-0B-PrimeraEvaluacionVersion0.pdf'>cp1-2010 MATEMATICAS NIVEL 0B PrimeraEvaluacionVersion0<\/a><br \/>\n<a href='http:\/\/blog.espol.edu.ec\/fgmunoz\/files\/2011\/06\/CP1-2010-MATEMATICAS-0B-TerceraEvaluacionVersion1.pdf'>CP1-2010 MATEMATICAS 0B TerceraEvaluacionVersion1<\/a><a href='http:\/\/blog.espol.edu.ec\/fgmunoz\/files\/2011\/06\/CP1-2010-MATEMATICAS-0B-TerceraEvaluacionVersion0.pdf'>CP1-2010 MATEMATICAS 0B TerceraEvaluacionVersion0<\/a><br \/>\n<a href='http:\/\/blog.espol.edu.ec\/fgmunoz\/files\/2011\/06\/CP1-2010-MATEMATICAS-0B-TerceraEvaluacionRespuestas.pdf'>CP1-2010 MATEMATICAS 0B TerceraEvaluacionRespuestas<\/a><br \/>\n<a href='http:\/\/blog.espol.edu.ec\/fgmunoz\/files\/2011\/06\/CP1-2010-MATEMATICAS-0B-SegundaEvaluacionVersion1.pdf'>CP1-2010 MATEMATICAS 0B SegundaEvaluacionVersion1<\/a><br \/>\n<a href='http:\/\/blog.espol.edu.ec\/fgmunoz\/files\/2011\/06\/CP1-2010-MATEMATICAS-0B-SegundaEvaluacionVersion0.pdf'>CP1-2010 MATEMATICAS 0B SegundaEvaluacionVersion0<\/a><br \/>\n<a href='http:\/\/blog.espol.edu.ec\/fgmunoz\/files\/2011\/06\/CP1-2010-MATEMATICAS-0A-SegundaEvaluacionVersion1.pdf'>CP1-2010 MATEMATICAS 0A SegundaEvaluacionVersion1<\/a><br \/>\n<a href='http:\/\/blog.espol.edu.ec\/fgmunoz\/files\/2011\/06\/CP1-2010-MATEMATICAS-0A-SegundaEvaluacionVersion0.pdf'>CP1-2010 MATEMATICAS 0A SegundaEvaluacionVersion0<\/a><br \/>\n<a href='http:\/\/blog.espol.edu.ec\/fgmunoz\/files\/2011\/06\/CP1-2010-MATEMATICAS-0A-SegundaEvaluacionRespuestas.pdf'>CP1-2010 MATEMATICAS 0A SegundaEvaluacionRespuestas<\/a><br \/>\n<a href='http:\/\/blog.espol.edu.ec\/fgmunoz\/files\/2011\/06\/CP1-2010-FISICA-NIVEL-0B-MEJORAMIENTO-V0.pdf'>CP1-2010 FISICA NIVEL 0B MEJORAMIENTO V(0)<\/a><br \/>\n<a href='http:\/\/blog.espol.edu.ec\/fgmunoz\/files\/2011\/06\/cp1-2010-FISICA-NIVEL-0B-V0-primera-evaluacion.pdf'>cp1-2010 FISICA NIVEL 0B (V0) primera evaluacion<\/a><br \/>\n<a href='http:\/\/blog.espol.edu.ec\/fgmunoz\/files\/2011\/06\/CP1-2010-FISICA-NIVEL-0A-EXFINAL.pdf'>CP1-2010 FISICA NIVEL 0A EXFINAL<\/a><br \/>\n<a href='http:\/\/blog.espol.edu.ec\/fgmunoz\/files\/2011\/06\/1EX-2010-QUIMICA_INGENIERIAS_02.pdf'>1EX-2010-QUIMICA_INGENIERIAS_02<\/a><br \/>\n<a href='http:\/\/blog.espol.edu.ec\/fgmunoz\/files\/2011\/06\/1EX-2010-MATEMATICAS_INGENIERIAS_01.pdf'>1EX-2010-MATEMATICAS_INGENIERIAS_01<\/a><br \/>\n<a href='http:\/\/blog.espol.edu.ec\/fgmunoz\/files\/2011\/06\/1EX-2010-MATEMATICAS_INGENIERIAS_02.pdf'>1EX-2010-MATEMATICAS_INGENIERIAS_02<\/a><br \/>\n<a href='http:\/\/blog.espol.edu.ec\/fgmunoz\/files\/2011\/06\/1EX-2010-MATEMATICAS_INGENIERIAS_01.pdf'>1EX-2010-MATEMATICAS_INGENIERIAS_01<\/a><br \/>\n<a href='http:\/\/blog.espol.edu.ec\/fgmunoz\/files\/2011\/06\/1EX-2010-FISICA_INGENIERIAS_02.pdf'>1EX-2010-FISICA_INGENIERIAS_02<\/a><br \/>\n<a href='http:\/\/blog.espol.edu.ec\/fgmunoz\/files\/2011\/06\/1EX-2010-FISICA_INGENIERIAS.pdf'>1EX-2010-FISICA_INGENIERIAS<\/a><\/p>\n","protected":false},"excerpt":{"rendered":"<p>CP1-2010 MATEMATICAS 0B SegundaEvaluacionRespuestasEjercicios de Fisica conecptuales fisiks trabajo preguntas_conceptuales de F\u00edsica parabolico ejercicios fisik knceptules energias F\u00edsica Sears - Zemansky fisica-sears-zemansky Ex\u00e1menes de Ingreso a la ESPOL 1EX-2010-FISICA_INGENIERIAS cp1-2010 MATEMATICAS NIVEL 0B PrimeraEvaluacionVersion1 cp1-2010 MATEMATICAS NIVEL 0B PrimeraEvaluacionVersion1 cp1-2010 MATEMATICAS NIVEL 0B PrimeraEvaluacionVersion0 CP1-2010 MATEMATICAS 0B TerceraEvaluacionVersion1CP1-2010 MATEMATICAS 0B TerceraEvaluacionVersion0 CP1-2010 MATEMATICAS 0B TerceraEvaluacionRespuestas [&hellip;]<\/p>\n","protected":false},"author":6399,"featured_media":0,"parent":0,"menu_order":0,"comment_status":"open","ping_status":"open","template":"","meta":{"footnotes":""},"class_list":["post-15","page","type-page","status-publish","hentry"],"_links":{"self":[{"href":"https:\/\/blog.espol.edu.ec\/fgmunoz\/wp-json\/wp\/v2\/pages\/15","targetHints":{"allow":["GET"]}}],"collection":[{"href":"https:\/\/blog.espol.edu.ec\/fgmunoz\/wp-json\/wp\/v2\/pages"}],"about":[{"href":"https:\/\/blog.espol.edu.ec\/fgmunoz\/wp-json\/wp\/v2\/types\/page"}],"author":[{"embeddable":true,"href":"https:\/\/blog.espol.edu.ec\/fgmunoz\/wp-json\/wp\/v2\/users\/6399"}],"replies":[{"embeddable":true,"href":"https:\/\/blog.espol.edu.ec\/fgmunoz\/wp-json\/wp\/v2\/comments?post=15"}],"version-history":[{"count":12,"href":"https:\/\/blog.espol.edu.ec\/fgmunoz\/wp-json\/wp\/v2\/pages\/15\/revisions"}],"predecessor-version":[{"id":26,"href":"https:\/\/blog.espol.edu.ec\/fgmunoz\/wp-json\/wp\/v2\/pages\/15\/revisions\/26"}],"wp:attachment":[{"href":"https:\/\/blog.espol.edu.ec\/fgmunoz\/wp-json\/wp\/v2\/media?parent=15"}],"curies":[{"name":"wp","href":"https:\/\/api.w.org\/{rel}","templated":true}]}}