{"id":2,"date":"2016-05-24T19:07:11","date_gmt":"2016-05-24T19:07:11","guid":{"rendered":"http:\/\/blog.espol.edu.ec\/fheras\/?page_id=2"},"modified":"2016-05-31T19:12:08","modified_gmt":"2016-05-31T19:12:08","slug":"inicio","status":"publish","type":"page","link":"https:\/\/blog.espol.edu.ec\/fheras\/inicio\/","title":{"rendered":"INICIO"},"content":{"rendered":"<p style=\"text-align: center\">UNA D\u00c9CADA IMPRESIONANTE PARA LOS CATALANES.<\/p>\n<p style=\"text-align: justify\">En lo que respecta a la \u00faltima d\u00e9cada del FC.BARCELONA ha sido impresionante ya que ha ganado 4 champions league, 7 ligas, 6 s\u00faper copas de Espa\u00f1a, 2 s\u00faper copas de Europa, 3 mundiales de clubes y 3 copas, dejando atr\u00e1s a todos los clubes de Europa, siendo el equipo que m\u00e1s t\u00edtulos ha conseguido.<\/p>\n<p style=\"text-align: justify\">Una de las victorias mas esperadas fue la champions del 2011 que venci\u00f3 por 3 tantos a 1 \u00a0al MANCHESTER.UTD.<\/p>\n<p><a href=\"https:\/\/youtu.be\/VoJR7GbJptg\">https:\/\/youtu.be\/VoJR7GbJptg<\/a><\/p>\n<p style=\"text-align: center\">AQU\u00cd SE MUESTRA UN V\u00cdDEO DE LAS 4 CHAMPIONS QUE HA GANADO EL BARCA.<\/p>\n<p><a href=\"https:\/\/youtu.be\/VgPAZ63-a0s\">https:\/\/youtu.be\/VgPAZ63-a0s<\/a><\/p>\n<p>&nbsp;<\/p>\n","protected":false},"excerpt":{"rendered":"<p>UNA D\u00c9CADA IMPRESIONANTE PARA LOS CATALANES. En lo que respecta a la \u00faltima d\u00e9cada del FC.BARCELONA ha sido impresionante ya que ha ganado 4 champions league, 7 ligas, 6 s\u00faper copas de Espa\u00f1a, 2 s\u00faper copas de Europa, 3 mundiales de clubes y 3 copas, dejando atr\u00e1s a todos los clubes de Europa, siendo el [&hellip;]<\/p>\n","protected":false},"author":10360,"featured_media":0,"parent":0,"menu_order":0,"comment_status":"closed","ping_status":"open","template":"","meta":{"footnotes":""},"class_list":["post-2","page","type-page","status-publish","hentry"],"_links":{"self":[{"href":"https:\/\/blog.espol.edu.ec\/fheras\/wp-json\/wp\/v2\/pages\/2","targetHints":{"allow":["GET"]}}],"collection":[{"href":"https:\/\/blog.espol.edu.ec\/fheras\/wp-json\/wp\/v2\/pages"}],"about":[{"href":"https:\/\/blog.espol.edu.ec\/fheras\/wp-json\/wp\/v2\/types\/page"}],"author":[{"embeddable":true,"href":"https:\/\/blog.espol.edu.ec\/fheras\/wp-json\/wp\/v2\/users\/10360"}],"replies":[{"embeddable":true,"href":"https:\/\/blog.espol.edu.ec\/fheras\/wp-json\/wp\/v2\/comments?post=2"}],"version-history":[{"count":4,"href":"https:\/\/blog.espol.edu.ec\/fheras\/wp-json\/wp\/v2\/pages\/2\/revisions"}],"predecessor-version":[{"id":44,"href":"https:\/\/blog.espol.edu.ec\/fheras\/wp-json\/wp\/v2\/pages\/2\/revisions\/44"}],"wp:attachment":[{"href":"https:\/\/blog.espol.edu.ec\/fheras\/wp-json\/wp\/v2\/media?parent=2"}],"curies":[{"name":"wp","href":"https:\/\/api.w.org\/{rel}","templated":true}]}}