{"id":64,"date":"2016-06-02T19:38:26","date_gmt":"2016-06-02T19:38:26","guid":{"rendered":"http:\/\/blog.espol.edu.ec\/fheras\/?page_id=64"},"modified":"2016-06-02T19:38:58","modified_gmt":"2016-06-02T19:38:58","slug":"curiosidades-del-barca","status":"publish","type":"page","link":"https:\/\/blog.espol.edu.ec\/fheras\/curiosidades-del-barca\/","title":{"rendered":"CURIOSIDADES DEL BARCA."},"content":{"rendered":"<p style=\"text-align: center\">EL NOMBRE \"BARCA\".<\/p>\n<p style=\"text-align: center\"><img loading=\"lazy\" decoding=\"async\" class=\"alignnone size-medium wp-image-66\" src=\"http:\/\/blog.espol.edu.ec\/fheras\/files\/2016\/06\/72a1bb71fef68992377f2c82b1523aa2-300x300.jpg\" alt=\"72a1bb71fef68992377f2c82b1523aa2\" width=\"300\" height=\"300\" srcset=\"https:\/\/blog.espol.edu.ec\/fheras\/files\/2016\/06\/72a1bb71fef68992377f2c82b1523aa2-300x300.jpg 300w, https:\/\/blog.espol.edu.ec\/fheras\/files\/2016\/06\/72a1bb71fef68992377f2c82b1523aa2-150x150.jpg 150w, https:\/\/blog.espol.edu.ec\/fheras\/files\/2016\/06\/72a1bb71fef68992377f2c82b1523aa2-50x50.jpg 50w, https:\/\/blog.espol.edu.ec\/fheras\/files\/2016\/06\/72a1bb71fef68992377f2c82b1523aa2.jpg 640w\" sizes=\"auto, (max-width: 300px) 100vw, 300px\" \/><\/p>\n<p style=\"text-align: center\">Es el apelativo familiar con el que se conoce de forma coloquial al FC Barcelona. Utilizado desde la segunda d\u00e9cada del siglo XX, est\u00e1 documentado por primera vez en el a\u00f1o 1922, en que apareci\u00f3 en un art\u00edculo humor\u00edstico en la revista \"Xut!\". A finales de los a\u00f1os 20 ya era habitual en la prensa. Al principio ten\u00eda un matiz m\u00e1s bien afectuoso, pero su popularizaci\u00f3n en todo el mundo lo ha convertido en sin\u00f3nimo del nombre de la entidad y es usado tanto por sus seguidores como por sus m\u00e1s ac\u00e9rrimos detractores. A veces ha habido cierta pol\u00e9mica, un tanto artificial, sobre si se deber\u00eda escribir \"Bar\u00e7a\" o \"Barce\", pero es evidente que, con m\u00e1s o menos correcci\u00f3n, el primero de los nombres es que ha calado m\u00e1s. Durante el franquismo algunos medios deportivos espa\u00f1oles sustitu\u00edan la \u00e7 por una s, \"Barsa\", una forma espa\u00f1olizada y de lectura m\u00e1s f\u00e1cil. Actualmente se escribe con \u00e7 por todo el mundo.<\/p>\n<p style=\"text-align: center\">\"MAS GOLES EN UN PARTIDO\"<\/p>\n<p style=\"text-align: center\"><img loading=\"lazy\" decoding=\"async\" class=\"alignnone size-medium wp-image-65\" src=\"http:\/\/blog.espol.edu.ec\/fheras\/files\/2016\/06\/liga-de-espana-2159847w620-300x200.jpg\" alt=\"liga-de-espana-2159847w620\" width=\"300\" height=\"200\" srcset=\"https:\/\/blog.espol.edu.ec\/fheras\/files\/2016\/06\/liga-de-espana-2159847w620-300x200.jpg 300w, https:\/\/blog.espol.edu.ec\/fheras\/files\/2016\/06\/liga-de-espana-2159847w620.jpg 620w\" sizes=\"auto, (max-width: 300px) 100vw, 300px\" \/><\/p>\n<p style=\"text-align: center\">Los jugadores que han marcado m\u00e1s goles en un partido oficial son Kubala y Eulogio Mart\u00ednez, con siete. El primero los anot\u00f3 en un partido de la Liga 51-52 contra el Sporting (9-0), y el paraguayo en la Copa 56-57 ante el Atl\u00e9tico (8-1). En partido amistosoo, sin embargo, el r\u00e9cord es de Escol\u00e0, que anot\u00f3 nueve contra el Uni\u00f3n de Ir\u00fan (11-1) en 1935.<\/p>\n<p style=\"text-align: center\">C\u00c9SPED.<\/p>\n<p style=\"text-align: center\"><img loading=\"lazy\" decoding=\"async\" class=\"alignnone size-medium wp-image-67\" src=\"http:\/\/blog.espol.edu.ec\/fheras\/files\/2016\/06\/n_f_c_barcelona_fondos-2985196-300x203.jpg\" alt=\"n_f_c_barcelona_fondos-2985196\" width=\"300\" height=\"203\" srcset=\"https:\/\/blog.espol.edu.ec\/fheras\/files\/2016\/06\/n_f_c_barcelona_fondos-2985196-300x203.jpg 300w, https:\/\/blog.espol.edu.ec\/fheras\/files\/2016\/06\/n_f_c_barcelona_fondos-2985196.jpg 400w\" sizes=\"auto, (max-width: 300px) 100vw, 300px\" \/><\/p>\n<p style=\"text-align: center\">Ninguno de los campos antiguos que fueron sede del Bar\u00e7a fueron de c\u00e9sped. Y Les Corts no lo tuvo durante los cuatro primeros a\u00f1os de existencia. El primer terreno de juego \"verde\" fue inaugurado el 24 de Septiembre de 1926 con motivo del partido amistoso que disputaron el Bar\u00e7a y el Wiener Athletic Club y que acab\u00f3 con un 4-1 a favor del Bar\u00e7a. Hab\u00eda plantado el c\u00e9sped el conserje Manuel Torres.<\/p>\n","protected":false},"excerpt":{"rendered":"<p>EL NOMBRE \"BARCA\". Es el apelativo familiar con el que se conoce de forma coloquial al FC Barcelona. Utilizado desde la segunda d\u00e9cada del siglo XX, est\u00e1 documentado por primera vez en el a\u00f1o 1922, en que apareci\u00f3 en un art\u00edculo humor\u00edstico en la revista \"Xut!\". A finales de los a\u00f1os 20 ya era habitual [&hellip;]<\/p>\n","protected":false},"author":10360,"featured_media":0,"parent":0,"menu_order":0,"comment_status":"closed","ping_status":"closed","template":"","meta":{"footnotes":""},"class_list":["post-64","page","type-page","status-publish","hentry"],"_links":{"self":[{"href":"https:\/\/blog.espol.edu.ec\/fheras\/wp-json\/wp\/v2\/pages\/64","targetHints":{"allow":["GET"]}}],"collection":[{"href":"https:\/\/blog.espol.edu.ec\/fheras\/wp-json\/wp\/v2\/pages"}],"about":[{"href":"https:\/\/blog.espol.edu.ec\/fheras\/wp-json\/wp\/v2\/types\/page"}],"author":[{"embeddable":true,"href":"https:\/\/blog.espol.edu.ec\/fheras\/wp-json\/wp\/v2\/users\/10360"}],"replies":[{"embeddable":true,"href":"https:\/\/blog.espol.edu.ec\/fheras\/wp-json\/wp\/v2\/comments?post=64"}],"version-history":[{"count":1,"href":"https:\/\/blog.espol.edu.ec\/fheras\/wp-json\/wp\/v2\/pages\/64\/revisions"}],"predecessor-version":[{"id":68,"href":"https:\/\/blog.espol.edu.ec\/fheras\/wp-json\/wp\/v2\/pages\/64\/revisions\/68"}],"wp:attachment":[{"href":"https:\/\/blog.espol.edu.ec\/fheras\/wp-json\/wp\/v2\/media?parent=64"}],"curies":[{"name":"wp","href":"https:\/\/api.w.org\/{rel}","templated":true}]}}