{"id":6,"date":"2015-10-23T20:08:39","date_gmt":"2015-10-23T20:08:39","guid":{"rendered":"http:\/\/blog.espol.edu.ec\/fhloayza\/?page_id=6"},"modified":"2015-11-17T14:48:58","modified_gmt":"2015-11-17T19:48:58","slug":"mi-primera-pagina","status":"publish","type":"page","link":"https:\/\/blog.espol.edu.ec\/fhloayza\/mi-primera-pagina\/","title":{"rendered":"ESPOL"},"content":{"rendered":"<p><a href=\"http:\/\/blog.espol.edu.ec\/fhloayza\/files\/2015\/10\/img-5.jpg\"><img loading=\"lazy\" decoding=\"async\" src=\"http:\/\/blog.espol.edu.ec\/fhloayza\/files\/2015\/10\/img-5-300x215.jpg\" alt=\"Espol\" width=\"300\" height=\"215\" class=\"alignnone size-medium wp-image-51\" srcset=\"https:\/\/blog.espol.edu.ec\/fhloayza\/files\/2015\/10\/img-5-300x215.jpg 300w, https:\/\/blog.espol.edu.ec\/fhloayza\/files\/2015\/10\/img-5.jpg 489w\" sizes=\"auto, (max-width: 300px) 100vw, 300px\" \/><\/a><br \/>\nLa Escuela Superior Polit\u00e9cnica del Litoral ducha d\u00eda a d\u00eda para ser la mejor universidad del pa\u00eds y creemos que lo lograra con la ayuda de los dirigentes coordinadores profesores y estudiantes de la universidad.<\/p>\n<p><strong>\u00bfPORQUE ESTUDIAR EN LA ESPOL?<\/strong><br \/>\nTu decisi\u00f3n de ingresar a la ESPOL ser\u00e1 recompensada con una educaci\u00f3n de excelencia. En la ESPOL estudiamos en un ambiente de categor\u00eda, en medio de la naturaleza, en espacios educativos acogedores. La ESPOL nos ofrece la oportunidad de construir un mundo nuevo donde estudiamos, investigamos, ponemos en pr\u00e1ctica valores \u00e9ticos y morales, as\u00ed como tambi\u00e9n practicamos deportes, tenemos acceso a actividades culturales, hacemos amigos, nos entretenemos, so\u00f1amos y creamos nuevos paradigmas.<\/p>\n<p>Ingresar a la ESPOL significar\u00e1 ser parte de un grupo de j\u00f3venes emprendedores, con alta autoestima, capacidad para el auto-aprendizaje y con decisi\u00f3n para superarse acad\u00e9micamente y en forma continua. En la ESPOL recibir\u00e1s una alta formaci\u00f3n cient\u00edfico- t\u00e9cnica que te convertir\u00e1 en un profesional de excelencia, con una fuerte habilidad para el trabajo en equipo y bajo presi\u00f3n. Como profesional ser\u00e1s capaz de generar empresas, usando tecnolog\u00edas de punta y comunic\u00e1ndote efectivamente en forma oral, escrita y gr\u00e1fica, tanto en ingl\u00e9s como en espa\u00f1ol. As\u00ed tambi\u00e9n, te convertir\u00e1s en un profesional consciente de su entorno, y reconocer\u00e1s la importancia del uso de tecnolog\u00edas limpias, amistosas con el ambiente.<\/p>\n<p>Adem\u00e1s, al ser parte de la ESPOL podr\u00e1s gozar de un ambiente educativo alimentado de la participaci\u00f3n de profesores con formaci\u00f3n de postgrado al m\u00e1s alto nivel. Nuestros profesores manejan tecnolog\u00edas educativas de punta, transforman el conocimiento en habilidades y destrezas de sus alumnos y act\u00faan como gu\u00edas, motivadores y orientadores de la creatividad de sus estudiantes. Ellos generan conocimiento a trav\u00e9s de la investigaci\u00f3n cient\u00edfica y tecnol\u00f3gica que llevan a cabo, orientada a generar soluciones t\u00e9cnicas a los problemas del aparato productivo y del pa\u00eds.<\/p>\n<p>Por otro lado, los estudiantes de la ESPOL tambi\u00e9n cuentan con una importante infraestructura que permite ofrecer a nuestros estudiantes acceso a:<br \/>\nServicios Bibliotecarios, Almacenes, Comedores, Bares, Dispensario M\u00e9dico, Dispensarios Odontol\u00f3gicos, Laboratorio Cl\u00ednico, Unidad de Rayos X, Seguro (por muerte accidental, invalidez, permanente, gastos m\u00e9dicos por accidente y asistencia de sepelio), Transporte y Agencia Bancaria.<\/p>\n<p>Finalmente, debido a que la ESPOL busca fomentar el desarrollo integral de sus estudiantes, su infraestructura tambi\u00e9n apoya la pr\u00e1ctica de los deportes y de actividades art\u00edsticas. La ESPOL posee canchas de uso m\u00faltiple, as\u00ed como canchas de futbol. Los deportes que m\u00e1s se practican dentro de la ESPOL son f\u00fatbol, b\u00e1squet, volley, taekwondo y pesas. Los amantes del teatro y canto tienen la opci\u00f3n de pertenecer al grupo de teatro y al coro polit\u00e9cnico.<\/p>\n<p>Solo tienes que recordar que en la ESPOL hay espacio para todos:<\/p>\n<p>Si quieres ser parte del Ecuador, rico en recursos no renovables, en la ESPOL te puedes graduar de: Ingeniero en Petr\u00f3leo, Ingeniero en Minas, Ingeniero Ge\u00f3logo, Ingeniero Qu\u00edmico.<\/p>\n<p>Si tu afinidad es con la construcci\u00f3n y el urbanismo, con nosotros tienes espacio para tus ideales, grad\u00faate de Ingeniero Civil.<\/p>\n<p>Si tu futuro est\u00e1 unido al mundo de las comunicaciones, la electricidad y la electr\u00f3nica, ven estudia con nosotros y grad\u00faate de Ingeniero en Electricidad, especializaci\u00f3n Potencia y Electr\u00f3nica y Automatizaci\u00f3n Industrial o Ingeniero en Electr\u00f3nica y Telecomunicaciones.<\/p>\n<p>Y si la magia de la informaci\u00f3n te atrae, en la ESPOL puedes ser:<\/p>\n<p>Licenciado en Sistemas de Informaci\u00f3n<br \/>\nIngeniero en Ciencias Computacionales<br \/>\nIngeniero en Telem\u00e1tica<br \/>\nLicenciado en Redes y Sistemas Operativos<br \/>\nSi te gustan las investigaciones de mercado, los sondeos pol\u00edticos, la formulaci\u00f3n de Proyectos y llegar a ser un consultor de prestigio, en la ESPOL te puedes graduar de Ingeniero en Auditor\u00eda y Contador P\u00fablico Autorizado, Ingeniero en Estad\u00edstica Inform\u00e1tica, o Ingeniero en Log\u00edstica y Transporte.<\/p>\n<p>Ah! Pero si tu vida profesional la quieres junto al mar, sus enigmas, encantos y riquezas, te invitamos a que te formes como:<\/p>\n<p>Ingeniero en Acuicultura<br \/>\nIngeniero Oce\u00e1nico<br \/>\nIngeniero Naval<br \/>\nBi\u00f3logo Marino<br \/>\nSi compartes nuestras ilusiones de ser protagonista de la globalizaci\u00f3n de la econom\u00eda, la apertura de mercado, las finanzas y la modernizaci\u00f3n de la sociedad, no pierdas tiempo, ven a la ESPOL, estudia y ser\u00e1s:<\/p>\n<p>Economista<br \/>\nIngeniero Comercial<br \/>\nIngeniero en Negocios Internacionales<br \/>\nSi te atrae el desarrollo industrial, el din\u00e1mico mundo de la producci\u00f3n, las tecnolog\u00edas y las manufacturas, la ESPOL te abre las puertas para que seas<\/p>\n<p>Ingeniero Mec\u00e1nico<br \/>\nniero Industrial<br \/>\nniero en Alimentos<br \/>\nT\u00fa sabes que el Ecuador es un pa\u00eds agr\u00edcola y que la Costa posee tierras f\u00e9rtiles, pero nos hacen falta t\u00e9cnicos de excelencia. Por eso te invitamos a que te grad\u00faes en la ESPOL de Ingeniero Agr\u00edcola y Biol\u00f3gico.<\/p>\n<p>Y seas un profesional con mentalidad productiva, respetuoso de la naturaleza y comprometido con el desarrollo agropecuario del pa\u00eds.<\/p>\n<p>As\u00ed mismo, considerando que el compromiso de la ESPOL es con el desarrollo integral del Ecuador. Por ello tambi\u00e9n formamos Licenciados en Turismo, encargados de mostrar la cara hermosa del pa\u00eds, generar riquezas y promover el turismo ecol\u00f3gico y cient\u00edfico.<br \/>\nEn fin, la ESPOL te da la oportunidad para que seas un profesional de prestigio, un triunfador. Solo basta con pregunt\u00e1rselo a los miles de profesionales que el Ecuador reconoce como art\u00edfices del desarrollo nacional.<\/p>\n<p>Mas Informaci\u00f3n en: <a href=\"http:\/\/www.espol.edu.ec\/\" target=\"_blank\">http:\/\/www.espol.edu.ec\/<\/a><\/p>\n","protected":false},"excerpt":{"rendered":"<p>La Escuela Superior Polit\u00e9cnica del Litoral ducha d\u00eda a d\u00eda para ser la mejor universidad del pa\u00eds y creemos que lo lograra con la ayuda de los dirigentes coordinadores profesores y estudiantes de la universidad. \u00bfPORQUE ESTUDIAR EN LA ESPOL? Tu decisi\u00f3n de ingresar a la ESPOL ser\u00e1 recompensada con una educaci\u00f3n de excelencia. En [&hellip;]<\/p>\n","protected":false},"author":9953,"featured_media":0,"parent":0,"menu_order":0,"comment_status":"closed","ping_status":"closed","template":"","meta":{"footnotes":""},"class_list":["post-6","page","type-page","status-publish","hentry"],"_links":{"self":[{"href":"https:\/\/blog.espol.edu.ec\/fhloayza\/wp-json\/wp\/v2\/pages\/6","targetHints":{"allow":["GET"]}}],"collection":[{"href":"https:\/\/blog.espol.edu.ec\/fhloayza\/wp-json\/wp\/v2\/pages"}],"about":[{"href":"https:\/\/blog.espol.edu.ec\/fhloayza\/wp-json\/wp\/v2\/types\/page"}],"author":[{"embeddable":true,"href":"https:\/\/blog.espol.edu.ec\/fhloayza\/wp-json\/wp\/v2\/users\/9953"}],"replies":[{"embeddable":true,"href":"https:\/\/blog.espol.edu.ec\/fhloayza\/wp-json\/wp\/v2\/comments?post=6"}],"version-history":[{"count":8,"href":"https:\/\/blog.espol.edu.ec\/fhloayza\/wp-json\/wp\/v2\/pages\/6\/revisions"}],"predecessor-version":[{"id":61,"href":"https:\/\/blog.espol.edu.ec\/fhloayza\/wp-json\/wp\/v2\/pages\/6\/revisions\/61"}],"wp:attachment":[{"href":"https:\/\/blog.espol.edu.ec\/fhloayza\/wp-json\/wp\/v2\/media?parent=6"}],"curies":[{"name":"wp","href":"https:\/\/api.w.org\/{rel}","templated":true}]}}