{"id":24,"date":"2014-06-09T01:04:13","date_gmt":"2014-06-09T01:04:13","guid":{"rendered":"http:\/\/blog.espol.edu.ec\/fjaime\/?page_id=24"},"modified":"2014-06-09T01:07:29","modified_gmt":"2014-06-09T01:07:29","slug":"frases","status":"publish","type":"page","link":"https:\/\/blog.espol.edu.ec\/fjaime\/frases\/","title":{"rendered":"Frases"},"content":{"rendered":"<p>La m\u00fasica es el arte m\u00e1s directo, entra por el o\u00eddo y va al coraz\u00f3n.<br \/>\nEnviar frase<br \/>\n<a href=\"http:\/\/laflautatraveseradesdelabarrera.blogspot.com\/2009\/09\/aula-de-musica-magdalena-martinez.html\">Magdalena Mart\u00ednez<\/a> (1963-?) Flautista espa\u00f1ola.<\/p>\n<p>Pienso que una vida dedicada a la m\u00fasica es una vida bellamente empleada, y es a eso a lo que he dedicado la m\u00eda.<br \/>\nEnviar frase<br \/>\n<a href=\"http:\/\/es.wikipedia.org\/wiki\/Luciano_Pavarotti\">Luciano Pavarotti <\/a>(1935-2007) Tenor italiano.<\/p>\n","protected":false},"excerpt":{"rendered":"<p>La m\u00fasica es el arte m\u00e1s directo, entra por el o\u00eddo y va al coraz\u00f3n. Enviar frase Magdalena Mart\u00ednez (1963-?) Flautista espa\u00f1ola. Pienso que una vida dedicada a la m\u00fasica es una vida bellamente empleada, y es a eso a lo que he dedicado la m\u00eda. Enviar frase Luciano Pavarotti (1935-2007) Tenor italiano.<\/p>\n","protected":false},"author":9043,"featured_media":0,"parent":0,"menu_order":0,"comment_status":"open","ping_status":"open","template":"","meta":{"footnotes":""},"class_list":["post-24","page","type-page","status-publish","hentry"],"_links":{"self":[{"href":"https:\/\/blog.espol.edu.ec\/fjaime\/wp-json\/wp\/v2\/pages\/24","targetHints":{"allow":["GET"]}}],"collection":[{"href":"https:\/\/blog.espol.edu.ec\/fjaime\/wp-json\/wp\/v2\/pages"}],"about":[{"href":"https:\/\/blog.espol.edu.ec\/fjaime\/wp-json\/wp\/v2\/types\/page"}],"author":[{"embeddable":true,"href":"https:\/\/blog.espol.edu.ec\/fjaime\/wp-json\/wp\/v2\/users\/9043"}],"replies":[{"embeddable":true,"href":"https:\/\/blog.espol.edu.ec\/fjaime\/wp-json\/wp\/v2\/comments?post=24"}],"version-history":[{"count":3,"href":"https:\/\/blog.espol.edu.ec\/fjaime\/wp-json\/wp\/v2\/pages\/24\/revisions"}],"predecessor-version":[{"id":27,"href":"https:\/\/blog.espol.edu.ec\/fjaime\/wp-json\/wp\/v2\/pages\/24\/revisions\/27"}],"wp:attachment":[{"href":"https:\/\/blog.espol.edu.ec\/fjaime\/wp-json\/wp\/v2\/media?parent=24"}],"curies":[{"name":"wp","href":"https:\/\/api.w.org\/{rel}","templated":true}]}}