{"id":61,"date":"2015-11-22T04:02:29","date_gmt":"2015-11-22T04:02:29","guid":{"rendered":"http:\/\/blog.espol.edu.ec\/fjara\/?page_id=61"},"modified":"2015-11-22T18:08:46","modified_gmt":"2015-11-22T18:08:46","slug":"videos","status":"publish","type":"page","link":"https:\/\/blog.espol.edu.ec\/fjara\/videos\/","title":{"rendered":"El Ballet en el Cine"},"content":{"rendered":"<p><a href=\"http:\/\/blog.espol.edu.ec\/fjara\/files\/2015\/11\/Ballet_422-268637738-large.th_.jpg\"><img loading=\"lazy\" decoding=\"async\" class=\"size-full wp-image-148 alignleft\" src=\"http:\/\/blog.espol.edu.ec\/fjara\/files\/2015\/11\/Ballet_422-268637738-large.th_.jpg\" alt=\"Ballet_422-268637738-large.th\" width=\"200\" height=\"295\" \/><\/a><\/p>\n<div>T\u00edtulo original: Ballet 422<\/div>\n<div><\/div>\n<div>Desde el primer ensayo hasta el estreno mundial, Ballet 422 traslada al espectador a la vida entre bastidores del New York City Ballet de la mano del nuevo trabajo del emergente core\u00f3grafo Justin Peck.<\/div>\n<div id=\"genero\">Genero: <a href=\"http:\/\/pelis24.com\/xfsearch\/Documental\/\">Documental<\/a>, <a href=\"http:\/\/pelis24.com\/xfsearch\/Drama\/\">Drama<\/a><\/div>\n<div id=\"reparto\">Reparto: <a href=\"http:\/\/pelis24.com\/xfsearch\/Documentary\/\">Documentary<\/a>, <a href=\"http:\/\/pelis24.com\/xfsearch\/Tiler+Peck\/\">Tiler Peck<\/a>, <a href=\"http:\/\/pelis24.com\/xfsearch\/Sterling+Hyltin\/\">Sterling Hyltin<\/a>, <a href=\"http:\/\/pelis24.com\/xfsearch\/Justin+Peck\/\">Justin Peck<\/a>, <a href=\"http:\/\/pelis24.com\/xfsearch\/Alisha+Heng\/\">Alisha Heng<\/a>, <a href=\"http:\/\/pelis24.com\/xfsearch\/Amar+Ramasar\/\">Amar Ramasar<\/a><\/div>\n<div id=\"a\ufffdo\">A\u00f1o: <a href=\"http:\/\/pelis24.com\/xfsearch\/2014\/\">2014<\/a><\/div>\n<div><\/div>\n<div><\/div>\n<div><\/div>\n<div><\/div>\n<div><\/div>\n<div><\/div>\n<div><\/div>\n<div><\/div>\n<p><iframe loading=\"lazy\" title=\"Ballet 422 Official Trailer 1 (2014) - Documentary HD\" width=\"610\" height=\"343\" src=\"https:\/\/www.youtube.com\/embed\/2f-AvMve1NU?feature=oembed\" frameborder=\"0\" allow=\"accelerometer; autoplay; clipboard-write; encrypted-media; gyroscope; picture-in-picture; web-share\" referrerpolicy=\"strict-origin-when-cross-origin\" allowfullscreen><\/iframe><\/p>\n<div>\n<p>&nbsp;<\/p>\n<p><a href=\"http:\/\/blog.espol.edu.ec\/fjara\/files\/2015\/11\/Cisne_Negro-861293346-large.th_.jpg\"><img loading=\"lazy\" decoding=\"async\" class=\"size-full wp-image-151 alignleft\" src=\"http:\/\/blog.espol.edu.ec\/fjara\/files\/2015\/11\/Cisne_Negro-861293346-large.th_.jpg\" alt=\"Cisne_Negro-861293346-large.th\" width=\"160\" height=\"250\" \/><\/a> T\u00edtulo original : Black Swan<\/p>\n<\/div>\n<div><\/div>\n<div>\n<div>Nina (Natalie Portman), una brillante bailarina que forma parte de una compa\u00f1\u00eda de ballet de Nueva York, vive completamente absorbida por la danza. La presi\u00f3n de su controladora madre (Barbara Hershey), la rivalidad con su compa\u00f1era Lily (Mila Kunis) y las exigencias del severo director (Vincent Cassel) se ir\u00e1n incrementando a medida que se acerca el d\u00eda del estreno. Esta tensi\u00f3n provoca en Nina un agotamiento nervioso y una confusi\u00f3n mental que la incapacitan para distinguir entre realidad y ficci\u00f3n.<\/div>\n<\/div>\n<div id=\"genero\">Genero: <a href=\"http:\/\/pelis24.com\/xfsearch\/Drama\/\">Drama<\/a>, <a href=\"http:\/\/pelis24.com\/xfsearch\/Thriller\/\">Thriller<\/a><\/div>\n<div id=\"reparto\">Reparto: <a href=\"http:\/\/pelis24.com\/xfsearch\/Natalie+Portman\/\">Natalie Portman<\/a>, <a href=\"http:\/\/pelis24.com\/xfsearch\/Mila+Kunis\/\">Mila Kunis<\/a>, <a href=\"http:\/\/pelis24.com\/xfsearch\/Vincent+Cassel\/\">Vincent Cassel<\/a>, <a href=\"http:\/\/pelis24.com\/xfsearch\/Winona+Ryder\/\">Winona Ryder<\/a>, <a href=\"http:\/\/pelis24.com\/xfsearch\/Barbara+Hershey\/\">Barbara Hershey<\/a>,<a href=\"http:\/\/pelis24.com\/xfsearch\/Christopher+Gartin\/\">Christopher Gartin<\/a>, <a href=\"http:\/\/pelis24.com\/xfsearch\/Sebastian+Stan\/\">Sebastian Stan<\/a>, <a href=\"http:\/\/pelis24.com\/xfsearch\/Benjamin+Millepied\/\">Benjamin Millepied<\/a>, <a href=\"http:\/\/pelis24.com\/xfsearch\/Ksenia+Solo\/\">Ksenia Solo<\/a>, <a href=\"http:\/\/pelis24.com\/xfsearch\/Janet+Montgomery\/\">Janet Montgomery<\/a>, <a href=\"http:\/\/pelis24.com\/xfsearch\/Kristina+Anapau\/\">Kristina Anapau<\/a>, <a href=\"http:\/\/pelis24.com\/xfsearch\/Mark+Margolis\/\">Mark Margolis<\/a>, <a href=\"http:\/\/pelis24.com\/xfsearch\/Tina+Sloan\/\">Tina Sloan<\/a>, <a href=\"http:\/\/pelis24.com\/xfsearch\/Marcia+Jean+Kurtz\/\">Marcia Jean Kurtz<\/a><\/div>\n<div id=\"a\ufffdo\">A\u00f1o: 2010<\/div>\n<div><\/div>\n<div>\n<p><a href=\"https:\/\/www.youtube.com\/watch?v=TL1YrE8ehx0\">https:\/\/www.youtube.com\/watch?v=TL1YrE8ehx0<\/a><\/p>\n<\/div>\n<div>\n<div class=\"mod\">\n<div class=\"_fdf _odf\">\n<div class=\"kno-ecr-pt kno-fb-ctx\"><a href=\"http:\/\/blog.espol.edu.ec\/fjara\/files\/2015\/11\/descarga.jpg\"><img loading=\"lazy\" decoding=\"async\" class=\"size-full wp-image-153 alignleft\" src=\"http:\/\/blog.espol.edu.ec\/fjara\/files\/2015\/11\/descarga.jpg\" alt=\"descarga\" width=\"124\" height=\"186\" \/><\/a>Ballet Shoes<\/div>\n<div class=\"_gdf\"><span class=\"kno-fb-ctx\">Pel\u00edcula de 2007<\/span><\/div>\n<\/div>\n<\/div>\n<div class=\"mod\">\n<div class=\"_cgc\">\n<div class=\"kno-rdesc\">Ballet Shoes es una pel\u00edcula para televisi\u00f3n basada en la novela de Noel Streatfeild Ballet Shoes, adaptada por Heidi Thomas. La pel\u00edcula se estren\u00f3 el 26 de diciembre de 2007 por la BBC One.<\/div>\n<\/div>\n<\/div>\n<\/div>\n<div class=\"kno-rdesc\"><\/div>\n<div class=\"kno-rdesc\"><\/div>\n<div class=\"kno-rdesc\"><\/div>\n<div class=\"kno-rdesc\"><\/div>\n<div class=\"kno-rdesc\"><\/div>\n<div class=\"kno-rdesc\"><\/div>\n<div class=\"kno-rdesc\"><\/div>\n<div class=\"kno-rdesc\">\n<p><a href=\"https:\/\/www.youtube.com\/watch?v=L6CCpzJB-xU\">https:\/\/www.youtube.com\/watch?v=L6CCpzJB-xU<\/a><\/p>\n<\/div>\n<div>\n<div class=\"mod\">\n<div class=\"_fdf _odf\">\n<div class=\"kno-ecr-pt kno-fb-ctx\"><a href=\"http:\/\/blog.espol.edu.ec\/fjara\/files\/2015\/11\/imgBilly-Elliot4.jpg\"><img loading=\"lazy\" decoding=\"async\" class=\"size-full wp-image-155 alignleft\" src=\"http:\/\/blog.espol.edu.ec\/fjara\/files\/2015\/11\/imgBilly-Elliot4.jpg\" alt=\"imgBilly Elliot4\" width=\"300\" height=\"300\" srcset=\"https:\/\/blog.espol.edu.ec\/fjara\/files\/2015\/11\/imgBilly-Elliot4.jpg 300w, https:\/\/blog.espol.edu.ec\/fjara\/files\/2015\/11\/imgBilly-Elliot4-150x150.jpg 150w, https:\/\/blog.espol.edu.ec\/fjara\/files\/2015\/11\/imgBilly-Elliot4-50x50.jpg 50w\" sizes=\"auto, (max-width: 300px) 100vw, 300px\" \/><\/a>Billy Elliot<\/div>\n<div class=\"_gdf\"><span class=\"kno-fb-ctx\">Pel\u00edcula de 2000<\/span><\/div>\n<\/div>\n<\/div>\n<div class=\"mod\">\n<div class=\"_cgc\">\n<div class=\"kno-rdesc\">Billy Elliot es una pel\u00edcula brit\u00e1nica dirigida por Stephen Daldry y protagonizada por Jamie Bell. Melvin Burgess escribi\u00f3 una novela basada en la pel\u00edcula.<\/div>\n<\/div>\n<\/div>\n<\/div>\n<div><\/div>\n<div><\/div>\n<div><\/div>\n<div><\/div>\n<div><\/div>\n<div><\/div>\n<div><\/div>\n<div><\/div>\n<div><\/div>\n<div><\/div>\n<div><\/div>\n<div><\/div>\n<div>\n<p><iframe loading=\"lazy\" title=\"Billy Elliot Trailer\" width=\"610\" height=\"343\" src=\"https:\/\/www.youtube.com\/embed\/phCEwSmHpOE?feature=oembed\" frameborder=\"0\" allow=\"accelerometer; autoplay; clipboard-write; encrypted-media; gyroscope; picture-in-picture; web-share\" referrerpolicy=\"strict-origin-when-cross-origin\" allowfullscreen><\/iframe><\/p>\n<\/div>\n","protected":false},"excerpt":{"rendered":"<p>T\u00edtulo original: Ballet 422 Desde el primer ensayo hasta el estreno mundial, Ballet 422 traslada al espectador a la vida entre bastidores del New York City Ballet de la mano del nuevo trabajo del emergente core\u00f3grafo Justin Peck. Genero: Documental, Drama Reparto: Documentary, Tiler Peck, Sterling Hyltin, Justin Peck, Alisha Heng, Amar Ramasar A\u00f1o: 2014 [&hellip;]<\/p>\n","protected":false},"author":10082,"featured_media":0,"parent":0,"menu_order":0,"comment_status":"closed","ping_status":"closed","template":"","meta":{"footnotes":""},"class_list":["post-61","page","type-page","status-publish","hentry"],"_links":{"self":[{"href":"https:\/\/blog.espol.edu.ec\/fjara\/wp-json\/wp\/v2\/pages\/61","targetHints":{"allow":["GET"]}}],"collection":[{"href":"https:\/\/blog.espol.edu.ec\/fjara\/wp-json\/wp\/v2\/pages"}],"about":[{"href":"https:\/\/blog.espol.edu.ec\/fjara\/wp-json\/wp\/v2\/types\/page"}],"author":[{"embeddable":true,"href":"https:\/\/blog.espol.edu.ec\/fjara\/wp-json\/wp\/v2\/users\/10082"}],"replies":[{"embeddable":true,"href":"https:\/\/blog.espol.edu.ec\/fjara\/wp-json\/wp\/v2\/comments?post=61"}],"version-history":[{"count":6,"href":"https:\/\/blog.espol.edu.ec\/fjara\/wp-json\/wp\/v2\/pages\/61\/revisions"}],"predecessor-version":[{"id":164,"href":"https:\/\/blog.espol.edu.ec\/fjara\/wp-json\/wp\/v2\/pages\/61\/revisions\/164"}],"wp:attachment":[{"href":"https:\/\/blog.espol.edu.ec\/fjara\/wp-json\/wp\/v2\/media?parent=61"}],"curies":[{"name":"wp","href":"https:\/\/api.w.org\/{rel}","templated":true}]}}