{"id":68,"date":"2015-11-22T04:05:12","date_gmt":"2015-11-22T04:05:12","guid":{"rendered":"http:\/\/blog.espol.edu.ec\/fjara\/?page_id=68"},"modified":"2015-11-22T18:31:00","modified_gmt":"2015-11-22T18:31:00","slug":"aprendiendo-ballet","status":"publish","type":"page","link":"https:\/\/blog.espol.edu.ec\/fjara\/aprendiendo-ballet\/","title":{"rendered":"Compa\u00f1\u00edas Famosas"},"content":{"rendered":"<p><strong>Academia de Ballet del Bolshoi<\/strong><\/p>\n<p><a href=\"http:\/\/blog.espol.edu.ec\/fjara\/files\/2015\/11\/14DW1954_resize_for_web-150x150.jpg\"><img loading=\"lazy\" decoding=\"async\" class=\"size-full wp-image-209 alignright\" src=\"http:\/\/blog.espol.edu.ec\/fjara\/files\/2015\/11\/14DW1954_resize_for_web-150x150.jpg\" alt=\"14DW1954_resize_for_web-150x150\" width=\"150\" height=\"150\" srcset=\"https:\/\/blog.espol.edu.ec\/fjara\/files\/2015\/11\/14DW1954_resize_for_web-150x150.jpg 150w, https:\/\/blog.espol.edu.ec\/fjara\/files\/2015\/11\/14DW1954_resize_for_web-150x150-50x50.jpg 50w\" sizes=\"auto, (max-width: 150px) 100vw, 150px\" \/><\/a>Se origin\u00f3 en el a\u00f1o 1776, por lo que su prestigio es dif\u00edcilmente igualado. Es la compa\u00f1\u00eda de Ballet m\u00e1s antigua del<br \/>\nmundo. Es l\u00edder mundial en la ense\u00f1anza y formaci\u00f3n de bailarines internacionales.<\/p>\n<p>La afamada Maya Plisetskaya, probablemente su figura m\u00e1s famosa de las \u00faltimas d\u00e9cadas, fue premiada con el t\u00edtulo de Prima Ballerina Absoluta. Esto es muestra singular del nivel de exigencia que trasciende a lo m\u00e1s comprensible a nivel popular.<\/p>\n<p><strong>Academia de Ballet Joffrey<\/strong><\/p>\n<p><a href=\"http:\/\/blog.espol.edu.ec\/fjara\/files\/2015\/11\/6-150x150.jpg\"><img loading=\"lazy\" decoding=\"async\" class=\"size-full wp-image-208 alignleft\" src=\"http:\/\/blog.espol.edu.ec\/fjara\/files\/2015\/11\/6-150x150.jpg\" alt=\"6-150x150\" width=\"150\" height=\"150\" srcset=\"https:\/\/blog.espol.edu.ec\/fjara\/files\/2015\/11\/6-150x150.jpg 150w, https:\/\/blog.espol.edu.ec\/fjara\/files\/2015\/11\/6-150x150-50x50.jpg 50w\" sizes=\"auto, (max-width: 150px) 100vw, 150px\" \/><\/a>Es un instituto de danza contempor\u00e1nea con m\u00e1s de 50 a\u00f1os, en la ciudad de Nueva York. Su nivel est\u00e1ndar se mide a nivel de excelencia acad\u00e9mica y cultural. Es el referente universal de los artistas especializados en baile moderno.<\/p>\n<p>El entrenamiento abarca el ballet, pero tambi\u00e9n trabaja profundamente con estudiantes infantiles, profesionales y adultos. La mayor\u00eda de sus profesores, han sido sus alumnos m\u00e1s destacados.<\/p>\n<p><strong>The Royal Ballet School<\/strong><\/p>\n<p><a href=\"http:\/\/blog.espol.edu.ec\/fjara\/files\/2015\/11\/granddefile-photojohanpersson2-150x1501.jpg\"><img loading=\"lazy\" decoding=\"async\" class=\"size-full wp-image-211 alignright\" src=\"http:\/\/blog.espol.edu.ec\/fjara\/files\/2015\/11\/granddefile-photojohanpersson2-150x1501.jpg\" alt=\"granddefile-photojohanpersson2-150x150\" width=\"150\" height=\"150\" srcset=\"https:\/\/blog.espol.edu.ec\/fjara\/files\/2015\/11\/granddefile-photojohanpersson2-150x1501.jpg 150w, https:\/\/blog.espol.edu.ec\/fjara\/files\/2015\/11\/granddefile-photojohanpersson2-150x1501-50x50.jpg 50w\" sizes=\"auto, (max-width: 150px) 100vw, 150px\" \/><\/a>La Escuela Real de Ballet, es el instituto m\u00e1s destacado de baile del Reino Unido, y se encuentra en la ciudad de\u00a0Londres. Su riguroso entrenamiento ha ubicado a sus egresados en los principales espect\u00e1culos y tambi\u00e9n ha incorporado a sus graduados en empresas de ballet mundiales.<\/p>\n<p>Sus exponentes m\u00e1s famosos son Alessandra Ferri, Margot Fontaine, y Beryl Grez. Es uno de los centros que m\u00e1s estudiantes recibe en Europa.<\/p>\n<p><strong>Escuela Juilliard<\/strong><br \/>\n<a href=\"http:\/\/blog.espol.edu.ec\/fjara\/files\/2015\/11\/ELS_Juilliard_School_Jump_Photo_Session_II_2012-150x150.jpg\"><img loading=\"lazy\" decoding=\"async\" class=\"size-full wp-image-212 alignleft\" src=\"http:\/\/blog.espol.edu.ec\/fjara\/files\/2015\/11\/ELS_Juilliard_School_Jump_Photo_Session_II_2012-150x150.jpg\" alt=\"ELS_Juilliard_School_Jump_Photo_Session_II_2012-150x150\" width=\"150\" height=\"150\" srcset=\"https:\/\/blog.espol.edu.ec\/fjara\/files\/2015\/11\/ELS_Juilliard_School_Jump_Photo_Session_II_2012-150x150.jpg 150w, https:\/\/blog.espol.edu.ec\/fjara\/files\/2015\/11\/ELS_Juilliard_School_Jump_Photo_Session_II_2012-150x150-50x50.jpg 50w\" sizes=\"auto, (max-width: 150px) 100vw, 150px\" \/><\/a>Este es un instituto de arte contempor\u00e1neo de gran renombre de Nueva York. Sus divisiones pres universitarios y universitarios, entrenan bailarines y m\u00fasicos en g\u00e9neros modernos.<\/p>\n<p>El entrenamiento incluye el baile cl\u00e1sico pero se enfoca tambi\u00e9n en jazz, tap y toda clase de variantes contempor\u00e1neas. Siena Siegel, y Paul Taylor, son solo algunos de sus artistas m\u00e1s famosos.<\/p>\n<p><strong>Academia Internacional de Ballet de Salzburgo<\/strong><\/p>\n<p><a href=\"http:\/\/blog.espol.edu.ec\/fjara\/files\/2015\/11\/LA_SYLPHIDE_BALLET_DE_ROMA_1-150x150.jpg\"><img loading=\"lazy\" decoding=\"async\" class=\"size-full wp-image-213 alignright\" src=\"http:\/\/blog.espol.edu.ec\/fjara\/files\/2015\/11\/LA_SYLPHIDE_BALLET_DE_ROMA_1-150x150.jpg\" alt=\"LA_SYLPHIDE_BALLET_DE_ROMA_1-150x150\" width=\"150\" height=\"150\" srcset=\"https:\/\/blog.espol.edu.ec\/fjara\/files\/2015\/11\/LA_SYLPHIDE_BALLET_DE_ROMA_1-150x150.jpg 150w, https:\/\/blog.espol.edu.ec\/fjara\/files\/2015\/11\/LA_SYLPHIDE_BALLET_DE_ROMA_1-150x150-50x50.jpg 50w\" sizes=\"auto, (max-width: 150px) 100vw, 150px\" \/><\/a>Este instituto de la ciudad Austr\u00edaca de Salzburgo, se especializa en la ense\u00f1anza de ballet cl\u00e1sico, contempor\u00e1neo,<br \/>\nbaile moderno y jazz. Su capacitaci\u00f3n de coreograf\u00eda tambi\u00e9n es muy destacada ya que redefine las habilidades personales de los bailarines, de forma integral.<\/p>\n<p>Se enfocan especialmente en desarrollar la producci\u00f3n de cuatro galas anuales, en la que participan todos sus estudiantes.<\/p>\n","protected":false},"excerpt":{"rendered":"<p>Academia de Ballet del Bolshoi Se origin\u00f3 en el a\u00f1o 1776, por lo que su prestigio es dif\u00edcilmente igualado. Es la compa\u00f1\u00eda de Ballet m\u00e1s antigua del mundo. Es l\u00edder mundial en la ense\u00f1anza y formaci\u00f3n de bailarines internacionales. La afamada Maya Plisetskaya, probablemente su figura m\u00e1s famosa de las \u00faltimas d\u00e9cadas, fue premiada con [&hellip;]<\/p>\n","protected":false},"author":10082,"featured_media":0,"parent":0,"menu_order":0,"comment_status":"closed","ping_status":"closed","template":"","meta":{"footnotes":""},"class_list":["post-68","page","type-page","status-publish","hentry"],"_links":{"self":[{"href":"https:\/\/blog.espol.edu.ec\/fjara\/wp-json\/wp\/v2\/pages\/68","targetHints":{"allow":["GET"]}}],"collection":[{"href":"https:\/\/blog.espol.edu.ec\/fjara\/wp-json\/wp\/v2\/pages"}],"about":[{"href":"https:\/\/blog.espol.edu.ec\/fjara\/wp-json\/wp\/v2\/types\/page"}],"author":[{"embeddable":true,"href":"https:\/\/blog.espol.edu.ec\/fjara\/wp-json\/wp\/v2\/users\/10082"}],"replies":[{"embeddable":true,"href":"https:\/\/blog.espol.edu.ec\/fjara\/wp-json\/wp\/v2\/comments?post=68"}],"version-history":[{"count":4,"href":"https:\/\/blog.espol.edu.ec\/fjara\/wp-json\/wp\/v2\/pages\/68\/revisions"}],"predecessor-version":[{"id":214,"href":"https:\/\/blog.espol.edu.ec\/fjara\/wp-json\/wp\/v2\/pages\/68\/revisions\/214"}],"wp:attachment":[{"href":"https:\/\/blog.espol.edu.ec\/fjara\/wp-json\/wp\/v2\/media?parent=68"}],"curies":[{"name":"wp","href":"https:\/\/api.w.org\/{rel}","templated":true}]}}