{"id":37,"date":"2016-05-22T16:06:21","date_gmt":"2016-05-22T16:06:21","guid":{"rendered":"http:\/\/blog.espol.edu.ec\/fmmendoz\/?page_id=37"},"modified":"2016-05-22T16:13:02","modified_gmt":"2016-05-22T16:13:02","slug":"ecologia-ingenieria","status":"publish","type":"page","link":"https:\/\/blog.espol.edu.ec\/fmmendoz\/ecologia-ingenieria\/","title":{"rendered":"Ecolog\u00eda o Ingenier\u00eda"},"content":{"rendered":"<p>\u00bfCu\u00e1ntas veces no vemos noticias acerca del calentamiento global, la contaminaci\u00f3n, el deshielo de los glaciares, entre otros? Como futura Ingeniera civil es un tema preocupante. Recuerdo que mi hermana me dijo un d\u00eda: \"T\u00fa vas a ser una de las principales promotoras de la destrucci\u00f3n del ambiente\". En cierto sentido tiene raz\u00f3n, nuestra carrera causa un impacto ambiental grande, sobretodo cuando hay muchos ingenieros que solo buscan crear imperios, que en realidad no aman su profesi\u00f3n como para desarrollarla la m\u00e1ximo.<img loading=\"lazy\" decoding=\"async\" class=\"size-medium wp-image-38 alignleft\" src=\"http:\/\/blog.espol.edu.ec\/fmmendoz\/files\/2016\/05\/china_contaminacion-300x188.jpg\" alt=\"china_contaminacion\" width=\"300\" height=\"188\" srcset=\"https:\/\/blog.espol.edu.ec\/fmmendoz\/files\/2016\/05\/china_contaminacion-300x188.jpg 300w, https:\/\/blog.espol.edu.ec\/fmmendoz\/files\/2016\/05\/china_contaminacion-478x300.jpg 478w, https:\/\/blog.espol.edu.ec\/fmmendoz\/files\/2016\/05\/china_contaminacion.jpg 630w\" sizes=\"auto, (max-width: 300px) 100vw, 300px\" \/> Resultado de esto vemos pa\u00edses como China, donde la contaminaci\u00f3n ya no es un tema nuevo, para la nueva generaci\u00f3n es normal ver un cielo gris, ir con mascarillas por las calles, y todo por querer convertirse en una potencia mundial.<\/p>\n<p>&nbsp;<\/p>\n<p>Ah\u00ed est\u00e1 la nueva demanda debido a 493 j\u00f3venes que desarrollaron diversas enfermedades, una de ellas c\u00e1ncer, debido a que su instituto fue trasladado a una zona contaminada,\u00a0<a href=\"http:\/\/www.eluniversal.com.mx\/articulo\/mundo\/2016\/05\/21\/en-tribunales-caso-de-ninos-enfermos-por-contaminacion-en-china\" target=\"_blank\">\"Caso de ni\u00f1os enfermos por contaminaci\u00f3n\"<\/a><img loading=\"lazy\" decoding=\"async\" class=\"alignnone size-medium wp-image-39\" src=\"http:\/\/blog.espol.edu.ec\/fmmendoz\/files\/2016\/05\/13047998_1269636689731904_1208779007744767166_o-300x199.jpg\" alt=\"13047998_1269636689731904_1208779007744767166_o\" width=\"300\" height=\"199\" srcset=\"https:\/\/blog.espol.edu.ec\/fmmendoz\/files\/2016\/05\/13047998_1269636689731904_1208779007744767166_o-300x199.jpg 300w, https:\/\/blog.espol.edu.ec\/fmmendoz\/files\/2016\/05\/13047998_1269636689731904_1208779007744767166_o-768x510.jpg 768w, https:\/\/blog.espol.edu.ec\/fmmendoz\/files\/2016\/05\/13047998_1269636689731904_1208779007744767166_o.jpg 1024w, https:\/\/blog.espol.edu.ec\/fmmendoz\/files\/2016\/05\/13047998_1269636689731904_1208779007744767166_o-452x300.jpg 452w\" sizes=\"auto, (max-width: 300px) 100vw, 300px\" \/><\/p>\n<p>Sin embargo, la ecolog\u00eda humana nos habla de una coexistencia entre hombres y naturaleza, debemos aprender a convivir, porque dependemos de ella. Si la naturaleza deja de existir, vanos ser\u00e1n los programas que busquen poblar un nuevo planeta, nosotros dejaremos de existir, y ese es uno de los principales retos de la ingenier\u00eda civil: \u00bfc\u00f3mo equilibrar la modernidad con la ecolog\u00eda?. No es solo mirar noticias y hacerse de la vista gorda, como que a nuestro alrededor no estuviera sucediendo nada. El compromiso de los ingenieros es buscar soluciones creativas, y eficientes (eso me han ense\u00f1ado mi madre y mis profesores). Muchos son extremistas, y buscan el retroceso de la sociedad, otros se van a la otra punta y solo velan por modernizar al mundo sin importar las consecuencias. Estos dos puntos de vista son f\u00e1ciles de aceptar, lo dif\u00edcil es encontrar el equilibrio, ser ingenioso, sacrificar algunas cosas para llegar a un punto en el cual nuestras creaciones sean sostenibles ecol\u00f3gicamente hablando. Y ese es nuestro reto.<\/p>\n<p>Muchas cumbres, reuniones, charlas se han dado para intentar llegar a acuerdos, para reci\u00e9n en ese momento aplicar m\u00e9todos, y ver si se logran resultados. Entre estas se encuentra la propuesta de la ciudad ecol\u00f3gica <a href=\"http:\/\/www.diariosur.es\/sociedad\/201601\/13\/masdar-city-20160113163430.html\" target=\"_blank\">\"Masdar City\"<\/a>,\u00a0una ciudad \"cero carbono\".\u00a0<img loading=\"lazy\" decoding=\"async\" class=\"size-medium wp-image-40 alignleft\" src=\"http:\/\/blog.espol.edu.ec\/fmmendoz\/files\/2016\/05\/masdar2-575x323-300x169.jpg\" alt=\"masdar2--575x323\" width=\"300\" height=\"169\" srcset=\"https:\/\/blog.espol.edu.ec\/fmmendoz\/files\/2016\/05\/masdar2-575x323-300x169.jpg 300w, https:\/\/blog.espol.edu.ec\/fmmendoz\/files\/2016\/05\/masdar2-575x323-500x281.jpg 500w, https:\/\/blog.espol.edu.ec\/fmmendoz\/files\/2016\/05\/masdar2-575x323.jpg 575w\" sizes=\"auto, (max-width: 300px) 100vw, 300px\" \/><\/p>\n<p>Obviando los temas de que sea o no una ciudad construida para lavar dinero, es una apuesta, no sabemos si rentable (dado los elevad\u00edsimos costos que ha representado), sin embargo un comienzo para que muchos otros pa\u00edses puedan buscar opciones, quiz\u00e1s m\u00e1s econ\u00f3micas, para tener ciudades m\u00e1s amigables con el medio ambiente. Por el momento 200 personas est\u00e1n viviendo en este lugar, donde los carros emisores de gases contaminantes est\u00e1n prohibidos, se sustenta la electricidad a trav\u00e9s de paneles solares, se intenta reciclar y reutilizar todos los desechos, y reducir el gasto del agua aplicando m\u00e9todos de desalaci\u00f3n, depuraci\u00f3n y reutilizaci\u00f3n. Sin duda un proyecto que para muchos puede parecer imposible, pero para otros es un proyecto viable y muy creativo, que sin duda impele a muchos ingenieros a intentarlo tambi\u00e9n.<\/p>\n<blockquote><p>\u201cLas ciudades producen el 70 por ciento de las emisiones de gases de efecto invernadero a nivel mundial.\u00a0Si empezamos a construir ahora ciudades ecol\u00f3gicas, podemos contribuir considerablemente a la mitigaci\u00f3n del cambio clim\u00e1tico\u201d.\u00a0Dirk Messner,\u00a0Director del <span class=\"caps\">DIE.<\/span><\/p><\/blockquote>\n<p>La situaci\u00f3n es realmente alarmante, solo en Inglaterra mueren al a\u00f1o 9.5 millones de personas debido a la contaminaci\u00f3n. Nuestro trabajo como ingenieros es dif\u00edcil, pero por sobretodo est\u00e1 buscar soluciones factibles al problema ambiental, apostar por proyectos innovadores que busquen mejorar la calidad de vida, no solo modernizarla. Entonces que eliges \u00bfIngenier\u00eda o ecolog\u00eda?. Creo que yo opto por una buena calidad de vida, y para eso necesito a ambas.<\/p>\n","protected":false},"excerpt":{"rendered":"<p>\u00bfCu\u00e1ntas veces no vemos noticias acerca del calentamiento global, la contaminaci\u00f3n, el deshielo de los glaciares, entre otros? Como futura Ingeniera civil es un tema preocupante. Recuerdo que mi hermana me dijo un d\u00eda: \"T\u00fa vas a ser una de &hellip; <a href=\"https:\/\/blog.espol.edu.ec\/fmmendoz\/ecologia-ingenieria\/\">Sigue leyendo <span class=\"meta-nav\">&rarr;<\/span><\/a><\/p>\n","protected":false},"author":10219,"featured_media":0,"parent":0,"menu_order":0,"comment_status":"closed","ping_status":"closed","template":"","meta":{"footnotes":""},"class_list":["post-37","page","type-page","status-publish","hentry"],"_links":{"self":[{"href":"https:\/\/blog.espol.edu.ec\/fmmendoz\/wp-json\/wp\/v2\/pages\/37","targetHints":{"allow":["GET"]}}],"collection":[{"href":"https:\/\/blog.espol.edu.ec\/fmmendoz\/wp-json\/wp\/v2\/pages"}],"about":[{"href":"https:\/\/blog.espol.edu.ec\/fmmendoz\/wp-json\/wp\/v2\/types\/page"}],"author":[{"embeddable":true,"href":"https:\/\/blog.espol.edu.ec\/fmmendoz\/wp-json\/wp\/v2\/users\/10219"}],"replies":[{"embeddable":true,"href":"https:\/\/blog.espol.edu.ec\/fmmendoz\/wp-json\/wp\/v2\/comments?post=37"}],"version-history":[{"count":3,"href":"https:\/\/blog.espol.edu.ec\/fmmendoz\/wp-json\/wp\/v2\/pages\/37\/revisions"}],"predecessor-version":[{"id":43,"href":"https:\/\/blog.espol.edu.ec\/fmmendoz\/wp-json\/wp\/v2\/pages\/37\/revisions\/43"}],"wp:attachment":[{"href":"https:\/\/blog.espol.edu.ec\/fmmendoz\/wp-json\/wp\/v2\/media?parent=37"}],"curies":[{"name":"wp","href":"https:\/\/api.w.org\/{rel}","templated":true}]}}