{"id":47,"date":"2016-05-22T22:26:43","date_gmt":"2016-05-22T22:26:43","guid":{"rendered":"http:\/\/blog.espol.edu.ec\/fmmendoz\/?page_id=47"},"modified":"2016-05-22T22:26:43","modified_gmt":"2016-05-22T22:26:43","slug":"ingenieria-civil-su-historia-nuestra-historia","status":"publish","type":"page","link":"https:\/\/blog.espol.edu.ec\/fmmendoz\/ingenieria-civil-su-historia-nuestra-historia\/","title":{"rendered":"Ingenier\u00eda civil: su historia, nuestra historia"},"content":{"rendered":"<p>La ingenier\u00eda civil no se ha conocido siempre como se la conoce hoy. Desde que los seres humanos comenzaron a asentarse tuvieron que adaptar la naturaleza a sus necesidades para poder sobrevivir. Vemos como resultados casas, murallas, almacenes, incluso tumbas, como en el caso de los egipcios.<\/p>\n<p><img loading=\"lazy\" decoding=\"async\" class=\"alignnone size-medium wp-image-48\" src=\"http:\/\/blog.espol.edu.ec\/fmmendoz\/files\/2016\/05\/mesopotamia-ziggurat-300x199.jpg\" alt=\"mesopotamia-ziggurat\" width=\"300\" height=\"199\" srcset=\"https:\/\/blog.espol.edu.ec\/fmmendoz\/files\/2016\/05\/mesopotamia-ziggurat-300x199.jpg 300w, https:\/\/blog.espol.edu.ec\/fmmendoz\/files\/2016\/05\/mesopotamia-ziggurat.jpg 450w\" sizes=\"auto, (max-width: 300px) 100vw, 300px\" \/><\/p>\n<p>Una de las primeras necesidades que tuvieron que afrontar, fue la protecci\u00f3n. Dado que en los primeros siglos la civilizaci\u00f3n tal cual la conocemos hoy, reci\u00e9n se estaba formando, el deseo de muchos era dominar los lugares que conoc\u00edan, o por lo menos los m\u00e1s f\u00e9rtiles y productivos, esto causaba muchas guerras y enfrentamientos con el objetivo de adue\u00f1arse de estas tierras. Por esta raz\u00f3n los militares se encargaron de proteger las ciudades y sus cultivos construyendo murallas para evitar invasiones. Estos fueron los inicios de esta profesi\u00f3n, era la llamada <a href=\"http:\/\/evo-engineering.blogspot.com\/\" target=\"_blank\">\"Ingenier\u00eda militar\"<\/a>.<\/p>\n<p>Los primeros elementos de la ingenier\u00eda civil fueron los ladrillos, los primeros fueron hechos de una mezcla de <a href=\"https:\/\/es.wikipedia.org\/wiki\/Adobe\" target=\"_blank\">barro con paja<\/a>, que luego se pon\u00eda a secar al sol en forma de cubos.<\/p>\n<div id=\"attachment_50\" style=\"width: 310px\" class=\"wp-caption alignright\"><img loading=\"lazy\" decoding=\"async\" aria-describedby=\"caption-attachment-50\" class=\"size-medium wp-image-50\" src=\"http:\/\/blog.espol.edu.ec\/fmmendoz\/files\/2016\/05\/adobes-300x146.jpg\" alt=\"Obreros fabricando &quot;adobes&quot;\" width=\"300\" height=\"146\" srcset=\"https:\/\/blog.espol.edu.ec\/fmmendoz\/files\/2016\/05\/adobes-300x146.jpg 300w, https:\/\/blog.espol.edu.ec\/fmmendoz\/files\/2016\/05\/adobes.jpg 400w\" sizes=\"auto, (max-width: 300px) 100vw, 300px\" \/><p id=\"caption-attachment-50\" class=\"wp-caption-text\">Obreros fabricando \"adobes\"<\/p><\/div>\n<p>Con este material fueron hechas grandes construcciones, pero cuando ven\u00eda la \u00e9poca de lluvia esto se desmoronaba con facilidad, por lo que ten\u00edan que protegerlo mucho de la humedad, as\u00ed que buscaron nuevas maneras de mejorarlo.<\/p>\n<p>&nbsp;<\/p>\n<p>&nbsp;<\/p>\n<p>Los babil\u00f3nicos encontraron una manera de hacerlo m\u00e1s resistente, somet\u00edan estos cubos a fuego en hornos de le\u00f1a, con lo que se hac\u00edan m\u00e1s resistentes, este fue el llamado ladrillo.<\/p>\n<div id=\"attachment_51\" style=\"width: 310px\" class=\"wp-caption alignnone\"><img loading=\"lazy\" decoding=\"async\" aria-describedby=\"caption-attachment-51\" class=\"size-medium wp-image-51\" src=\"http:\/\/blog.espol.edu.ec\/fmmendoz\/files\/2016\/05\/zigurat-300x194.jpg\" alt=\"Construcci\u00f3n babil\u00f3nica hecha de adobe\" width=\"300\" height=\"194\" srcset=\"https:\/\/blog.espol.edu.ec\/fmmendoz\/files\/2016\/05\/zigurat-300x194.jpg 300w, https:\/\/blog.espol.edu.ec\/fmmendoz\/files\/2016\/05\/zigurat-463x300.jpg 463w, https:\/\/blog.espol.edu.ec\/fmmendoz\/files\/2016\/05\/zigurat.jpg 560w\" sizes=\"auto, (max-width: 300px) 100vw, 300px\" \/><p id=\"caption-attachment-51\" class=\"wp-caption-text\">Construcci\u00f3n babil\u00f3nica hecha de adobe<\/p><\/div>\n<p>Los romanos fueron los que verdaderamente dieron un paso gigante en el campo de la construcci\u00f3n, encontraron una mejor forma de mantener firmes sus edificaciones, mezclaron piedras, arena, agua y cal, obteniendo as\u00ed el hormig\u00f3n o concreto, que en ese tiempo se llam\u00f3 <em><a href=\"https:\/\/es.wikipedia.org\/wiki\/Opera_caementicia\" target=\"_blank\">\"opus caementicium\"<\/a><\/em>. Adem\u00e1s de esto ellos fueron los que inventaron el arco, una de las soluciones para las entradas a las ciudades. Una de sus grandes construcciones, admirada hasta hoy, es el Anfiteatro o Coliseo.<\/p>\n<div id=\"attachment_52\" style=\"width: 310px\" class=\"wp-caption alignnone\"><img loading=\"lazy\" decoding=\"async\" aria-describedby=\"caption-attachment-52\" class=\"size-medium wp-image-52\" src=\"http:\/\/blog.espol.edu.ec\/fmmendoz\/files\/2016\/05\/15389634050_4229fd40a7-300x225.jpg\" alt=\"Hormig\u00f3n romano\" width=\"300\" height=\"225\" srcset=\"https:\/\/blog.espol.edu.ec\/fmmendoz\/files\/2016\/05\/15389634050_4229fd40a7-300x225.jpg 300w, https:\/\/blog.espol.edu.ec\/fmmendoz\/files\/2016\/05\/15389634050_4229fd40a7-400x300.jpg 400w, https:\/\/blog.espol.edu.ec\/fmmendoz\/files\/2016\/05\/15389634050_4229fd40a7.jpg 500w\" sizes=\"auto, (max-width: 300px) 100vw, 300px\" \/><p id=\"caption-attachment-52\" class=\"wp-caption-text\">Hormig\u00f3n romano<\/p><\/div>\n<p>Otros grandes ingenieros fueron los egipcios, con sus grandiosas pir\u00e1mides, la m\u00e1s llamativa \"la gran pir\u00e1mide de Guiza\", uno de los mayores monumentos egipcios hechos de piedra. Hecha con muy poco conocimientos de \u00e1lgebra, y con elementos muy b\u00e1sicos, este monumento ha resistido el paso de casi 6000 a\u00f1os. \u00bfIngenio humano? S\u00ed, inicios de ingenier\u00eda. <img loading=\"lazy\" decoding=\"async\" class=\"size-full wp-image-53 alignright\" src=\"http:\/\/blog.espol.edu.ec\/fmmendoz\/files\/2016\/05\/250px-All_Gizah_Pyramids.jpg\" alt=\"250px-All_Gizah_Pyramids\" width=\"250\" height=\"166\" \/><\/p>\n<p>Pero, adem\u00e1s de las pir\u00e1mides, los egipcios fueron creadores de diques y canales que sirvieron para mejorar la calidad de vida, y que tambi\u00e9n sirvieron de ejemplo para que otras civilizaciones los mejoraran.<\/p>\n<p>Luego en Grecia, cuna de fil\u00f3sofos, matem\u00e1ticos, y como veremos tambi\u00e9n de ingenieros. Tenemos a Handrocles y Harpalo de Samos, dise\u00f1adores y constructores de puentes de barcas, que permitieron al rey Dar\u00edo y sus ej\u00e9rcitos ingresar al continente europeo. Quersifr\u00f3n y Met\u00e1genes de Creta, padre e hijo \u00a0y arquitectos del Artemision de \u00c9feso hacia mediados del siglo VI. Eupalino de Megara, que construy\u00f3 hacia la mitaad del siglo V el acueducto de Samos, por encargo de Pol\u00edcrates, con una galer\u00eda de cerca de un kil\u00f3metro. S\u00f3strato de Cnido, constructor del faro de Alejandr\u00eda. Estos son unos pocos de aquellos que con creatividad y mucho esfuerzo <a href=\"http:\/\/evo-engineering.blogspot.com\/\" target=\"_blank\">lograron desarrollar muchas t\u00e9cnicas de construcci\u00f3n<\/a>, de las cuales muchos templos aun pueden verse hasta hoy.<\/p>\n<div id=\"attachment_54\" style=\"width: 310px\" class=\"wp-caption alignnone\"><img loading=\"lazy\" decoding=\"async\" aria-describedby=\"caption-attachment-54\" class=\"size-medium wp-image-54\" src=\"http:\/\/blog.espol.edu.ec\/fmmendoz\/files\/2016\/05\/list_640px-300x225.jpg\" alt=\"Templos griegos\" width=\"300\" height=\"225\" srcset=\"https:\/\/blog.espol.edu.ec\/fmmendoz\/files\/2016\/05\/list_640px-300x225.jpg 300w, https:\/\/blog.espol.edu.ec\/fmmendoz\/files\/2016\/05\/list_640px-400x300.jpg 400w, https:\/\/blog.espol.edu.ec\/fmmendoz\/files\/2016\/05\/list_640px.jpg 640w\" sizes=\"auto, (max-width: 300px) 100vw, 300px\" \/><p id=\"caption-attachment-54\" class=\"wp-caption-text\">Templos griegos<\/p><\/div>\n<p>A los constructores de esos tiempos se les llamaba <em>\"arquitekton\".<\/em><\/p>\n<p>Viniendo a los siglos actuales, normalmente todas estas obras p\u00fablicas eran realizadas por el gobierno, es decir que las personas que estudiaban para construir, se convert\u00edan en funcionarios p\u00fablicos, y reci\u00e9n en el siglo XVIII se crea la profesi\u00f3n de Ingenier\u00eda civil como tal, separ\u00e1ndose de la Ingenier\u00eda militar y la arquitectura.<\/p>\n<p>La ingenier\u00eda civil hoy en d\u00eda est\u00e1 muy \u00a0ligada a la tecnolog\u00eda, la sencillez, y la comodidad. Buscamos cada vez m\u00e1s que las construcciones sean sustentables, pero al mismo tiempo elegantes y sofisticadas, que incluyan toda la tecnolog\u00eda que se pueda para facilitar las cosas a la sociedad, y aprovechar mejor el tiempo.<img loading=\"lazy\" decoding=\"async\" class=\" wp-image-55 alignleft\" src=\"http:\/\/blog.espol.edu.ec\/fmmendoz\/files\/2016\/05\/Falkirk_Wheel_Operation-300x225.jpg\" alt=\"Falkirk_Wheel_Operation\" width=\"233\" height=\"177\" \/><\/p>\n<p>Tenemos por ejemplo la <a href=\"https:\/\/es.wikipedia.org\/wiki\/Rueda_de_Falkirk\" target=\"_blank\">rueda de Falkirk<\/a>, en Escocia central, una esclusa giratoria que funciona como ascensor para buques y que conecta el canal Forth-Clyde con el canal Uni\u00f3n.<\/p>\n<p>&nbsp;<\/p>\n<p>&nbsp;<\/p>\n<p>Otra gran construcci\u00f3n es el puente de Hangzhou, en China, hecho para acortar el paso entre el este de Zhejiang y Shang\u00e1i, antes eran 400 kil\u00f3metros, con este puente son solo 40. Adem\u00e1s de todo es el primer puente que atraviesa un mar, y es el segundo m\u00e1s largo del mundo.<\/p>\n<p><img loading=\"lazy\" decoding=\"async\" class=\"alignnone size-medium wp-image-56\" src=\"http:\/\/blog.espol.edu.ec\/fmmendoz\/files\/2016\/05\/bridge2lt5-300x234.jpg\" alt=\"bridge2lt5\" width=\"300\" height=\"234\" srcset=\"https:\/\/blog.espol.edu.ec\/fmmendoz\/files\/2016\/05\/bridge2lt5-300x234.jpg 300w, https:\/\/blog.espol.edu.ec\/fmmendoz\/files\/2016\/05\/bridge2lt5-385x300.jpg 385w, https:\/\/blog.espol.edu.ec\/fmmendoz\/files\/2016\/05\/bridge2lt5.jpg 400w\" sizes=\"auto, (max-width: 300px) 100vw, 300px\" \/><\/p>\n<p>Tenemos tambi\u00e9n el Plan Delta, en Holanda. Fue construido para liberar de agua a aquellas regiones que son f\u00e1cilmente inundadas, su construcci\u00f3n tom\u00f3 30 a\u00f1os, y es una de las siete maravillas del mundo moderno seg\u00fan la American Society of Civil Engineers.<\/p>\n<p><img loading=\"lazy\" decoding=\"async\" class=\"alignnone size-medium wp-image-57\" src=\"http:\/\/blog.espol.edu.ec\/fmmendoz\/files\/2016\/05\/25-maravillas-ingenieria-civil-L-R1XSc6-200x300.jpeg\" alt=\"25-maravillas-ingenieria-civil-L-R1XSc6\" width=\"200\" height=\"300\" srcset=\"https:\/\/blog.espol.edu.ec\/fmmendoz\/files\/2016\/05\/25-maravillas-ingenieria-civil-L-R1XSc6-200x300.jpeg 200w, https:\/\/blog.espol.edu.ec\/fmmendoz\/files\/2016\/05\/25-maravillas-ingenieria-civil-L-R1XSc6.jpeg 400w\" sizes=\"auto, (max-width: 200px) 100vw, 200px\" \/><\/p>\n<p>All\u00ed est\u00e1 tambi\u00e9n la isla artificial Palm- Jumeirah, en Dubai, construida en forma de palmeras, con 17 ramas y rodeada por un rompeolas, una verdadera maravilla.<\/p>\n<div id=\"attachment_58\" style=\"width: 310px\" class=\"wp-caption alignnone\"><img loading=\"lazy\" decoding=\"async\" aria-describedby=\"caption-attachment-58\" class=\"size-medium wp-image-58\" src=\"http:\/\/blog.espol.edu.ec\/fmmendoz\/files\/2016\/05\/palm_jumeirah_ptw051208_1-300x172.jpg\" alt=\"Palm-Jumeirah\" width=\"300\" height=\"172\" srcset=\"https:\/\/blog.espol.edu.ec\/fmmendoz\/files\/2016\/05\/palm_jumeirah_ptw051208_1-300x172.jpg 300w, https:\/\/blog.espol.edu.ec\/fmmendoz\/files\/2016\/05\/palm_jumeirah_ptw051208_1-768x441.jpg 768w, https:\/\/blog.espol.edu.ec\/fmmendoz\/files\/2016\/05\/palm_jumeirah_ptw051208_1-500x287.jpg 500w, https:\/\/blog.espol.edu.ec\/fmmendoz\/files\/2016\/05\/palm_jumeirah_ptw051208_1.jpg 900w\" sizes=\"auto, (max-width: 300px) 100vw, 300px\" \/><p id=\"caption-attachment-58\" class=\"wp-caption-text\">Palm-Jumeirah<\/p><\/div>\n<p>Y podemos seguir nombrando muchas m\u00e1s <a href=\"http:\/\/guaridadelingeniero.blogspot.com\/2013\/01\/maravillas-de-la-ingenieria-civil-en.html\" target=\"_blank\">megaconstrucciones<\/a>, verdaderas obras de ingenier\u00eda, pero no nos alcanzar\u00eda el tiempo.<\/p>\n<p>A trav\u00e9s de los a\u00f1os la ingenier\u00eda ha avanzado a pasos agigantados, y solo nos queda seguir innovando.<\/p>\n","protected":false},"excerpt":{"rendered":"<p>La ingenier\u00eda civil no se ha conocido siempre como se la conoce hoy. Desde que los seres humanos comenzaron a asentarse tuvieron que adaptar la naturaleza a sus necesidades para poder sobrevivir. Vemos como resultados casas, murallas, almacenes, incluso tumbas, &hellip; <a href=\"https:\/\/blog.espol.edu.ec\/fmmendoz\/ingenieria-civil-su-historia-nuestra-historia\/\">Sigue leyendo <span class=\"meta-nav\">&rarr;<\/span><\/a><\/p>\n","protected":false},"author":10219,"featured_media":0,"parent":0,"menu_order":0,"comment_status":"closed","ping_status":"closed","template":"","meta":{"footnotes":""},"class_list":["post-47","page","type-page","status-publish","hentry"],"_links":{"self":[{"href":"https:\/\/blog.espol.edu.ec\/fmmendoz\/wp-json\/wp\/v2\/pages\/47","targetHints":{"allow":["GET"]}}],"collection":[{"href":"https:\/\/blog.espol.edu.ec\/fmmendoz\/wp-json\/wp\/v2\/pages"}],"about":[{"href":"https:\/\/blog.espol.edu.ec\/fmmendoz\/wp-json\/wp\/v2\/types\/page"}],"author":[{"embeddable":true,"href":"https:\/\/blog.espol.edu.ec\/fmmendoz\/wp-json\/wp\/v2\/users\/10219"}],"replies":[{"embeddable":true,"href":"https:\/\/blog.espol.edu.ec\/fmmendoz\/wp-json\/wp\/v2\/comments?post=47"}],"version-history":[{"count":1,"href":"https:\/\/blog.espol.edu.ec\/fmmendoz\/wp-json\/wp\/v2\/pages\/47\/revisions"}],"predecessor-version":[{"id":59,"href":"https:\/\/blog.espol.edu.ec\/fmmendoz\/wp-json\/wp\/v2\/pages\/47\/revisions\/59"}],"wp:attachment":[{"href":"https:\/\/blog.espol.edu.ec\/fmmendoz\/wp-json\/wp\/v2\/media?parent=47"}],"curies":[{"name":"wp","href":"https:\/\/api.w.org\/{rel}","templated":true}]}}