{"id":24,"date":"2015-11-23T21:34:54","date_gmt":"2015-11-23T21:34:54","guid":{"rendered":"http:\/\/blog.espol.edu.ec\/fnloaiza\/?page_id=24"},"modified":"2015-11-24T03:06:55","modified_gmt":"2015-11-24T03:06:55","slug":"conocemos-pinas-el-oro","status":"publish","type":"page","link":"https:\/\/blog.espol.edu.ec\/fnloaiza\/","title":{"rendered":""},"content":{"rendered":"<p style=\"text-align: center\"><strong>\"Pi\u00f1as, es un cant\u00f3n de la provincia de El Oro, <\/strong><strong>ubicado al suroeste <img loading=\"lazy\" decoding=\"async\" class=\"alignright\" src=\"http:\/\/visitaeloro.com\/wp-content\/uploads\/2015\/04\/pinas-el-oro-ecuador-1-2-200x300.jpg\" alt=\"\" width=\"200\" height=\"300\" \/>del\u00a0<\/strong><strong>Ecuador. La cabecera cantonal, es la ciudad de Pi\u00f1as, conocida tambi\u00e9n como la ciudad \u201cOrqu\u00eddea de los Andes\", debido a la extensa variedad de orqu\u00eddeas nativas encontradas y descubiertas en esta regi\u00f3n \u00fanica del Ecuador <\/strong><strong>meridional.\"<\/strong><\/p>\n<p style=\"text-align: center\">Pi\u00f1as, es un cant\u00f3n de la provincia de El Oro, ubicado al suroeste del Ecuador. La cabecera cantonal, es la ciudad de Pi\u00f1as, conocida tambi\u00e9n como la ciudad \u201cOrqu\u00eddea de los Andes\u201d, debido a la extensa variedad de orqu\u00eddeas nativas encontradas y descubiertas en esta regi\u00f3n \u00fanica del Ecuador<br \/>\npinas-el-oro-ecuador-1-2 meridional. Pi\u00f1as, ciudad apacible, agradable y tranquila, posee un clima primaveral. Se encuentra a 1.014 metros de altura.s.n.m. Fue fundada por Juan de Loayza en 1.815, un espa\u00f1ol intr\u00e9pido que la bautiz\u00f3 as\u00ed, para recordar su lugar de nacimiento, una Hacienda en Espa\u00f1a.<\/p>\n<p style=\"text-align: center\">Pi\u00f1as se ha convertido en centro de atracci\u00f3n tur\u00edstica, comercial y cultural. Es un punto geogr\u00e1fico y estrat\u00e9gico que est\u00e1 rodeado por los cantones de Zaruma, Portovelo, Atahualpa, y de Marcabel\u00ed, Balsas y Santa Rosa. Su v\u00eda principal de acceso desde Machala es asfaltada y sinuosa.<\/p>\n<p style=\"text-align: center\">A la ciudad, le rodea imponente y majestuoso el cerro de la \u201cPata Grande\u201d y sus 14 estaciones del Calvario de Cristo, que es visitado continuamente por propios y extra\u00f1os, convirtiendo a este sitio en uno de los lugares privilegiados y que todos hemos dejado a nuestro paso, una estela de gratos recuerdos de nuestra ni\u00f1ez y juventud. El solo pensar en el paisajismo policrom\u00e1tico que hemos admirado desde la Cruz, nos enternece nuestro coraz\u00f3n y nos motiva a regresar a visitarlo, ya que se ha constituido en un atractivo de recreaci\u00f3n y descanso importante.<br \/>\nEn sus alrededores se han construido balnearios como: \u201cEl Para\u00edso\u201d,\u201dTarapal\u201d,\u201dSelva Alegre\u201d, entre otros.<br \/>\nLos atractivos tur\u00edsticos de Pi\u00f1as junto a su clima y vegetaci\u00f3n, se han convertido en lo caracter\u00edstico de la zona, sin descartar, desde luego, la calidez, hospitalidad y sencillez de toda su gente.<\/p>\n<p style=\"text-align: center\"><img loading=\"lazy\" decoding=\"async\" class=\"alignnone\" src=\"https:\/\/upload.wikimedia.org\/wikipedia\/commons\/0\/0a\/Pi%C3%B1as_panoramica.png\" alt=\"\" width=\"755\" height=\"254\" \/><\/p>\n","protected":false},"excerpt":{"rendered":"<p>\"Pi\u00f1as, es un cant\u00f3n de la provincia de El Oro, ubicado al suroeste del\u00a0Ecuador. La cabecera cantonal, es la ciudad de Pi\u00f1as, conocida tambi\u00e9n como la ciudad \u201cOrqu\u00eddea de los Andes\", debido a la extensa variedad de orqu\u00eddeas nativas encontradas y descubiertas en esta regi\u00f3n \u00fanica del Ecuador meridional.\" Pi\u00f1as, es un cant\u00f3n de la [&hellip;]<\/p>\n","protected":false},"author":10062,"featured_media":0,"parent":0,"menu_order":0,"comment_status":"closed","ping_status":"closed","template":"","meta":{"footnotes":""},"class_list":["post-24","page","type-page","status-publish","hentry"],"_links":{"self":[{"href":"https:\/\/blog.espol.edu.ec\/fnloaiza\/wp-json\/wp\/v2\/pages\/24","targetHints":{"allow":["GET"]}}],"collection":[{"href":"https:\/\/blog.espol.edu.ec\/fnloaiza\/wp-json\/wp\/v2\/pages"}],"about":[{"href":"https:\/\/blog.espol.edu.ec\/fnloaiza\/wp-json\/wp\/v2\/types\/page"}],"author":[{"embeddable":true,"href":"https:\/\/blog.espol.edu.ec\/fnloaiza\/wp-json\/wp\/v2\/users\/10062"}],"replies":[{"embeddable":true,"href":"https:\/\/blog.espol.edu.ec\/fnloaiza\/wp-json\/wp\/v2\/comments?post=24"}],"version-history":[{"count":8,"href":"https:\/\/blog.espol.edu.ec\/fnloaiza\/wp-json\/wp\/v2\/pages\/24\/revisions"}],"predecessor-version":[{"id":88,"href":"https:\/\/blog.espol.edu.ec\/fnloaiza\/wp-json\/wp\/v2\/pages\/24\/revisions\/88"}],"wp:attachment":[{"href":"https:\/\/blog.espol.edu.ec\/fnloaiza\/wp-json\/wp\/v2\/media?parent=24"}],"curies":[{"name":"wp","href":"https:\/\/api.w.org\/{rel}","templated":true}]}}